{"id":125,"date":"2014-09-20T18:16:39","date_gmt":"2014-09-20T10:16:39","guid":{"rendered":"http:\/\/andy-mold.com\/?page_id=125"},"modified":"2023-02-27T22:17:59","modified_gmt":"2023-02-27T14:17:59","slug":"produsenter-av-stopeformer","status":"publish","type":"page","link":"https:\/\/plas.co\/nb\/produsenter-av-stopeformer\/","title":{"rendered":"Produsent av st\u00f8peformer"},"content":{"rendered":"<style type=\"text\/css\" data-created_by=\"avia_inline_auto\" id=\"style-css-av-lel5bo9m-9db356ac3663fdf6d82633bde056ed2c\">\n#top .avia-gallery.av-lel5bo9m-9db356ac3663fdf6d82633bde056ed2c .avia-gallery-thumb a{\nwidth:25%;\n}\n<\/style>\n<div  class='avia-gallery av-lel5bo9m-9db356ac3663fdf6d82633bde056ed2c avia_animate_when_visible  avia-builder-el-0  el_before_av_textblock  avia-builder-el-first  avia_lazyload avia-gallery-animate avia-gallery-1'  itemprop=\"image\" itemscope=\"itemscope\" itemtype=\"https:\/\/schema.org\/ImageObject\" ><meta itemprop=\"contentURL\" content=\"https:\/\/plas.co\/nb\/produsenter-av-stopeformer\/\"><div class='avia-gallery-thumb'><a href=\"https:\/\/plas.co\/wp-content\/uploads\/2023\/02\/Measurement-machine.jpg\" data-srcset=\"https:\/\/plas.co\/wp-content\/uploads\/2023\/02\/Measurement-machine.jpg 640w, https:\/\/plas.co\/wp-content\/uploads\/2023\/02\/Measurement-machine-300x225.jpg 300w\" data-sizes=\"(max-width: 640px) 100vw, 640px\" data-rel='gallery-1' data-prev-img='https:\/\/plas.co\/wp-content\/uploads\/2023\/02\/Measurement-machine-495x400.jpg' class='first_thumb lightbox' data-onclick='1' title='M\u00e5lemaskin'  itemprop=\"thumbnailUrl\"  ><img decoding=\"async\" fetchpriority=\"high\" class=\"wp-image-954 avia-img-lazy-loading-not-954\"   src=\"https:\/\/plas.co\/wp-content\/uploads\/2023\/02\/Measurement-machine-495x400.jpg\" width=\"495\" height=\"400\"  title='M\u00e5lemaskin' alt='M\u00e5lemaskin' \/><div class='big-prev-fake'><img decoding=\"async\" loading=\"lazy\" class=\"wp-image-954 avia-img-lazy-loading-954\"  width=\"495\" height=\"400\" src=\"https:\/\/plas.co\/wp-content\/uploads\/2023\/02\/Measurement-machine-495x400.jpg\" title='M\u00e5lemaskin' alt='M\u00e5lemaskin' \/><\/div><\/a><a href=\"https:\/\/plas.co\/wp-content\/uploads\/2023\/02\/Mold-design-1030x773.jpg\" data-srcset=\"https:\/\/plas.co\/wp-content\/uploads\/2023\/02\/Mold-design-1030x773.jpg 1030w, https:\/\/plas.co\/wp-content\/uploads\/2023\/02\/Mold-design-300x225.jpg 300w, https:\/\/plas.co\/wp-content\/uploads\/2023\/02\/Mold-design-768x576.jpg 768w, https:\/\/plas.co\/wp-content\/uploads\/2023\/02\/Mold-design-1536x1152.jpg 1536w, https:\/\/plas.co\/wp-content\/uploads\/2023\/02\/Mold-design-2048x1536.jpg 2048w, https:\/\/plas.co\/wp-content\/uploads\/2023\/02\/Mold-design-1500x1125.jpg 1500w, https:\/\/plas.co\/wp-content\/uploads\/2023\/02\/Mold-design-705x529.jpg 705w\" data-sizes=\"(max-width: 1030px) 100vw, 1030px\" data-rel='gallery-1' data-prev-img='https:\/\/plas.co\/wp-content\/uploads\/2023\/02\/Mold-design-495x400.jpg' class='lightbox' data-onclick='2' title='Formdesign'  itemprop=\"thumbnailUrl\"  ><img decoding=\"async\" fetchpriority=\"high\" class=\"wp-image-955 avia-img-lazy-loading-not-955\"   src=\"https:\/\/plas.co\/wp-content\/uploads\/2023\/02\/Mold-design-495x400.jpg\" width=\"495\" height=\"400\"  title='Formdesign' alt='Formdesign' srcset=\"https:\/\/plas.co\/wp-content\/uploads\/2023\/02\/Mold-design-495x400.jpg 495w, https:\/\/plas.co\/wp-content\/uploads\/2023\/02\/Mold-design-845x684.jpg 845w\" sizes=\"(max-width: 495px) 100vw, 495px\" \/><div class='big-prev-fake'><img decoding=\"async\" loading=\"lazy\" class=\"wp-image-955 avia-img-lazy-loading-955\"  width=\"495\" height=\"400\" src=\"https:\/\/plas.co\/wp-content\/uploads\/2023\/02\/Mold-design-495x400.jpg\" title='Formdesign' alt='Formdesign' srcset=\"https:\/\/plas.co\/wp-content\/uploads\/2023\/02\/Mold-design-495x400.jpg 495w, https:\/\/plas.co\/wp-content\/uploads\/2023\/02\/Mold-design-845x684.jpg 845w\" sizes=\"auto, (max-width: 495px) 100vw, 495px\" \/><\/div><\/a><a href=\"https:\/\/plas.co\/wp-content\/uploads\/2023\/02\/Plastic-mold-company.jpg\" data-srcset=\"https:\/\/plas.co\/wp-content\/uploads\/2023\/02\/Plastic-mold-company.jpg 333w, https:\/\/plas.co\/wp-content\/uploads\/2023\/02\/Plastic-mold-company-300x225.jpg 300w\" data-sizes=\"(max-width: 333px) 100vw, 333px\" data-rel='gallery-1' data-prev-img='https:\/\/plas.co\/wp-content\/uploads\/2023\/02\/Plastic-mold-company.jpg' class='lightbox' data-onclick='3' title='Plastformfirma'  itemprop=\"thumbnailUrl\"  ><img decoding=\"async\" fetchpriority=\"high\" class=\"wp-image-956 avia-img-lazy-loading-not-956\"   src=\"https:\/\/plas.co\/wp-content\/uploads\/2023\/02\/Plastic-mold-company.jpg\" width=\"333\" height=\"250\"  title='Plastformfirma' alt='Plastformfirma' srcset=\"https:\/\/plas.co\/wp-content\/uploads\/2023\/02\/Plastic-mold-company.jpg 333w, https:\/\/plas.co\/wp-content\/uploads\/2023\/02\/Plastic-mold-company-300x225.jpg 300w\" sizes=\"(max-width: 333px) 100vw, 333px\" \/><div class='big-prev-fake'><img decoding=\"async\" loading=\"lazy\" class=\"wp-image-956 avia-img-lazy-loading-956\"  width=\"333\" height=\"250\" src=\"https:\/\/plas.co\/wp-content\/uploads\/2023\/02\/Plastic-mold-company.jpg\" title='Plastformfirma' alt='Plastformfirma' srcset=\"https:\/\/plas.co\/wp-content\/uploads\/2023\/02\/Plastic-mold-company.jpg 333w, https:\/\/plas.co\/wp-content\/uploads\/2023\/02\/Plastic-mold-company-300x225.jpg 300w\" sizes=\"auto, (max-width: 333px) 100vw, 333px\" \/><\/div><\/a><a href=\"https:\/\/plas.co\/wp-content\/uploads\/2023\/02\/plastic-mold-maker.jpg\" data-srcset=\"https:\/\/plas.co\/wp-content\/uploads\/2023\/02\/plastic-mold-maker.jpg 640w, https:\/\/plas.co\/wp-content\/uploads\/2023\/02\/plastic-mold-maker-300x225.jpg 300w\" data-sizes=\"(max-width: 640px) 100vw, 640px\" data-rel='gallery-1' data-prev-img='https:\/\/plas.co\/wp-content\/uploads\/2023\/02\/plastic-mold-maker-495x400.jpg' class='lightbox' data-onclick='4' title='plast mold maker'  itemprop=\"thumbnailUrl\"  ><img decoding=\"async\" fetchpriority=\"high\" class=\"wp-image-957 avia-img-lazy-loading-not-957\"   src=\"https:\/\/plas.co\/wp-content\/uploads\/2023\/02\/plastic-mold-maker-495x400.jpg\" width=\"495\" height=\"400\"  title='plast mold maker' alt='plast mold maker' \/><div class='big-prev-fake'><img decoding=\"async\" loading=\"lazy\" class=\"wp-image-957 avia-img-lazy-loading-957\"  width=\"495\" height=\"400\" src=\"https:\/\/plas.co\/wp-content\/uploads\/2023\/02\/plastic-mold-maker-495x400.jpg\" title='plast mold maker' alt='plast mold maker' \/><\/div><\/a><a href=\"https:\/\/plas.co\/wp-content\/uploads\/2023\/02\/Plastic-molding-company.jpg\" data-srcset=\"https:\/\/plas.co\/wp-content\/uploads\/2023\/02\/Plastic-molding-company.jpg 333w, https:\/\/plas.co\/wp-content\/uploads\/2023\/02\/Plastic-molding-company-300x225.jpg 300w\" data-sizes=\"(max-width: 333px) 100vw, 333px\" data-rel='gallery-1' data-prev-img='https:\/\/plas.co\/wp-content\/uploads\/2023\/02\/Plastic-molding-company.jpg' class='first_thumb lightbox' data-onclick='5' title='produsent av st\u00f8peformer'  itemprop=\"thumbnailUrl\"  ><img decoding=\"async\" fetchpriority=\"high\" class=\"wp-image-959 avia-img-lazy-loading-not-959\"   src=\"https:\/\/plas.co\/wp-content\/uploads\/2023\/02\/Plastic-molding-company.jpg\" width=\"333\" height=\"250\"  title='produsent av st\u00f8peformer' alt='produsent av st\u00f8peformer' srcset=\"https:\/\/plas.co\/wp-content\/uploads\/2023\/02\/Plastic-molding-company.jpg 333w, https:\/\/plas.co\/wp-content\/uploads\/2023\/02\/Plastic-molding-company-300x225.jpg 300w\" sizes=\"(max-width: 333px) 100vw, 333px\" \/><div class='big-prev-fake'><img decoding=\"async\" loading=\"lazy\" class=\"wp-image-959 avia-img-lazy-loading-959\"  width=\"333\" height=\"250\" src=\"https:\/\/plas.co\/wp-content\/uploads\/2023\/02\/Plastic-molding-company.jpg\" title='produsent av st\u00f8peformer' alt='produsent av st\u00f8peformer' srcset=\"https:\/\/plas.co\/wp-content\/uploads\/2023\/02\/Plastic-molding-company.jpg 333w, https:\/\/plas.co\/wp-content\/uploads\/2023\/02\/Plastic-molding-company-300x225.jpg 300w\" sizes=\"auto, (max-width: 333px) 100vw, 333px\" \/><\/div><\/a><a href=\"https:\/\/plas.co\/wp-content\/uploads\/2023\/02\/plastic-mould-company.jpg\" data-srcset=\"https:\/\/plas.co\/wp-content\/uploads\/2023\/02\/plastic-mould-company.jpg 640w, https:\/\/plas.co\/wp-content\/uploads\/2023\/02\/plastic-mould-company-300x225.jpg 300w\" data-sizes=\"(max-width: 640px) 100vw, 640px\" data-rel='gallery-1' data-prev-img='https:\/\/plas.co\/wp-content\/uploads\/2023\/02\/plastic-mould-company-495x400.jpg' class='lightbox' data-onclick='6' title='produsent av plastformer'  itemprop=\"thumbnailUrl\"  ><img decoding=\"async\" fetchpriority=\"high\" class=\"wp-image-960 avia-img-lazy-loading-not-960\"   src=\"https:\/\/plas.co\/wp-content\/uploads\/2023\/02\/plastic-mould-company-495x400.jpg\" width=\"495\" height=\"400\"  title='produsent av plastformer' alt='produsent av plastformer' \/><div class='big-prev-fake'><img decoding=\"async\" loading=\"lazy\" class=\"wp-image-960 avia-img-lazy-loading-960\"  width=\"495\" height=\"400\" src=\"https:\/\/plas.co\/wp-content\/uploads\/2023\/02\/plastic-mould-company-495x400.jpg\" title='produsent av plastformer' alt='produsent av plastformer' \/><\/div><\/a><a href=\"https:\/\/plas.co\/wp-content\/uploads\/2023\/02\/Plastic-mould-factory.jpg\" data-srcset=\"https:\/\/plas.co\/wp-content\/uploads\/2023\/02\/Plastic-mould-factory.jpg 640w, https:\/\/plas.co\/wp-content\/uploads\/2023\/02\/Plastic-mould-factory-300x225.jpg 300w\" data-sizes=\"(max-width: 640px) 100vw, 640px\" data-rel='gallery-1' data-prev-img='https:\/\/plas.co\/wp-content\/uploads\/2023\/02\/Plastic-mould-factory-495x400.jpg' class='lightbox' data-onclick='7' title='Fabrikk for plastformer'  itemprop=\"thumbnailUrl\"  ><img decoding=\"async\" fetchpriority=\"high\" class=\"wp-image-961 avia-img-lazy-loading-not-961\"   src=\"https:\/\/plas.co\/wp-content\/uploads\/2023\/02\/Plastic-mould-factory-495x400.jpg\" width=\"495\" height=\"400\"  title='Fabrikk for plastformer' alt='Fabrikk for plastformer' \/><div class='big-prev-fake'><img decoding=\"async\" loading=\"lazy\" class=\"wp-image-961 avia-img-lazy-loading-961\"  width=\"495\" height=\"400\" src=\"https:\/\/plas.co\/wp-content\/uploads\/2023\/02\/Plastic-mould-factory-495x400.jpg\" title='Fabrikk for plastformer' alt='Fabrikk for plastformer' \/><\/div><\/a><a href=\"https:\/\/plas.co\/wp-content\/uploads\/2023\/02\/Plastic-Tooling-Company.jpg\" data-srcset=\"https:\/\/plas.co\/wp-content\/uploads\/2023\/02\/Plastic-Tooling-Company.jpg 400w, https:\/\/plas.co\/wp-content\/uploads\/2023\/02\/Plastic-Tooling-Company-300x225.jpg 300w\" data-sizes=\"(max-width: 400px) 100vw, 400px\" data-rel='gallery-1' data-prev-img='https:\/\/plas.co\/wp-content\/uploads\/2023\/02\/Plastic-Tooling-Company.jpg' class='lightbox' data-onclick='8' title='Plastic Tooling Company'  itemprop=\"thumbnailUrl\"  ><img decoding=\"async\" fetchpriority=\"high\" class=\"wp-image-962 avia-img-lazy-loading-not-962\"   src=\"https:\/\/plas.co\/wp-content\/uploads\/2023\/02\/Plastic-Tooling-Company.jpg\" width=\"400\" height=\"300\"  title='Plastic Tooling Company' alt='Plastic Tooling Company' srcset=\"https:\/\/plas.co\/wp-content\/uploads\/2023\/02\/Plastic-Tooling-Company.jpg 400w, https:\/\/plas.co\/wp-content\/uploads\/2023\/02\/Plastic-Tooling-Company-300x225.jpg 300w\" sizes=\"(max-width: 400px) 100vw, 400px\" \/><div class='big-prev-fake'><img decoding=\"async\" loading=\"lazy\" class=\"wp-image-962 avia-img-lazy-loading-962\"  width=\"400\" height=\"300\" src=\"https:\/\/plas.co\/wp-content\/uploads\/2023\/02\/Plastic-Tooling-Company.jpg\" title='Plastic Tooling Company' alt='Plastic Tooling Company' srcset=\"https:\/\/plas.co\/wp-content\/uploads\/2023\/02\/Plastic-Tooling-Company.jpg 400w, https:\/\/plas.co\/wp-content\/uploads\/2023\/02\/Plastic-Tooling-Company-300x225.jpg 300w\" sizes=\"auto, (max-width: 400px) 100vw, 400px\" \/><\/div><\/a><\/div><\/div>\n<section  class='av_textblock_section av-lel43s1p-f288656d2c750791ef65020e352a8c30'   itemscope=\"itemscope\" itemtype=\"https:\/\/schema.org\/CreativeWork\" ><div class='avia_textblock'  itemprop=\"text\" ><div id=\"ez-toc-container\" class=\"ez-toc-v2_0_82_2 counter-hierarchy ez-toc-counter ez-toc-grey ez-toc-container-direction\">\n<div class=\"ez-toc-title-container\">\n<p class=\"ez-toc-title\" style=\"cursor:inherit\">Innholdsfortegnelse<\/p>\n<span class=\"ez-toc-title-toggle\"><a href=\"#\" class=\"ez-toc-pull-right ez-toc-btn ez-toc-btn-xs ez-toc-btn-default ez-toc-toggle\" aria-label=\"Veksle mellom innholdsfortegnelsen\"><span class=\"ez-toc-js-icon-con\"><span class=\"\"><span class=\"eztoc-hide\" style=\"display:none;\">Toggle<\/span><span class=\"ez-toc-icon-toggle-span\"><svg style=\"fill: #999;color:#999\" xmlns=\"http:\/\/www.w3.org\/2000\/svg\" class=\"list-377408\" width=\"20px\" height=\"20px\" viewbox=\"0 0 24 24\" fill=\"none\"><path d=\"M6 6H4v2h2V6zm14 0H8v2h12V6zM4 11h2v2H4v-2zm16 0H8v2h12v-2zM4 16h2v2H4v-2zm16 0H8v2h12v-2z\" fill=\"currentColor\"><\/path><\/svg><svg style=\"fill: #999;color:#999\" class=\"arrow-unsorted-368013\" xmlns=\"http:\/\/www.w3.org\/2000\/svg\" width=\"10px\" height=\"10px\" viewbox=\"0 0 24 24\" version=\"1.2\" baseprofile=\"tiny\"><path d=\"M18.2 9.3l-6.2-6.3-6.2 6.3c-.2.2-.3.4-.3.7s.1.5.3.7c.2.2.4.3.7.3h11c.3 0 .5-.1.7-.3.2-.2.3-.5.3-.7s-.1-.5-.3-.7zM5.8 14.7l6.2 6.3 6.2-6.3c.2-.2.3-.5.3-.7s-.1-.5-.3-.7c-.2-.2-.4-.3-.7-.3h-11c-.3 0-.5.1-.7.3-.2.2-.3.5-.3.7s.1.5.3.7z\"\/><\/svg><\/span><\/span><\/span><\/a><\/span><\/div>\n<nav><ul class='ez-toc-list ez-toc-list-level-1' ><li class='ez-toc-page-1 ez-toc-heading-level-2'><a class=\"ez-toc-link ez-toc-heading-1\" href=\"https:\/\/plas.co\/nb\/produsenter-av-stopeformer\/#What_is_plastic_Injection_Mould\" >Hva er spr\u00f8ytest\u00f8ping av plast<\/a><ul class='ez-toc-list-level-3' ><li class='ez-toc-heading-level-3'><a class=\"ez-toc-link ez-toc-heading-2\" href=\"https:\/\/plas.co\/nb\/produsenter-av-stopeformer\/#What_are_the_best_plastic_injection_mould_manufacturers\" >Hva er de beste produsentene av plastspr\u00f8ytest\u00f8peformer?<\/a><\/li><li class='ez-toc-page-1 ez-toc-heading-level-3'><a class=\"ez-toc-link ez-toc-heading-3\" href=\"https:\/\/plas.co\/nb\/produsenter-av-stopeformer\/#Where_can_we_find_injection_molded_plastic_part_manufacturers\" >Hvor kan vi finne produsenter av spr\u00f8ytest\u00f8pte plastdeler?<\/a><\/li><li class='ez-toc-page-1 ez-toc-heading-level-3'><a class=\"ez-toc-link ez-toc-heading-4\" href=\"https:\/\/plas.co\/nb\/produsenter-av-stopeformer\/#What_is_a_reasonable_cost_for_a_plastic_injection_moold\" >Hva er en rimelig pris for en plastspr\u00f8ytest\u00f8peform?<\/a><\/li><\/ul><\/li><\/ul><\/nav><\/div>\n<h2><span class=\"ez-toc-section\" id=\"What_is_plastic_Injection_Mould\"><\/span>Hva er spr\u00f8ytest\u00f8ping av plast<span class=\"ez-toc-section-end\"><\/span><\/h2>\n<p><a href=\"http:\/\/plas.co\/nb\/\">Injeksjonsform for plast<\/a> er et verkt\u00f8y eller en dyse som brukes til \u00e5 produsere plastdeler i store volumer ved hjelp av spr\u00f8ytest\u00f8peprosessen. Den er vanligvis laget av st\u00e5l eller aluminium og er utformet for \u00e5 skape en bestemt form eller geometri for plastdelen. Den <a href=\"https:\/\/www.plasticmold.net\/what-is-plastic-mold-technology\/\" target=\"_blank\" rel=\"noopener\">spr\u00f8ytest\u00f8peform<\/a> er laget med to halvdeler (fast halvdel og bevegelig halvdel), som kan \u00e5pnes og lukkes ved hjelp av en formbase eller et platesystem.<\/p>\n<p>Formen designes f\u00f8rst ved hjelp av programvare for datast\u00f8ttet design (CAD), for eksempel UG, PRO\/e, SOLIDWORKS osv., og deretter lages den ved hjelp av CAM-teknikker (Computer Aided Manufacturing), for eksempel CNC-maskinering, elektrisk utladningsbearbeiding (EDM) eller tr\u00e5dskj\u00e6ring. Prosessen med \u00e5 designe og produsere st\u00f8peformer kan v\u00e6re kompleks og krever h\u00f8y kompetanse og presisjon for \u00e5 sikre at formen produserer deler av h\u00f8y kvalitet som oppfyller de \u00f8nskede spesifikasjonene.<\/p>\n<p>Plastspr\u00f8ytest\u00f8peformer kan brukes til \u00e5 produsere et bredt spekter av plastdeler, fra sm\u00e5 og enkle deler til store og komplekse deler med intrikate geometrier. Formene kan ogs\u00e5 brukes til \u00e5 produsere deler i en rekke ulike materialer, inkludert termoplast, herdeplast og elastomerer.<\/p>\n<div id=\"attachment_701\" style=\"width: 410px\" class=\"wp-caption alignright\"><a href=\"http:\/\/plas.co\/wp-content\/uploads\/2020\/01\/plastic-injection-mold.jpg\"><img decoding=\"async\" aria-describedby=\"caption-attachment-701\" class=\"wp-image-701 size-full\" src=\"http:\/\/plas.co\/wp-content\/uploads\/2020\/01\/plastic-injection-mold.jpg\" alt=\"produsenter av st\u00f8peformer\" width=\"400\" height=\"300\" srcset=\"https:\/\/plas.co\/wp-content\/uploads\/2020\/01\/plastic-injection-mold.jpg 400w, https:\/\/plas.co\/wp-content\/uploads\/2020\/01\/plastic-injection-mold-300x225.jpg 300w\" sizes=\"(max-width: 400px) 100vw, 400px\" \/><\/a><p id=\"caption-attachment-701\" class=\"wp-caption-text\">produsenter av st\u00f8peformer<\/p><\/div>\n<h3><span class=\"ez-toc-section\" id=\"What_are_the_best_plastic_injection_mould_manufacturers\"><\/span>Hva er de beste produsentene av plastspr\u00f8ytest\u00f8peformer?<span class=\"ez-toc-section-end\"><\/span><\/h3>\n<p>N\u00e5r du velger en <em>produsent av plastinjeksjonsformer<\/em>N\u00e5r du skal velge en leverand\u00f8r, er det viktig \u00e5 ta hensyn til faktorer som erfaring, ekspertise, produksjonskapasitet, kvalitetskontroll og kundeservice. Det kan ogs\u00e5 v\u00e6re lurt \u00e5 vurdere deres geografiske beliggenhet, priser og ledetider.<\/p>\n<p>For \u00e5 finne den rette produsenten av plastspr\u00f8ytest\u00f8peformer for dine spesifikke behov, kan det v\u00e6re lurt \u00e5 gj\u00f8re unders\u00f8kelser p\u00e5 nettet, be om anbefalinger fra bransjekolleger eller delta p\u00e5 messer og konferanser for \u00e5 komme i kontakt med potensielle leverand\u00f8rer. Det er ogs\u00e5 viktig \u00e5 kommunisere prosjektkravene dine tydelig og grundig for \u00e5 sikre at formverkt\u00f8yprodusenten kan levere best mulig resultat.<\/p>\n<h3><span class=\"ez-toc-section\" id=\"Where_can_we_find_injection_molded_plastic_part_manufacturers\"><\/span>Hvor kan vi finne produsenter av spr\u00f8ytest\u00f8pte plastdeler?<span class=\"ez-toc-section-end\"><\/span><\/h3>\n<p>N\u00e5r du har et prosjekt som trenger plastst\u00f8pte deler, er det f\u00f8rste \u00e5 finne muggprodusenter for \u00e5 lage dette for deg, Kina vil v\u00e6re det viktigste stedet for prosjektet ditt, men hvordan du finner plastformprodusent i Kina vil v\u00e6re din bekymring, nedenfor er det flere m\u00e5ter \u00e5 finne <em>produsenter av spr\u00f8ytest\u00f8pte plastdeler<\/em>:<\/p>\n<ol>\n<li>Kataloger p\u00e5 nettet: Det er mange online kataloger som viser produsenter av spr\u00f8ytest\u00f8ping av plast, for eksempel Alibaba. Disse katalogene lar deg s\u00f8ke etter produsenter basert p\u00e5 beliggenhet, bransje eller andre kriterier, men varmt \u00e5 verifisere at det er godt mold selskap? Du m\u00e5 sjekke mer n\u00f8ye, fordi p\u00e5 den plattformen er mer kompleks.<\/li>\n<li>Messer og konferanser: \u00c5 delta p\u00e5 bransjemesser og -konferanser kan v\u00e6re en utmerket m\u00e5te \u00e5 komme i kontakt med produsenter av plastspr\u00f8ytest\u00f8ping og l\u00e6re mer om deres muligheter og tjenester.<\/li>\n<li>Henvisninger og anbefalinger: Be kolleger eller bransjekontakter om anbefalinger om spr\u00f8ytest\u00f8peprodusenter som de har jobbet med tidligere og stoler p\u00e5.<\/li>\n<li>Lokale ressurser: Ta kontakt med lokale n\u00e6ringslivsorganisasjoner eller bransjegrupper for \u00e5 se om de har en liste over produsenter av plastspr\u00f8ytest\u00f8ping i ditt omr\u00e5de.<\/li>\n<li>S\u00f8k i s\u00f8kemotorer: S\u00f8k i s\u00f8kemotorer etter \"produsenter av spr\u00f8ytest\u00f8ping\" eller lignende n\u00f8kkelord for \u00e5 finne en liste over potensielle <a href=\"http:\/\/plas.co\/nb\/\">leverand\u00f8rer av st\u00f8peformer<\/a>.<\/li>\n<\/ol>\n<h3><span class=\"ez-toc-section\" id=\"What_is_a_reasonable_cost_for_a_plastic_injection_moold\"><\/span>Hva er en rimelig pris for en plastspr\u00f8ytest\u00f8peform?<span class=\"ez-toc-section-end\"><\/span><\/h3>\n<p>Kostnaden for en plastspr\u00f8ytest\u00f8peform kan variere mye, avhengig av faktorer som detaljens kompleksitet, st\u00f8rrelsen p\u00e5 formen, materialet som brukes og produksjonsvolumet. Generelt vil st\u00f8peformer for mindre deler med enkel geometri og lavere produksjonsvolum v\u00e6re rimeligere enn st\u00f8peformer for st\u00f8rre, mer komplekse deler med h\u00f8yere produksjonsvolum.<\/p>\n<p>En enkel spr\u00f8ytest\u00f8peform for en liten plastdel kan koste alt fra noen f\u00e5 tusenlapper til titusenvis av kroner, mens en mer kompleks form for en stor del med intrikate geometrier kan koste opp mot $100 000 eller mer.<\/p>\n<p>Det er viktig \u00e5 huske p\u00e5 at kostnaden for st\u00f8peformen bare er \u00e9n faktor i den totale kostnaden for plastdelen. Andre kostnader \u00e5 ta hensyn til inkluderer materialkostnader, l\u00f8nnskostnader og overheadkostnader. I tillegg er det viktig \u00e5 velge en anerkjent og erfaren <em>produsent av st\u00f8peformer<\/em> som kan levere en form av h\u00f8y kvalitet som oppfyller dine spesifikasjoner.<\/p>\n<p>Hvis du har et prosjekt som trenger Kina plastformfirma for \u00e5 st\u00f8tte, velkommen til \u00e5 kontakte, vil vi tilby deg den beste prisen, muggpris s\u00e5 lav som $500, avhengig av delst\u00f8rrelse og funksjoner.<\/p>\n<p>Sincere Tech plastformprodusent har alltid insistert p\u00e5 \u00e5 tilfredsstille kundene med profesjonell teknologi og godt utstyr innen formutvikling, produksjon og injeksjon. vi har introdusert avansert prosessutstyr fra utlandet, som inkluderer CAD \/ CAE \/ CAM-system, tredimensjonal m\u00e5lemaskin, h\u00f8yhastighetsfresing, CNC-maskineringssenter, CNC elektrisk gnist, for \u00e5 sikre formteknologi, produksjon og kvalitet ogs\u00e5. Vi kan produsere fra sm\u00e5 presisjonsformer til store bildelerformer, store containerformer.<\/p>\n<p>I Sincere Tech vil produktet ditt v\u00e6re gjennom effektiv prosjektledelse som vil redusere kostnadene og la produktene dine vises p\u00e5 markedet p\u00e5 kortest mulig tid.<\/p>\n<\/div><\/section>","protected":false},"excerpt":{"rendered":"","protected":false},"author":1,"featured_media":603,"parent":0,"menu_order":0,"comment_status":"open","ping_status":"open","template":"","meta":{"footnotes":""},"class_list":["post-125","page","type-page","status-publish","has-post-thumbnail","hentry"],"_links":{"self":[{"href":"https:\/\/plas.co\/nb\/wp-json\/wp\/v2\/pages\/125","targetHints":{"allow":["GET"]}}],"collection":[{"href":"https:\/\/plas.co\/nb\/wp-json\/wp\/v2\/pages"}],"about":[{"href":"https:\/\/plas.co\/nb\/wp-json\/wp\/v2\/types\/page"}],"author":[{"embeddable":true,"href":"https:\/\/plas.co\/nb\/wp-json\/wp\/v2\/users\/1"}],"replies":[{"embeddable":true,"href":"https:\/\/plas.co\/nb\/wp-json\/wp\/v2\/comments?post=125"}],"version-history":[{"count":0,"href":"https:\/\/plas.co\/nb\/wp-json\/wp\/v2\/pages\/125\/revisions"}],"wp:featuredmedia":[{"embeddable":true,"href":"https:\/\/plas.co\/nb\/wp-json\/wp\/v2\/media\/603"}],"wp:attachment":[{"href":"https:\/\/plas.co\/nb\/wp-json\/wp\/v2\/media?parent=125"}],"curies":[{"name":"wp","href":"https:\/\/api.w.org\/{rel}","templated":true}]}}