{"id":146,"date":"2014-09-20T19:04:21","date_gmt":"2014-09-20T11:04:21","guid":{"rendered":"http:\/\/andy-mold.com\/?page_id=146"},"modified":"2016-02-14T14:13:57","modified_gmt":"2016-02-14T06:13:57","slug":"prosjektledelse","status":"publish","type":"page","link":"https:\/\/plas.co\/nb\/enginnering\/prosjektledelse\/","title":{"rendered":"Prosjektledelse"},"content":{"rendered":"<p>Andy Mould har et prosjektingeni\u00f8rteam for prosjektledelse av plastspr\u00f8ytest\u00f8peformer. Dette teamet har flere teknologibakgrunner, ikke bare innen plast, men ogs\u00e5 metall og elektronikk. Hvert prosjekt vil bli fulgt av en erfaren prosjektingeni\u00f8r, som vil fungere som teamleder for prosjektutvikling, teknisk kundesupport, kvalitetskontroll, koordinering p\u00e5 tvers av avdelinger under hele utviklingsprosessen.<br \/>\n<b>Arbeidsrutiner<\/b><br \/>\nUkentlig oppdatering til kunden<br \/>\nKonsekvent sporing av milep\u00e6ler i verkt\u00f8ybyggingen<br \/>\nDaglig kommunikasjon om eventuelle problemer<br \/>\nAvslutt prosjektet med masseproduksjon eller levering av verkt\u00f8y<\/p>\n<p>Skriftlig godkjenning fra kunden er p\u00e5krevd i disse tre fasene:<br \/>\nGodkjenning av formdesign<br \/>\nEksempel p\u00e5 godkjenning<br \/>\nLevering og godkjenning av st\u00f8peformer<\/p>\n<p><b>Etter salg<\/b><br \/>\nReservedeler kan leveres etter salg<br \/>\nTekniske forslag tilgjengelig hvis kunden trenger det<\/p>","protected":false},"excerpt":{"rendered":"<p>Plastic injection mould projects management, Andy Mould has a project engineering team. This team has multi-backgrounds of technologies, not only in plastic, but also metal and electronics. Each project will be followed by a experienced project engineer, who will conduct as the team leader of project development, customer technical support, quality control, cross-department coordinate during [&hellip;]<\/p>\n","protected":false},"author":1,"featured_media":0,"parent":22,"menu_order":0,"comment_status":"open","ping_status":"open","template":"","meta":{"footnotes":""},"class_list":["post-146","page","type-page","status-publish","hentry"],"_links":{"self":[{"href":"https:\/\/plas.co\/nb\/wp-json\/wp\/v2\/pages\/146","targetHints":{"allow":["GET"]}}],"collection":[{"href":"https:\/\/plas.co\/nb\/wp-json\/wp\/v2\/pages"}],"about":[{"href":"https:\/\/plas.co\/nb\/wp-json\/wp\/v2\/types\/page"}],"author":[{"embeddable":true,"href":"https:\/\/plas.co\/nb\/wp-json\/wp\/v2\/users\/1"}],"replies":[{"embeddable":true,"href":"https:\/\/plas.co\/nb\/wp-json\/wp\/v2\/comments?post=146"}],"version-history":[{"count":0,"href":"https:\/\/plas.co\/nb\/wp-json\/wp\/v2\/pages\/146\/revisions"}],"up":[{"embeddable":true,"href":"https:\/\/plas.co\/nb\/wp-json\/wp\/v2\/pages\/22"}],"wp:attachment":[{"href":"https:\/\/plas.co\/nb\/wp-json\/wp\/v2\/media?parent=146"}],"curies":[{"name":"wp","href":"https:\/\/api.w.org\/{rel}","templated":true}]}}