{"id":15,"date":"2014-09-20T14:09:15","date_gmt":"2014-09-20T06:09:15","guid":{"rendered":"http:\/\/andy-mold.com\/?page_id=15"},"modified":"2024-03-23T23:37:06","modified_gmt":"2024-03-23T15:37:06","slug":"selskap","status":"publish","type":"page","link":"https:\/\/plas.co\/nb\/selskap\/","title":{"rendered":"Om oss"},"content":{"rendered":"<section  class='av_textblock_section av-lehbcujc-e36697ed1bea52a8cb8c1afa77e72bd4'   itemscope=\"itemscope\" itemtype=\"https:\/\/schema.org\/CreativeWork\" ><div class='avia_textblock'  itemprop=\"text\" ><div id=\"ez-toc-container\" class=\"ez-toc-v2_0_82_2 counter-hierarchy ez-toc-counter ez-toc-grey ez-toc-container-direction\">\n<div class=\"ez-toc-title-container\">\n<p class=\"ez-toc-title\" style=\"cursor:inherit\">Innholdsfortegnelse<\/p>\n<span class=\"ez-toc-title-toggle\"><a href=\"#\" class=\"ez-toc-pull-right ez-toc-btn ez-toc-btn-xs ez-toc-btn-default ez-toc-toggle\" aria-label=\"Veksle mellom innholdsfortegnelsen\"><span class=\"ez-toc-js-icon-con\"><span class=\"\"><span class=\"eztoc-hide\" style=\"display:none;\">Toggle<\/span><span class=\"ez-toc-icon-toggle-span\"><svg style=\"fill: #999;color:#999\" xmlns=\"http:\/\/www.w3.org\/2000\/svg\" class=\"list-377408\" width=\"20px\" height=\"20px\" viewbox=\"0 0 24 24\" fill=\"none\"><path d=\"M6 6H4v2h2V6zm14 0H8v2h12V6zM4 11h2v2H4v-2zm16 0H8v2h12v-2zM4 16h2v2H4v-2zm16 0H8v2h12v-2z\" fill=\"currentColor\"><\/path><\/svg><svg style=\"fill: #999;color:#999\" class=\"arrow-unsorted-368013\" xmlns=\"http:\/\/www.w3.org\/2000\/svg\" width=\"10px\" height=\"10px\" viewbox=\"0 0 24 24\" version=\"1.2\" baseprofile=\"tiny\"><path d=\"M18.2 9.3l-6.2-6.3-6.2 6.3c-.2.2-.3.4-.3.7s.1.5.3.7c.2.2.4.3.7.3h11c.3 0 .5-.1.7-.3.2-.2.3-.5.3-.7s-.1-.5-.3-.7zM5.8 14.7l6.2 6.3 6.2-6.3c.2-.2.3-.5.3-.7s-.1-.5-.3-.7c-.2-.2-.4-.3-.7-.3h-11c-.3 0-.5.1-.7.3-.2.2-.3.5-.3.7s.1.5.3.7z\"\/><\/svg><\/span><\/span><\/span><\/a><\/span><\/div>\n<nav><ul class='ez-toc-list ez-toc-list-level-1' ><li class='ez-toc-page-1 ez-toc-heading-level-2'><a class=\"ez-toc-link ez-toc-heading-1\" href=\"https:\/\/plas.co\/nb\/selskap\/#Plastic_Mold_Company_In_China_All_in_one_service\" >Plastformfirma i Kina: Alt i en tjeneste<\/a><ul class='ez-toc-list-level-3' ><li class='ez-toc-heading-level-3'><a class=\"ez-toc-link ez-toc-heading-2\" href=\"https:\/\/plas.co\/nb\/selskap\/#Our_plastic_mold_company_services_include\" >V\u00e5re tjenester innen plastst\u00f8ping inkluderer:<\/a><ul class='ez-toc-list-level-4' ><li class='ez-toc-heading-level-4'><a class=\"ez-toc-link ez-toc-heading-3\" href=\"https:\/\/plas.co\/nb\/selskap\/#Our_product_development_services_include\" >Produktutviklingstjenestene v\u00e5re omfatter<\/a><\/li><\/ul><\/li><li class='ez-toc-page-1 ez-toc-heading-level-3'><a class=\"ez-toc-link ez-toc-heading-4\" href=\"https:\/\/plas.co\/nb\/selskap\/#We_supply_the_following_for_the_final_stage_of_assembly\" >Vi leverer f\u00f8lgende til sluttfasen av monteringen:<\/a><\/li><\/ul><\/li><\/ul><\/nav><\/div>\n<h2><span class=\"ez-toc-section\" id=\"Plastic_Mold_Company_In_China_All_in_one_service\"><\/span>Plastformfirma i Kina: Alt i en tjeneste<span class=\"ez-toc-section-end\"><\/span><\/h2>\n<p>Kinas Plas.co (Sincere Tech) lager utmerkede plastformer. De tilbyr tilpasset st\u00f8peformfremstilling, spr\u00f8ytest\u00f8ping, design av deler, prototyping, testing, st\u00f8ping, maskinering, silikonst\u00f8ping, montering og mer. Vi \u00f8nsker deg velkommen.<\/p>\n<p>Plas.co plastformfirma er stolt av sin kvalitet, innovasjon og kundetilfredshet. V\u00e5re dyktige ingeni\u00f8rer og teknikere bruker de nyeste teknologiene og metodene for \u00e5 sikre at hvert prosjekt oppfyller eller overg\u00e5r kundens forventninger.<\/p>\n<p>Vi designer og bygger h\u00f8ykvalitets plastspr\u00f8ytest\u00f8peformer, trykkst\u00f8peformer og silikonst\u00f8pedeler, men vi tilbyr ogs\u00e5 montering. Vi kan hjelpe deg med alt fra id\u00e9 til levering. Dette omfatter prototyping, testing, re-prototyping, PCB-montering, kabelsveising, inspeksjon, produksjon og testing.<\/p>\n<h3><span class=\"ez-toc-section\" id=\"Our_plastic_mold_company_services_include\"><\/span><span lang=\"EN-US\">V\u00e5re tjenester innen plastst\u00f8ping inkluderer:<\/span><span class=\"ez-toc-section-end\"><\/span><\/h3>\n<p>Enten du trenger en form for spr\u00f8ytest\u00f8ping, trykkst\u00f8ping eller silikonst\u00f8ping, har v\u00e5r formfremstillingsbedrift deg dekket. V\u00e5rt selskap tilbyr omfattende tjenester innen formfremstilling. Vi kan skreddersy st\u00f8peformer etter dine n\u00f8yaktige spesifikasjoner ved hjelp av banebrytende produksjonsteknikker, slik at vi kan forsikre deg om at prosjektet ditt vil v\u00e6re av h\u00f8yeste kvalitet.<\/p>\n<p>Spr\u00f8ytest\u00f8pte komponenter: Vi er bransjeledende innen produksjon av spesialst\u00f8pte plastkomponenter av h\u00f8y kvalitet til mange ulike bransjer. Du kan stole p\u00e5 at v\u00e5rt ekspertteam av teknikere og ingeni\u00f8rer st\u00e5r ved din side gjennom hele prosessen, fra id\u00e9dugnad til levering.<\/p>\n<p>V\u00e5rt selskap tilbyr individualiserte st\u00f8petjenester, fra formdesign til produksjon, etterbehandling og videre. Vi bruker banebrytende teknologi og metoder for \u00e5 sikre at prosjektet ditt oppfyller de h\u00f8yeste standardene, noe som gjenspeiler v\u00e5r forpliktelse til \u00e5 tilby kundene v\u00e5re den beste servicen og kvaliteten.<\/p>\n<p>V\u00e5re toppmoderne maskiner for fresing og dreiing er perfekte for produksjon av presisjonskomponenter og deler til mange forskjellige typer virksomheter. Ved hjelp av de nyeste verkt\u00f8yene og teknikkene fullf\u00f8rer vi hvert prosjekt med h\u00f8yeste kvalitet. Dette viser at vi er dedikert til \u00e5 gi kundene v\u00e5re service av h\u00f8yeste kvalitet.<\/p>\n<p>Vi er et spesialisert firma som produserer silikonst\u00f8pekomponenter av h\u00f8y kvalitet til mange forskjellige bransjer. Du kan stole p\u00e5 at v\u00e5rt ekspertteam av teknikere og ingeni\u00f8rer st\u00e5r ved din side gjennom hele prosessen, fra id\u00e9dugnad til levering.<\/p>\n<p>Produksjon av st\u00f8peformer, silikonformer, maskinering, pressst\u00f8ping, produktutvikling og sluttmontering er bare noen f\u00e5 av de mange produksjonstjenestene som tilbys av selskapet v\u00e5rt.<\/p>\n<p>V\u00e5r profesjonelle stab av designere og teknikere kan f\u00f8lge produktet ditt fra begynnelse til slutt. Fordi vi bruker den nyeste teknologien og de nyeste prosedyrene, kan du v\u00e6re sikker p\u00e5 at sluttproduktet blir feilfritt p\u00e5 alle m\u00e5ter. Og til slutt jobber vi tett med kundene v\u00e5re fra start til slutt for \u00e5 oppfylle deres krav.<\/p>\n<h4><span class=\"ez-toc-section\" id=\"Our_product_development_services_include\"><\/span><span lang=\"EN-US\">Produktutviklingstjenestene v\u00e5re omfatter<\/span><span class=\"ez-toc-section-end\"><\/span><\/h4>\n<p>Vi begynner med konseptet: Med v\u00e5re omfattende designtjenester kan vi oppfylle alle dine behov og gj\u00f8re dr\u00f8mmene dine til virkelighet.<\/p>\n<p>Prototyping: Med v\u00e5re prototypetjenester kan du teste ut produktet ditt f\u00f8r det kommer ut p\u00e5 markedet. P\u00e5 den m\u00e5ten kan du sikre at produktet oppfyller alle dine behov, og du kan forhindre at det oppst\u00e5r problemer.<\/p>\n<p>Verkt\u00f8y: Vi kan hjelpe deg med \u00e5 produsere produktet ditt i stor skala ved \u00e5 tilby skreddersydde strategier for verkt\u00f8y. P\u00e5 den m\u00e5ten sikrer du at produktet ditt er av h\u00f8yeste kvalitet og er h\u00e5ndlaget med omhu.<\/p>\n<p>Produksjon: Spr\u00f8ytest\u00f8ping, pressst\u00f8ping, maskinering og silikonst\u00f8ping er bare noen av de mange prosessene som inng\u00e5r i produksjonstjenestene v\u00e5re. Dette sikrer at vi kan tilby deg en omfattende produksjonsl\u00f8sning.<\/p>\n<h3><span class=\"ez-toc-section\" id=\"We_supply_the_following_for_the_final_stage_of_assembly\"><\/span>Vi leverer f\u00f8lgende til sluttfasen av monteringen:<span class=\"ez-toc-section-end\"><\/span><\/h3>\n<p>Montering av deler: Vi kan sette sammen komponenter til en helhet. Hver komponent vil fungere etter hensikten, og vi lover at sluttresultatet blir bedre enn det du hadde h\u00e5pet p\u00e5.<\/p>\n<p>Testing: Vi kan teste det ferdige produktet ditt for \u00e5 garantere at det holder standarden og oppfyller kravene dine.<\/p>\n<p>Sertifikat: Vi kan produsere elektroniske varer som oppfyller kravene til internasjonale sertifiseringsorganer som CE, ETL eller FCC.<\/p>\n<p>Emballasje: Vi kan pakke det ferdige produktet akkurat slik du vil ha det, slik at du kan v\u00e6re trygg p\u00e5 at det kommer uskadet frem til bestemmelsesstedet.<\/p>\n<p>Plas.co har som m\u00e5l \u00e5 tilby omfattende tjenester til kundene v\u00e5re, fra produktutvikling til sluttmontering. Hvis du har sp\u00f8rsm\u00e5l om hvordan vi kan hjelpe deg med ditt kommende prosjekt, er du velkommen til \u00e5 kontakte oss umiddelbart.<\/p>\n<div id=\"attachment_394\" style=\"width: 4762px\" class=\"wp-caption aligncenter\"><a href=\"http:\/\/plas.co\/wp-content\/uploads\/2016\/02\/IMG_9539.jpg\"><img decoding=\"async\" aria-describedby=\"caption-attachment-394\" class=\"wp-image-394 size-full\" src=\"http:\/\/plas.co\/wp-content\/uploads\/2016\/02\/IMG_9539.jpg\" alt=\"plast mold selskap\" width=\"4752\" height=\"3168\" srcset=\"https:\/\/plas.co\/wp-content\/uploads\/2016\/02\/IMG_9539.jpg 4752w, https:\/\/plas.co\/wp-content\/uploads\/2016\/02\/IMG_9539-300x200.jpg 300w, https:\/\/plas.co\/wp-content\/uploads\/2016\/02\/IMG_9539-768x512.jpg 768w, https:\/\/plas.co\/wp-content\/uploads\/2016\/02\/IMG_9539-1024x683.jpg 1024w\" sizes=\"(max-width: 4752px) 100vw, 4752px\" \/><\/a><p id=\"caption-attachment-394\" class=\"wp-caption-text\">plast mold selskap<\/p><\/div>\n<\/div><\/section>","protected":false},"excerpt":{"rendered":"","protected":false},"author":1,"featured_media":836,"parent":0,"menu_order":0,"comment_status":"open","ping_status":"open","template":"","meta":{"footnotes":""},"class_list":["post-15","page","type-page","status-publish","has-post-thumbnail","hentry"],"_links":{"self":[{"href":"https:\/\/plas.co\/nb\/wp-json\/wp\/v2\/pages\/15","targetHints":{"allow":["GET"]}}],"collection":[{"href":"https:\/\/plas.co\/nb\/wp-json\/wp\/v2\/pages"}],"about":[{"href":"https:\/\/plas.co\/nb\/wp-json\/wp\/v2\/types\/page"}],"author":[{"embeddable":true,"href":"https:\/\/plas.co\/nb\/wp-json\/wp\/v2\/users\/1"}],"replies":[{"embeddable":true,"href":"https:\/\/plas.co\/nb\/wp-json\/wp\/v2\/comments?post=15"}],"version-history":[{"count":0,"href":"https:\/\/plas.co\/nb\/wp-json\/wp\/v2\/pages\/15\/revisions"}],"wp:featuredmedia":[{"embeddable":true,"href":"https:\/\/plas.co\/nb\/wp-json\/wp\/v2\/media\/836"}],"wp:attachment":[{"href":"https:\/\/plas.co\/nb\/wp-json\/wp\/v2\/media?parent=15"}],"curies":[{"name":"wp","href":"https:\/\/api.w.org\/{rel}","templated":true}]}}