{"id":24,"date":"2014-09-20T14:37:02","date_gmt":"2014-09-20T06:37:02","guid":{"rendered":"http:\/\/andy-mold.com\/?page_id=24"},"modified":"2016-02-14T14:16:27","modified_gmt":"2016-02-14T06:16:27","slug":"kvalitet","status":"publish","type":"page","link":"https:\/\/plas.co\/nb\/kvalitet\/","title":{"rendered":"Kvalitet"},"content":{"rendered":"<p><b>V\u00e5r kvalitet:<\/b><\/p>\n<p>Vi er forpliktet til \u00e5 sikre kvaliteten p\u00e5 produktene v\u00e5re samt forbedre dem. I motsetning til mange av v\u00e5re konkurrenter, leverer vi produkter av h\u00f8y kvalitet og kvalitetsservice for \u00e5 oppfylle eller overg\u00e5 kundens forventninger.<\/p>\n<p>ISO 900l-2000-sertifiseringsstandarder...<\/p>\n<p>Kvalitetsstyringssystemet v\u00e5rt g\u00e5r gjennom hele forretningstransaksjonen, som inkluderer:<\/p>\n<p>Designgjennomgang<br \/>\nDesignverifisering og validering<br \/>\nElektronisk kontrollert kalibreringskontroll<br \/>\nMottakskontroll<br \/>\nObligatorisk dokumentert kvalitetsplanlegging for hvert prosjekt<br \/>\nF\u00f8rste artikkelinspeksjon<br \/>\nEndelig\/ siste inspeksjon<\/p>\n<p><b>Produktene dine vil bli inspisert av v\u00e5r Full Service Quality<\/b><\/p>\n<p>Koordinatm\u00e5lemaskin (CMM)<\/p>\n<p>Optisk projektor<\/p>\n<p>Studier av prosessevne p\u00e5 verkt\u00f8y<\/p>","protected":false},"excerpt":{"rendered":"<p>Our Quality: We are committed to ensuring the quality of our products as well as improving them. Unlike many of our competitors, Provide high quality products and quality service to meet or exceed customer&#8217;s expectations. ISO 900l-2000 Certification standards.. Our Quality Management System runs through the whole business transaction, which includes: Design review Design verification [&hellip;]<\/p>\n","protected":false},"author":1,"featured_media":0,"parent":0,"menu_order":0,"comment_status":"open","ping_status":"open","template":"","meta":{"footnotes":""},"class_list":["post-24","page","type-page","status-publish","hentry"],"_links":{"self":[{"href":"https:\/\/plas.co\/nb\/wp-json\/wp\/v2\/pages\/24","targetHints":{"allow":["GET"]}}],"collection":[{"href":"https:\/\/plas.co\/nb\/wp-json\/wp\/v2\/pages"}],"about":[{"href":"https:\/\/plas.co\/nb\/wp-json\/wp\/v2\/types\/page"}],"author":[{"embeddable":true,"href":"https:\/\/plas.co\/nb\/wp-json\/wp\/v2\/users\/1"}],"replies":[{"embeddable":true,"href":"https:\/\/plas.co\/nb\/wp-json\/wp\/v2\/comments?post=24"}],"version-history":[{"count":0,"href":"https:\/\/plas.co\/nb\/wp-json\/wp\/v2\/pages\/24\/revisions"}],"wp:attachment":[{"href":"https:\/\/plas.co\/nb\/wp-json\/wp\/v2\/media?parent=24"}],"curies":[{"name":"wp","href":"https:\/\/api.w.org\/{rel}","templated":true}]}}