{"id":100,"date":"2014-09-20T16:18:58","date_gmt":"2014-09-20T08:18:58","guid":{"rendered":"http:\/\/andy-mold.com\/?page_id=100"},"modified":"2026-01-09T21:16:30","modified_gmt":"2026-01-09T13:16:30","slug":"forma-samochodowa","status":"publish","type":"page","link":"https:\/\/plas.co\/pl\/produkty\/forma-samochodowa\/","title":{"rendered":"Formy samochodowe"},"content":{"rendered":"<div  class='flex_column av-8gcv8-2577ba9e0c13fce46414471b02123209 av_one_full  avia-builder-el-0  el_before_av_textblock  avia-builder-el-first  first flex_column_div'     ><style type=\"text\/css\" data-created_by=\"avia_inline_auto\" id=\"style-css-av-lel1ywqt-993f07fca39d4726bedded6a95944041\">\n#top .avia-gallery.av-lel1ywqt-993f07fca39d4726bedded6a95944041 .avia-gallery-thumb a{\nwidth:33.3333%;\n}\n<\/style>\n<div  class='avia-gallery av-lel1ywqt-993f07fca39d4726bedded6a95944041 avia_animate_when_visible  avia-builder-el-1  avia-builder-el-no-sibling  avia_lazyload avia-gallery-animate avia-gallery-1'  itemprop=\"image\" itemscope=\"itemscope\" itemtype=\"https:\/\/schema.org\/ImageObject\" ><meta itemprop=\"contentURL\" content=\"https:\/\/plas.co\/pl\/produkty\/forma-samochodowa\/\"><div class='avia-gallery-thumb'><a href=\"https:\/\/plas.co\/wp-content\/uploads\/2023\/02\/automotive-injection-mold-1.jpg\" data-srcset=\"https:\/\/plas.co\/wp-content\/uploads\/2023\/02\/automotive-injection-mold-1.jpg 800w, https:\/\/plas.co\/wp-content\/uploads\/2023\/02\/automotive-injection-mold-1-300x225.jpg 300w, https:\/\/plas.co\/wp-content\/uploads\/2023\/02\/automotive-injection-mold-1-768x576.jpg 768w, https:\/\/plas.co\/wp-content\/uploads\/2023\/02\/automotive-injection-mold-1-705x529.jpg 705w\" data-sizes=\"(max-width: 800px) 100vw, 800px\" data-rel='gallery-1' data-prev-img='https:\/\/plas.co\/wp-content\/uploads\/2023\/02\/automotive-injection-mold-1-495x400.jpg' class='first_thumb lightbox' data-onclick='1' title='motoryzacyjna forma wtryskowa'  itemprop=\"thumbnailUrl\"  ><img decoding=\"async\" fetchpriority=\"high\" class=\"wp-image-936 avia-img-lazy-loading-not-936\"   src=\"https:\/\/plas.co\/wp-content\/uploads\/2023\/02\/automotive-injection-mold-1-495x400.jpg\" width=\"495\" height=\"400\"  title='motoryzacyjna forma wtryskowa' alt='motoryzacyjna forma wtryskowa' \/><div class='big-prev-fake'><img decoding=\"async\" loading=\"lazy\" class=\"wp-image-936 avia-img-lazy-loading-936\"  width=\"495\" height=\"400\" src=\"https:\/\/plas.co\/wp-content\/uploads\/2023\/02\/automotive-injection-mold-1-495x400.jpg\" title='motoryzacyjna forma wtryskowa' alt='motoryzacyjna forma wtryskowa' \/><\/div><\/a><a href=\"https:\/\/plas.co\/wp-content\/uploads\/2023\/02\/automotive-mould-factory.jpg\" data-srcset=\"https:\/\/plas.co\/wp-content\/uploads\/2023\/02\/automotive-mould-factory.jpg 800w, https:\/\/plas.co\/wp-content\/uploads\/2023\/02\/automotive-mould-factory-300x225.jpg 300w, https:\/\/plas.co\/wp-content\/uploads\/2023\/02\/automotive-mould-factory-768x576.jpg 768w, https:\/\/plas.co\/wp-content\/uploads\/2023\/02\/automotive-mould-factory-705x529.jpg 705w\" data-sizes=\"(max-width: 800px) 100vw, 800px\" data-rel='gallery-1' data-prev-img='https:\/\/plas.co\/wp-content\/uploads\/2023\/02\/automotive-mould-factory-495x400.jpg' class='lightbox' data-onclick='2' title='fabryka form samochodowych'  itemprop=\"thumbnailUrl\"  ><img decoding=\"async\" fetchpriority=\"high\" class=\"wp-image-938 avia-img-lazy-loading-not-938\"   src=\"https:\/\/plas.co\/wp-content\/uploads\/2023\/02\/automotive-mould-factory-495x400.jpg\" width=\"495\" height=\"400\"  title='fabryka form samochodowych' alt='fabryka form samochodowych' \/><div class='big-prev-fake'><img decoding=\"async\" loading=\"lazy\" class=\"wp-image-938 avia-img-lazy-loading-938\"  width=\"495\" height=\"400\" src=\"https:\/\/plas.co\/wp-content\/uploads\/2023\/02\/automotive-mould-factory-495x400.jpg\" title='fabryka form samochodowych' alt='fabryka form samochodowych' \/><\/div><\/a><a href=\"https:\/\/plas.co\/wp-content\/uploads\/2023\/02\/automotive-parts-mould.jpg\" data-srcset=\"https:\/\/plas.co\/wp-content\/uploads\/2023\/02\/automotive-parts-mould.jpg 600w, https:\/\/plas.co\/wp-content\/uploads\/2023\/02\/automotive-parts-mould-225x300.jpg 225w, https:\/\/plas.co\/wp-content\/uploads\/2023\/02\/automotive-parts-mould-529x705.jpg 529w\" data-sizes=\"(max-width: 600px) 100vw, 600px\" data-rel='gallery-1' data-prev-img='https:\/\/plas.co\/wp-content\/uploads\/2023\/02\/automotive-parts-mould-495x400.jpg' class='lightbox' data-onclick='3' title='formy do cz\u0119\u015bci samochodowych'  itemprop=\"thumbnailUrl\"  ><img decoding=\"async\" fetchpriority=\"high\" class=\"wp-image-941 avia-img-lazy-loading-not-941\"   src=\"https:\/\/plas.co\/wp-content\/uploads\/2023\/02\/automotive-parts-mould-495x400.jpg\" width=\"495\" height=\"400\"  title='formy do cz\u0119\u015bci samochodowych' alt='formy do cz\u0119\u015bci samochodowych' \/><div class='big-prev-fake'><img decoding=\"async\" loading=\"lazy\" class=\"wp-image-941 avia-img-lazy-loading-941\"  width=\"495\" height=\"400\" src=\"https:\/\/plas.co\/wp-content\/uploads\/2023\/02\/automotive-parts-mould-495x400.jpg\" title='formy do cz\u0119\u015bci samochodowych' alt='formy do cz\u0119\u015bci samochodowych' \/><\/div><\/a><a href=\"https:\/\/plas.co\/wp-content\/uploads\/2023\/02\/automotive-plastic-mould.jpg\" data-srcset=\"https:\/\/plas.co\/wp-content\/uploads\/2023\/02\/automotive-plastic-mould.jpg 800w, https:\/\/plas.co\/wp-content\/uploads\/2023\/02\/automotive-plastic-mould-300x225.jpg 300w, https:\/\/plas.co\/wp-content\/uploads\/2023\/02\/automotive-plastic-mould-768x576.jpg 768w, https:\/\/plas.co\/wp-content\/uploads\/2023\/02\/automotive-plastic-mould-705x529.jpg 705w\" data-sizes=\"(max-width: 800px) 100vw, 800px\" data-rel='gallery-1' data-prev-img='https:\/\/plas.co\/wp-content\/uploads\/2023\/02\/automotive-plastic-mould-495x400.jpg' class='first_thumb lightbox' data-onclick='4' title='plastikowa forma samochodowa'  itemprop=\"thumbnailUrl\"  ><img decoding=\"async\" fetchpriority=\"high\" class=\"wp-image-942 avia-img-lazy-loading-not-942\"   src=\"https:\/\/plas.co\/wp-content\/uploads\/2023\/02\/automotive-plastic-mould-495x400.jpg\" width=\"495\" height=\"400\"  title='plastikowa forma samochodowa' alt='plastikowa forma samochodowa' \/><div class='big-prev-fake'><img decoding=\"async\" loading=\"lazy\" class=\"wp-image-942 avia-img-lazy-loading-942\"  width=\"495\" height=\"400\" src=\"https:\/\/plas.co\/wp-content\/uploads\/2023\/02\/automotive-plastic-mould-495x400.jpg\" title='plastikowa forma samochodowa' alt='plastikowa forma samochodowa' \/><\/div><\/a><a href=\"https:\/\/plas.co\/wp-content\/uploads\/2023\/02\/China-automotive-mold-maker.jpg\" data-srcset=\"https:\/\/plas.co\/wp-content\/uploads\/2023\/02\/China-automotive-mold-maker.jpg 600w, https:\/\/plas.co\/wp-content\/uploads\/2023\/02\/China-automotive-mold-maker-225x300.jpg 225w, https:\/\/plas.co\/wp-content\/uploads\/2023\/02\/China-automotive-mold-maker-529x705.jpg 529w\" data-sizes=\"(max-width: 600px) 100vw, 600px\" data-rel='gallery-1' data-prev-img='https:\/\/plas.co\/wp-content\/uploads\/2023\/02\/China-automotive-mold-maker-495x400.jpg' class='lightbox' data-onclick='5' title='Chi\u0144ski producent form samochodowych'  itemprop=\"thumbnailUrl\"  ><img decoding=\"async\" fetchpriority=\"high\" class=\"wp-image-943 avia-img-lazy-loading-not-943\"   src=\"https:\/\/plas.co\/wp-content\/uploads\/2023\/02\/China-automotive-mold-maker-495x400.jpg\" width=\"495\" height=\"400\"  title='Chi\u0144ski producent form samochodowych' alt='Chi\u0144ski producent form samochodowych' \/><div class='big-prev-fake'><img decoding=\"async\" loading=\"lazy\" class=\"wp-image-943 avia-img-lazy-loading-943\"  width=\"495\" height=\"400\" src=\"https:\/\/plas.co\/wp-content\/uploads\/2023\/02\/China-automotive-mold-maker-495x400.jpg\" title='Chi\u0144ski producent form samochodowych' alt='Chi\u0144ski producent form samochodowych' \/><\/div><\/a><a href=\"https:\/\/plas.co\/wp-content\/uploads\/2023\/02\/china-automotive-mould.jpg\" data-srcset=\"https:\/\/plas.co\/wp-content\/uploads\/2023\/02\/china-automotive-mould.jpg 600w, https:\/\/plas.co\/wp-content\/uploads\/2023\/02\/china-automotive-mould-225x300.jpg 225w, https:\/\/plas.co\/wp-content\/uploads\/2023\/02\/china-automotive-mould-529x705.jpg 529w\" data-sizes=\"(max-width: 600px) 100vw, 600px\" data-rel='gallery-1' data-prev-img='https:\/\/plas.co\/wp-content\/uploads\/2023\/02\/china-automotive-mould-495x400.jpg' class='lightbox' data-onclick='6' title='chi\u0144ska forma motoryzacyjna'  itemprop=\"thumbnailUrl\"  ><img decoding=\"async\" fetchpriority=\"high\" class=\"wp-image-944 avia-img-lazy-loading-not-944\"   src=\"https:\/\/plas.co\/wp-content\/uploads\/2023\/02\/china-automotive-mould-495x400.jpg\" width=\"495\" height=\"400\"  title='chi\u0144ska forma motoryzacyjna' alt='chi\u0144ska forma motoryzacyjna' \/><div class='big-prev-fake'><img decoding=\"async\" loading=\"lazy\" class=\"wp-image-944 avia-img-lazy-loading-944\"  width=\"495\" height=\"400\" src=\"https:\/\/plas.co\/wp-content\/uploads\/2023\/02\/china-automotive-mould-495x400.jpg\" title='chi\u0144ska forma motoryzacyjna' alt='chi\u0144ska forma motoryzacyjna' \/><\/div><\/a><\/div><\/div><\/div>\n<section  class='av_textblock_section av-lel30rvk-cf1539555210428ee0eb928e39734301'   itemscope=\"itemscope\" itemtype=\"https:\/\/schema.org\/CreativeWork\" ><div class='avia_textblock'  itemprop=\"text\" ><div id=\"ez-toc-container\" class=\"ez-toc-v2_0_82_2 counter-hierarchy ez-toc-counter ez-toc-grey ez-toc-container-direction\">\n<div class=\"ez-toc-title-container\">\n<p class=\"ez-toc-title\" style=\"cursor:inherit\">Spis tre\u015bci<\/p>\n<span class=\"ez-toc-title-toggle\"><a href=\"#\" class=\"ez-toc-pull-right ez-toc-btn ez-toc-btn-xs ez-toc-btn-default ez-toc-toggle\" aria-label=\"Prze\u0142\u0105cznik Spisu Tre\u015bci\"><span class=\"ez-toc-js-icon-con\"><span class=\"\"><span class=\"eztoc-hide\" style=\"display:none;\">Toggle<\/span><span class=\"ez-toc-icon-toggle-span\"><svg style=\"fill: #999;color:#999\" xmlns=\"http:\/\/www.w3.org\/2000\/svg\" class=\"list-377408\" width=\"20px\" height=\"20px\" viewbox=\"0 0 24 24\" fill=\"none\"><path d=\"M6 6H4v2h2V6zm14 0H8v2h12V6zM4 11h2v2H4v-2zm16 0H8v2h12v-2zM4 16h2v2H4v-2zm16 0H8v2h12v-2z\" fill=\"currentColor\"><\/path><\/svg><svg style=\"fill: #999;color:#999\" class=\"arrow-unsorted-368013\" xmlns=\"http:\/\/www.w3.org\/2000\/svg\" width=\"10px\" height=\"10px\" viewbox=\"0 0 24 24\" version=\"1.2\" baseprofile=\"tiny\"><path d=\"M18.2 9.3l-6.2-6.3-6.2 6.3c-.2.2-.3.4-.3.7s.1.5.3.7c.2.2.4.3.7.3h11c.3 0 .5-.1.7-.3.2-.2.3-.5.3-.7s-.1-.5-.3-.7zM5.8 14.7l6.2 6.3 6.2-6.3c.2-.2.3-.5.3-.7s-.1-.5-.3-.7c-.2-.2-.4-.3-.7-.3h-11c-.3 0-.5.1-.7.3-.2.2-.3.5-.3.7s.1.5.3.7z\"\/><\/svg><\/span><\/span><\/span><\/a><\/span><\/div>\n<nav><ul class='ez-toc-list ez-toc-list-level-1' ><li class='ez-toc-page-1 ez-toc-heading-level-2'><a class=\"ez-toc-link ez-toc-heading-1\" href=\"https:\/\/plas.co\/pl\/produkty\/forma-samochodowa\/#What_is_Automotive_Mould\" >Co to jest forma samochodowa<\/a><ul class='ez-toc-list-level-3' ><li class='ez-toc-heading-level-3'><a class=\"ez-toc-link ez-toc-heading-2\" href=\"https:\/\/plas.co\/pl\/produkty\/forma-samochodowa\/#Type_of_Automotive_Mould\" >Typ formy samochodowej<\/a><\/li><li class='ez-toc-page-1 ez-toc-heading-level-3'><a class=\"ez-toc-link ez-toc-heading-3\" href=\"https:\/\/plas.co\/pl\/produkty\/forma-samochodowa\/#Applications_of_Automotive_Mould\" >Zastosowania form samochodowych<\/a><\/li><li class='ez-toc-page-1 ez-toc-heading-level-3'><a class=\"ez-toc-link ez-toc-heading-4\" href=\"https:\/\/plas.co\/pl\/produkty\/forma-samochodowa\/#Which_country_of_automotive_mould_suppliers_that_you_should_work_with\" >Z kt\u00f3rym krajem dostawc\u00f3w form samochodowych nale\u017cy wsp\u00f3\u0142pracowa\u0107?<\/a><\/li><\/ul><\/li><\/ul><\/nav><\/div>\n<h2><span class=\"ez-toc-section\" id=\"What_is_Automotive_Mould\"><\/span>Co to jest forma samochodowa<span class=\"ez-toc-section-end\"><\/span><\/h2>\n<p><a href=\"https:\/\/plas.co\/pl\/produkty\/forma-samochodowa\/\"><em><strong>Forma samochodowa<\/strong><\/em><\/a>, znany r\u00f3wnie\u017c jako forma samochodowa lub <a href=\"http:\/\/www.sheetmetalmasion.com\" target=\"_blank\" rel=\"noopener\">formy samochodowe<\/a>, to narz\u0119dzie wykorzystywane w procesie produkcji r\u00f3\u017cnych cz\u0119\u015bci i podzespo\u0142\u00f3w samochodowych. Jest to urz\u0105dzenie, kt\u00f3re s\u0142u\u017cy do kszta\u0142towania i formowania materia\u0142\u00f3w, takich jak tworzywa sztuczne, metale i kompozyty, w po\u017c\u0105dany kszta\u0142t produktu ko\u0144cowego,<\/p>\n<p>Formy samochodowe mog\u0105 przybiera\u0107 r\u00f3\u017cne formy, w zale\u017cno\u015bci od z\u0142o\u017cono\u015bci produkowanej cz\u0119\u015bci. Na przyk\u0142ad formy wtryskowe s\u0105 u\u017cywane do produkcji plastikowych cz\u0119\u015bci samochodowych o z\u0142o\u017conej geometrii, podczas gdy formy t\u0142oczne s\u0105 u\u017cywane do produkcji du\u017cych i grubych cz\u0119\u015bci, takich jak zderzaki i deski rozdzielcze, z materia\u0142\u00f3w kompozytowych.<\/p>\n<p>Zastosowanie form samochodowych w procesie produkcyjnym pozwala na wysoki stopie\u0144 precyzji i dok\u0142adno\u015bci, a tak\u017ce mo\u017cliwo\u015b\u0107 produkcji du\u017cych ilo\u015bci komponent\u00f3w o sta\u0142ej jako\u015bci. Zastosowanie form pomaga r\u00f3wnie\u017c zmniejszy\u0107 ilo\u015b\u0107 odpad\u00f3w i zwi\u0119kszy\u0107 wydajno\u015b\u0107 procesu produkcyjnego. To jest strona, o kt\u00f3rej w\u0142a\u015bnie m\u00f3wimy. <a href=\"http:\/\/plas.co\/pl\/motoryzacyjna-forma-wtryskowa\/\">motoryzacyjna forma wtryskowa<\/a>.<\/p>\n<h3><span class=\"ez-toc-section\" id=\"Type_of_Automotive_Mould\"><\/span>Typ formy samochodowej<span class=\"ez-toc-section-end\"><\/span><\/h3>\n<p>Formy samochodowe s\u0105 wykorzystywane w procesie produkcji r\u00f3\u017cnych cz\u0119\u015bci i komponent\u00f3w samochodowych. Istnieje wiele rodzaj\u00f3w form samochodowych, oto niekt\u00f3re z nich:<\/p>\n<ol>\n<li>Formy wtryskowe: Formy te s\u0105 wykorzystywane do produkcji plastikowych cz\u0119\u015bci do samochod\u00f3w. Formowanie wtryskowe jest popularn\u0105 metod\u0105 produkcji du\u017cych ilo\u015bci element\u00f3w z tworzyw sztucznych o z\u0142o\u017conej geometrii i jest to r\u00f3wnie\u017c nasza \u015brednia dzia\u0142alno\u015b\u0107, je\u015bli potrzebujesz motoryzacyjnej formy wtryskowej, skontaktuj si\u0119 z nami, aby uzyska\u0107 cen\u0119.<\/li>\n<li>Formy kompresyjne: Formy te s\u0105 wykorzystywane do produkcji du\u017cych i grubych cz\u0119\u015bci samochodowych, takich jak zderzaki i deski rozdzielcze, z materia\u0142\u00f3w kompozytowych.<\/li>\n<li>Formy rozdmuchowe: Formy te s\u0105 u\u017cywane do tworzenia pustych w \u015brodku element\u00f3w z tworzyw sztucznych, takich jak zbiorniki paliwa i kana\u0142y powietrzne.<\/li>\n<li>Formy do termoformowania: Formy te s\u0105 u\u017cywane do produkcji element\u00f3w z tworzyw sztucznych o niewielkiej g\u0142\u0119boko\u015bci, takich jak panele drzwi i zestawy wska\u017anik\u00f3w.<\/li>\n<li>Formy odlewnicze: Formy te s\u0105 wykorzystywane do produkcji element\u00f3w metalowych, takich jak bloki silnika i skrzynie bieg\u00f3w, przy u\u017cyciu procesu wtrysku pod wysokim ci\u015bnieniem.<\/li>\n<li>Formy gumowe: Formy te s\u0105 wykorzystywane do produkcji element\u00f3w gumowych, takich jak uszczelki i uszczelnienia, do zastosowa\u0144 motoryzacyjnych.<\/li>\n<li>Formy do wyt\u0142aczania: Formy te s\u0105 u\u017cywane do produkcji d\u0142ugich element\u00f3w z tworzyw sztucznych, takich jak uszczelki okienne i uszczelki pogodowe, poprzez wt\u0142aczanie materia\u0142u przez matryc\u0119.<\/li>\n<\/ol>\n<p>Ka\u017cdy rodzaj formy samochodowej ma swoje unikalne zalety i wady, a wyb\u00f3r formy zale\u017cy od konkretnych wymaga\u0144 produkowanej cz\u0119\u015bci.<\/p>\n<h3><span class=\"ez-toc-section\" id=\"Applications_of_Automotive_Mould\"><\/span>Zastosowania form samochodowych<span class=\"ez-toc-section-end\"><\/span><\/h3>\n<p><a href=\"https:\/\/www.plasticmold.net\/injection-molding-automotive\/\" target=\"_blank\" rel=\"noopener\">Formy samochodowe<\/a> maj\u0105 szeroki zakres zastosowa\u0144 w przemy\u015ble motoryzacyjnym. Oto niekt\u00f3re z zastosowa\u0144 form samochodowych:<\/p>\n<ol>\n<li>Elementy zewn\u0119trzne: Formy samochodowe s\u0105 wykorzystywane do produkcji r\u00f3\u017cnych element\u00f3w zewn\u0119trznych pojazd\u00f3w, takich jak zderzaki, kratki, b\u0142otniki, maski i drzwi.<\/li>\n<li>Elementy wewn\u0119trzne: Formy s\u0105 wykorzystywane do produkcji element\u00f3w wn\u0119trza pojazd\u00f3w, takich jak deska rozdzielcza, panele drzwiowe, siedzenia i kierownice.<\/li>\n<li>Komponenty o\u015bwietleniowe: Formy samochodowe s\u0105 wykorzystywane do produkcji r\u00f3\u017cnych element\u00f3w o\u015bwietlenia pojazd\u00f3w, takich jak reflektory, tylne \u015bwiat\u0142a i soczewki kierunkowskaz\u00f3w.<\/li>\n<li>Komponenty silnika: Formy s\u0105 wykorzystywane do produkcji r\u00f3\u017cnych element\u00f3w silnik\u00f3w pojazd\u00f3w, takich jak bloki silnika, g\u0142owice cylindr\u00f3w i kolektory dolotowe.<\/li>\n<li>Komponenty skrzyni bieg\u00f3w: Formy s\u0105 wykorzystywane do produkcji r\u00f3\u017cnych element\u00f3w przek\u0142adni pojazd\u00f3w, takich jak skrzynie bieg\u00f3w i ko\u0142a z\u0119bate.<\/li>\n<li>Elementy zawieszenia: Formy samochodowe s\u0105 wykorzystywane do produkcji r\u00f3\u017cnych element\u00f3w zawieszenia pojazd\u00f3w, takich jak wahacze i przeguby kulowe.<\/li>\n<li>Komponenty elektryczne: Formy s\u0105 wykorzystywane do produkcji r\u00f3\u017cnych komponent\u00f3w elektrycznych pojazd\u00f3w, takich jak wi\u0105zki przewod\u00f3w i z\u0142\u0105cza.<\/li>\n<\/ol>\n<p>Podsumowuj\u0105c, formy samochodowe s\u0105 wykorzystywane w procesie produkcji niemal ka\u017cdego elementu pojazdu, od nadwozia i wn\u0119trza po silnik i uk\u0142ad elektryczny.<\/p>\n<h3><span class=\"ez-toc-section\" id=\"Which_country_of_automotive_mould_suppliers_that_you_should_work_with\"><\/span>Z kt\u00f3rym krajem dostawc\u00f3w form samochodowych nale\u017cy wsp\u00f3\u0142pracowa\u0107?<span class=\"ez-toc-section-end\"><\/span><\/h3>\n<p>Istnieje wiele kraj\u00f3w, kt\u00f3re maj\u0105 siln\u0105 pozycj\u0119 w bran\u017cy motoryzacyjnej i rozwin\u0119\u0142y do\u015bwiadczenie w produkcji form. Niekt\u00f3re z najlepszych kraj\u00f3w dla <em><strong>dostawcy form samochodowych<\/strong><\/em> Chiny, Niemcy, Japonia, Stany Zjednoczone i Korea Po\u0142udniowa. Jednak ka\u017cdy z tych kraj\u00f3w mo\u017ce mie\u0107 r\u00f3\u017cne mocne i s\u0142abe strony, dlatego wa\u017cne jest, aby wzi\u0105\u0107 pod uwag\u0119 takie czynniki, jak j\u0119zyk, kultura, logistyka i prawa w\u0142asno\u015bci intelektualnej.<\/p>\n<p>Wybieraj\u0105c dostawc\u0119, wa\u017cne jest, aby przeprowadzi\u0107 dok\u0142adne badania, sprawdzi\u0107 jego referencje i przejrze\u0107 jego procesy produkcyjne. Warto r\u00f3wnie\u017c poprosi\u0107 o pr\u00f3bki i spotka\u0107 si\u0119 z dostawc\u0105 osobi\u015bcie, je\u015bli to mo\u017cliwe, aby upewni\u0107 si\u0119, \u017ce mo\u017ce on spe\u0142ni\u0107 okre\u015blone potrzeby i wymagania. Ostatecznie wyb\u00f3r kraju, z kt\u00f3rym b\u0119dziesz wsp\u00f3\u0142pracowa\u0107, b\u0119dzie zale\u017ce\u0107 od Twoich indywidualnych potrzeb i preferencji.<\/p>\n<div id=\"attachment_937\" style=\"width: 810px\" class=\"wp-caption aligncenter\"><a href=\"http:\/\/plas.co\/wp-content\/uploads\/2023\/02\/automotive-molds-1.jpg\"><img decoding=\"async\" aria-describedby=\"caption-attachment-937\" class=\"wp-image-937 size-full\" src=\"http:\/\/plas.co\/wp-content\/uploads\/2023\/02\/automotive-molds-1.jpg\" alt=\"Forma samochodowa\" width=\"800\" height=\"600\" srcset=\"https:\/\/plas.co\/wp-content\/uploads\/2023\/02\/automotive-molds-1.jpg 800w, https:\/\/plas.co\/wp-content\/uploads\/2023\/02\/automotive-molds-1-300x225.jpg 300w, https:\/\/plas.co\/wp-content\/uploads\/2023\/02\/automotive-molds-1-768x576.jpg 768w, https:\/\/plas.co\/wp-content\/uploads\/2023\/02\/automotive-molds-1-705x529.jpg 705w\" sizes=\"(max-width: 800px) 100vw, 800px\" \/><\/a><p id=\"caption-attachment-937\" class=\"wp-caption-text\">Forma samochodowa<\/p><\/div>\n<p>Zgodnie z danymi pokazuj\u0105cymi, \u017ce wi\u0119kszo\u015b\u0107 producent\u00f3w samochod\u00f3w kupuje formy samochodowe od chi\u0144skich dostawc\u00f3w form, mo\u017cesz mie\u0107 pytanie, dlaczego tak wiele firm samochodowych kupuje formy samochodowe z Chin? Poni\u017cej znajduje si\u0119 odpowied\u017a na to pytanie:<\/p>\n<ol>\n<li>Op\u0142acalno\u015b\u0107: Jednym z g\u0142\u00f3wnych powod\u00f3w wsp\u00f3\u0142pracy z chi\u0144skimi dostawcami form samochodowych jest op\u0142acalno\u015b\u0107. Chiny maj\u0105 du\u017cy i wysoce konkurencyjny przemys\u0142 produkcji form, z ni\u017cszymi kosztami pracy, ni\u017cszymi kosztami materia\u0142\u00f3w i bardziej przyst\u0119pnymi kosztami og\u00f3lnymi ni\u017c wiele innych kraj\u00f3w. Mo\u017ce to skutkowa\u0107 ni\u017cszymi cenami wysokiej jako\u015bci form, kt\u00f3re spe\u0142niaj\u0105 mi\u0119dzynarodowe standardy.<\/li>\n<li>Zdolno\u015bci produkcyjne: Chiny maj\u0105 du\u017cy i dobrze rozwini\u0119ty przemys\u0142 produkcyjny, z zaawansowan\u0105 technologi\u0105 i sprz\u0119tem oraz silnym naciskiem na kontrol\u0119 jako\u015bci. Chi\u0144scy dostawcy form motoryzacyjnych maj\u0105 do\u015bwiadczenie w produkcji form do szerokiego zakresu zastosowa\u0144, w tym z\u0142o\u017conych geometrii, form wielokomorowych i produkcji na du\u017c\u0105 skal\u0119.<\/li>\n<li>Szeroka gama materia\u0142\u00f3w: Chi\u0144scy dostawcy form samochodowych maj\u0105 dost\u0119p do szerokiej gamy materia\u0142\u00f3w, w tym tworzyw sztucznych, metali i kompozyt\u00f3w. Pozwala im to wybra\u0107 najbardziej odpowiedni materia\u0142 do ka\u017cdego zastosowania, bior\u0105c pod uwag\u0119 takie czynniki jak trwa\u0142o\u015b\u0107, waga i koszt.<\/li>\n<li>Skalowalno\u015b\u0107: Chi\u0144scy dostawcy form samochodowych s\u0105 w stanie produkowa\u0107 formy w du\u017cych ilo\u015bciach, co mo\u017ce by\u0107 wa\u017cne dla producent\u00f3w motoryzacyjnych o wysokich wymaganiach produkcyjnych. Chi\u0144scy dostawcy mog\u0105 r\u00f3wnie\u017c zapewni\u0107 szybki czas realizacji pilnych zam\u00f3wie\u0144.<\/li>\n<li>Wiedza techniczna: Chiny maj\u0105 du\u017c\u0105 pul\u0119 wykwalifikowanych in\u017cynier\u00f3w i technik\u00f3w z do\u015bwiadczeniem w projektowaniu i produkcji form. Wielu chi\u0144skich dostawc\u00f3w form ma du\u017ce mo\u017cliwo\u015bci badawczo-rozwojowe i mo\u017ce zaoferowa\u0107 niestandardowe rozwi\u0105zania spe\u0142niaj\u0105ce okre\u015blone wymagania klient\u00f3w.<\/li>\n<\/ol>\n<p>Jednak rozwa\u017caj\u0105c wsp\u00f3\u0142prac\u0119 z <em><strong>Chi\u0144scy dostawcy form samochodowych<\/strong><\/em>Wa\u017cne jest, aby przeprowadzi\u0107 dok\u0142adne badania, sprawdzi\u0107 ich referencje i przejrze\u0107 ich procesy produkcyjne, aby upewni\u0107 si\u0119, \u017ce spe\u0142niaj\u0105 one oczekiwania dotycz\u0105ce jako\u015bci i dostawy.<\/p>\n<p>Nale\u017cy r\u00f3wnie\u017c wzi\u0105\u0107 pod uwag\u0119 j\u0119zyk, kultur\u0119, logistyk\u0119 i prawa w\u0142asno\u015bci intelektualnej. Wa\u017cne jest, aby wybra\u0107 <a href=\"http:\/\/plas.co\/pl\/\">dostawcy form<\/a> kt\u00f3ry jest w stanie spe\u0142ni\u0107 okre\u015blone potrzeby i wymagania, i kt\u00f3ry ma udokumentowane do\u015bwiadczenie w dostarczaniu wysokiej jako\u015bci produkt\u00f3w na czas i w ramach bud\u017cetu.<\/p>\n<\/div><\/section>","protected":false},"excerpt":{"rendered":"","protected":false},"author":1,"featured_media":931,"parent":17,"menu_order":0,"comment_status":"open","ping_status":"open","template":"","meta":{"footnotes":""},"class_list":["post-100","page","type-page","status-publish","has-post-thumbnail","hentry"],"_links":{"self":[{"href":"https:\/\/plas.co\/pl\/wp-json\/wp\/v2\/pages\/100","targetHints":{"allow":["GET"]}}],"collection":[{"href":"https:\/\/plas.co\/pl\/wp-json\/wp\/v2\/pages"}],"about":[{"href":"https:\/\/plas.co\/pl\/wp-json\/wp\/v2\/types\/page"}],"author":[{"embeddable":true,"href":"https:\/\/plas.co\/pl\/wp-json\/wp\/v2\/users\/1"}],"replies":[{"embeddable":true,"href":"https:\/\/plas.co\/pl\/wp-json\/wp\/v2\/comments?post=100"}],"version-history":[{"count":1,"href":"https:\/\/plas.co\/pl\/wp-json\/wp\/v2\/pages\/100\/revisions"}],"predecessor-version":[{"id":2818,"href":"https:\/\/plas.co\/pl\/wp-json\/wp\/v2\/pages\/100\/revisions\/2818"}],"up":[{"embeddable":true,"href":"https:\/\/plas.co\/pl\/wp-json\/wp\/v2\/pages\/17"}],"wp:featuredmedia":[{"embeddable":true,"href":"https:\/\/plas.co\/pl\/wp-json\/wp\/v2\/media\/931"}],"wp:attachment":[{"href":"https:\/\/plas.co\/pl\/wp-json\/wp\/v2\/media?parent=100"}],"curies":[{"name":"wp","href":"https:\/\/api.w.org\/{rel}","templated":true}]}}