{"id":103,"date":"2014-09-20T16:59:07","date_gmt":"2014-09-20T08:59:07","guid":{"rendered":"http:\/\/andy-mold.com\/?page_id=103"},"modified":"2023-02-24T22:57:10","modified_gmt":"2023-02-24T14:57:10","slug":"formowanie-wtryskowe-opakowan","status":"publish","type":"page","link":"https:\/\/plas.co\/pl\/formowanie-wtryskowe-opakowan\/","title":{"rendered":"Opakowania formowane wtryskowo"},"content":{"rendered":"<div  class='flex_column av-av_one_full-7714eba142aeda1f8b5272a3c372b279 av_one_full  avia-builder-el-0  avia-builder-el-no-sibling  first flex_column_div'     ><section  class='av_textblock_section av-leinkoqn-2ce71e3bca6dba456b9c8fbc10182ea3'   itemscope=\"itemscope\" itemtype=\"https:\/\/schema.org\/CreativeWork\" ><div class='avia_textblock'  itemprop=\"text\" ><div id=\"ez-toc-container\" class=\"ez-toc-v2_0_82_2 counter-hierarchy ez-toc-counter ez-toc-grey ez-toc-container-direction\">\n<div class=\"ez-toc-title-container\">\n<p class=\"ez-toc-title\" style=\"cursor:inherit\">Spis tre\u015bci<\/p>\n<span class=\"ez-toc-title-toggle\"><a href=\"#\" class=\"ez-toc-pull-right ez-toc-btn ez-toc-btn-xs ez-toc-btn-default ez-toc-toggle\" aria-label=\"Prze\u0142\u0105cznik Spisu Tre\u015bci\"><span class=\"ez-toc-js-icon-con\"><span class=\"\"><span class=\"eztoc-hide\" style=\"display:none;\">Toggle<\/span><span class=\"ez-toc-icon-toggle-span\"><svg style=\"fill: #999;color:#999\" xmlns=\"http:\/\/www.w3.org\/2000\/svg\" class=\"list-377408\" width=\"20px\" height=\"20px\" viewbox=\"0 0 24 24\" fill=\"none\"><path d=\"M6 6H4v2h2V6zm14 0H8v2h12V6zM4 11h2v2H4v-2zm16 0H8v2h12v-2zM4 16h2v2H4v-2zm16 0H8v2h12v-2z\" fill=\"currentColor\"><\/path><\/svg><svg style=\"fill: #999;color:#999\" class=\"arrow-unsorted-368013\" xmlns=\"http:\/\/www.w3.org\/2000\/svg\" width=\"10px\" height=\"10px\" viewbox=\"0 0 24 24\" version=\"1.2\" baseprofile=\"tiny\"><path d=\"M18.2 9.3l-6.2-6.3-6.2 6.3c-.2.2-.3.4-.3.7s.1.5.3.7c.2.2.4.3.7.3h11c.3 0 .5-.1.7-.3.2-.2.3-.5.3-.7s-.1-.5-.3-.7zM5.8 14.7l6.2 6.3 6.2-6.3c.2-.2.3-.5.3-.7s-.1-.5-.3-.7c-.2-.2-.4-.3-.7-.3h-11c-.3 0-.5.1-.7.3-.2.2-.3.5-.3.7s.1.5.3.7z\"\/><\/svg><\/span><\/span><\/span><\/a><\/span><\/div>\n<nav><ul class='ez-toc-list ez-toc-list-level-1' ><li class='ez-toc-page-1 ez-toc-heading-level-2'><a class=\"ez-toc-link ez-toc-heading-1\" href=\"https:\/\/plas.co\/pl\/formowanie-wtryskowe-opakowan\/#What_is_injection_mold_packaging\" >Co to jest opakowanie w formie wtryskowej<\/a><ul class='ez-toc-list-level-3' ><li class='ez-toc-heading-level-3'><a class=\"ez-toc-link ez-toc-heading-2\" href=\"https:\/\/plas.co\/pl\/formowanie-wtryskowe-opakowan\/#Section_1_The_Benefits_of_Injection_Molding_for_Packaging\" >Sekcja 1: Zalety formowania wtryskowego opakowa\u0144<\/a><\/li><li class='ez-toc-page-1 ez-toc-heading-level-3'><a class=\"ez-toc-link ez-toc-heading-3\" href=\"https:\/\/plas.co\/pl\/formowanie-wtryskowe-opakowan\/#Section_2_The_Different_Types_of_Materials_Used_in_Injection_Molding_for_Packaging\" >Sekcja 2: R\u00f3\u017cne rodzaje materia\u0142\u00f3w stosowanych w formowaniu wtryskowym opakowa\u0144<\/a><\/li><li class='ez-toc-page-1 ez-toc-heading-level-3'><a class=\"ez-toc-link ez-toc-heading-4\" href=\"https:\/\/plas.co\/pl\/formowanie-wtryskowe-opakowan\/#Section_3_The_Process_of_Injection_Molding\" >Sekcja 3: Proces formowania wtryskowego<\/a><\/li><li class='ez-toc-page-1 ez-toc-heading-level-3'><a class=\"ez-toc-link ez-toc-heading-5\" href=\"https:\/\/plas.co\/pl\/formowanie-wtryskowe-opakowan\/#Section_4_The_Various_Applications_of_Injection_Molding_in_Packaging\" >Sekcja 4: R\u00f3\u017cne zastosowania formowania wtryskowego w opakowaniach<\/a><\/li><li class='ez-toc-page-1 ez-toc-heading-level-3'><a class=\"ez-toc-link ez-toc-heading-6\" href=\"https:\/\/plas.co\/pl\/formowanie-wtryskowe-opakowan\/#Injection_mold_resin_for_cosmetic_packaging\" >\u017bywica do form wtryskowych do opakowa\u0144 kosmetycznych<\/a><\/li><li class='ez-toc-page-1 ez-toc-heading-level-3'><a class=\"ez-toc-link ez-toc-heading-7\" href=\"https:\/\/plas.co\/pl\/formowanie-wtryskowe-opakowan\/#Injection_molds_for_packaging\" >Formy wtryskowe do opakowa\u0144<\/a><ul class='ez-toc-list-level-4' ><li class='ez-toc-heading-level-4'><a class=\"ez-toc-link ez-toc-heading-8\" href=\"https:\/\/plas.co\/pl\/formowanie-wtryskowe-opakowan\/#Conclusion\" >Wnioski:<\/a><\/li><\/ul><\/li><\/ul><\/li><\/ul><\/nav><\/div>\n<h2><span class=\"ez-toc-section\" id=\"What_is_injection_mold_packaging\"><\/span>Co to jest opakowanie w formie wtryskowej<span class=\"ez-toc-section-end\"><\/span><\/h2>\n<p><strong><em>Opakowania formowane wtryskowo<\/em><\/strong> to proces produkcyjny wykorzystywany do wytwarzania szerokiej gamy opakowa\u0144 z tworzyw sztucznych, takich jak butelki, s\u0142oiki, pojemniki i nakr\u0119tki. Proces ten polega na wtryskiwaniu stopionego tworzywa sztucznego do wn\u0119ki formy, kt\u00f3ra jest zaprojektowana tak, aby stworzy\u0107 po\u017c\u0105dany kszta\u0142t produktu opakowaniowego.<\/p>\n<p>Tworzywa sztuczne u\u017cywane do formowania wtryskowego mog\u0105 si\u0119 r\u00f3\u017cni\u0107 w zale\u017cno\u015bci od konkretnego zastosowania i wymaga\u0144 produktu opakowaniowego. Niekt\u00f3re z powszechnie stosowanych tworzyw sztucznych do <em>Plastikowe opakowania formowane wtryskowo<\/em> Nale\u017c\u0105 do nich polietylen (PE), polipropylen (PP), politereftalan etylenu (PET), polistyren (PS) i akrylonitryl-butadien-styren (ABS).<\/p>\n<p>Proces formowania wtryskowego opakowa\u0144 z tworzyw sztucznych obejmuje kilka etap\u00f3w, w tym:<\/p>\n<ol>\n<li>Projektowanie formy - forma jest zaprojektowana tak, aby stworzy\u0107 po\u017c\u0105dany kszta\u0142t i cechy produktu opakowaniowego. Forma mo\u017ce by\u0107 wykonana ze stali lub aluminium i sk\u0142ada si\u0119 z dw\u00f3ch po\u0142\u00f3wek, kt\u00f3re s\u0105 ze sob\u0105 skr\u0119cone.<\/li>\n<li>Przygotowanie tworzywa sztucznego - tworzywo sztuczne jest topione i przygotowywane do formowania wtryskowego. Plastikowe granulki s\u0105 podawane do wtryskarki, gdzie s\u0105 topione i mieszane z dodatkami, takimi jak barwniki i stabilizatory.<\/li>\n<li>Formowanie wtryskowe - stopione tworzywo sztuczne jest wtryskiwane do gniazda formy pod wysokim ci\u015bnieniem. Tworzywo sztuczne wype\u0142nia wn\u0119k\u0119 i przyjmuje kszta\u0142t formy.<\/li>\n<li>Ch\u0142odzenie i krzepni\u0119cie - tworzywo sztuczne jest sch\u0142adzane i krzepnie wewn\u0105trz formy. Po ca\u0142kowitym zestaleniu tworzywa sztucznego, dwie po\u0142\u00f3wki formy s\u0105 rozdzielane, a gotowy produkt jest wyrzucany.<\/li>\n<\/ol>\n<p><em>Plastikowe opakowania formowane wtryskowo<\/em> to szeroko stosowany proces produkcji opakowa\u0144 z tworzyw sztucznych.<\/p>\n<div id=\"attachment_395\" style=\"width: 692px\" class=\"wp-caption aligncenter\"><a href=\"http:\/\/plas.co\/wp-content\/uploads\/2016\/02\/Product-01.jpg\"><img decoding=\"async\" aria-describedby=\"caption-attachment-395\" class=\"wp-image-395 size-full\" src=\"http:\/\/plas.co\/wp-content\/uploads\/2016\/02\/Product-01.jpg\" alt=\"formowanie wtryskowe opakowa\u0144\" width=\"682\" height=\"488\" srcset=\"https:\/\/plas.co\/wp-content\/uploads\/2016\/02\/Product-01.jpg 682w, https:\/\/plas.co\/wp-content\/uploads\/2016\/02\/Product-01-300x215.jpg 300w\" sizes=\"(max-width: 682px) 100vw, 682px\" \/><\/a><p id=\"caption-attachment-395\" class=\"wp-caption-text\">formowanie wtryskowe opakowa\u0144<\/p><\/div>\n<p>Opakowanie jest kluczowym aspektem ka\u017cdego produktu. S\u0142u\u017cy jako pierwsze wra\u017cenie i mo\u017ce wp\u0142ywa\u0107 na decyzje konsument\u00f3w. Wraz z rosn\u0105cym zapotrzebowaniem na zr\u00f3wnowa\u017cone i przyjazne dla \u015brodowiska rozwi\u0105zania opakowaniowe, potrzeba wydajnych proces\u00f3w produkcyjnych sta\u0142a si\u0119 bardziej krytyczna ni\u017c kiedykolwiek wcze\u015bniej. Formowanie wtryskowe jest jednym z takich proces\u00f3w, kt\u00f3ry zrewolucjonizowa\u0142 bran\u017c\u0119 opakowa\u0144. W tym kompleksowym przewodniku zbadamy korzy\u015bci p\u0142yn\u0105ce z formowania wtryskowego opakowa\u0144, r\u00f3\u017cne rodzaje stosowanych materia\u0142\u00f3w, proces formowania wtryskowego oraz r\u00f3\u017cne zastosowania tej technologii w opakowaniach.<\/p>\n<h3><span class=\"ez-toc-section\" id=\"Section_1_The_Benefits_of_Injection_Molding_for_Packaging\"><\/span>Sekcja 1: Zalety formowania wtryskowego opakowa\u0144<span class=\"ez-toc-section-end\"><\/span><\/h3>\n<p>Formowanie wtryskowe to proces produkcyjny polegaj\u0105cy na wtryskiwaniu stopionego plastiku do formy w celu stworzenia produktu. Proces ten oferuje kilka korzy\u015bci dla opakowa\u0144, w tym:<\/p>\n<p>1.1. Op\u0142acalno\u015b\u0107: Formowanie wtryskowe pozwala na produkcj\u0119 wielkoseryjn\u0105, dzi\u0119ki czemu jest op\u0142acalnym rozwi\u0105zaniem do produkcji materia\u0142\u00f3w opakowaniowych na du\u017c\u0105 skal\u0119.<\/p>\n<p>1.2. Elastyczno\u015b\u0107 projektowania: Formowanie wtryskowe oferuje projektantom swobod\u0119 tworzenia z\u0142o\u017conych kszta\u0142t\u00f3w i skomplikowanych projekt\u00f3w, kt\u00f3re by\u0142yby trudne do osi\u0105gni\u0119cia w innych procesach produkcyjnych.<\/p>\n<p>1.3. Wszechstronno\u015b\u0107 materia\u0142\u00f3w: Formowanie wtryskowe mo\u017ce by\u0107 stosowane z szerok\u0105 gam\u0105 materia\u0142\u00f3w, w tym tworzyw termoplastycznych, termoutwardzalnych i elastomer\u00f3w.<\/p>\n<h3><span class=\"ez-toc-section\" id=\"Section_2_The_Different_Types_of_Materials_Used_in_Injection_Molding_for_Packaging\"><\/span>Sekcja 2: R\u00f3\u017cne rodzaje materia\u0142\u00f3w stosowanych w formowaniu wtryskowym opakowa\u0144<span class=\"ez-toc-section-end\"><\/span><\/h3>\n<p>2.1. Tworzywa termoplastyczne: Tworzywa termoplastyczne s\u0105 najcz\u0119\u015bciej stosowanymi materia\u0142ami w formowaniu wtryskowym opakowa\u0144. S\u0105 trwa\u0142e, lekkie i mo\u017cna je \u0142atwo formowa\u0107 w r\u00f3\u017cne kszta\u0142ty i rozmiary.<\/p>\n<p>2.2. Tworzywa termoutwardzalne: Tworzywa termoutwardzalne s\u0105 idealne do pakowania produkt\u00f3w wymagaj\u0105cych odporno\u015bci na ciep\u0142o i wysokiej trwa\u0142o\u015bci.<\/p>\n<p>2.3. Elastomery: Elastomery s\u0105 stosowane do pakowania produkt\u00f3w wymagaj\u0105cych elastyczno\u015bci i mi\u0119kko\u015bci.<\/p>\n<h3><span class=\"ez-toc-section\" id=\"Section_3_The_Process_of_Injection_Molding\"><\/span>Sekcja 3: Proces formowania wtryskowego<span class=\"ez-toc-section-end\"><\/span><\/h3>\n<p>3.1. Projektowanie formy: Pierwszym krokiem w procesie formowania wtryskowego jest projektowanie formy. Forma jest projektowana zgodnie z dok\u0142adnymi specyfikacjami produktu.<\/p>\n<p>3.2. Przygotowanie materia\u0142u: Wybrany materia\u0142 jest nast\u0119pnie topiony i przygotowywany do wtrysku.<\/p>\n<p>3.3. Wtrysk: Stopiony materia\u0142 jest wtryskiwany do formy pod wysokim ci\u015bnieniem, wype\u0142niaj\u0105c wn\u0119k\u0119 formy.<\/p>\n<p>3.4. Ch\u0142odzenie: Forma jest ch\u0142odzona w celu zestalenia tworzywa sztucznego, a produkt jest wyrzucany.<\/p>\n<h3><span class=\"ez-toc-section\" id=\"Section_4_The_Various_Applications_of_Injection_Molding_in_Packaging\"><\/span>Sekcja 4: R\u00f3\u017cne zastosowania formowania wtryskowego w opakowaniach<span class=\"ez-toc-section-end\"><\/span><\/h3>\n<p>4.1. Opakowania do \u017cywno\u015bci: Formowanie wtryskowe jest szeroko stosowane do pakowania \u017cywno\u015bci, w tym pojemnik\u00f3w, tacek i sztu\u0107c\u00f3w.<\/p>\n<p>4.2. Opakowania na napoje: Formowanie wtryskowe jest r\u00f3wnie\u017c stosowane do pakowania napoj\u00f3w, w tym butelek i nakr\u0119tek.<\/p>\n<p>4.3. Opakowania kosmetyczne: Formowanie wtryskowe jest wykorzystywane do produkcji opakowa\u0144 kosmetycznych, w tym s\u0142oik\u00f3w, pojemnik\u00f3w i zamkni\u0119\u0107.<\/p>\n<p>4.4. Opakowania medyczne: <em>Formowanie wtryskowe<\/em> jest stosowany do opakowa\u0144 medycznych, w tym strzykawek, fiolek i pojemnik\u00f3w.<\/p>\n<p>Sekcja 5: Wp\u0142yw formowania wtryskowego na zr\u00f3wnowa\u017cone opakowania<\/p>\n<p>5.1. Materia\u0142y biodegradowalne: Formowanie wtryskowe umo\u017cliwi\u0142o produkcj\u0119 biodegradowalnych materia\u0142\u00f3w opakowaniowych, kt\u00f3re s\u0105 przyjazne dla \u015brodowiska i zr\u00f3wnowa\u017cone.<\/p>\n<p>5.2. Materia\u0142y nadaj\u0105ce si\u0119 do recyklingu: Formowanie wtryskowe umo\u017cliwi\u0142o r\u00f3wnie\u017c produkcj\u0119 materia\u0142\u00f3w opakowaniowych, kt\u00f3re mo\u017cna \u0142atwo podda\u0107 recyklingowi, zmniejszaj\u0105c ilo\u015b\u0107 wytwarzanych odpad\u00f3w.<\/p>\n<h3><span class=\"ez-toc-section\" id=\"Injection_mold_resin_for_cosmetic_packaging\"><\/span>\u017bywica do form wtryskowych do opakowa\u0144 kosmetycznych<span class=\"ez-toc-section-end\"><\/span><\/h3>\n<p>\u017bywica do form wtryskowych jest kluczowym elementem w produkcji opakowa\u0144 kosmetycznych. Istnieje kilka czynnik\u00f3w, kt\u00f3re nale\u017cy wzi\u0105\u0107 pod uwag\u0119 przy wyborze odpowiedniej \u017cywicy do opakowa\u0144 kosmetycznych, w tym kompatybilno\u015b\u0107 produktu z \u017cywic\u0105, po\u017c\u0105dane w\u0142a\u015bciwo\u015bci fizyczne opakowania i proces produkcyjny.<\/p>\n<p>Jedn\u0105 z najcz\u0119\u015bciej stosowanych \u017cywic do produkcji opakowa\u0144 kosmetycznych jest polipropylen (PP). PP to wszechstronna \u017cywica, kt\u00f3ra jest \u0142atwa do formowania, lekka i oferuje doskona\u0142\u0105 odporno\u015b\u0107 chemiczn\u0105. Idealnie nadaje si\u0119 do pakowania produkt\u00f3w wymagaj\u0105cych wysokiego poziomu odporno\u015bci na wilgo\u0107, takich jak kremy, balsamy i serum.<\/p>\n<p>Inn\u0105 popularn\u0105 \u017cywic\u0105 do opakowa\u0144 kosmetycznych jest politereftalan etylenu (PET). PET to mocna i lekka \u017cywica, kt\u00f3ra idealnie nadaje si\u0119 do produkcji przezroczystych opakowa\u0144, takich jak butelki i s\u0142oiki. Oferuje doskona\u0142\u0105 odporno\u015b\u0107 na wilgo\u0107, chemikalia i promieniowanie UV, dzi\u0119ki czemu jest popularnym wyborem do opakowa\u0144 kosmetycznych.<\/p>\n<p>Akrylonitrylo-butadieno-styren (ABS) to kolejna \u017cywica powszechnie stosowana w opakowaniach kosmetycznych. ABS to mocna, trwa\u0142a \u017cywica, kt\u00f3ra idealnie nadaje si\u0119 do pakowania produkt\u00f3w wymagaj\u0105cych wysokiego poziomu odporno\u015bci na uderzenia, takich jak kompakty i etui na szminki.<\/p>\n<p>Poliw\u0119glan (PC) to przezroczysta, mocna i lekka \u017cywica, kt\u00f3ra idealnie nadaje si\u0119 do pakowania produkt\u00f3w wymagaj\u0105cych wysokiej przejrzysto\u015bci i odporno\u015bci na uderzenia, takich jak palety cieni do powiek i tubki szminek. Jest to r\u00f3wnie\u017c doskona\u0142y wyb\u00f3r dla produkt\u00f3w wymagaj\u0105cych wysokiego poziomu odporno\u015bci na ciep\u0142o.<\/p>\n<p>Wybieraj\u0105c \u017cywic\u0119 do opakowa\u0144 kosmetycznych, nale\u017cy wzi\u0105\u0107 pod uwag\u0119 proces produkcji. Formowanie wtryskowe jest najcz\u0119stszym procesem produkcji opakowa\u0144 kosmetycznych, ale nie wszystkie \u017cywice nadaj\u0105 si\u0119 do tego procesu. \u017bywice, kt\u00f3re s\u0105 zbyt kruche lub zbyt lepkie mog\u0105 nie nadawa\u0107 si\u0119 do formowania wtryskowego. Wa\u017cne jest, aby wybra\u0107 \u017cywic\u0119, kt\u00f3ra mo\u017ce by\u0107 \u0142atwo formowana za pomoc\u0105 formowania wtryskowego, aby zapewni\u0107 sp\u00f3jny i wysokiej jako\u015bci produkt ko\u0144cowy.<\/p>\n<h3><span class=\"ez-toc-section\" id=\"Injection_molds_for_packaging\"><\/span>Formy wtryskowe do opakowa\u0144<span class=\"ez-toc-section-end\"><\/span><\/h3>\n<p><em><strong>Formowanie wtryskowe<\/strong><\/em> jest szeroko stosowanym procesem produkcyjnym do wytwarzania wysokiej jako\u015bci i op\u0142acalnych produkt\u00f3w opakowaniowych. Formy wtryskowe do opakowa\u0144 s\u0105 przeznaczone do tworzenia szerokiej gamy kszta\u0142t\u00f3w i rozmiar\u00f3w opakowa\u0144, w tym butelek, s\u0142oik\u00f3w, nakr\u0119tek, zamkni\u0119\u0107 i pojemnik\u00f3w.<\/p>\n<p>Proces formowania wtryskowego obejmuje u\u017cycie formy, kt\u00f3ra jest narz\u0119dziem zaprojektowanym do wytwarzania po\u017c\u0105danego kszta\u0142tu produktu opakowaniowego. Forma jest zwykle wykonana ze stali lub aluminium i sk\u0142ada si\u0119 z dw\u00f3ch po\u0142\u00f3wek, kt\u00f3re s\u0105 ze sob\u0105 po\u0142\u0105czone \u015brubami. Stopione tworzywo sztuczne jest wtryskiwane do wn\u0119ki formy, a gdy ostygnie i zestali si\u0119, dwie po\u0142\u00f3wki formy s\u0105 oddzielane w celu uwolnienia gotowego produktu.<\/p>\n<p>Jedn\u0105 z istotnych zalet <em>formowanie wtryskowe<\/em> jest zdolno\u015b\u0107 do wytwarzania z\u0142o\u017conych i skomplikowanych kszta\u0142t\u00f3w z wysok\u0105 precyzj\u0105 i sp\u00f3jno\u015bci\u0105. Formy wtryskowe do opakowa\u0144 mog\u0105 by\u0107 zaprojektowane do tworzenia produkt\u00f3w o r\u00f3\u017cnych cechach, takich jak nici, wyt\u0142aczanie, grawerowanie i tekstura. Ta wszechstronno\u015b\u0107 sprawia, \u017ce formowanie wtryskowe jest idealnym procesem do produkcji opakowa\u0144 o unikalnych i przyci\u0105gaj\u0105cych wzrok wzorach.<\/p>\n<p>Kolejn\u0105 zalet\u0105 formowania wtryskowego opakowa\u0144 jest jego zdolno\u015b\u0107 do szybkiego wytwarzania du\u017cych ilo\u015bci produkt\u00f3w. <a href=\"https:\/\/en.wikipedia.org\/wiki\/Injection_moulding\" target=\"_blank\" rel=\"noopener\">Formowanie wtryskowe<\/a> Maszyny mog\u0105 wytwarza\u0107 tysi\u0105ce produkt\u00f3w w jednym cyklu, dzi\u0119ki czemu jest to bardzo wydajny i op\u0142acalny proces produkcyjny.<\/p>\n<p>Przy wyborze <em>opakowania do form wtryskowych<\/em>Nale\u017cy wzi\u0105\u0107 pod uwag\u0119 kilka czynnik\u00f3w, w tym rodzaj tworzywa sztucznego, po\u017c\u0105dany kszta\u0142t i rozmiar produktu oraz proces produkcyjny. Na przyk\u0142ad niekt\u00f3re tworzywa sztuczne wymagaj\u0105 wysokoci\u015bnieniowych wtryskarek, aby osi\u0105gn\u0105\u0107 po\u017c\u0105dane w\u0142a\u015bciwo\u015bci fizyczne, podczas gdy inne mog\u0105 wymaga\u0107 maszyny o ni\u017cszym ci\u015bnieniu.<\/p>\n<p>Ponadto konstrukcja formy mo\u017ce r\u00f3wnie\u017c wp\u0142ywa\u0107 na proces produkcji i jako\u015b\u0107 produktu ko\u0144cowego. Dobrze zaprojektowana forma mo\u017ce pom\u00f3c ograniczy\u0107 wady produkcyjne, takie jak wypaczenia, zapadanie si\u0119 i wyp\u0142ywanie, a tak\u017ce wytwarza\u0107 produkty o sp\u00f3jnym wyko\u0144czeniu i jako\u015bci.<\/p>\n<h4><span class=\"ez-toc-section\" id=\"Conclusion\"><\/span>Wnioski:<span class=\"ez-toc-section-end\"><\/span><\/h4>\n<p>Formowanie wtryskowe zrewolucjonizowa\u0142o bran\u017c\u0119 opakowa\u0144, oferuj\u0105c op\u0142acalne rozwi\u0105zania, elastyczno\u015b\u0107 projektowania i wszechstronno\u015b\u0107 materia\u0142\u00f3w. Umo\u017cliwi\u0142o produkcj\u0119 zr\u00f3wnowa\u017conych i przyjaznych dla \u015brodowiska rozwi\u0105za\u0144 opakowaniowych, dzi\u0119ki czemu jest to niezb\u0119dna technologia dla przysz\u0142o\u015bci opakowa\u0144.<\/p>\n<p>Dzi\u0119ki zrozumieniu zalet formowania wtryskowego, r\u00f3\u017cnych rodzaj\u00f3w stosowanych materia\u0142\u00f3w, procesu formowania wtryskowego i r\u00f3\u017cnych zastosowa\u0144 tej technologii w opakowaniach, projektanci, in\u017cynierowie i specjali\u015bci ds. opakowa\u0144 mog\u0105 podejmowa\u0107 \u015bwiadome decyzje, kt\u00f3re mog\u0105 pom\u00f3c w tworzeniu lepszej i bardziej zr\u00f3wnowa\u017conej przysz\u0142o\u015bci.<\/p>\n<\/div><\/section><\/div>","protected":false},"excerpt":{"rendered":"","protected":false},"author":1,"featured_media":0,"parent":0,"menu_order":0,"comment_status":"open","ping_status":"open","template":"","meta":{"footnotes":""},"class_list":["post-103","page","type-page","status-publish","hentry"],"_links":{"self":[{"href":"https:\/\/plas.co\/pl\/wp-json\/wp\/v2\/pages\/103","targetHints":{"allow":["GET"]}}],"collection":[{"href":"https:\/\/plas.co\/pl\/wp-json\/wp\/v2\/pages"}],"about":[{"href":"https:\/\/plas.co\/pl\/wp-json\/wp\/v2\/types\/page"}],"author":[{"embeddable":true,"href":"https:\/\/plas.co\/pl\/wp-json\/wp\/v2\/users\/1"}],"replies":[{"embeddable":true,"href":"https:\/\/plas.co\/pl\/wp-json\/wp\/v2\/comments?post=103"}],"version-history":[{"count":0,"href":"https:\/\/plas.co\/pl\/wp-json\/wp\/v2\/pages\/103\/revisions"}],"wp:attachment":[{"href":"https:\/\/plas.co\/pl\/wp-json\/wp\/v2\/media?parent=103"}],"curies":[{"name":"wp","href":"https:\/\/api.w.org\/{rel}","templated":true}]}}