{"id":125,"date":"2014-09-20T18:16:39","date_gmt":"2014-09-20T10:16:39","guid":{"rendered":"http:\/\/andy-mold.com\/?page_id=125"},"modified":"2023-02-27T22:17:59","modified_gmt":"2023-02-27T14:17:59","slug":"producenci-form","status":"publish","type":"page","link":"https:\/\/plas.co\/pl\/producenci-form\/","title":{"rendered":"Producent form"},"content":{"rendered":"<style type=\"text\/css\" data-created_by=\"avia_inline_auto\" id=\"style-css-av-lel5bo9m-9db356ac3663fdf6d82633bde056ed2c\">\n#top .avia-gallery.av-lel5bo9m-9db356ac3663fdf6d82633bde056ed2c .avia-gallery-thumb a{\nwidth:25%;\n}\n<\/style>\n<div  class='avia-gallery av-lel5bo9m-9db356ac3663fdf6d82633bde056ed2c avia_animate_when_visible  avia-builder-el-0  el_before_av_textblock  avia-builder-el-first  avia_lazyload avia-gallery-animate avia-gallery-1'  itemprop=\"image\" itemscope=\"itemscope\" itemtype=\"https:\/\/schema.org\/ImageObject\" ><meta itemprop=\"contentURL\" content=\"https:\/\/plas.co\/pl\/producenci-form\/\"><div class='avia-gallery-thumb'><a href=\"https:\/\/plas.co\/wp-content\/uploads\/2023\/02\/Measurement-machine.jpg\" data-srcset=\"https:\/\/plas.co\/wp-content\/uploads\/2023\/02\/Measurement-machine.jpg 640w, https:\/\/plas.co\/wp-content\/uploads\/2023\/02\/Measurement-machine-300x225.jpg 300w\" data-sizes=\"(max-width: 640px) 100vw, 640px\" data-rel='gallery-1' data-prev-img='https:\/\/plas.co\/wp-content\/uploads\/2023\/02\/Measurement-machine-495x400.jpg' class='first_thumb lightbox' data-onclick='1' title='Maszyna pomiarowa'  itemprop=\"thumbnailUrl\"  ><img decoding=\"async\" fetchpriority=\"high\" class=\"wp-image-954 avia-img-lazy-loading-not-954\"   src=\"https:\/\/plas.co\/wp-content\/uploads\/2023\/02\/Measurement-machine-495x400.jpg\" width=\"495\" height=\"400\"  title='Maszyna pomiarowa' alt='Maszyna pomiarowa' \/><div class='big-prev-fake'><img decoding=\"async\" loading=\"lazy\" class=\"wp-image-954 avia-img-lazy-loading-954\"  width=\"495\" height=\"400\" src=\"https:\/\/plas.co\/wp-content\/uploads\/2023\/02\/Measurement-machine-495x400.jpg\" title='Maszyna pomiarowa' alt='Maszyna pomiarowa' \/><\/div><\/a><a href=\"https:\/\/plas.co\/wp-content\/uploads\/2023\/02\/Mold-design-1030x773.jpg\" data-srcset=\"https:\/\/plas.co\/wp-content\/uploads\/2023\/02\/Mold-design-1030x773.jpg 1030w, https:\/\/plas.co\/wp-content\/uploads\/2023\/02\/Mold-design-300x225.jpg 300w, https:\/\/plas.co\/wp-content\/uploads\/2023\/02\/Mold-design-768x576.jpg 768w, https:\/\/plas.co\/wp-content\/uploads\/2023\/02\/Mold-design-1536x1152.jpg 1536w, https:\/\/plas.co\/wp-content\/uploads\/2023\/02\/Mold-design-2048x1536.jpg 2048w, https:\/\/plas.co\/wp-content\/uploads\/2023\/02\/Mold-design-1500x1125.jpg 1500w, https:\/\/plas.co\/wp-content\/uploads\/2023\/02\/Mold-design-705x529.jpg 705w\" data-sizes=\"(max-width: 1030px) 100vw, 1030px\" data-rel='gallery-1' data-prev-img='https:\/\/plas.co\/wp-content\/uploads\/2023\/02\/Mold-design-495x400.jpg' class='lightbox' data-onclick='2' title='Konstrukcja formy'  itemprop=\"thumbnailUrl\"  ><img decoding=\"async\" fetchpriority=\"high\" class=\"wp-image-955 avia-img-lazy-loading-not-955\"   src=\"https:\/\/plas.co\/wp-content\/uploads\/2023\/02\/Mold-design-495x400.jpg\" width=\"495\" height=\"400\"  title='Konstrukcja formy' alt='Konstrukcja formy' srcset=\"https:\/\/plas.co\/wp-content\/uploads\/2023\/02\/Mold-design-495x400.jpg 495w, https:\/\/plas.co\/wp-content\/uploads\/2023\/02\/Mold-design-845x684.jpg 845w\" sizes=\"(max-width: 495px) 100vw, 495px\" \/><div class='big-prev-fake'><img decoding=\"async\" loading=\"lazy\" class=\"wp-image-955 avia-img-lazy-loading-955\"  width=\"495\" height=\"400\" src=\"https:\/\/plas.co\/wp-content\/uploads\/2023\/02\/Mold-design-495x400.jpg\" title='Konstrukcja formy' alt='Konstrukcja formy' srcset=\"https:\/\/plas.co\/wp-content\/uploads\/2023\/02\/Mold-design-495x400.jpg 495w, https:\/\/plas.co\/wp-content\/uploads\/2023\/02\/Mold-design-845x684.jpg 845w\" sizes=\"auto, (max-width: 495px) 100vw, 495px\" \/><\/div><\/a><a href=\"https:\/\/plas.co\/wp-content\/uploads\/2023\/02\/Plastic-mold-company.jpg\" data-srcset=\"https:\/\/plas.co\/wp-content\/uploads\/2023\/02\/Plastic-mold-company.jpg 333w, https:\/\/plas.co\/wp-content\/uploads\/2023\/02\/Plastic-mold-company-300x225.jpg 300w\" data-sizes=\"(max-width: 333px) 100vw, 333px\" data-rel='gallery-1' data-prev-img='https:\/\/plas.co\/wp-content\/uploads\/2023\/02\/Plastic-mold-company.jpg' class='lightbox' data-onclick='3' title='Firma produkuj\u0105ca formy plastikowe'  itemprop=\"thumbnailUrl\"  ><img decoding=\"async\" fetchpriority=\"high\" class=\"wp-image-956 avia-img-lazy-loading-not-956\"   src=\"https:\/\/plas.co\/wp-content\/uploads\/2023\/02\/Plastic-mold-company.jpg\" width=\"333\" height=\"250\"  title='Firma produkuj\u0105ca formy plastikowe' alt='Firma produkuj\u0105ca formy plastikowe' srcset=\"https:\/\/plas.co\/wp-content\/uploads\/2023\/02\/Plastic-mold-company.jpg 333w, https:\/\/plas.co\/wp-content\/uploads\/2023\/02\/Plastic-mold-company-300x225.jpg 300w\" sizes=\"(max-width: 333px) 100vw, 333px\" \/><div class='big-prev-fake'><img decoding=\"async\" loading=\"lazy\" class=\"wp-image-956 avia-img-lazy-loading-956\"  width=\"333\" height=\"250\" src=\"https:\/\/plas.co\/wp-content\/uploads\/2023\/02\/Plastic-mold-company.jpg\" title='Firma produkuj\u0105ca formy plastikowe' alt='Firma produkuj\u0105ca formy plastikowe' srcset=\"https:\/\/plas.co\/wp-content\/uploads\/2023\/02\/Plastic-mold-company.jpg 333w, https:\/\/plas.co\/wp-content\/uploads\/2023\/02\/Plastic-mold-company-300x225.jpg 300w\" sizes=\"auto, (max-width: 333px) 100vw, 333px\" \/><\/div><\/a><a href=\"https:\/\/plas.co\/wp-content\/uploads\/2023\/02\/plastic-mold-maker.jpg\" data-srcset=\"https:\/\/plas.co\/wp-content\/uploads\/2023\/02\/plastic-mold-maker.jpg 640w, https:\/\/plas.co\/wp-content\/uploads\/2023\/02\/plastic-mold-maker-300x225.jpg 300w\" data-sizes=\"(max-width: 640px) 100vw, 640px\" data-rel='gallery-1' data-prev-img='https:\/\/plas.co\/wp-content\/uploads\/2023\/02\/plastic-mold-maker-495x400.jpg' class='lightbox' data-onclick='4' title='producent form plastikowych'  itemprop=\"thumbnailUrl\"  ><img decoding=\"async\" fetchpriority=\"high\" class=\"wp-image-957 avia-img-lazy-loading-not-957\"   src=\"https:\/\/plas.co\/wp-content\/uploads\/2023\/02\/plastic-mold-maker-495x400.jpg\" width=\"495\" height=\"400\"  title='producent form plastikowych' alt='producent form plastikowych' \/><div class='big-prev-fake'><img decoding=\"async\" loading=\"lazy\" class=\"wp-image-957 avia-img-lazy-loading-957\"  width=\"495\" height=\"400\" src=\"https:\/\/plas.co\/wp-content\/uploads\/2023\/02\/plastic-mold-maker-495x400.jpg\" title='producent form plastikowych' alt='producent form plastikowych' \/><\/div><\/a><a href=\"https:\/\/plas.co\/wp-content\/uploads\/2023\/02\/Plastic-molding-company.jpg\" data-srcset=\"https:\/\/plas.co\/wp-content\/uploads\/2023\/02\/Plastic-molding-company.jpg 333w, https:\/\/plas.co\/wp-content\/uploads\/2023\/02\/Plastic-molding-company-300x225.jpg 300w\" data-sizes=\"(max-width: 333px) 100vw, 333px\" data-rel='gallery-1' data-prev-img='https:\/\/plas.co\/wp-content\/uploads\/2023\/02\/Plastic-molding-company.jpg' class='first_thumb lightbox' data-onclick='5' title='producent form'  itemprop=\"thumbnailUrl\"  ><img decoding=\"async\" fetchpriority=\"high\" class=\"wp-image-959 avia-img-lazy-loading-not-959\"   src=\"https:\/\/plas.co\/wp-content\/uploads\/2023\/02\/Plastic-molding-company.jpg\" width=\"333\" height=\"250\"  title='producent form' alt='producent form' srcset=\"https:\/\/plas.co\/wp-content\/uploads\/2023\/02\/Plastic-molding-company.jpg 333w, https:\/\/plas.co\/wp-content\/uploads\/2023\/02\/Plastic-molding-company-300x225.jpg 300w\" sizes=\"(max-width: 333px) 100vw, 333px\" \/><div class='big-prev-fake'><img decoding=\"async\" loading=\"lazy\" class=\"wp-image-959 avia-img-lazy-loading-959\"  width=\"333\" height=\"250\" src=\"https:\/\/plas.co\/wp-content\/uploads\/2023\/02\/Plastic-molding-company.jpg\" title='producent form' alt='producent form' srcset=\"https:\/\/plas.co\/wp-content\/uploads\/2023\/02\/Plastic-molding-company.jpg 333w, https:\/\/plas.co\/wp-content\/uploads\/2023\/02\/Plastic-molding-company-300x225.jpg 300w\" sizes=\"auto, (max-width: 333px) 100vw, 333px\" \/><\/div><\/a><a href=\"https:\/\/plas.co\/wp-content\/uploads\/2023\/02\/plastic-mould-company.jpg\" data-srcset=\"https:\/\/plas.co\/wp-content\/uploads\/2023\/02\/plastic-mould-company.jpg 640w, https:\/\/plas.co\/wp-content\/uploads\/2023\/02\/plastic-mould-company-300x225.jpg 300w\" data-sizes=\"(max-width: 640px) 100vw, 640px\" data-rel='gallery-1' data-prev-img='https:\/\/plas.co\/wp-content\/uploads\/2023\/02\/plastic-mould-company-495x400.jpg' class='lightbox' data-onclick='6' title='producent form plastikowych'  itemprop=\"thumbnailUrl\"  ><img decoding=\"async\" fetchpriority=\"high\" class=\"wp-image-960 avia-img-lazy-loading-not-960\"   src=\"https:\/\/plas.co\/wp-content\/uploads\/2023\/02\/plastic-mould-company-495x400.jpg\" width=\"495\" height=\"400\"  title='producent form plastikowych' alt='producent form plastikowych' \/><div class='big-prev-fake'><img decoding=\"async\" loading=\"lazy\" class=\"wp-image-960 avia-img-lazy-loading-960\"  width=\"495\" height=\"400\" src=\"https:\/\/plas.co\/wp-content\/uploads\/2023\/02\/plastic-mould-company-495x400.jpg\" title='producent form plastikowych' alt='producent form plastikowych' \/><\/div><\/a><a href=\"https:\/\/plas.co\/wp-content\/uploads\/2023\/02\/Plastic-mould-factory.jpg\" data-srcset=\"https:\/\/plas.co\/wp-content\/uploads\/2023\/02\/Plastic-mould-factory.jpg 640w, https:\/\/plas.co\/wp-content\/uploads\/2023\/02\/Plastic-mould-factory-300x225.jpg 300w\" data-sizes=\"(max-width: 640px) 100vw, 640px\" data-rel='gallery-1' data-prev-img='https:\/\/plas.co\/wp-content\/uploads\/2023\/02\/Plastic-mould-factory-495x400.jpg' class='lightbox' data-onclick='7' title='Fabryka form plastikowych'  itemprop=\"thumbnailUrl\"  ><img decoding=\"async\" fetchpriority=\"high\" class=\"wp-image-961 avia-img-lazy-loading-not-961\"   src=\"https:\/\/plas.co\/wp-content\/uploads\/2023\/02\/Plastic-mould-factory-495x400.jpg\" width=\"495\" height=\"400\"  title='Fabryka form plastikowych' alt='Fabryka form plastikowych' \/><div class='big-prev-fake'><img decoding=\"async\" loading=\"lazy\" class=\"wp-image-961 avia-img-lazy-loading-961\"  width=\"495\" height=\"400\" src=\"https:\/\/plas.co\/wp-content\/uploads\/2023\/02\/Plastic-mould-factory-495x400.jpg\" title='Fabryka form plastikowych' alt='Fabryka form plastikowych' \/><\/div><\/a><a href=\"https:\/\/plas.co\/wp-content\/uploads\/2023\/02\/Plastic-Tooling-Company.jpg\" data-srcset=\"https:\/\/plas.co\/wp-content\/uploads\/2023\/02\/Plastic-Tooling-Company.jpg 400w, https:\/\/plas.co\/wp-content\/uploads\/2023\/02\/Plastic-Tooling-Company-300x225.jpg 300w\" data-sizes=\"(max-width: 400px) 100vw, 400px\" data-rel='gallery-1' data-prev-img='https:\/\/plas.co\/wp-content\/uploads\/2023\/02\/Plastic-Tooling-Company.jpg' class='lightbox' data-onclick='8' title='Plastic Tooling Company'  itemprop=\"thumbnailUrl\"  ><img decoding=\"async\" fetchpriority=\"high\" class=\"wp-image-962 avia-img-lazy-loading-not-962\"   src=\"https:\/\/plas.co\/wp-content\/uploads\/2023\/02\/Plastic-Tooling-Company.jpg\" width=\"400\" height=\"300\"  title='Plastic Tooling Company' alt='Plastic Tooling Company' srcset=\"https:\/\/plas.co\/wp-content\/uploads\/2023\/02\/Plastic-Tooling-Company.jpg 400w, https:\/\/plas.co\/wp-content\/uploads\/2023\/02\/Plastic-Tooling-Company-300x225.jpg 300w\" sizes=\"(max-width: 400px) 100vw, 400px\" \/><div class='big-prev-fake'><img decoding=\"async\" loading=\"lazy\" class=\"wp-image-962 avia-img-lazy-loading-962\"  width=\"400\" height=\"300\" src=\"https:\/\/plas.co\/wp-content\/uploads\/2023\/02\/Plastic-Tooling-Company.jpg\" title='Plastic Tooling Company' alt='Plastic Tooling Company' srcset=\"https:\/\/plas.co\/wp-content\/uploads\/2023\/02\/Plastic-Tooling-Company.jpg 400w, https:\/\/plas.co\/wp-content\/uploads\/2023\/02\/Plastic-Tooling-Company-300x225.jpg 300w\" sizes=\"auto, (max-width: 400px) 100vw, 400px\" \/><\/div><\/a><\/div><\/div>\n<section  class='av_textblock_section av-lel43s1p-f288656d2c750791ef65020e352a8c30'   itemscope=\"itemscope\" itemtype=\"https:\/\/schema.org\/CreativeWork\" ><div class='avia_textblock'  itemprop=\"text\" ><div id=\"ez-toc-container\" class=\"ez-toc-v2_0_82_2 counter-hierarchy ez-toc-counter ez-toc-grey ez-toc-container-direction\">\n<div class=\"ez-toc-title-container\">\n<p class=\"ez-toc-title\" style=\"cursor:inherit\">Spis tre\u015bci<\/p>\n<span class=\"ez-toc-title-toggle\"><a href=\"#\" class=\"ez-toc-pull-right ez-toc-btn ez-toc-btn-xs ez-toc-btn-default ez-toc-toggle\" aria-label=\"Prze\u0142\u0105cznik Spisu Tre\u015bci\"><span class=\"ez-toc-js-icon-con\"><span class=\"\"><span class=\"eztoc-hide\" style=\"display:none;\">Toggle<\/span><span class=\"ez-toc-icon-toggle-span\"><svg style=\"fill: #999;color:#999\" xmlns=\"http:\/\/www.w3.org\/2000\/svg\" class=\"list-377408\" width=\"20px\" height=\"20px\" viewbox=\"0 0 24 24\" fill=\"none\"><path d=\"M6 6H4v2h2V6zm14 0H8v2h12V6zM4 11h2v2H4v-2zm16 0H8v2h12v-2zM4 16h2v2H4v-2zm16 0H8v2h12v-2z\" fill=\"currentColor\"><\/path><\/svg><svg style=\"fill: #999;color:#999\" class=\"arrow-unsorted-368013\" xmlns=\"http:\/\/www.w3.org\/2000\/svg\" width=\"10px\" height=\"10px\" viewbox=\"0 0 24 24\" version=\"1.2\" baseprofile=\"tiny\"><path d=\"M18.2 9.3l-6.2-6.3-6.2 6.3c-.2.2-.3.4-.3.7s.1.5.3.7c.2.2.4.3.7.3h11c.3 0 .5-.1.7-.3.2-.2.3-.5.3-.7s-.1-.5-.3-.7zM5.8 14.7l6.2 6.3 6.2-6.3c.2-.2.3-.5.3-.7s-.1-.5-.3-.7c-.2-.2-.4-.3-.7-.3h-11c-.3 0-.5.1-.7.3-.2.2-.3.5-.3.7s.1.5.3.7z\"\/><\/svg><\/span><\/span><\/span><\/a><\/span><\/div>\n<nav><ul class='ez-toc-list ez-toc-list-level-1' ><li class='ez-toc-page-1 ez-toc-heading-level-2'><a class=\"ez-toc-link ez-toc-heading-1\" href=\"https:\/\/plas.co\/pl\/producenci-form\/#What_is_plastic_Injection_Mould\" >Co to jest plastikowa forma wtryskowa<\/a><ul class='ez-toc-list-level-3' ><li class='ez-toc-heading-level-3'><a class=\"ez-toc-link ez-toc-heading-2\" href=\"https:\/\/plas.co\/pl\/producenci-form\/#What_are_the_best_plastic_injection_mould_manufacturers\" >Jacy s\u0105 najlepsi producenci form wtryskowych do tworzyw sztucznych?<\/a><\/li><li class='ez-toc-page-1 ez-toc-heading-level-3'><a class=\"ez-toc-link ez-toc-heading-3\" href=\"https:\/\/plas.co\/pl\/producenci-form\/#Where_can_we_find_injection_molded_plastic_part_manufacturers\" >Gdzie mo\u017cemy znale\u017a\u0107 producent\u00f3w cz\u0119\u015bci z tworzyw sztucznych formowanych wtryskowo?<\/a><\/li><li class='ez-toc-page-1 ez-toc-heading-level-3'><a class=\"ez-toc-link ez-toc-heading-4\" href=\"https:\/\/plas.co\/pl\/producenci-form\/#What_is_a_reasonable_cost_for_a_plastic_injection_moold\" >Jaki jest rozs\u0105dny koszt formy wtryskowej z tworzywa sztucznego?<\/a><\/li><\/ul><\/li><\/ul><\/nav><\/div>\n<h2><span class=\"ez-toc-section\" id=\"What_is_plastic_Injection_Mould\"><\/span>Co to jest plastikowa forma wtryskowa<span class=\"ez-toc-section-end\"><\/span><\/h2>\n<p><a href=\"http:\/\/plas.co\/pl\/\">Forma wtryskowa do tworzyw sztucznych<\/a> to narz\u0119dzie lub matryca u\u017cywana do produkcji cz\u0119\u015bci z tworzyw sztucznych w du\u017cych ilo\u015bciach w procesie formowania wtryskowego. Zazwyczaj jest ona wykonana ze stali lub aluminium i jest zaprojektowana do tworzenia okre\u015blonego kszta\u0142tu lub geometrii cz\u0119\u015bci z tworzywa sztucznego. Narz\u0119dzie <a href=\"https:\/\/www.plasticmold.net\/what-is-plastic-mold-technology\/\" target=\"_blank\" rel=\"noopener\">forma wtryskowa<\/a> sk\u0142ada si\u0119 z dw\u00f3ch po\u0142\u00f3wek (nieruchomej i ruchomej), kt\u00f3re mo\u017cna otwiera\u0107 i zamyka\u0107 za pomoc\u0105 podstawy formy lub systemu p\u0142yt.<\/p>\n<p>Forma jest najpierw projektowana przy u\u017cyciu oprogramowania do projektowania wspomaganego komputerowo (CAD), takiego jak UG, PRO\/e, SOLIDWORKS itp., a nast\u0119pnie tworzona przy u\u017cyciu technik produkcji wspomaganej komputerowo (CAM), takich jak obr\u00f3bka CNC, obr\u00f3bka elektroerozyjna (EDM) lub ci\u0119cie drutem. Proces projektowania i produkcji form mo\u017ce by\u0107 z\u0142o\u017cony i wymaga\u0107 wysokiego poziomu wiedzy i precyzji, aby zapewni\u0107, \u017ce forma wytwarza wysokiej jako\u015bci cz\u0119\u015bci, kt\u00f3re spe\u0142niaj\u0105 po\u017c\u0105dane specyfikacje.<\/p>\n<p>Formy wtryskowe z tworzyw sztucznych mog\u0105 by\u0107 wykorzystywane do produkcji szerokiej gamy cz\u0119\u015bci z tworzyw sztucznych, od ma\u0142ych i prostych cz\u0119\u015bci po du\u017ce i z\u0142o\u017cone cz\u0119\u015bci o skomplikowanej geometrii. Formy mog\u0105 by\u0107 r\u00f3wnie\u017c wykorzystywane do produkcji cz\u0119\u015bci z r\u00f3\u017cnych materia\u0142\u00f3w, w tym tworzyw termoplastycznych, termoutwardzalnych i elastomer\u00f3w.<\/p>\n<div id=\"attachment_701\" style=\"width: 410px\" class=\"wp-caption alignright\"><a href=\"http:\/\/plas.co\/wp-content\/uploads\/2020\/01\/plastic-injection-mold.jpg\"><img decoding=\"async\" aria-describedby=\"caption-attachment-701\" class=\"wp-image-701 size-full\" src=\"http:\/\/plas.co\/wp-content\/uploads\/2020\/01\/plastic-injection-mold.jpg\" alt=\"producenci form\" width=\"400\" height=\"300\" srcset=\"https:\/\/plas.co\/wp-content\/uploads\/2020\/01\/plastic-injection-mold.jpg 400w, https:\/\/plas.co\/wp-content\/uploads\/2020\/01\/plastic-injection-mold-300x225.jpg 300w\" sizes=\"(max-width: 400px) 100vw, 400px\" \/><\/a><p id=\"caption-attachment-701\" class=\"wp-caption-text\">producenci form<\/p><\/div>\n<h3><span class=\"ez-toc-section\" id=\"What_are_the_best_plastic_injection_mould_manufacturers\"><\/span>Jacy s\u0105 najlepsi producenci form wtryskowych do tworzyw sztucznych?<span class=\"ez-toc-section-end\"><\/span><\/h3>\n<p>Przy wyborze <em>Producent form wtryskowych z tworzyw sztucznych<\/em>Wa\u017cne jest, aby wzi\u0105\u0107 pod uwag\u0119 takie czynniki, jak do\u015bwiadczenie, wiedza specjalistyczna, mo\u017cliwo\u015bci produkcyjne, \u015brodki kontroli jako\u015bci i obs\u0142uga klienta. Warto r\u00f3wnie\u017c wzi\u0105\u0107 pod uwag\u0119 ich lokalizacj\u0119 geograficzn\u0105, ceny i czas realizacji.<\/p>\n<p>Aby znale\u017a\u0107 odpowiednich producent\u00f3w form wtryskowych do tworzyw sztucznych spe\u0142niaj\u0105cych okre\u015blone potrzeby, warto przeprowadzi\u0107 badania online, poprosi\u0107 o polecenia od koleg\u00f3w z bran\u017cy lub wzi\u0105\u0107 udzia\u0142 w targach i konferencjach, aby nawi\u0105za\u0107 kontakt z potencjalnymi dostawcami. Wa\u017cne jest r\u00f3wnie\u017c, aby jasno i dok\u0142adnie przekaza\u0107 wymagania dotycz\u0105ce projektu, aby upewni\u0107 si\u0119, \u017ce producent form mo\u017ce zapewni\u0107 najlepsze mo\u017cliwe wyniki.<\/p>\n<h3><span class=\"ez-toc-section\" id=\"Where_can_we_find_injection_molded_plastic_part_manufacturers\"><\/span>Gdzie mo\u017cemy znale\u017a\u0107 producent\u00f3w cz\u0119\u015bci z tworzyw sztucznych formowanych wtryskowo?<span class=\"ez-toc-section-end\"><\/span><\/h3>\n<p>Gdy masz projekt, kt\u00f3ry wymaga plastikowych cz\u0119\u015bci formowanych, pierwsz\u0105 rzecz\u0105 jest znalezienie producent\u00f3w form, kt\u00f3rzy to zrobi\u0105, Chiny b\u0119d\u0105 miejscem numer jeden dla twojego projektu, ale jak znale\u017a\u0107 producenta form plastikowych w Chinach b\u0119dzie twoim zmartwieniem, poni\u017cej jest kilka sposob\u00f3w na znalezienie <em>Producenci cz\u0119\u015bci z tworzyw sztucznych formowanych wtryskowo<\/em>:<\/p>\n<ol>\n<li>Katalogi online: Istnieje wiele katalog\u00f3w internetowych, kt\u00f3re wymieniaj\u0105 producent\u00f3w form wtryskowych z tworzyw sztucznych, takich jak Alibaba. Katalogi te umo\u017cliwiaj\u0105 wyszukiwanie producent\u00f3w na podstawie lokalizacji, bran\u017cy lub innych kryteri\u00f3w, ale jak zweryfikowa\u0107, czy istnieje dobra firma zajmuj\u0105ca si\u0119 formowaniem? Musisz sprawdzi\u0107 dok\u0142adniej, poniewa\u017c na tej platformie jest bardziej z\u0142o\u017cona.<\/li>\n<li>Targi i konferencje: Uczestnictwo w bran\u017cowych targach i konferencjach mo\u017ce by\u0107 doskona\u0142ym sposobem na nawi\u0105zanie kontaktu z producentami form wtryskowych z tworzyw sztucznych i dowiedzenie si\u0119 wi\u0119cej o ich mo\u017cliwo\u015bciach i us\u0142ugach.<\/li>\n<li>Polecenia i rekomendacje: Popro\u015b wsp\u00f3\u0142pracownik\u00f3w lub osoby z bran\u017cy o rekomendacje dotycz\u0105ce producent\u00f3w form wtryskowych, z kt\u00f3rymi wsp\u00f3\u0142pracowali w przesz\u0142o\u015bci i kt\u00f3rym ufaj\u0105.<\/li>\n<li>Zasoby lokalne: Skontaktuj si\u0119 z lokalnymi stowarzyszeniami biznesowymi lub grupami bran\u017cowymi, aby sprawdzi\u0107, czy maj\u0105 list\u0119 producent\u00f3w form wtryskowych z tworzyw sztucznych w Twojej okolicy.<\/li>\n<li>Wyszukiwarki: Wyszukaj w wyszukiwarce has\u0142o \"producenci form wtryskowych\" lub podobne s\u0142owa kluczowe, aby znale\u017a\u0107 list\u0119 potencjalnych producent\u00f3w form wtryskowych. <a href=\"http:\/\/plas.co\/pl\/\">dostawcy form<\/a>.<\/li>\n<\/ol>\n<h3><span class=\"ez-toc-section\" id=\"What_is_a_reasonable_cost_for_a_plastic_injection_moold\"><\/span>Jaki jest rozs\u0105dny koszt formy wtryskowej z tworzywa sztucznego?<span class=\"ez-toc-section-end\"><\/span><\/h3>\n<p>Koszt formy wtryskowej z tworzywa sztucznego mo\u017ce si\u0119 znacznie r\u00f3\u017cni\u0107 w zale\u017cno\u015bci od czynnik\u00f3w, takich jak z\u0142o\u017cono\u015b\u0107 cz\u0119\u015bci, rozmiar formy, zastosowany materia\u0142 i wielko\u015b\u0107 produkcji. Og\u00f3lnie rzecz bior\u0105c, formy do mniejszych cz\u0119\u015bci o prostej geometrii i mniejszej wielko\u015bci produkcji b\u0119d\u0105 ta\u0144sze ni\u017c formy do wi\u0119kszych, bardziej z\u0142o\u017conych cz\u0119\u015bci o wi\u0119kszej wielko\u015bci produkcji.<\/p>\n<p>Prosta forma wtryskowa dla ma\u0142ej plastikowej cz\u0119\u015bci mo\u017ce kosztowa\u0107 od kilku tysi\u0119cy do kilkudziesi\u0119ciu tysi\u0119cy dolar\u00f3w, podczas gdy bardziej z\u0142o\u017cona forma dla du\u017cej cz\u0119\u015bci o skomplikowanej geometrii mo\u017ce kosztowa\u0107 nawet $100 000 lub wi\u0119cej.<\/p>\n<p>Nale\u017cy pami\u0119ta\u0107, \u017ce koszt formy jest tylko jednym z czynnik\u00f3w wp\u0142ywaj\u0105cych na ca\u0142kowity koszt cz\u0119\u015bci z tworzywa sztucznego. Inne koszty, kt\u00f3re nale\u017cy wzi\u0105\u0107 pod uwag\u0119, obejmuj\u0105 koszty materia\u0142\u00f3w, robocizny i koszty og\u00f3lne. Ponadto wa\u017cne jest, aby wybra\u0107 renomowan\u0105 i do\u015bwiadczon\u0105 firm\u0119. <em>producent form<\/em> kt\u00f3rzy mog\u0105 dostarczy\u0107 wysokiej jako\u015bci form\u0119, spe\u0142niaj\u0105c\u0105 wymagania klienta.<\/p>\n<p>Je\u015bli masz projekt, kt\u00f3ry wymaga wsparcia chi\u0144skiej firmy zajmuj\u0105cej si\u0119 formami plastikowymi, zapraszamy do kontaktu, zaoferujemy Ci najlepsz\u0105 cen\u0119, cen\u0119 formy ju\u017c od $500, w zale\u017cno\u015bci od rozmiaru cz\u0119\u015bci i funkcji.<\/p>\n<p>Producent form plastikowych Sincere Tech zawsze nalega\u0142 na zadowolenie klient\u00f3w profesjonaln\u0105 technologi\u0105 i dobrym wyposa\u017ceniem w zakresie opracowywania form, produkcji i wtrysku. wprowadzili\u015bmy zaawansowany sprz\u0119t do przetwarzania z zagranicy, kt\u00f3ry obejmuje system CAD \/ CAE \/ CAM, tr\u00f3jwymiarow\u0105 maszyn\u0119 pomiarow\u0105, frezowanie z du\u017c\u0105 pr\u0119dko\u015bci\u0105, centrum obr\u00f3bcze CNC, iskr\u0119 elektryczn\u0105 CNC, aby zapewni\u0107 technologi\u0119 form, produkcj\u0119 i jako\u015b\u0107. Mo\u017cemy produkowa\u0107 od ma\u0142ych precyzyjnych form do du\u017cych form cz\u0119\u015bci samochodowych, du\u017cych form kontenerowych.<\/p>\n<p>W Sincere Tech Tw\u00f3j produkt zostanie poddany skutecznemu zarz\u0105dzaniu projektem, kt\u00f3re obni\u017cy koszty i pozwoli Twoim produktom pojawi\u0107 si\u0119 na rynku w jak najkr\u00f3tszym czasie.<\/p>\n<\/div><\/section>","protected":false},"excerpt":{"rendered":"","protected":false},"author":1,"featured_media":603,"parent":0,"menu_order":0,"comment_status":"open","ping_status":"open","template":"","meta":{"footnotes":""},"class_list":["post-125","page","type-page","status-publish","has-post-thumbnail","hentry"],"_links":{"self":[{"href":"https:\/\/plas.co\/pl\/wp-json\/wp\/v2\/pages\/125","targetHints":{"allow":["GET"]}}],"collection":[{"href":"https:\/\/plas.co\/pl\/wp-json\/wp\/v2\/pages"}],"about":[{"href":"https:\/\/plas.co\/pl\/wp-json\/wp\/v2\/types\/page"}],"author":[{"embeddable":true,"href":"https:\/\/plas.co\/pl\/wp-json\/wp\/v2\/users\/1"}],"replies":[{"embeddable":true,"href":"https:\/\/plas.co\/pl\/wp-json\/wp\/v2\/comments?post=125"}],"version-history":[{"count":0,"href":"https:\/\/plas.co\/pl\/wp-json\/wp\/v2\/pages\/125\/revisions"}],"wp:featuredmedia":[{"embeddable":true,"href":"https:\/\/plas.co\/pl\/wp-json\/wp\/v2\/media\/603"}],"wp:attachment":[{"href":"https:\/\/plas.co\/pl\/wp-json\/wp\/v2\/media?parent=125"}],"curies":[{"name":"wp","href":"https:\/\/api.w.org\/{rel}","templated":true}]}}