{"id":146,"date":"2014-09-20T19:04:21","date_gmt":"2014-09-20T11:04:21","guid":{"rendered":"http:\/\/andy-mold.com\/?page_id=146"},"modified":"2016-02-14T14:13:57","modified_gmt":"2016-02-14T06:13:57","slug":"zarzadzanie-projektami","status":"publish","type":"page","link":"https:\/\/plas.co\/pl\/inzynieria\/zarzadzanie-projektami\/","title":{"rendered":"Zarz\u0105dzanie projektami"},"content":{"rendered":"<p>Zarz\u0105dzanie projektami form wtryskowych z tworzyw sztucznych, Andy Mould ma zesp\u00f3\u0142 in\u017cynier\u00f3w projektu. Zesp\u00f3\u0142 ten posiada r\u00f3\u017cnorodne do\u015bwiadczenie technologiczne, nie tylko w zakresie tworzyw sztucznych, ale tak\u017ce metalu i elektroniki. Ka\u017cdy projekt b\u0119dzie prowadzony przez do\u015bwiadczonego in\u017cyniera projektu, kt\u00f3ry b\u0119dzie pe\u0142ni\u0142 rol\u0119 lidera zespo\u0142u ds. rozwoju projektu, wsparcia technicznego klienta, kontroli jako\u015bci, koordynacji mi\u0119dzy dzia\u0142ami podczas ca\u0142ego procesu rozwoju.<br \/>\n<b>Rutyna pracy<\/b><br \/>\nCotygodniowa aktualizacja dla klienta<br \/>\nKonsekwentne \u015bledzenie kamieni milowych kompilacji narz\u0119dzia<br \/>\nCodzienna komunikacja w razie jakichkolwiek problem\u00f3w<br \/>\nZamkni\u0119cie projektu poprzez masow\u0105 produkcj\u0119 lub dostaw\u0119 narz\u0119dzi<\/p>\n<p>Na tych trzech etapach wymagana jest pisemna zgoda klienta:<br \/>\nZatwierdzenie projektu formy<br \/>\nPrzyk\u0142adowe zatwierdzenie<br \/>\nDostawa i zatwierdzenie formy<\/p>\n<p><b>Po sprzeda\u017cy<\/b><br \/>\nCz\u0119\u015bci zamienne mog\u0105 by\u0107 dostarczane po sprzeda\u017cy<br \/>\nSugestie in\u017cynieryjne dost\u0119pne w razie potrzeby klienta<\/p>","protected":false},"excerpt":{"rendered":"<p>Plastic injection mould projects management, Andy Mould has a project engineering team. This team has multi-backgrounds of technologies, not only in plastic, but also metal and electronics. Each project will be followed by a experienced project engineer, who will conduct as the team leader of project development, customer technical support, quality control, cross-department coordinate during [&hellip;]<\/p>\n","protected":false},"author":1,"featured_media":0,"parent":22,"menu_order":0,"comment_status":"open","ping_status":"open","template":"","meta":{"footnotes":""},"class_list":["post-146","page","type-page","status-publish","hentry"],"_links":{"self":[{"href":"https:\/\/plas.co\/pl\/wp-json\/wp\/v2\/pages\/146","targetHints":{"allow":["GET"]}}],"collection":[{"href":"https:\/\/plas.co\/pl\/wp-json\/wp\/v2\/pages"}],"about":[{"href":"https:\/\/plas.co\/pl\/wp-json\/wp\/v2\/types\/page"}],"author":[{"embeddable":true,"href":"https:\/\/plas.co\/pl\/wp-json\/wp\/v2\/users\/1"}],"replies":[{"embeddable":true,"href":"https:\/\/plas.co\/pl\/wp-json\/wp\/v2\/comments?post=146"}],"version-history":[{"count":0,"href":"https:\/\/plas.co\/pl\/wp-json\/wp\/v2\/pages\/146\/revisions"}],"up":[{"embeddable":true,"href":"https:\/\/plas.co\/pl\/wp-json\/wp\/v2\/pages\/22"}],"wp:attachment":[{"href":"https:\/\/plas.co\/pl\/wp-json\/wp\/v2\/media?parent=146"}],"curies":[{"name":"wp","href":"https:\/\/api.w.org\/{rel}","templated":true}]}}