{"id":15,"date":"2014-09-20T14:09:15","date_gmt":"2014-09-20T06:09:15","guid":{"rendered":"http:\/\/andy-mold.com\/?page_id=15"},"modified":"2024-03-23T23:37:06","modified_gmt":"2024-03-23T15:37:06","slug":"firma","status":"publish","type":"page","link":"https:\/\/plas.co\/pl\/firma\/","title":{"rendered":"O nas"},"content":{"rendered":"<section  class='av_textblock_section av-lehbcujc-e36697ed1bea52a8cb8c1afa77e72bd4'   itemscope=\"itemscope\" itemtype=\"https:\/\/schema.org\/CreativeWork\" ><div class='avia_textblock'  itemprop=\"text\" ><div id=\"ez-toc-container\" class=\"ez-toc-v2_0_82_2 counter-hierarchy ez-toc-counter ez-toc-grey ez-toc-container-direction\">\n<div class=\"ez-toc-title-container\">\n<p class=\"ez-toc-title\" style=\"cursor:inherit\">Spis tre\u015bci<\/p>\n<span class=\"ez-toc-title-toggle\"><a href=\"#\" class=\"ez-toc-pull-right ez-toc-btn ez-toc-btn-xs ez-toc-btn-default ez-toc-toggle\" aria-label=\"Prze\u0142\u0105cznik Spisu Tre\u015bci\"><span class=\"ez-toc-js-icon-con\"><span class=\"\"><span class=\"eztoc-hide\" style=\"display:none;\">Toggle<\/span><span class=\"ez-toc-icon-toggle-span\"><svg style=\"fill: #999;color:#999\" xmlns=\"http:\/\/www.w3.org\/2000\/svg\" class=\"list-377408\" width=\"20px\" height=\"20px\" viewbox=\"0 0 24 24\" fill=\"none\"><path d=\"M6 6H4v2h2V6zm14 0H8v2h12V6zM4 11h2v2H4v-2zm16 0H8v2h12v-2zM4 16h2v2H4v-2zm16 0H8v2h12v-2z\" fill=\"currentColor\"><\/path><\/svg><svg style=\"fill: #999;color:#999\" class=\"arrow-unsorted-368013\" xmlns=\"http:\/\/www.w3.org\/2000\/svg\" width=\"10px\" height=\"10px\" viewbox=\"0 0 24 24\" version=\"1.2\" baseprofile=\"tiny\"><path d=\"M18.2 9.3l-6.2-6.3-6.2 6.3c-.2.2-.3.4-.3.7s.1.5.3.7c.2.2.4.3.7.3h11c.3 0 .5-.1.7-.3.2-.2.3-.5.3-.7s-.1-.5-.3-.7zM5.8 14.7l6.2 6.3 6.2-6.3c.2-.2.3-.5.3-.7s-.1-.5-.3-.7c-.2-.2-.4-.3-.7-.3h-11c-.3 0-.5.1-.7.3-.2.2-.3.5-.3.7s.1.5.3.7z\"\/><\/svg><\/span><\/span><\/span><\/a><\/span><\/div>\n<nav><ul class='ez-toc-list ez-toc-list-level-1' ><li class='ez-toc-page-1 ez-toc-heading-level-2'><a class=\"ez-toc-link ez-toc-heading-1\" href=\"https:\/\/plas.co\/pl\/firma\/#Plastic_Mold_Company_In_China_All_in_one_service\" >Firma produkuj\u0105ca formy plastikowe w Chinach: Wszystko w jednej us\u0142udze<\/a><ul class='ez-toc-list-level-3' ><li class='ez-toc-heading-level-3'><a class=\"ez-toc-link ez-toc-heading-2\" href=\"https:\/\/plas.co\/pl\/firma\/#Our_plastic_mold_company_services_include\" >Nasze us\u0142ugi w zakresie form plastikowych obejmuj\u0105:<\/a><ul class='ez-toc-list-level-4' ><li class='ez-toc-heading-level-4'><a class=\"ez-toc-link ez-toc-heading-3\" href=\"https:\/\/plas.co\/pl\/firma\/#Our_product_development_services_include\" >Nasze us\u0142ugi rozwoju produkt\u00f3w obejmuj\u0105:<\/a><\/li><\/ul><\/li><li class='ez-toc-page-1 ez-toc-heading-level-3'><a class=\"ez-toc-link ez-toc-heading-4\" href=\"https:\/\/plas.co\/pl\/firma\/#We_supply_the_following_for_the_final_stage_of_assembly\" >Dostarczamy nast\u0119puj\u0105ce elementy do ko\u0144cowego etapu monta\u017cu:<\/a><\/li><\/ul><\/li><\/ul><\/nav><\/div>\n<h2><span class=\"ez-toc-section\" id=\"Plastic_Mold_Company_In_China_All_in_one_service\"><\/span>Firma produkuj\u0105ca formy plastikowe w Chinach: Wszystko w jednej us\u0142udze<span class=\"ez-toc-section-end\"><\/span><\/h2>\n<p>Chi\u0144ska firma Plas.co (Sincere Tech) produkuje doskona\u0142e formy z tworzyw sztucznych. Zapewniaj\u0105 niestandardowe formowanie, formowanie wtryskowe, projektowanie cz\u0119\u015bci, prototypowanie, testowanie, odlewanie ci\u015bnieniowe, obr\u00f3bk\u0119 skrawaniem, formowanie silikonowe, monta\u017c i wiele innych. Zapraszamy.<\/p>\n<p>Firma Plas.co produkuj\u0105ca formy plastikowe jest dumna ze swojej jako\u015bci, innowacyjno\u015bci i zadowolenia klient\u00f3w. Nasi wykwalifikowani in\u017cynierowie i technicy wykorzystuj\u0105 najnowsze technologie i metody, aby zapewni\u0107, \u017ce ka\u017cdy projekt spe\u0142nia lub przekracza oczekiwania klient\u00f3w.<\/p>\n<p>Projektujemy i budujemy wysokiej jako\u015bci formy wtryskowe z tworzyw sztucznych, formy do odlewania ci\u015bnieniowego i cz\u0119\u015bci do formowania silikonowego, ale oferujemy r\u00f3wnie\u017c monta\u017c. Mo\u017cemy pom\u00f3c od pomys\u0142u do dostawy. Obejmuje to prototypowanie, testowanie, ponowne prototypowanie, monta\u017c PCB, spawanie kabli, kontrol\u0119, produkcj\u0119 i testowanie.<\/p>\n<h3><span class=\"ez-toc-section\" id=\"Our_plastic_mold_company_services_include\"><\/span><span lang=\"EN-US\">Nasze us\u0142ugi w zakresie form plastikowych obejmuj\u0105:<\/span><span class=\"ez-toc-section-end\"><\/span><\/h3>\n<p>Niezale\u017cnie od tego, czy potrzebujesz formy do formowania wtryskowego, odlewania ci\u015bnieniowego czy formowania silikonowego, nasza firma zajmuj\u0105ca si\u0119 produkcj\u0105 form jest do Twojej dyspozycji. Nasza firma oferuje kompleksowe us\u0142ugi w zakresie produkcji form. Formy mog\u0105 by\u0107 wykonane na zam\u00f3wienie zgodnie z dok\u0142adnymi specyfikacjami przy u\u017cyciu najnowocze\u015bniejszych technik produkcyjnych, dzi\u0119ki czemu mo\u017cemy zapewni\u0107, \u017ce Tw\u00f3j projekt b\u0119dzie najwy\u017cszej jako\u015bci.<\/p>\n<p>Komponenty formowane wtryskowo: Jeste\u015bmy liderem w produkcji wysokiej jako\u015bci, formowanych na zam\u00f3wienie komponent\u00f3w z tworzyw sztucznych dla wielu r\u00f3\u017cnych sektor\u00f3w. Mo\u017cesz polega\u0107 na naszym do\u015bwiadczonym zespole technik\u00f3w i in\u017cynier\u00f3w, kt\u00f3rzy b\u0119d\u0105 przy Tobie przez ca\u0142y proces, od burzy m\u00f3zg\u00f3w po dostaw\u0119.<\/p>\n<p>Nasza firma \u015bwiadczy zindywidualizowane us\u0142ugi odlewania ci\u015bnieniowego, pocz\u0105wszy od projektowania form, poprzez produkcj\u0119, wyko\u0144czenie i nie tylko. Korzystamy z najnowocze\u015bniejszych technologii i metod, aby zapewni\u0107, \u017ce Tw\u00f3j projekt spe\u0142nia najwy\u017csze standardy, odzwierciedlaj\u0105c nasze zaanga\u017cowanie w oferowanie naszym klientom najlepszych us\u0142ug i jako\u015bci.<\/p>\n<p>Nasze najnowocze\u015bniejsze maszyny do frezowania i toczenia s\u0105 idealne do produkcji precyzyjnych komponent\u00f3w i cz\u0119\u015bci dla wielu r\u00f3\u017cnych rodzaj\u00f3w firm. Wykorzystuj\u0105c najnowocze\u015bniejsze narz\u0119dzia i techniki, realizujemy ka\u017cdy projekt z najwy\u017csz\u0105 jako\u015bci\u0105. Dowodzi to, \u017ce naszym celem jest zapewnienie naszym klientom najwy\u017cszej jako\u015bci us\u0142ug.<\/p>\n<p>Jeste\u015bmy wyspecjalizowan\u0105 firm\u0105 produkuj\u0105c\u0105 wysokiej jako\u015bci komponenty do formowania silikonu dla wielu r\u00f3\u017cnych bran\u017c. Mo\u017cesz polega\u0107 na naszym do\u015bwiadczonym zespole technik\u00f3w i in\u017cynier\u00f3w, kt\u00f3rzy b\u0119d\u0105 przy Tobie przez ca\u0142y proces, od burzy m\u00f3zg\u00f3w po dostaw\u0119.<\/p>\n<p>Produkcja form, form silikonowych, obr\u00f3bka skrawaniem, odlewanie ci\u015bnieniowe, rozw\u00f3j produktu i monta\u017c ko\u0144cowy to tylko kilka z wielu us\u0142ug produkcyjnych oferowanych przez nasz\u0105 firm\u0119.<\/p>\n<p>Nasz profesjonalny personel projektant\u00f3w i technik\u00f3w mo\u017ce przeprowadzi\u0107 Tw\u00f3j produkt od pomys\u0142u do realizacji. Poniewa\u017c korzystamy z najnowocze\u015bniejszych technologii i procedur, mo\u017cesz mie\u0107 pewno\u015b\u0107, \u017ce produkt ko\u0144cowy b\u0119dzie bezb\u0142\u0119dny pod ka\u017cdym wzgl\u0119dem. Wreszcie, \u015bci\u015ble wsp\u00f3\u0142pracujemy z naszymi klientami od pocz\u0105tku do ko\u0144ca, aby spe\u0142ni\u0107 ich wymagania.<\/p>\n<h4><span class=\"ez-toc-section\" id=\"Our_product_development_services_include\"><\/span><span lang=\"EN-US\">Nasze us\u0142ugi rozwoju produkt\u00f3w obejmuj\u0105:<\/span><span class=\"ez-toc-section-end\"><\/span><\/h4>\n<p>Zaczynaj\u0105c od koncepcji: Dzi\u0119ki naszym kompleksowym us\u0142ugom projektowym mo\u017cemy spe\u0142ni\u0107 ka\u017cd\u0105 Twoj\u0105 potrzeb\u0119 i urzeczywistni\u0107 Twoje marzenia.<\/p>\n<p>Prototypowanie: Dzi\u0119ki naszym us\u0142ugom prototypowania mo\u017cesz przetestowa\u0107 sw\u00f3j produkt zanim trafi on na rynek. Pomo\u017ce Ci to upewni\u0107 si\u0119, \u017ce produkt spe\u0142nia wszystkie Twoje potrzeby i zapobiegnie wyst\u0105pieniu problem\u00f3w.<\/p>\n<p>Oprzyrz\u0105dowanie: Mo\u017cemy pom\u00f3c w wytwarzaniu produktu na masow\u0105 skal\u0119, zapewniaj\u0105c dostosowane strategie w zakresie oprzyrz\u0105dowania. Zapewni to najwy\u017csz\u0105 jako\u015b\u0107 produktu i jego staranne wykonanie.<\/p>\n<p>Produkcja: Formowanie wtryskowe, odlewanie ci\u015bnieniowe, obr\u00f3bka skrawaniem i formowanie silikonowe to tylko kilka z wielu proces\u00f3w, kt\u00f3re sk\u0142adaj\u0105 si\u0119 na nasze us\u0142ugi produkcyjne. Dzi\u0119ki temu mo\u017cemy zapewni\u0107 kompleksowe rozwi\u0105zanie produkcyjne.<\/p>\n<h3><span class=\"ez-toc-section\" id=\"We_supply_the_following_for_the_final_stage_of_assembly\"><\/span>Dostarczamy nast\u0119puj\u0105ce elementy do ko\u0144cowego etapu monta\u017cu:<span class=\"ez-toc-section-end\"><\/span><\/h3>\n<p>Monta\u017c cz\u0119\u015bci: Mo\u017cemy po\u0142\u0105czy\u0107 komponenty w ca\u0142o\u015b\u0107. Ka\u017cdy komponent b\u0119dzie dzia\u0142a\u0142 zgodnie z przeznaczeniem, a my obiecujemy, \u017ce efekt ko\u0144cowy b\u0119dzie lepszy ni\u017c oczekiwa\u0142e\u015b.<\/p>\n<p>Testowanie: Mo\u017cemy podda\u0107 gotowy produkt naszej procedurze testowej, aby zagwarantowa\u0107, \u017ce jest on zgodny ze standardami i spe\u0142nia wymagania klienta.<\/p>\n<p>Certyfikat: Mo\u017cemy produkowa\u0107 towary elektroniczne, kt\u00f3re spe\u0142niaj\u0105 wymagania mi\u0119dzynarodowych jednostek certyfikuj\u0105cych, takich jak CE, ETL lub FCC.<\/p>\n<p>Pakowanie: Mo\u017cemy zapakowa\u0107 gotowy produkt dok\u0142adnie tak, jak sobie tego \u017cyczysz, dzi\u0119ki czemu mo\u017cesz mie\u0107 pewno\u015b\u0107, \u017ce dotrze on do miejsca przeznaczenia nieuszkodzony.<\/p>\n<p>Celem Plas.co jest oferowanie kompleksowych us\u0142ug naszym klientom, pocz\u0105wszy od rozwoju produktu, a sko\u0144czywszy na ko\u0144cowym monta\u017cu. Je\u015bli masz jakiekolwiek pytania dotycz\u0105ce tego, w jaki spos\u00f3b mo\u017cemy pom\u00f3c Ci w nadchodz\u0105cym projekcie, skontaktuj si\u0119 z nami niezw\u0142ocznie.<\/p>\n<div id=\"attachment_394\" style=\"width: 4762px\" class=\"wp-caption aligncenter\"><a href=\"http:\/\/plas.co\/wp-content\/uploads\/2016\/02\/IMG_9539.jpg\"><img decoding=\"async\" aria-describedby=\"caption-attachment-394\" class=\"wp-image-394 size-full\" src=\"http:\/\/plas.co\/wp-content\/uploads\/2016\/02\/IMG_9539.jpg\" alt=\"firma produkuj\u0105ca formy plastikowe\" width=\"4752\" height=\"3168\" srcset=\"https:\/\/plas.co\/wp-content\/uploads\/2016\/02\/IMG_9539.jpg 4752w, https:\/\/plas.co\/wp-content\/uploads\/2016\/02\/IMG_9539-300x200.jpg 300w, https:\/\/plas.co\/wp-content\/uploads\/2016\/02\/IMG_9539-768x512.jpg 768w, https:\/\/plas.co\/wp-content\/uploads\/2016\/02\/IMG_9539-1024x683.jpg 1024w\" sizes=\"(max-width: 4752px) 100vw, 4752px\" \/><\/a><p id=\"caption-attachment-394\" class=\"wp-caption-text\">firma produkuj\u0105ca formy plastikowe<\/p><\/div>\n<\/div><\/section>","protected":false},"excerpt":{"rendered":"","protected":false},"author":1,"featured_media":836,"parent":0,"menu_order":0,"comment_status":"open","ping_status":"open","template":"","meta":{"footnotes":""},"class_list":["post-15","page","type-page","status-publish","has-post-thumbnail","hentry"],"_links":{"self":[{"href":"https:\/\/plas.co\/pl\/wp-json\/wp\/v2\/pages\/15","targetHints":{"allow":["GET"]}}],"collection":[{"href":"https:\/\/plas.co\/pl\/wp-json\/wp\/v2\/pages"}],"about":[{"href":"https:\/\/plas.co\/pl\/wp-json\/wp\/v2\/types\/page"}],"author":[{"embeddable":true,"href":"https:\/\/plas.co\/pl\/wp-json\/wp\/v2\/users\/1"}],"replies":[{"embeddable":true,"href":"https:\/\/plas.co\/pl\/wp-json\/wp\/v2\/comments?post=15"}],"version-history":[{"count":0,"href":"https:\/\/plas.co\/pl\/wp-json\/wp\/v2\/pages\/15\/revisions"}],"wp:featuredmedia":[{"embeddable":true,"href":"https:\/\/plas.co\/pl\/wp-json\/wp\/v2\/media\/836"}],"wp:attachment":[{"href":"https:\/\/plas.co\/pl\/wp-json\/wp\/v2\/media?parent=15"}],"curies":[{"name":"wp","href":"https:\/\/api.w.org\/{rel}","templated":true}]}}