{"id":22,"date":"2014-09-20T14:35:50","date_gmt":"2014-09-20T06:35:50","guid":{"rendered":"http:\/\/andy-mold.com\/?page_id=22"},"modified":"2020-01-04T00:41:06","modified_gmt":"2020-01-03T16:41:06","slug":"inzynieria","status":"publish","type":"page","link":"https:\/\/plas.co\/pl\/inzynieria\/","title":{"rendered":"In\u017cynieria"},"content":{"rendered":"<p><strong>A <\/strong>Dobry projekt jest sercem formy, a Andy Mould zwraca szczeg\u00f3ln\u0105 uwag\u0119 na konstrukcj\u0119 formy, kana\u0142y ch\u0142odz\u0105ce i mechanizmy ruchome, aby zapewni\u0107 najwy\u017csz\u0105 jako\u015b\u0107 cz\u0119\u015bci dostarczanych z formy przy minimalnym cyklu. Do\u015bwiadczeni in\u017cynierowie z Andy Mould wykonaliby dobry i tani projekt formy i pomogliby klientowi rozwi\u0105za\u0107 problemy zwi\u0105zane ze struktur\u0105 i funkcj\u0105 produkt\u00f3w.<\/p>\n<p>profesjonalne sugestie dotycz\u0105ce rozwoju nowych produkt\u00f3w.<\/p>\n<p>Oprogramowanie, kt\u00f3rego u\u017cywamy<br \/>\nAuto CAD, Pro\/E, UG, Solid Works,<\/p>\n<p>Wykonujemy r\u00f3wnie\u017c analiz\u0119 przep\u0142ywu formy podczas okresu projektowania formy.<br \/>\nProcedura projektowania formy<\/p>\n<p>1. Spotkanie przed projektowaniem<\/p>\n<p>2. Wykonanie projektu zgodnie z wnioskami i sprawdzenie go przez kierownika projektu.<\/p>\n<p>3. Wys\u0142anie do klienta w celu potwierdzenia i przeprowadzenia analizy<\/p>\n<p>4. Om\u00f3wienie z klientem wszelkich kwestii<\/p>\n<p>5. Wykonanie ostatecznego projektu po zatwierdzeniu<\/p>\n<p><img decoding=\"async\" class=\"alignleft wp-image-405 size-full\" src=\"http:\/\/plas.co\/wp-content\/uploads\/2014\/09\/IMG_1560.jpg\" alt=\"Dzia\u0142 projektowy\" width=\"1152\" height=\"768\" srcset=\"https:\/\/plas.co\/wp-content\/uploads\/2014\/09\/IMG_1560.jpg 1152w, https:\/\/plas.co\/wp-content\/uploads\/2014\/09\/IMG_1560-300x200.jpg 300w, https:\/\/plas.co\/wp-content\/uploads\/2014\/09\/IMG_1560-768x512.jpg 768w, https:\/\/plas.co\/wp-content\/uploads\/2014\/09\/IMG_1560-1024x683.jpg 1024w\" sizes=\"(max-width: 1152px) 100vw, 1152px\" \/><\/p>","protected":false},"excerpt":{"rendered":"<p>A good design is the heart of a mould, and Andy Mould pays special attention to the mould construction, cooling channels and moving mechanisms to ensure the highest quality parts are delivered from your mould at the minimum cycle. The\u00a0experienced\u00a0engineers\u00a0from\u00a0Andy Mould\u00a0would\u00a0make\u00a0the\u00a0good\u00a0and\u00a0low cost\u00a0mold\u00a0design\u00a0\u00a0and\u00a0help\u00a0customer\u00a0to\u00a0solve\u00a0the\u00a0issues\u00a0in\u00a0structure\u00a0and\u00a0function\u00a0to\u00a0the\u00a0products,\u00a0also professional \u00a0suggestions\u00a0to\u00a0your\u00a0new\u00a0product\u00a0development. Software\u00a0we\u00a0using Auto\u00a0CAD,\u00a0Pro\/E,\u00a0UG,\u00a0Solid works, We also do Mold flow Analysis during our [&hellip;]<\/p>\n","protected":false},"author":1,"featured_media":0,"parent":0,"menu_order":0,"comment_status":"open","ping_status":"open","template":"","meta":{"footnotes":""},"class_list":["post-22","page","type-page","status-publish","hentry"],"_links":{"self":[{"href":"https:\/\/plas.co\/pl\/wp-json\/wp\/v2\/pages\/22","targetHints":{"allow":["GET"]}}],"collection":[{"href":"https:\/\/plas.co\/pl\/wp-json\/wp\/v2\/pages"}],"about":[{"href":"https:\/\/plas.co\/pl\/wp-json\/wp\/v2\/types\/page"}],"author":[{"embeddable":true,"href":"https:\/\/plas.co\/pl\/wp-json\/wp\/v2\/users\/1"}],"replies":[{"embeddable":true,"href":"https:\/\/plas.co\/pl\/wp-json\/wp\/v2\/comments?post=22"}],"version-history":[{"count":0,"href":"https:\/\/plas.co\/pl\/wp-json\/wp\/v2\/pages\/22\/revisions"}],"wp:attachment":[{"href":"https:\/\/plas.co\/pl\/wp-json\/wp\/v2\/media?parent=22"}],"curies":[{"name":"wp","href":"https:\/\/api.w.org\/{rel}","templated":true}]}}