{"id":24,"date":"2014-09-20T14:37:02","date_gmt":"2014-09-20T06:37:02","guid":{"rendered":"http:\/\/andy-mold.com\/?page_id=24"},"modified":"2016-02-14T14:16:27","modified_gmt":"2016-02-14T06:16:27","slug":"jakosc","status":"publish","type":"page","link":"https:\/\/plas.co\/pl\/jakosc\/","title":{"rendered":"Jako\u015b\u0107"},"content":{"rendered":"<p><b>Nasza jako\u015b\u0107:<\/b><\/p>\n<p>Dok\u0142adamy wszelkich stara\u0144, aby zapewni\u0107 jako\u015b\u0107 naszych produkt\u00f3w, a tak\u017ce je ulepsza\u0107. W przeciwie\u0144stwie do wielu naszych konkurent\u00f3w, zapewniamy wysokiej jako\u015bci produkty i wysokiej jako\u015bci us\u0142ugi, aby spe\u0142ni\u0107 lub przekroczy\u0107 oczekiwania klient\u00f3w.<\/p>\n<p>Normy certyfikacji ISO 900l-2000 ...<\/p>\n<p>Nasz system zarz\u0105dzania jako\u015bci\u0105 obejmuje ca\u0142\u0105 transakcj\u0119 biznesow\u0105, kt\u00f3ra obejmuje:<\/p>\n<p>Przegl\u0105d projektu<br \/>\nWeryfikacja i walidacja projektu<br \/>\nElektronicznie sterowana kontrola kalibracji<br \/>\nKontrola odbioru<br \/>\nObowi\u0105zkowe udokumentowane planowanie jako\u015bci dla ka\u017cdego projektu<br \/>\nInspekcja pierwszego artyku\u0142u<br \/>\nKo\u0144cowa\/ostatnia inspekcja<\/p>\n<p><b>Twoje produkty zostan\u0105 sprawdzone przez nasz\u0105 kompleksow\u0105 obs\u0142ug\u0119 jako\u015bci.<\/b><\/p>\n<p>Wsp\u00f3\u0142rz\u0119dno\u015bciowa maszyna pomiarowa (CMM)<\/p>\n<p>Projektor optyczny<\/p>\n<p>Badania zdolno\u015bci procesowych narz\u0119dzi<\/p>","protected":false},"excerpt":{"rendered":"<p>Our Quality: We are committed to ensuring the quality of our products as well as improving them. Unlike many of our competitors, Provide high quality products and quality service to meet or exceed customer&#8217;s expectations. ISO 900l-2000 Certification standards.. Our Quality Management System runs through the whole business transaction, which includes: Design review Design verification [&hellip;]<\/p>\n","protected":false},"author":1,"featured_media":0,"parent":0,"menu_order":0,"comment_status":"open","ping_status":"open","template":"","meta":{"footnotes":""},"class_list":["post-24","page","type-page","status-publish","hentry"],"_links":{"self":[{"href":"https:\/\/plas.co\/pl\/wp-json\/wp\/v2\/pages\/24","targetHints":{"allow":["GET"]}}],"collection":[{"href":"https:\/\/plas.co\/pl\/wp-json\/wp\/v2\/pages"}],"about":[{"href":"https:\/\/plas.co\/pl\/wp-json\/wp\/v2\/types\/page"}],"author":[{"embeddable":true,"href":"https:\/\/plas.co\/pl\/wp-json\/wp\/v2\/users\/1"}],"replies":[{"embeddable":true,"href":"https:\/\/plas.co\/pl\/wp-json\/wp\/v2\/comments?post=24"}],"version-history":[{"count":0,"href":"https:\/\/plas.co\/pl\/wp-json\/wp\/v2\/pages\/24\/revisions"}],"wp:attachment":[{"href":"https:\/\/plas.co\/pl\/wp-json\/wp\/v2\/media?parent=24"}],"curies":[{"name":"wp","href":"https:\/\/api.w.org\/{rel}","templated":true}]}}