{"id":100,"date":"2014-09-20T16:18:58","date_gmt":"2014-09-20T08:18:58","guid":{"rendered":"http:\/\/andy-mold.com\/?page_id=100"},"modified":"2026-01-09T21:16:30","modified_gmt":"2026-01-09T13:16:30","slug":"molde-automotivo","status":"publish","type":"page","link":"https:\/\/plas.co\/pt\/produtos\/molde-automotivo\/","title":{"rendered":"Molde automotivo"},"content":{"rendered":"<div  class='flex_column av-8gcv8-2577ba9e0c13fce46414471b02123209 av_one_full  avia-builder-el-0  el_before_av_textblock  avia-builder-el-first  first flex_column_div'     ><style type=\"text\/css\" data-created_by=\"avia_inline_auto\" id=\"style-css-av-lel1ywqt-993f07fca39d4726bedded6a95944041\">\n#top .avia-gallery.av-lel1ywqt-993f07fca39d4726bedded6a95944041 .avia-gallery-thumb a{\nwidth:33.3333%;\n}\n<\/style>\n<div  class='avia-gallery av-lel1ywqt-993f07fca39d4726bedded6a95944041 avia_animate_when_visible  avia-builder-el-1  avia-builder-el-no-sibling  avia_lazyload avia-gallery-animate avia-gallery-1'  itemprop=\"image\" itemscope=\"itemscope\" itemtype=\"https:\/\/schema.org\/ImageObject\" ><meta itemprop=\"contentURL\" content=\"https:\/\/plas.co\/pt\/produtos\/molde-automotivo\/\"><div class='avia-gallery-thumb'><a href=\"https:\/\/plas.co\/wp-content\/uploads\/2023\/02\/automotive-injection-mold-1.jpg\" data-srcset=\"https:\/\/plas.co\/wp-content\/uploads\/2023\/02\/automotive-injection-mold-1.jpg 800w, https:\/\/plas.co\/wp-content\/uploads\/2023\/02\/automotive-injection-mold-1-300x225.jpg 300w, https:\/\/plas.co\/wp-content\/uploads\/2023\/02\/automotive-injection-mold-1-768x576.jpg 768w, https:\/\/plas.co\/wp-content\/uploads\/2023\/02\/automotive-injection-mold-1-705x529.jpg 705w\" data-sizes=\"(max-width: 800px) 100vw, 800px\" data-rel='gallery-1' data-prev-img='https:\/\/plas.co\/wp-content\/uploads\/2023\/02\/automotive-injection-mold-1-495x400.jpg' class='first_thumb lightbox' data-onclick='1' title='molde de inje\u00e7\u00e3o automotiva'  itemprop=\"thumbnailUrl\"  ><img decoding=\"async\" fetchpriority=\"high\" class=\"wp-image-936 avia-img-lazy-loading-not-936\"   src=\"https:\/\/plas.co\/wp-content\/uploads\/2023\/02\/automotive-injection-mold-1-495x400.jpg\" width=\"495\" height=\"400\"  title='molde de inje\u00e7\u00e3o automotiva' alt='molde de inje\u00e7\u00e3o automotiva' \/><div class='big-prev-fake'><img decoding=\"async\" loading=\"lazy\" class=\"wp-image-936 avia-img-lazy-loading-936\"  width=\"495\" height=\"400\" src=\"https:\/\/plas.co\/wp-content\/uploads\/2023\/02\/automotive-injection-mold-1-495x400.jpg\" title='molde de inje\u00e7\u00e3o automotiva' alt='molde de inje\u00e7\u00e3o automotiva' \/><\/div><\/a><a href=\"https:\/\/plas.co\/wp-content\/uploads\/2023\/02\/automotive-mould-factory.jpg\" data-srcset=\"https:\/\/plas.co\/wp-content\/uploads\/2023\/02\/automotive-mould-factory.jpg 800w, https:\/\/plas.co\/wp-content\/uploads\/2023\/02\/automotive-mould-factory-300x225.jpg 300w, https:\/\/plas.co\/wp-content\/uploads\/2023\/02\/automotive-mould-factory-768x576.jpg 768w, https:\/\/plas.co\/wp-content\/uploads\/2023\/02\/automotive-mould-factory-705x529.jpg 705w\" data-sizes=\"(max-width: 800px) 100vw, 800px\" data-rel='gallery-1' data-prev-img='https:\/\/plas.co\/wp-content\/uploads\/2023\/02\/automotive-mould-factory-495x400.jpg' class='lightbox' data-onclick='2' title='f\u00e1brica de moldes automotivos'  itemprop=\"thumbnailUrl\"  ><img decoding=\"async\" fetchpriority=\"high\" class=\"wp-image-938 avia-img-lazy-loading-not-938\"   src=\"https:\/\/plas.co\/wp-content\/uploads\/2023\/02\/automotive-mould-factory-495x400.jpg\" width=\"495\" height=\"400\"  title='f\u00e1brica de moldes automotivos' alt='f\u00e1brica de moldes automotivos' \/><div class='big-prev-fake'><img decoding=\"async\" loading=\"lazy\" class=\"wp-image-938 avia-img-lazy-loading-938\"  width=\"495\" height=\"400\" src=\"https:\/\/plas.co\/wp-content\/uploads\/2023\/02\/automotive-mould-factory-495x400.jpg\" title='f\u00e1brica de moldes automotivos' alt='f\u00e1brica de moldes automotivos' \/><\/div><\/a><a href=\"https:\/\/plas.co\/wp-content\/uploads\/2023\/02\/automotive-parts-mould.jpg\" data-srcset=\"https:\/\/plas.co\/wp-content\/uploads\/2023\/02\/automotive-parts-mould.jpg 600w, https:\/\/plas.co\/wp-content\/uploads\/2023\/02\/automotive-parts-mould-225x300.jpg 225w, https:\/\/plas.co\/wp-content\/uploads\/2023\/02\/automotive-parts-mould-529x705.jpg 529w\" data-sizes=\"(max-width: 600px) 100vw, 600px\" data-rel='gallery-1' data-prev-img='https:\/\/plas.co\/wp-content\/uploads\/2023\/02\/automotive-parts-mould-495x400.jpg' class='lightbox' data-onclick='3' title='molde de pe\u00e7as automotivas'  itemprop=\"thumbnailUrl\"  ><img decoding=\"async\" fetchpriority=\"high\" class=\"wp-image-941 avia-img-lazy-loading-not-941\"   src=\"https:\/\/plas.co\/wp-content\/uploads\/2023\/02\/automotive-parts-mould-495x400.jpg\" width=\"495\" height=\"400\"  title='molde de pe\u00e7as automotivas' alt='molde de pe\u00e7as automotivas' \/><div class='big-prev-fake'><img decoding=\"async\" loading=\"lazy\" class=\"wp-image-941 avia-img-lazy-loading-941\"  width=\"495\" height=\"400\" src=\"https:\/\/plas.co\/wp-content\/uploads\/2023\/02\/automotive-parts-mould-495x400.jpg\" title='molde de pe\u00e7as automotivas' alt='molde de pe\u00e7as automotivas' \/><\/div><\/a><a href=\"https:\/\/plas.co\/wp-content\/uploads\/2023\/02\/automotive-plastic-mould.jpg\" data-srcset=\"https:\/\/plas.co\/wp-content\/uploads\/2023\/02\/automotive-plastic-mould.jpg 800w, https:\/\/plas.co\/wp-content\/uploads\/2023\/02\/automotive-plastic-mould-300x225.jpg 300w, https:\/\/plas.co\/wp-content\/uploads\/2023\/02\/automotive-plastic-mould-768x576.jpg 768w, https:\/\/plas.co\/wp-content\/uploads\/2023\/02\/automotive-plastic-mould-705x529.jpg 705w\" data-sizes=\"(max-width: 800px) 100vw, 800px\" data-rel='gallery-1' data-prev-img='https:\/\/plas.co\/wp-content\/uploads\/2023\/02\/automotive-plastic-mould-495x400.jpg' class='first_thumb lightbox' data-onclick='4' title='molde pl\u00e1stico automotivo'  itemprop=\"thumbnailUrl\"  ><img decoding=\"async\" fetchpriority=\"high\" class=\"wp-image-942 avia-img-lazy-loading-not-942\"   src=\"https:\/\/plas.co\/wp-content\/uploads\/2023\/02\/automotive-plastic-mould-495x400.jpg\" width=\"495\" height=\"400\"  title='molde pl\u00e1stico automotivo' alt='molde pl\u00e1stico automotivo' \/><div class='big-prev-fake'><img decoding=\"async\" loading=\"lazy\" class=\"wp-image-942 avia-img-lazy-loading-942\"  width=\"495\" height=\"400\" src=\"https:\/\/plas.co\/wp-content\/uploads\/2023\/02\/automotive-plastic-mould-495x400.jpg\" title='molde pl\u00e1stico automotivo' alt='molde pl\u00e1stico automotivo' \/><\/div><\/a><a href=\"https:\/\/plas.co\/wp-content\/uploads\/2023\/02\/China-automotive-mold-maker.jpg\" data-srcset=\"https:\/\/plas.co\/wp-content\/uploads\/2023\/02\/China-automotive-mold-maker.jpg 600w, https:\/\/plas.co\/wp-content\/uploads\/2023\/02\/China-automotive-mold-maker-225x300.jpg 225w, https:\/\/plas.co\/wp-content\/uploads\/2023\/02\/China-automotive-mold-maker-529x705.jpg 529w\" data-sizes=\"(max-width: 600px) 100vw, 600px\" data-rel='gallery-1' data-prev-img='https:\/\/plas.co\/wp-content\/uploads\/2023\/02\/China-automotive-mold-maker-495x400.jpg' class='lightbox' data-onclick='5' title='Fabricante de moldes automotivos na China'  itemprop=\"thumbnailUrl\"  ><img decoding=\"async\" fetchpriority=\"high\" class=\"wp-image-943 avia-img-lazy-loading-not-943\"   src=\"https:\/\/plas.co\/wp-content\/uploads\/2023\/02\/China-automotive-mold-maker-495x400.jpg\" width=\"495\" height=\"400\"  title='Fabricante de moldes automotivos na China' alt='Fabricante de moldes automotivos na China' \/><div class='big-prev-fake'><img decoding=\"async\" loading=\"lazy\" class=\"wp-image-943 avia-img-lazy-loading-943\"  width=\"495\" height=\"400\" src=\"https:\/\/plas.co\/wp-content\/uploads\/2023\/02\/China-automotive-mold-maker-495x400.jpg\" title='Fabricante de moldes automotivos na China' alt='Fabricante de moldes automotivos na China' \/><\/div><\/a><a href=\"https:\/\/plas.co\/wp-content\/uploads\/2023\/02\/china-automotive-mould.jpg\" data-srcset=\"https:\/\/plas.co\/wp-content\/uploads\/2023\/02\/china-automotive-mould.jpg 600w, https:\/\/plas.co\/wp-content\/uploads\/2023\/02\/china-automotive-mould-225x300.jpg 225w, https:\/\/plas.co\/wp-content\/uploads\/2023\/02\/china-automotive-mould-529x705.jpg 529w\" data-sizes=\"(max-width: 600px) 100vw, 600px\" data-rel='gallery-1' data-prev-img='https:\/\/plas.co\/wp-content\/uploads\/2023\/02\/china-automotive-mould-495x400.jpg' class='lightbox' data-onclick='6' title='molde automotivo da China'  itemprop=\"thumbnailUrl\"  ><img decoding=\"async\" fetchpriority=\"high\" class=\"wp-image-944 avia-img-lazy-loading-not-944\"   src=\"https:\/\/plas.co\/wp-content\/uploads\/2023\/02\/china-automotive-mould-495x400.jpg\" width=\"495\" height=\"400\"  title='molde automotivo da China' alt='molde automotivo da China' \/><div class='big-prev-fake'><img decoding=\"async\" loading=\"lazy\" class=\"wp-image-944 avia-img-lazy-loading-944\"  width=\"495\" height=\"400\" src=\"https:\/\/plas.co\/wp-content\/uploads\/2023\/02\/china-automotive-mould-495x400.jpg\" title='molde automotivo da China' alt='molde automotivo da China' \/><\/div><\/a><\/div><\/div><\/div>\n<section  class='av_textblock_section av-lel30rvk-cf1539555210428ee0eb928e39734301'   itemscope=\"itemscope\" itemtype=\"https:\/\/schema.org\/CreativeWork\" ><div class='avia_textblock'  itemprop=\"text\" ><div id=\"ez-toc-container\" class=\"ez-toc-v2_0_82_2 counter-hierarchy ez-toc-counter ez-toc-grey ez-toc-container-direction\">\n<div class=\"ez-toc-title-container\">\n<p class=\"ez-toc-title\" style=\"cursor:inherit\">\u00cdndice<\/p>\n<span class=\"ez-toc-title-toggle\"><a href=\"#\" class=\"ez-toc-pull-right ez-toc-btn ez-toc-btn-xs ez-toc-btn-default ez-toc-toggle\" aria-label=\"Alternar tabela de conte\u00fado\"><span class=\"ez-toc-js-icon-con\"><span class=\"\"><span class=\"eztoc-hide\" style=\"display:none;\">Alternar<\/span><span class=\"ez-toc-icon-toggle-span\"><svg style=\"fill: #999;color:#999\" xmlns=\"http:\/\/www.w3.org\/2000\/svg\" class=\"list-377408\" width=\"20px\" height=\"20px\" viewbox=\"0 0 24 24\" fill=\"none\"><path d=\"M6 6H4v2h2V6zm14 0H8v2h12V6zM4 11h2v2H4v-2zm16 0H8v2h12v-2zM4 16h2v2H4v-2zm16 0H8v2h12v-2z\" fill=\"currentColor\"><\/path><\/svg><svg style=\"fill: #999;color:#999\" class=\"arrow-unsorted-368013\" xmlns=\"http:\/\/www.w3.org\/2000\/svg\" width=\"10px\" height=\"10px\" viewbox=\"0 0 24 24\" version=\"1.2\" baseprofile=\"tiny\"><path d=\"M18.2 9.3l-6.2-6.3-6.2 6.3c-.2.2-.3.4-.3.7s.1.5.3.7c.2.2.4.3.7.3h11c.3 0 .5-.1.7-.3.2-.2.3-.5.3-.7s-.1-.5-.3-.7zM5.8 14.7l6.2 6.3 6.2-6.3c.2-.2.3-.5.3-.7s-.1-.5-.3-.7c-.2-.2-.4-.3-.7-.3h-11c-.3 0-.5.1-.7.3-.2.2-.3.5-.3.7s.1.5.3.7z\"\/><\/svg><\/span><\/span><\/span><\/a><\/span><\/div>\n<nav><ul class='ez-toc-list ez-toc-list-level-1' ><li class='ez-toc-page-1 ez-toc-heading-level-2'><a class=\"ez-toc-link ez-toc-heading-1\" href=\"https:\/\/plas.co\/pt\/produtos\/molde-automotivo\/#What_is_Automotive_Mould\" >O que \u00e9 molde automotivo<\/a><ul class='ez-toc-list-level-3' ><li class='ez-toc-heading-level-3'><a class=\"ez-toc-link ez-toc-heading-2\" href=\"https:\/\/plas.co\/pt\/produtos\/molde-automotivo\/#Type_of_Automotive_Mould\" >Tipo de molde automotivo<\/a><\/li><li class='ez-toc-page-1 ez-toc-heading-level-3'><a class=\"ez-toc-link ez-toc-heading-3\" href=\"https:\/\/plas.co\/pt\/produtos\/molde-automotivo\/#Applications_of_Automotive_Mould\" >Aplica\u00e7\u00f5es do molde automotivo<\/a><\/li><li class='ez-toc-page-1 ez-toc-heading-level-3'><a class=\"ez-toc-link ez-toc-heading-4\" href=\"https:\/\/plas.co\/pt\/produtos\/molde-automotivo\/#Which_country_of_automotive_mould_suppliers_that_you_should_work_with\" >Com qual pa\u00eds de fornecedores de moldes automotivos voc\u00ea deve trabalhar?<\/a><\/li><\/ul><\/li><\/ul><\/nav><\/div>\n<h2><span class=\"ez-toc-section\" id=\"What_is_Automotive_Mould\"><\/span>O que \u00e9 molde automotivo<span class=\"ez-toc-section-end\"><\/span><\/h2>\n<p><a href=\"https:\/\/plas.co\/pt\/produtos\/molde-automotivo\/\"><em><strong>Molde automotivo<\/strong><\/em><\/a>, tamb\u00e9m conhecido como molde de carro ou <a href=\"http:\/\/www.sheetmetalmasion.com\" target=\"_blank\" rel=\"noopener\">molde para autom\u00f3veis<\/a>, A m\u00e1quina de moldar \u00e9 uma ferramenta usada no processo de fabrica\u00e7\u00e3o de v\u00e1rias pe\u00e7as e componentes de autom\u00f3veis. \u00c9 um dispositivo usado para moldar e formar materiais, como pl\u00e1sticos, metais e compostos, na forma desejada do produto final,<\/p>\n<p>Os moldes automotivos podem assumir v\u00e1rias formas, dependendo da complexidade da pe\u00e7a que est\u00e1 sendo produzida. Por exemplo, os moldes de inje\u00e7\u00e3o s\u00e3o usados para produzir pe\u00e7as pl\u00e1sticas para autom\u00f3veis com geometrias complexas, enquanto os moldes de compress\u00e3o s\u00e3o usados para fabricar pe\u00e7as grandes e espessas, como para-choques e pain\u00e9is de instrumentos, a partir de materiais compostos.<\/p>\n<p>O uso de moldes automotivos no processo de fabrica\u00e7\u00e3o permite um alto grau de precis\u00e3o e exatid\u00e3o, bem como a capacidade de produzir grandes volumes de componentes com qualidade consistente. O uso de moldes tamb\u00e9m ajuda a reduzir o desperd\u00edcio e a aumentar a efici\u00eancia no processo de fabrica\u00e7\u00e3o. Esta \u00e9 a p\u00e1gina sobre a qual estamos falando. <a href=\"http:\/\/plas.co\/pt\/molde-de-injecao-automotiva\/\">molde de inje\u00e7\u00e3o automotiva<\/a>.<\/p>\n<h3><span class=\"ez-toc-section\" id=\"Type_of_Automotive_Mould\"><\/span>Tipo de molde automotivo<span class=\"ez-toc-section-end\"><\/span><\/h3>\n<p>Os moldes automotivos s\u00e3o usados no processo de fabrica\u00e7\u00e3o de v\u00e1rias pe\u00e7as e componentes de autom\u00f3veis. H\u00e1 muitos tipos de moldes automotivos. Veja a seguir alguns tipos de moldes automotivos:<\/p>\n<ol>\n<li>Moldes de inje\u00e7\u00e3o: Esses moldes s\u00e3o usados para produzir pe\u00e7as pl\u00e1sticas para autom\u00f3veis. A moldagem por inje\u00e7\u00e3o \u00e9 um m\u00e9todo popular para produzir grandes volumes de componentes pl\u00e1sticos com geometrias complexas, e esse tamb\u00e9m \u00e9 o nosso neg\u00f3cio principal. Se precisar de um molde de inje\u00e7\u00e3o automotivo, entre em contato conosco para obter o pre\u00e7o.<\/li>\n<li>Moldes de compress\u00e3o: Esses moldes s\u00e3o usados para fabricar pe\u00e7as automotivas grandes e espessas, como para-choques e pain\u00e9is de instrumentos, a partir de materiais compostos.<\/li>\n<li>Moldes de sopro: Esses moldes s\u00e3o usados para criar componentes pl\u00e1sticos ocos, como tanques de combust\u00edvel e dutos de ar.<\/li>\n<li>Moldes de termoformagem: Esses moldes s\u00e3o usados para produzir componentes pl\u00e1sticos com pouca profundidade, como pain\u00e9is de portas e conjuntos de instrumentos.<\/li>\n<li>Moldes de fundi\u00e7\u00e3o sob press\u00e3o: Esses moldes s\u00e3o usados para produzir componentes met\u00e1licos, como blocos de motor e caixas de transmiss\u00e3o, usando um processo de inje\u00e7\u00e3o de alta press\u00e3o.<\/li>\n<li>Moldes de borracha: Esses moldes s\u00e3o usados para produzir componentes de borracha, como veda\u00e7\u00f5es e juntas, para aplica\u00e7\u00f5es automotivas.<\/li>\n<li>Moldes de extrus\u00e3o: Esses moldes s\u00e3o usados para produzir componentes pl\u00e1sticos longos, como veda\u00e7\u00f5es de janelas e tiras de prote\u00e7\u00e3o contra intemp\u00e9ries, for\u00e7ando o material por meio de uma matriz.<\/li>\n<\/ol>\n<p>Cada tipo de molde automotivo tem suas pr\u00f3prias vantagens e desvantagens exclusivas, e a sele\u00e7\u00e3o do molde depende dos requisitos espec\u00edficos da pe\u00e7a que est\u00e1 sendo produzida.<\/p>\n<h3><span class=\"ez-toc-section\" id=\"Applications_of_Automotive_Mould\"><\/span>Aplica\u00e7\u00f5es do molde automotivo<span class=\"ez-toc-section-end\"><\/span><\/h3>\n<p><a href=\"https:\/\/www.plasticmold.net\/injection-molding-automotive\/\" target=\"_blank\" rel=\"noopener\">Moldes automotivos<\/a> t\u00eam uma ampla gama de aplica\u00e7\u00f5es no setor automotivo. Veja a seguir algumas das aplica\u00e7\u00f5es dos moldes automotivos:<\/p>\n<ol>\n<li>Componentes externos: Os moldes automotivos s\u00e3o usados para produzir v\u00e1rios componentes externos de ve\u00edculos, como para-choques, grades, para-lamas, cap\u00f4s e portas.<\/li>\n<li>Componentes internos: Os moldes s\u00e3o usados para produzir componentes internos de ve\u00edculos, como painel de instrumentos, pain\u00e9is de portas, assentos e volantes.<\/li>\n<li>Componentes de ilumina\u00e7\u00e3o: Os moldes automotivos s\u00e3o usados para produzir v\u00e1rios componentes de ilumina\u00e7\u00e3o de ve\u00edculos, como far\u00f3is, lanternas traseiras e lentes de pisca-pisca.<\/li>\n<li>Componentes do motor: Os moldes s\u00e3o usados para produzir v\u00e1rios componentes de motor de ve\u00edculos, como blocos de motor, cabe\u00e7otes de cilindro e coletores de admiss\u00e3o.<\/li>\n<li>Componentes de transmiss\u00e3o: Os moldes s\u00e3o usados para produzir v\u00e1rios componentes de transmiss\u00e3o de ve\u00edculos, como caixas de transmiss\u00e3o e engrenagens.<\/li>\n<li>Componentes de suspens\u00e3o: Os moldes automotivos s\u00e3o usados para produzir v\u00e1rios componentes de suspens\u00e3o de ve\u00edculos, como bra\u00e7os de controle e juntas esf\u00e9ricas.<\/li>\n<li>Componentes el\u00e9tricos: Os moldes s\u00e3o usados para produzir v\u00e1rios componentes el\u00e9tricos de ve\u00edculos, como chicotes de fia\u00e7\u00e3o e conectores.<\/li>\n<\/ol>\n<p>Em resumo, os moldes automotivos s\u00e3o usados no processo de fabrica\u00e7\u00e3o de quase todos os componentes de um ve\u00edculo, desde a carroceria e o interior at\u00e9 o motor e o sistema el\u00e9trico.<\/p>\n<h3><span class=\"ez-toc-section\" id=\"Which_country_of_automotive_mould_suppliers_that_you_should_work_with\"><\/span>Com qual pa\u00eds de fornecedores de moldes automotivos voc\u00ea deve trabalhar?<span class=\"ez-toc-section-end\"><\/span><\/h3>\n<p>H\u00e1 muitos pa\u00edses que t\u00eam uma forte presen\u00e7a no setor automotivo e desenvolveram experi\u00eancia na fabrica\u00e7\u00e3o de moldes. Alguns dos principais pa\u00edses para <em><strong>fornecedores de moldes automotivos<\/strong><\/em> incluem a China, a Alemanha, o Jap\u00e3o, os Estados Unidos e a Coreia do Sul. Entretanto, cada um desses pa\u00edses pode ter diferentes pontos fortes e fracos, e \u00e9 importante considerar fatores como idioma, cultura, log\u00edstica e direitos de propriedade intelectual.<\/p>\n<p>Ao selecionar um fornecedor, \u00e9 importante realizar uma pesquisa completa, verificar suas credenciais e analisar seus processos de fabrica\u00e7\u00e3o. Tamb\u00e9m \u00e9 uma boa ideia solicitar amostras e reunir-se pessoalmente com o fornecedor, se poss\u00edvel, para garantir que ele possa atender \u00e0s suas necessidades e exig\u00eancias espec\u00edficas. Em \u00faltima an\u00e1lise, a escolha do pa\u00eds com o qual trabalhar depender\u00e1 de suas necessidades e prefer\u00eancias individuais.<\/p>\n<div id=\"attachment_937\" style=\"width: 810px\" class=\"wp-caption aligncenter\"><a href=\"http:\/\/plas.co\/wp-content\/uploads\/2023\/02\/automotive-molds-1.jpg\"><img decoding=\"async\" aria-describedby=\"caption-attachment-937\" class=\"wp-image-937 size-full\" src=\"http:\/\/plas.co\/wp-content\/uploads\/2023\/02\/automotive-molds-1.jpg\" alt=\"Molde automotivo\" width=\"800\" height=\"600\" srcset=\"https:\/\/plas.co\/wp-content\/uploads\/2023\/02\/automotive-molds-1.jpg 800w, https:\/\/plas.co\/wp-content\/uploads\/2023\/02\/automotive-molds-1-300x225.jpg 300w, https:\/\/plas.co\/wp-content\/uploads\/2023\/02\/automotive-molds-1-768x576.jpg 768w, https:\/\/plas.co\/wp-content\/uploads\/2023\/02\/automotive-molds-1-705x529.jpg 705w\" sizes=\"(max-width: 800px) 100vw, 800px\" \/><\/a><p id=\"caption-attachment-937\" class=\"wp-caption-text\">Molde automotivo<\/p><\/div>\n<p>De acordo com os dados que mostram que a maioria dos fabricantes de autom\u00f3veis est\u00e1 comprando moldes automotivos de fornecedores de moldes da China, voc\u00ea pode ter alguma d\u00favida sobre por que tantas empresas de autom\u00f3veis compram moldes automotivos da China? Bem, abaixo voc\u00ea encontrar\u00e1 uma resposta:<\/p>\n<ol>\n<li>Custo-benef\u00edcio: Um dos principais motivos para trabalhar com fornecedores de moldes automotivos da China \u00e9 a rela\u00e7\u00e3o custo-benef\u00edcio. A China tem um setor de fabrica\u00e7\u00e3o de moldes grande e altamente competitivo, com custos de m\u00e3o de obra mais baixos, custos de materiais mais baixos e despesas gerais mais acess\u00edveis do que em muitos outros pa\u00edses. Isso pode resultar em pre\u00e7os mais baixos para moldes de alta qualidade que atendem aos padr\u00f5es internacionais.<\/li>\n<li>Capacidade de fabrica\u00e7\u00e3o: A China tem um setor de fabrica\u00e7\u00e3o grande e bem desenvolvido, com tecnologia e equipamentos avan\u00e7ados e um forte foco no controle de qualidade. Os fornecedores chineses de moldes automotivos t\u00eam experi\u00eancia na fabrica\u00e7\u00e3o de moldes para uma ampla gama de aplica\u00e7\u00f5es, incluindo geometrias complexas, moldes com v\u00e1rias cavidades e produ\u00e7\u00f5es em larga escala.<\/li>\n<li>Ampla variedade de materiais: Os fornecedores de moldes automotivos da China t\u00eam acesso a uma ampla variedade de materiais, incluindo pl\u00e1sticos, metais e compostos. Isso permite que eles selecionem o material mais adequado para cada aplica\u00e7\u00e3o, levando em conta fatores como durabilidade, peso e custo.<\/li>\n<li>Escalabilidade: Os fornecedores de moldes automotivos da China s\u00e3o capazes de produzir moldes em grandes volumes, o que pode ser importante para os fabricantes de autom\u00f3veis com altos requisitos de produ\u00e7\u00e3o. Os fornecedores chineses tamb\u00e9m podem oferecer tempos de resposta r\u00e1pidos para pedidos urgentes.<\/li>\n<li>Especializa\u00e7\u00e3o t\u00e9cnica: A China tem um grande n\u00famero de engenheiros e t\u00e9cnicos qualificados com experi\u00eancia em projeto e fabrica\u00e7\u00e3o de moldes. Muitos fornecedores de moldes chineses t\u00eam s\u00f3lidos recursos de P&amp;D e podem oferecer solu\u00e7\u00f5es personalizadas para atender \u00e0s necessidades espec\u00edficas dos clientes.<\/li>\n<\/ol>\n<p>No entanto, ao considerar trabalhar com <em><strong>Fornecedores de moldes automotivos na China<\/strong><\/em>Por isso, \u00e9 importante realizar uma pesquisa completa, verificar suas credenciais e analisar seus processos de fabrica\u00e7\u00e3o para garantir que atendam \u00e0s suas expectativas de qualidade e entrega.<\/p>\n<p>O idioma, a cultura, a log\u00edstica e os direitos de propriedade intelectual tamb\u00e9m devem ser considerados. \u00c9 importante escolher <a href=\"http:\/\/plas.co\/pt\/\">fornecedores de moldes<\/a> que possa atender \u00e0s suas necessidades e requisitos espec\u00edficos e que tenha um hist\u00f3rico comprovado de entrega de produtos de alta qualidade dentro do prazo e do or\u00e7amento.<\/p>\n<\/div><\/section>","protected":false},"excerpt":{"rendered":"","protected":false},"author":1,"featured_media":931,"parent":17,"menu_order":0,"comment_status":"open","ping_status":"open","template":"","meta":{"footnotes":""},"class_list":["post-100","page","type-page","status-publish","has-post-thumbnail","hentry"],"_links":{"self":[{"href":"https:\/\/plas.co\/pt\/wp-json\/wp\/v2\/pages\/100","targetHints":{"allow":["GET"]}}],"collection":[{"href":"https:\/\/plas.co\/pt\/wp-json\/wp\/v2\/pages"}],"about":[{"href":"https:\/\/plas.co\/pt\/wp-json\/wp\/v2\/types\/page"}],"author":[{"embeddable":true,"href":"https:\/\/plas.co\/pt\/wp-json\/wp\/v2\/users\/1"}],"replies":[{"embeddable":true,"href":"https:\/\/plas.co\/pt\/wp-json\/wp\/v2\/comments?post=100"}],"version-history":[{"count":1,"href":"https:\/\/plas.co\/pt\/wp-json\/wp\/v2\/pages\/100\/revisions"}],"predecessor-version":[{"id":2818,"href":"https:\/\/plas.co\/pt\/wp-json\/wp\/v2\/pages\/100\/revisions\/2818"}],"up":[{"embeddable":true,"href":"https:\/\/plas.co\/pt\/wp-json\/wp\/v2\/pages\/17"}],"wp:featuredmedia":[{"embeddable":true,"href":"https:\/\/plas.co\/pt\/wp-json\/wp\/v2\/media\/931"}],"wp:attachment":[{"href":"https:\/\/plas.co\/pt\/wp-json\/wp\/v2\/media?parent=100"}],"curies":[{"name":"wp","href":"https:\/\/api.w.org\/{rel}","templated":true}]}}