{"id":125,"date":"2014-09-20T18:16:39","date_gmt":"2014-09-20T10:16:39","guid":{"rendered":"http:\/\/andy-mold.com\/?page_id=125"},"modified":"2023-02-27T22:17:59","modified_gmt":"2023-02-27T14:17:59","slug":"fabricantes-de-moldes","status":"publish","type":"page","link":"https:\/\/plas.co\/pt\/fabricantes-de-moldes\/","title":{"rendered":"Fabricante de moldes"},"content":{"rendered":"<style type=\"text\/css\" data-created_by=\"avia_inline_auto\" id=\"style-css-av-lel5bo9m-9db356ac3663fdf6d82633bde056ed2c\">\n#top .avia-gallery.av-lel5bo9m-9db356ac3663fdf6d82633bde056ed2c .avia-gallery-thumb a{\nwidth:25%;\n}\n<\/style>\n<div  class='avia-gallery av-lel5bo9m-9db356ac3663fdf6d82633bde056ed2c avia_animate_when_visible  avia-builder-el-0  el_before_av_textblock  avia-builder-el-first  avia_lazyload avia-gallery-animate avia-gallery-1'  itemprop=\"image\" itemscope=\"itemscope\" itemtype=\"https:\/\/schema.org\/ImageObject\" ><meta itemprop=\"contentURL\" content=\"https:\/\/plas.co\/pt\/fabricantes-de-moldes\/\"><div class='avia-gallery-thumb'><a href=\"https:\/\/plas.co\/wp-content\/uploads\/2023\/02\/Measurement-machine.jpg\" data-srcset=\"https:\/\/plas.co\/wp-content\/uploads\/2023\/02\/Measurement-machine.jpg 640w, https:\/\/plas.co\/wp-content\/uploads\/2023\/02\/Measurement-machine-300x225.jpg 300w\" data-sizes=\"(max-width: 640px) 100vw, 640px\" data-rel='gallery-1' data-prev-img='https:\/\/plas.co\/wp-content\/uploads\/2023\/02\/Measurement-machine-495x400.jpg' class='first_thumb lightbox' data-onclick='1' title='M\u00e1quina de medi\u00e7\u00e3o'  itemprop=\"thumbnailUrl\"  ><img decoding=\"async\" fetchpriority=\"high\" class=\"wp-image-954 avia-img-lazy-loading-not-954\"   src=\"https:\/\/plas.co\/wp-content\/uploads\/2023\/02\/Measurement-machine-495x400.jpg\" width=\"495\" height=\"400\"  title='M\u00e1quina de medi\u00e7\u00e3o' alt='M\u00e1quina de medi\u00e7\u00e3o' \/><div class='big-prev-fake'><img decoding=\"async\" loading=\"lazy\" class=\"wp-image-954 avia-img-lazy-loading-954\"  width=\"495\" height=\"400\" src=\"https:\/\/plas.co\/wp-content\/uploads\/2023\/02\/Measurement-machine-495x400.jpg\" title='M\u00e1quina de medi\u00e7\u00e3o' alt='M\u00e1quina de medi\u00e7\u00e3o' \/><\/div><\/a><a href=\"https:\/\/plas.co\/wp-content\/uploads\/2023\/02\/Mold-design-1030x773.jpg\" data-srcset=\"https:\/\/plas.co\/wp-content\/uploads\/2023\/02\/Mold-design-1030x773.jpg 1030w, https:\/\/plas.co\/wp-content\/uploads\/2023\/02\/Mold-design-300x225.jpg 300w, https:\/\/plas.co\/wp-content\/uploads\/2023\/02\/Mold-design-768x576.jpg 768w, https:\/\/plas.co\/wp-content\/uploads\/2023\/02\/Mold-design-1536x1152.jpg 1536w, https:\/\/plas.co\/wp-content\/uploads\/2023\/02\/Mold-design-2048x1536.jpg 2048w, https:\/\/plas.co\/wp-content\/uploads\/2023\/02\/Mold-design-1500x1125.jpg 1500w, https:\/\/plas.co\/wp-content\/uploads\/2023\/02\/Mold-design-705x529.jpg 705w\" data-sizes=\"(max-width: 1030px) 100vw, 1030px\" data-rel='gallery-1' data-prev-img='https:\/\/plas.co\/wp-content\/uploads\/2023\/02\/Mold-design-495x400.jpg' class='lightbox' data-onclick='2' title='Projeto do molde'  itemprop=\"thumbnailUrl\"  ><img decoding=\"async\" fetchpriority=\"high\" class=\"wp-image-955 avia-img-lazy-loading-not-955\"   src=\"https:\/\/plas.co\/wp-content\/uploads\/2023\/02\/Mold-design-495x400.jpg\" width=\"495\" height=\"400\"  title='Projeto do molde' alt='Projeto do molde' srcset=\"https:\/\/plas.co\/wp-content\/uploads\/2023\/02\/Mold-design-495x400.jpg 495w, https:\/\/plas.co\/wp-content\/uploads\/2023\/02\/Mold-design-845x684.jpg 845w\" sizes=\"(max-width: 495px) 100vw, 495px\" \/><div class='big-prev-fake'><img decoding=\"async\" loading=\"lazy\" class=\"wp-image-955 avia-img-lazy-loading-955\"  width=\"495\" height=\"400\" src=\"https:\/\/plas.co\/wp-content\/uploads\/2023\/02\/Mold-design-495x400.jpg\" title='Projeto do molde' alt='Projeto do molde' srcset=\"https:\/\/plas.co\/wp-content\/uploads\/2023\/02\/Mold-design-495x400.jpg 495w, https:\/\/plas.co\/wp-content\/uploads\/2023\/02\/Mold-design-845x684.jpg 845w\" sizes=\"auto, (max-width: 495px) 100vw, 495px\" \/><\/div><\/a><a href=\"https:\/\/plas.co\/wp-content\/uploads\/2023\/02\/Plastic-mold-company.jpg\" data-srcset=\"https:\/\/plas.co\/wp-content\/uploads\/2023\/02\/Plastic-mold-company.jpg 333w, https:\/\/plas.co\/wp-content\/uploads\/2023\/02\/Plastic-mold-company-300x225.jpg 300w\" data-sizes=\"(max-width: 333px) 100vw, 333px\" data-rel='gallery-1' data-prev-img='https:\/\/plas.co\/wp-content\/uploads\/2023\/02\/Plastic-mold-company.jpg' class='lightbox' data-onclick='3' title='Empresa de moldes pl\u00e1sticos'  itemprop=\"thumbnailUrl\"  ><img decoding=\"async\" fetchpriority=\"high\" class=\"wp-image-956 avia-img-lazy-loading-not-956\"   src=\"https:\/\/plas.co\/wp-content\/uploads\/2023\/02\/Plastic-mold-company.jpg\" width=\"333\" height=\"250\"  title='Empresa de moldes pl\u00e1sticos' alt='Empresa de moldes pl\u00e1sticos' srcset=\"https:\/\/plas.co\/wp-content\/uploads\/2023\/02\/Plastic-mold-company.jpg 333w, https:\/\/plas.co\/wp-content\/uploads\/2023\/02\/Plastic-mold-company-300x225.jpg 300w\" sizes=\"(max-width: 333px) 100vw, 333px\" \/><div class='big-prev-fake'><img decoding=\"async\" loading=\"lazy\" class=\"wp-image-956 avia-img-lazy-loading-956\"  width=\"333\" height=\"250\" src=\"https:\/\/plas.co\/wp-content\/uploads\/2023\/02\/Plastic-mold-company.jpg\" title='Empresa de moldes pl\u00e1sticos' alt='Empresa de moldes pl\u00e1sticos' srcset=\"https:\/\/plas.co\/wp-content\/uploads\/2023\/02\/Plastic-mold-company.jpg 333w, https:\/\/plas.co\/wp-content\/uploads\/2023\/02\/Plastic-mold-company-300x225.jpg 300w\" sizes=\"auto, (max-width: 333px) 100vw, 333px\" \/><\/div><\/a><a href=\"https:\/\/plas.co\/wp-content\/uploads\/2023\/02\/plastic-mold-maker.jpg\" data-srcset=\"https:\/\/plas.co\/wp-content\/uploads\/2023\/02\/plastic-mold-maker.jpg 640w, https:\/\/plas.co\/wp-content\/uploads\/2023\/02\/plastic-mold-maker-300x225.jpg 300w\" data-sizes=\"(max-width: 640px) 100vw, 640px\" data-rel='gallery-1' data-prev-img='https:\/\/plas.co\/wp-content\/uploads\/2023\/02\/plastic-mold-maker-495x400.jpg' class='lightbox' data-onclick='4' title='Fabricante de moldes de pl\u00e1stico'  itemprop=\"thumbnailUrl\"  ><img decoding=\"async\" fetchpriority=\"high\" class=\"wp-image-957 avia-img-lazy-loading-not-957\"   src=\"https:\/\/plas.co\/wp-content\/uploads\/2023\/02\/plastic-mold-maker-495x400.jpg\" width=\"495\" height=\"400\"  title='Fabricante de moldes de pl\u00e1stico' alt='Fabricante de moldes de pl\u00e1stico' \/><div class='big-prev-fake'><img decoding=\"async\" loading=\"lazy\" class=\"wp-image-957 avia-img-lazy-loading-957\"  width=\"495\" height=\"400\" src=\"https:\/\/plas.co\/wp-content\/uploads\/2023\/02\/plastic-mold-maker-495x400.jpg\" title='Fabricante de moldes de pl\u00e1stico' alt='Fabricante de moldes de pl\u00e1stico' \/><\/div><\/a><a href=\"https:\/\/plas.co\/wp-content\/uploads\/2023\/02\/Plastic-molding-company.jpg\" data-srcset=\"https:\/\/plas.co\/wp-content\/uploads\/2023\/02\/Plastic-molding-company.jpg 333w, https:\/\/plas.co\/wp-content\/uploads\/2023\/02\/Plastic-molding-company-300x225.jpg 300w\" data-sizes=\"(max-width: 333px) 100vw, 333px\" data-rel='gallery-1' data-prev-img='https:\/\/plas.co\/wp-content\/uploads\/2023\/02\/Plastic-molding-company.jpg' class='first_thumb lightbox' data-onclick='5' title='fabricante de moldes'  itemprop=\"thumbnailUrl\"  ><img decoding=\"async\" fetchpriority=\"high\" class=\"wp-image-959 avia-img-lazy-loading-not-959\"   src=\"https:\/\/plas.co\/wp-content\/uploads\/2023\/02\/Plastic-molding-company.jpg\" width=\"333\" height=\"250\"  title='fabricante de moldes' alt='fabricante de moldes' srcset=\"https:\/\/plas.co\/wp-content\/uploads\/2023\/02\/Plastic-molding-company.jpg 333w, https:\/\/plas.co\/wp-content\/uploads\/2023\/02\/Plastic-molding-company-300x225.jpg 300w\" sizes=\"(max-width: 333px) 100vw, 333px\" \/><div class='big-prev-fake'><img decoding=\"async\" loading=\"lazy\" class=\"wp-image-959 avia-img-lazy-loading-959\"  width=\"333\" height=\"250\" src=\"https:\/\/plas.co\/wp-content\/uploads\/2023\/02\/Plastic-molding-company.jpg\" title='fabricante de moldes' alt='fabricante de moldes' srcset=\"https:\/\/plas.co\/wp-content\/uploads\/2023\/02\/Plastic-molding-company.jpg 333w, https:\/\/plas.co\/wp-content\/uploads\/2023\/02\/Plastic-molding-company-300x225.jpg 300w\" sizes=\"auto, (max-width: 333px) 100vw, 333px\" \/><\/div><\/a><a href=\"https:\/\/plas.co\/wp-content\/uploads\/2023\/02\/plastic-mould-company.jpg\" data-srcset=\"https:\/\/plas.co\/wp-content\/uploads\/2023\/02\/plastic-mould-company.jpg 640w, https:\/\/plas.co\/wp-content\/uploads\/2023\/02\/plastic-mould-company-300x225.jpg 300w\" data-sizes=\"(max-width: 640px) 100vw, 640px\" data-rel='gallery-1' data-prev-img='https:\/\/plas.co\/wp-content\/uploads\/2023\/02\/plastic-mould-company-495x400.jpg' class='lightbox' data-onclick='6' title='Fabricante de moldes de pl\u00e1stico'  itemprop=\"thumbnailUrl\"  ><img decoding=\"async\" fetchpriority=\"high\" class=\"wp-image-960 avia-img-lazy-loading-not-960\"   src=\"https:\/\/plas.co\/wp-content\/uploads\/2023\/02\/plastic-mould-company-495x400.jpg\" width=\"495\" height=\"400\"  title='Fabricante de moldes de pl\u00e1stico' alt='Fabricante de moldes de pl\u00e1stico' \/><div class='big-prev-fake'><img decoding=\"async\" loading=\"lazy\" class=\"wp-image-960 avia-img-lazy-loading-960\"  width=\"495\" height=\"400\" src=\"https:\/\/plas.co\/wp-content\/uploads\/2023\/02\/plastic-mould-company-495x400.jpg\" title='Fabricante de moldes de pl\u00e1stico' alt='Fabricante de moldes de pl\u00e1stico' \/><\/div><\/a><a href=\"https:\/\/plas.co\/wp-content\/uploads\/2023\/02\/Plastic-mould-factory.jpg\" data-srcset=\"https:\/\/plas.co\/wp-content\/uploads\/2023\/02\/Plastic-mould-factory.jpg 640w, https:\/\/plas.co\/wp-content\/uploads\/2023\/02\/Plastic-mould-factory-300x225.jpg 300w\" data-sizes=\"(max-width: 640px) 100vw, 640px\" data-rel='gallery-1' data-prev-img='https:\/\/plas.co\/wp-content\/uploads\/2023\/02\/Plastic-mould-factory-495x400.jpg' class='lightbox' data-onclick='7' title='F\u00e1brica de moldes de pl\u00e1stico'  itemprop=\"thumbnailUrl\"  ><img decoding=\"async\" fetchpriority=\"high\" class=\"wp-image-961 avia-img-lazy-loading-not-961\"   src=\"https:\/\/plas.co\/wp-content\/uploads\/2023\/02\/Plastic-mould-factory-495x400.jpg\" width=\"495\" height=\"400\"  title='F\u00e1brica de moldes de pl\u00e1stico' alt='F\u00e1brica de moldes de pl\u00e1stico' \/><div class='big-prev-fake'><img decoding=\"async\" loading=\"lazy\" class=\"wp-image-961 avia-img-lazy-loading-961\"  width=\"495\" height=\"400\" src=\"https:\/\/plas.co\/wp-content\/uploads\/2023\/02\/Plastic-mould-factory-495x400.jpg\" title='F\u00e1brica de moldes de pl\u00e1stico' alt='F\u00e1brica de moldes de pl\u00e1stico' \/><\/div><\/a><a href=\"https:\/\/plas.co\/wp-content\/uploads\/2023\/02\/Plastic-Tooling-Company.jpg\" data-srcset=\"https:\/\/plas.co\/wp-content\/uploads\/2023\/02\/Plastic-Tooling-Company.jpg 400w, https:\/\/plas.co\/wp-content\/uploads\/2023\/02\/Plastic-Tooling-Company-300x225.jpg 300w\" data-sizes=\"(max-width: 400px) 100vw, 400px\" data-rel='gallery-1' data-prev-img='https:\/\/plas.co\/wp-content\/uploads\/2023\/02\/Plastic-Tooling-Company.jpg' class='lightbox' data-onclick='8' title='Plastic Tooling Company'  itemprop=\"thumbnailUrl\"  ><img decoding=\"async\" fetchpriority=\"high\" class=\"wp-image-962 avia-img-lazy-loading-not-962\"   src=\"https:\/\/plas.co\/wp-content\/uploads\/2023\/02\/Plastic-Tooling-Company.jpg\" width=\"400\" height=\"300\"  title='Plastic Tooling Company' alt='Plastic Tooling Company' srcset=\"https:\/\/plas.co\/wp-content\/uploads\/2023\/02\/Plastic-Tooling-Company.jpg 400w, https:\/\/plas.co\/wp-content\/uploads\/2023\/02\/Plastic-Tooling-Company-300x225.jpg 300w\" sizes=\"(max-width: 400px) 100vw, 400px\" \/><div class='big-prev-fake'><img decoding=\"async\" loading=\"lazy\" class=\"wp-image-962 avia-img-lazy-loading-962\"  width=\"400\" height=\"300\" src=\"https:\/\/plas.co\/wp-content\/uploads\/2023\/02\/Plastic-Tooling-Company.jpg\" title='Plastic Tooling Company' alt='Plastic Tooling Company' srcset=\"https:\/\/plas.co\/wp-content\/uploads\/2023\/02\/Plastic-Tooling-Company.jpg 400w, https:\/\/plas.co\/wp-content\/uploads\/2023\/02\/Plastic-Tooling-Company-300x225.jpg 300w\" sizes=\"auto, (max-width: 400px) 100vw, 400px\" \/><\/div><\/a><\/div><\/div>\n<section  class='av_textblock_section av-lel43s1p-f288656d2c750791ef65020e352a8c30'   itemscope=\"itemscope\" itemtype=\"https:\/\/schema.org\/CreativeWork\" ><div class='avia_textblock'  itemprop=\"text\" ><div id=\"ez-toc-container\" class=\"ez-toc-v2_0_82_2 counter-hierarchy ez-toc-counter ez-toc-grey ez-toc-container-direction\">\n<div class=\"ez-toc-title-container\">\n<p class=\"ez-toc-title\" style=\"cursor:inherit\">\u00cdndice<\/p>\n<span class=\"ez-toc-title-toggle\"><a href=\"#\" class=\"ez-toc-pull-right ez-toc-btn ez-toc-btn-xs ez-toc-btn-default ez-toc-toggle\" aria-label=\"Alternar tabela de conte\u00fado\"><span class=\"ez-toc-js-icon-con\"><span class=\"\"><span class=\"eztoc-hide\" style=\"display:none;\">Alternar<\/span><span class=\"ez-toc-icon-toggle-span\"><svg style=\"fill: #999;color:#999\" xmlns=\"http:\/\/www.w3.org\/2000\/svg\" class=\"list-377408\" width=\"20px\" height=\"20px\" viewbox=\"0 0 24 24\" fill=\"none\"><path d=\"M6 6H4v2h2V6zm14 0H8v2h12V6zM4 11h2v2H4v-2zm16 0H8v2h12v-2zM4 16h2v2H4v-2zm16 0H8v2h12v-2z\" fill=\"currentColor\"><\/path><\/svg><svg style=\"fill: #999;color:#999\" class=\"arrow-unsorted-368013\" xmlns=\"http:\/\/www.w3.org\/2000\/svg\" width=\"10px\" height=\"10px\" viewbox=\"0 0 24 24\" version=\"1.2\" baseprofile=\"tiny\"><path d=\"M18.2 9.3l-6.2-6.3-6.2 6.3c-.2.2-.3.4-.3.7s.1.5.3.7c.2.2.4.3.7.3h11c.3 0 .5-.1.7-.3.2-.2.3-.5.3-.7s-.1-.5-.3-.7zM5.8 14.7l6.2 6.3 6.2-6.3c.2-.2.3-.5.3-.7s-.1-.5-.3-.7c-.2-.2-.4-.3-.7-.3h-11c-.3 0-.5.1-.7.3-.2.2-.3.5-.3.7s.1.5.3.7z\"\/><\/svg><\/span><\/span><\/span><\/a><\/span><\/div>\n<nav><ul class='ez-toc-list ez-toc-list-level-1' ><li class='ez-toc-page-1 ez-toc-heading-level-2'><a class=\"ez-toc-link ez-toc-heading-1\" href=\"https:\/\/plas.co\/pt\/fabricantes-de-moldes\/#What_is_plastic_Injection_Mould\" >O que \u00e9 molde de inje\u00e7\u00e3o de pl\u00e1stico<\/a><ul class='ez-toc-list-level-3' ><li class='ez-toc-heading-level-3'><a class=\"ez-toc-link ez-toc-heading-2\" href=\"https:\/\/plas.co\/pt\/fabricantes-de-moldes\/#What_are_the_best_plastic_injection_mould_manufacturers\" >Quais s\u00e3o os melhores fabricantes de moldes de inje\u00e7\u00e3o de pl\u00e1stico?<\/a><\/li><li class='ez-toc-page-1 ez-toc-heading-level-3'><a class=\"ez-toc-link ez-toc-heading-3\" href=\"https:\/\/plas.co\/pt\/fabricantes-de-moldes\/#Where_can_we_find_injection_molded_plastic_part_manufacturers\" >Onde podemos encontrar fabricantes de pe\u00e7as pl\u00e1sticas moldadas por inje\u00e7\u00e3o?<\/a><\/li><li class='ez-toc-page-1 ez-toc-heading-level-3'><a class=\"ez-toc-link ez-toc-heading-4\" href=\"https:\/\/plas.co\/pt\/fabricantes-de-moldes\/#What_is_a_reasonable_cost_for_a_plastic_injection_moold\" >Qual \u00e9 um custo razo\u00e1vel para um molde de inje\u00e7\u00e3o pl\u00e1stica?<\/a><\/li><\/ul><\/li><\/ul><\/nav><\/div>\n<h2><span class=\"ez-toc-section\" id=\"What_is_plastic_Injection_Mould\"><\/span>O que \u00e9 molde de inje\u00e7\u00e3o de pl\u00e1stico<span class=\"ez-toc-section-end\"><\/span><\/h2>\n<p><a href=\"http:\/\/plas.co\/pt\/\">Molde de inje\u00e7\u00e3o de pl\u00e1stico<\/a> \u00e9 uma ferramenta ou uma matriz usada para produzir pe\u00e7as pl\u00e1sticas em grandes volumes usando o processo de moldagem por inje\u00e7\u00e3o. Normalmente, ela \u00e9 feita de a\u00e7o ou alum\u00ednio e \u00e9 projetada para criar uma forma ou geometria espec\u00edfica para a pe\u00e7a pl\u00e1stica. O <a href=\"https:\/\/www.plasticmold.net\/what-is-plastic-mold-technology\/\" target=\"_blank\" rel=\"noopener\">molde de inje\u00e7\u00e3o<\/a> \u00e9 criado com duas metades (metade fixa e metade m\u00f3vel), que podem ser abertas e fechadas usando um sistema de base ou placa de molde.<\/p>\n<p>Primeiro, o molde \u00e9 projetado usando um software de projeto assistido por computador (CAD), como UG, PRO\/e, SOLIDWORKS etc., e depois criado usando t\u00e9cnicas de manufatura assistida por computador (CAM), como usinagem CNC, usinagem por descarga el\u00e9trica (EDM) ou corte a fio. O projeto do molde e o processo de fabrica\u00e7\u00e3o podem ser complexos e exigem um alto n\u00edvel de especializa\u00e7\u00e3o e precis\u00e3o para garantir que o molde produza pe\u00e7as de alta qualidade que atendam \u00e0s especifica\u00e7\u00f5es desejadas.<\/p>\n<p>Os moldes de inje\u00e7\u00e3o de pl\u00e1stico podem ser usados para produzir uma ampla variedade de pe\u00e7as pl\u00e1sticas, desde pe\u00e7as pequenas e simples at\u00e9 pe\u00e7as grandes e complexas com geometrias intrincadas. Os moldes tamb\u00e9m podem ser usados para produzir pe\u00e7as em uma variedade de materiais, incluindo termopl\u00e1sticos, termofixos e elast\u00f4meros.<\/p>\n<div id=\"attachment_701\" style=\"width: 410px\" class=\"wp-caption alignright\"><a href=\"http:\/\/plas.co\/wp-content\/uploads\/2020\/01\/plastic-injection-mold.jpg\"><img decoding=\"async\" aria-describedby=\"caption-attachment-701\" class=\"wp-image-701 size-full\" src=\"http:\/\/plas.co\/wp-content\/uploads\/2020\/01\/plastic-injection-mold.jpg\" alt=\"fabricantes de moldes\" width=\"400\" height=\"300\" srcset=\"https:\/\/plas.co\/wp-content\/uploads\/2020\/01\/plastic-injection-mold.jpg 400w, https:\/\/plas.co\/wp-content\/uploads\/2020\/01\/plastic-injection-mold-300x225.jpg 300w\" sizes=\"(max-width: 400px) 100vw, 400px\" \/><\/a><p id=\"caption-attachment-701\" class=\"wp-caption-text\">fabricantes de moldes<\/p><\/div>\n<h3><span class=\"ez-toc-section\" id=\"What_are_the_best_plastic_injection_mould_manufacturers\"><\/span>Quais s\u00e3o os melhores fabricantes de moldes de inje\u00e7\u00e3o de pl\u00e1stico?<span class=\"ez-toc-section-end\"><\/span><\/h3>\n<p>Ao escolher um <em>Fabricante de moldes de inje\u00e7\u00e3o de pl\u00e1stico<\/em>Se a empresa n\u00e3o tiver uma empresa de servi\u00e7os, \u00e9 essencial considerar fatores como experi\u00eancia, especializa\u00e7\u00e3o, capacidade de produ\u00e7\u00e3o, medidas de controle de qualidade e atendimento ao cliente. Talvez voc\u00ea tamb\u00e9m queira considerar sua localiza\u00e7\u00e3o geogr\u00e1fica, pre\u00e7os e prazos de entrega.<\/p>\n<p>Para encontrar os fabricantes de moldes de inje\u00e7\u00e3o de pl\u00e1stico certos para as suas necessidades espec\u00edficas, voc\u00ea pode fazer pesquisas on-line, pedir indica\u00e7\u00f5es de colegas do setor ou participar de feiras e confer\u00eancias para se conectar com poss\u00edveis fornecedores. Tamb\u00e9m \u00e9 fundamental comunicar os requisitos de seu projeto de forma clara e completa para garantir que o fabricante do molde possa oferecer os melhores resultados poss\u00edveis.<\/p>\n<h3><span class=\"ez-toc-section\" id=\"Where_can_we_find_injection_molded_plastic_part_manufacturers\"><\/span>Onde podemos encontrar fabricantes de pe\u00e7as pl\u00e1sticas moldadas por inje\u00e7\u00e3o?<span class=\"ez-toc-section-end\"><\/span><\/h3>\n<p>Quando voc\u00ea tem um projeto que precisa de pe\u00e7as moldadas de pl\u00e1stico, a primeira coisa a fazer \u00e9 encontrar fabricantes de moldes para fazer isso para voc\u00ea. A China ser\u00e1 o lugar n\u00famero um para o seu projeto, mas como encontrar um fabricante de moldes de pl\u00e1stico na China ser\u00e1 sua preocupa\u00e7\u00e3o. <em>fabricantes de pe\u00e7as pl\u00e1sticas moldadas por inje\u00e7\u00e3o<\/em>:<\/p>\n<ol>\n<li>Diret\u00f3rios on-line: H\u00e1 muitos diret\u00f3rios on-line que listam fabricantes de moldes de inje\u00e7\u00e3o de pl\u00e1stico, como o Alibaba. Esses diret\u00f3rios permitem que voc\u00ea pesquise fabricantes com base na localiza\u00e7\u00e3o, no setor ou em outros crit\u00e9rios, mas como verificar se h\u00e1 uma boa empresa de moldes? Voc\u00ea precisa verificar com mais cuidado, pois essa plataforma \u00e9 mais complexa.<\/li>\n<li>Feiras e confer\u00eancias: Participar de feiras e confer\u00eancias do setor pode ser uma excelente maneira de se conectar com fabricantes de moldagem por inje\u00e7\u00e3o de pl\u00e1stico e saber mais sobre seus recursos e servi\u00e7os.<\/li>\n<li>Indica\u00e7\u00f5es e recomenda\u00e7\u00f5es: Pe\u00e7a recomenda\u00e7\u00f5es a colegas ou contatos do setor sobre fabricantes de moldagem por inje\u00e7\u00e3o com os quais eles tenham trabalhado no passado e nos quais confiem.<\/li>\n<li>Recursos locais: Consulte as associa\u00e7\u00f5es comerciais locais ou grupos do setor para ver se eles t\u00eam uma lista de fabricantes de moldagem por inje\u00e7\u00e3o de pl\u00e1stico em sua regi\u00e3o.<\/li>\n<li>Mecanismos de pesquisa: Fa\u00e7a uma pesquisa em um mecanismo de busca por \"fabricantes de moldagem por inje\u00e7\u00e3o\" ou palavras-chave semelhantes para encontrar uma lista de poss\u00edveis fabricantes de moldagem por inje\u00e7\u00e3o. <a href=\"http:\/\/plas.co\/pt\/\">fornecedores de moldes<\/a>.<\/li>\n<\/ol>\n<h3><span class=\"ez-toc-section\" id=\"What_is_a_reasonable_cost_for_a_plastic_injection_moold\"><\/span>Qual \u00e9 um custo razo\u00e1vel para um molde de inje\u00e7\u00e3o pl\u00e1stica?<span class=\"ez-toc-section-end\"><\/span><\/h3>\n<p>O custo de um molde de inje\u00e7\u00e3o de pl\u00e1stico pode variar muito, dependendo de fatores como a complexidade da pe\u00e7a, o tamanho do molde, o material usado e o volume de produ\u00e7\u00e3o. Em geral, os moldes para pe\u00e7as menores com geometrias simples e volumes de produ\u00e7\u00e3o menores ser\u00e3o mais baratos do que os moldes para pe\u00e7as maiores e mais complexas com volumes de produ\u00e7\u00e3o maiores.<\/p>\n<p>Um molde de inje\u00e7\u00e3o simples para uma pe\u00e7a pl\u00e1stica pequena pode custar de alguns milhares de d\u00f3lares a dezenas de milhares de d\u00f3lares, enquanto um molde mais complexo para uma pe\u00e7a grande com geometrias intrincadas pode custar mais de $100.000 ou mais.<\/p>\n<p>\u00c9 essencial ter em mente que o custo do molde \u00e9 apenas um fator no custo total da pe\u00e7a pl\u00e1stica. Outros custos a serem considerados incluem custos de material, custos de m\u00e3o de obra e custos indiretos. Al\u00e9m disso, \u00e9 importante escolher uma empresa experiente e de boa reputa\u00e7\u00e3o <em>fabricante de moldes<\/em> que pode fornecer um molde de alta qualidade que atenda \u00e0s suas especifica\u00e7\u00f5es.<\/p>\n<p>Se voc\u00ea tem um projeto que precisa do apoio de uma empresa de moldes de pl\u00e1stico da China, entre em contato conosco. Oferecemos o melhor pre\u00e7o, o pre\u00e7o do molde \u00e9 t\u00e3o baixo quanto $500, dependendo do tamanho e das caracter\u00edsticas da pe\u00e7a.<\/p>\n<p>O fabricante de moldes de pl\u00e1stico Sincere Tech sempre insistiu em satisfazer os clientes com tecnologia profissional e bons equipamentos nos aspectos de desenvolvimento, fabrica\u00e7\u00e3o e inje\u00e7\u00e3o de moldes. Introduzimos equipamentos avan\u00e7ados de processamento do exterior, que incluem sistema CAD\/CAE\/CAM, m\u00e1quina de medi\u00e7\u00e3o tridimensional, fresagem de alta velocidade, centro de usinagem CNC, centelha el\u00e9trica CNC, para garantir a tecnologia, a fabrica\u00e7\u00e3o e a qualidade dos moldes. Podemos produzir desde pequenos moldes de precis\u00e3o at\u00e9 grandes moldes para autope\u00e7as e moldes para grandes cont\u00eaineres.<\/p>\n<p>No Sincere Tech, seu produto passar\u00e1 por um gerenciamento de projeto eficaz que reduzir\u00e1 os custos e permitir\u00e1 que seus produtos apare\u00e7am no mercado no menor tempo poss\u00edvel.<\/p>\n<\/div><\/section>","protected":false},"excerpt":{"rendered":"","protected":false},"author":1,"featured_media":603,"parent":0,"menu_order":0,"comment_status":"open","ping_status":"open","template":"","meta":{"footnotes":""},"class_list":["post-125","page","type-page","status-publish","has-post-thumbnail","hentry"],"_links":{"self":[{"href":"https:\/\/plas.co\/pt\/wp-json\/wp\/v2\/pages\/125","targetHints":{"allow":["GET"]}}],"collection":[{"href":"https:\/\/plas.co\/pt\/wp-json\/wp\/v2\/pages"}],"about":[{"href":"https:\/\/plas.co\/pt\/wp-json\/wp\/v2\/types\/page"}],"author":[{"embeddable":true,"href":"https:\/\/plas.co\/pt\/wp-json\/wp\/v2\/users\/1"}],"replies":[{"embeddable":true,"href":"https:\/\/plas.co\/pt\/wp-json\/wp\/v2\/comments?post=125"}],"version-history":[{"count":0,"href":"https:\/\/plas.co\/pt\/wp-json\/wp\/v2\/pages\/125\/revisions"}],"wp:featuredmedia":[{"embeddable":true,"href":"https:\/\/plas.co\/pt\/wp-json\/wp\/v2\/media\/603"}],"wp:attachment":[{"href":"https:\/\/plas.co\/pt\/wp-json\/wp\/v2\/media?parent=125"}],"curies":[{"name":"wp","href":"https:\/\/api.w.org\/{rel}","templated":true}]}}