{"id":146,"date":"2014-09-20T19:04:21","date_gmt":"2014-09-20T11:04:21","guid":{"rendered":"http:\/\/andy-mold.com\/?page_id=146"},"modified":"2016-02-14T14:13:57","modified_gmt":"2016-02-14T06:13:57","slug":"gerenciamento-de-projetos","status":"publish","type":"page","link":"https:\/\/plas.co\/pt\/engenharia\/gerenciamento-de-projetos\/","title":{"rendered":"Gerenciamento de projetos"},"content":{"rendered":"<p>Gerenciamento de projetos de moldes de inje\u00e7\u00e3o de pl\u00e1stico, a Andy Mould tem uma equipe de engenharia de projetos. Essa equipe tem v\u00e1rias forma\u00e7\u00f5es em tecnologias, n\u00e3o apenas em pl\u00e1stico, mas tamb\u00e9m em metal e eletr\u00f4nica. Cada projeto ser\u00e1 acompanhado por um engenheiro de projetos experiente, que atuar\u00e1 como l\u00edder da equipe de desenvolvimento de projetos, suporte t\u00e9cnico ao cliente, controle de qualidade e coordena\u00e7\u00e3o entre departamentos durante todo o processo de desenvolvimento.<br \/>\n<b>Rotina de trabalho<\/b><br \/>\nAtualiza\u00e7\u00e3o semanal para o cliente<br \/>\nAcompanhamento consistente dos marcos de constru\u00e7\u00e3o da ferramenta<br \/>\nComunica\u00e7\u00e3o di\u00e1ria para quaisquer problemas<br \/>\nEncerrar o projeto com produ\u00e7\u00e3o em massa ou entrega de ferramentas<\/p>\n<p>A aprova\u00e7\u00e3o por escrito de nosso cliente \u00e9 necess\u00e1ria nesses tr\u00eas est\u00e1gios:<br \/>\nAprova\u00e7\u00e3o do projeto do molde<br \/>\nAprova\u00e7\u00e3o de amostras<br \/>\nEntrega e aprova\u00e7\u00e3o do molde<\/p>\n<p><b>Ap\u00f3s a venda<\/b><br \/>\nPe\u00e7as de reposi\u00e7\u00e3o podem ser fornecidas ap\u00f3s a venda<br \/>\nSugest\u00f5es de engenharia dispon\u00edveis se o cliente precisar<\/p>","protected":false},"excerpt":{"rendered":"<p>Plastic injection mould projects management, Andy Mould has a project engineering team. This team has multi-backgrounds of technologies, not only in plastic, but also metal and electronics. Each project will be followed by a experienced project engineer, who will conduct as the team leader of project development, customer technical support, quality control, cross-department coordinate during [&hellip;]<\/p>\n","protected":false},"author":1,"featured_media":0,"parent":22,"menu_order":0,"comment_status":"open","ping_status":"open","template":"","meta":{"footnotes":""},"class_list":["post-146","page","type-page","status-publish","hentry"],"_links":{"self":[{"href":"https:\/\/plas.co\/pt\/wp-json\/wp\/v2\/pages\/146","targetHints":{"allow":["GET"]}}],"collection":[{"href":"https:\/\/plas.co\/pt\/wp-json\/wp\/v2\/pages"}],"about":[{"href":"https:\/\/plas.co\/pt\/wp-json\/wp\/v2\/types\/page"}],"author":[{"embeddable":true,"href":"https:\/\/plas.co\/pt\/wp-json\/wp\/v2\/users\/1"}],"replies":[{"embeddable":true,"href":"https:\/\/plas.co\/pt\/wp-json\/wp\/v2\/comments?post=146"}],"version-history":[{"count":0,"href":"https:\/\/plas.co\/pt\/wp-json\/wp\/v2\/pages\/146\/revisions"}],"up":[{"embeddable":true,"href":"https:\/\/plas.co\/pt\/wp-json\/wp\/v2\/pages\/22"}],"wp:attachment":[{"href":"https:\/\/plas.co\/pt\/wp-json\/wp\/v2\/media?parent=146"}],"curies":[{"name":"wp","href":"https:\/\/api.w.org\/{rel}","templated":true}]}}