{"id":15,"date":"2014-09-20T14:09:15","date_gmt":"2014-09-20T06:09:15","guid":{"rendered":"http:\/\/andy-mold.com\/?page_id=15"},"modified":"2024-03-23T23:37:06","modified_gmt":"2024-03-23T15:37:06","slug":"empresa","status":"publish","type":"page","link":"https:\/\/plas.co\/pt\/empresa\/","title":{"rendered":"Sobre n\u00f3s"},"content":{"rendered":"<section  class='av_textblock_section av-lehbcujc-e36697ed1bea52a8cb8c1afa77e72bd4'   itemscope=\"itemscope\" itemtype=\"https:\/\/schema.org\/CreativeWork\" ><div class='avia_textblock'  itemprop=\"text\" ><div id=\"ez-toc-container\" class=\"ez-toc-v2_0_82_2 counter-hierarchy ez-toc-counter ez-toc-grey ez-toc-container-direction\">\n<div class=\"ez-toc-title-container\">\n<p class=\"ez-toc-title\" style=\"cursor:inherit\">\u00cdndice<\/p>\n<span class=\"ez-toc-title-toggle\"><a href=\"#\" class=\"ez-toc-pull-right ez-toc-btn ez-toc-btn-xs ez-toc-btn-default ez-toc-toggle\" aria-label=\"Alternar tabela de conte\u00fado\"><span class=\"ez-toc-js-icon-con\"><span class=\"\"><span class=\"eztoc-hide\" style=\"display:none;\">Alternar<\/span><span class=\"ez-toc-icon-toggle-span\"><svg style=\"fill: #999;color:#999\" xmlns=\"http:\/\/www.w3.org\/2000\/svg\" class=\"list-377408\" width=\"20px\" height=\"20px\" viewbox=\"0 0 24 24\" fill=\"none\"><path d=\"M6 6H4v2h2V6zm14 0H8v2h12V6zM4 11h2v2H4v-2zm16 0H8v2h12v-2zM4 16h2v2H4v-2zm16 0H8v2h12v-2z\" fill=\"currentColor\"><\/path><\/svg><svg style=\"fill: #999;color:#999\" class=\"arrow-unsorted-368013\" xmlns=\"http:\/\/www.w3.org\/2000\/svg\" width=\"10px\" height=\"10px\" viewbox=\"0 0 24 24\" version=\"1.2\" baseprofile=\"tiny\"><path d=\"M18.2 9.3l-6.2-6.3-6.2 6.3c-.2.2-.3.4-.3.7s.1.5.3.7c.2.2.4.3.7.3h11c.3 0 .5-.1.7-.3.2-.2.3-.5.3-.7s-.1-.5-.3-.7zM5.8 14.7l6.2 6.3 6.2-6.3c.2-.2.3-.5.3-.7s-.1-.5-.3-.7c-.2-.2-.4-.3-.7-.3h-11c-.3 0-.5.1-.7.3-.2.2-.3.5-.3.7s.1.5.3.7z\"\/><\/svg><\/span><\/span><\/span><\/a><\/span><\/div>\n<nav><ul class='ez-toc-list ez-toc-list-level-1' ><li class='ez-toc-page-1 ez-toc-heading-level-2'><a class=\"ez-toc-link ez-toc-heading-1\" href=\"https:\/\/plas.co\/pt\/empresa\/#Plastic_Mold_Company_In_China_All_in_one_service\" >Empresa de moldes pl\u00e1sticos na China: Servi\u00e7o tudo em um<\/a><ul class='ez-toc-list-level-3' ><li class='ez-toc-heading-level-3'><a class=\"ez-toc-link ez-toc-heading-2\" href=\"https:\/\/plas.co\/pt\/empresa\/#Our_plastic_mold_company_services_include\" >Nossos servi\u00e7os para empresas de moldes pl\u00e1sticos incluem:<\/a><ul class='ez-toc-list-level-4' ><li class='ez-toc-heading-level-4'><a class=\"ez-toc-link ez-toc-heading-3\" href=\"https:\/\/plas.co\/pt\/empresa\/#Our_product_development_services_include\" >Nossos servi\u00e7os de desenvolvimento de produtos incluem:<\/a><\/li><\/ul><\/li><li class='ez-toc-page-1 ez-toc-heading-level-3'><a class=\"ez-toc-link ez-toc-heading-4\" href=\"https:\/\/plas.co\/pt\/empresa\/#We_supply_the_following_for_the_final_stage_of_assembly\" >Fornecemos o seguinte para a etapa final da montagem:<\/a><\/li><\/ul><\/li><\/ul><\/nav><\/div>\n<h2><span class=\"ez-toc-section\" id=\"Plastic_Mold_Company_In_China_All_in_one_service\"><\/span>Empresa de moldes pl\u00e1sticos na China: Servi\u00e7o tudo em um<span class=\"ez-toc-section-end\"><\/span><\/h2>\n<p>A Plas.co (Sincere Tech) da China produz excelentes moldes de pl\u00e1stico. Eles oferecem fabrica\u00e7\u00e3o de moldes personalizados, moldagem por inje\u00e7\u00e3o, projeto de pe\u00e7as, prototipagem, testes, fundi\u00e7\u00e3o sob press\u00e3o, usinagem, moldagem de silicone, montagem e muito mais. Damos as boas-vindas a voc\u00ea.<\/p>\n<p>A empresa de moldes pl\u00e1sticos Plas.co se orgulha de sua qualidade, inova\u00e7\u00e3o e satisfa\u00e7\u00e3o do cliente. Nossos engenheiros e t\u00e9cnicos qualificados usam as mais recentes tecnologias e m\u00e9todos para garantir que cada projeto atenda ou exceda as expectativas do cliente.<\/p>\n<p>Projetamos e constru\u00edmos moldes de inje\u00e7\u00e3o de pl\u00e1stico de alta qualidade, moldes de fundi\u00e7\u00e3o sob press\u00e3o e pe\u00e7as de moldagem de silicone, mas tamb\u00e9m oferecemos montagem. Podemos ajudar desde o conceito at\u00e9 a entrega. Isso inclui prototipagem, testes, reprototipagem, montagem de PCB, soldagem de cabos, inspe\u00e7\u00e3o, produ\u00e7\u00e3o e testes.<\/p>\n<h3><span class=\"ez-toc-section\" id=\"Our_plastic_mold_company_services_include\"><\/span><span lang=\"EN-US\">Nossos servi\u00e7os para empresas de moldes pl\u00e1sticos incluem:<\/span><span class=\"ez-toc-section-end\"><\/span><\/h3>\n<p>Se voc\u00ea precisa de um molde para moldagem por inje\u00e7\u00e3o, fundi\u00e7\u00e3o sob press\u00e3o ou moldagem de silicone, nossa empresa de fabrica\u00e7\u00e3o de moldes tem o que voc\u00ea precisa. Nossa empresa oferece servi\u00e7os abrangentes de fabrica\u00e7\u00e3o de moldes. Os moldes podem ser personalizados de acordo com suas especifica\u00e7\u00f5es exatas, usando t\u00e9cnicas de fabrica\u00e7\u00e3o de ponta, de modo que podemos garantir que seu projeto ser\u00e1 da mais alta qualidade.<\/p>\n<p>Componentes moldados por inje\u00e7\u00e3o: Somos l\u00edderes do setor na produ\u00e7\u00e3o de componentes pl\u00e1sticos moldados personalizados de alta qualidade para muitos setores diferentes. Voc\u00ea pode contar com nossa equipe especializada de t\u00e9cnicos e engenheiros para estar ao seu lado durante todo o processo, desde o brainstorming at\u00e9 a entrega.<\/p>\n<p>Nossa empresa oferece servi\u00e7os individualizados de fundi\u00e7\u00e3o sob press\u00e3o, come\u00e7ando com o projeto do molde e continuando com a produ\u00e7\u00e3o, o acabamento e muito mais. Usamos tecnologia e m\u00e9todos de ponta para garantir que seu projeto atenda aos mais altos padr\u00f5es, refletindo nossa dedica\u00e7\u00e3o em oferecer aos nossos clientes o melhor servi\u00e7o e qualidade.<\/p>\n<p>Nosso maquin\u00e1rio de fresagem e torneamento de \u00faltima gera\u00e7\u00e3o \u00e9 perfeito para a fabrica\u00e7\u00e3o de componentes e pe\u00e7as de precis\u00e3o para muitos tipos diferentes de empresas. Utilizando ferramentas e t\u00e9cnicas de ponta, conclu\u00edmos cada projeto com o m\u00e1ximo de qualidade. Isso prova que nos dedicamos a oferecer aos nossos clientes um servi\u00e7o da mais alta qualidade.<\/p>\n<p>Somos uma empresa especializada que fabrica componentes de moldagem de silicone de alta qualidade para muitos setores diferentes. Voc\u00ea pode contar com nossa equipe especializada de t\u00e9cnicos e engenheiros para estar ao seu lado durante todo o processo, desde o brainstorming at\u00e9 a entrega.<\/p>\n<p>A produ\u00e7\u00e3o de moldes, moldes de silicone, usinagem, fundi\u00e7\u00e3o sob press\u00e3o, desenvolvimento de produtos e montagem final s\u00e3o apenas alguns dos muitos servi\u00e7os de fabrica\u00e7\u00e3o oferecidos por nossa empresa.<\/p>\n<p>Nossa equipe profissional de designers e t\u00e9cnicos pode acompanhar o seu produto desde o in\u00edcio at\u00e9 a conclus\u00e3o. Como usamos tecnologia e procedimentos de ponta, voc\u00ea pode ter certeza de que o produto final ser\u00e1 impec\u00e1vel em todos os sentidos. E, por fim, trabalhamos em estreita colabora\u00e7\u00e3o com nossos clientes do in\u00edcio ao fim para atender \u00e0s suas demandas.<\/p>\n<h4><span class=\"ez-toc-section\" id=\"Our_product_development_services_include\"><\/span><span lang=\"EN-US\">Nossos servi\u00e7os de desenvolvimento de produtos incluem:<\/span><span class=\"ez-toc-section-end\"><\/span><\/h4>\n<p>Come\u00e7ando com o conceito: Com nossos servi\u00e7os abrangentes de design, podemos atender a todas as suas necessidades e transformar seus sonhos em realidade.<\/p>\n<p>Prototipagem: Com nossos servi\u00e7os de prototipagem, voc\u00ea pode testar o seu produto antes que ele chegue ao mercado. Isso o ajudar\u00e1 a garantir que seu produto atenda a todas as suas necessidades e a evitar a ocorr\u00eancia de problemas.<\/p>\n<p>Ferramentas: Podemos ajud\u00e1-lo a fabricar seu produto em grande escala, fornecendo estrat\u00e9gias personalizadas para a fabrica\u00e7\u00e3o de ferramentas. Isso garante que seu produto seja da mais alta qualidade e tenha sido feito \u00e0 m\u00e3o com cuidado.<\/p>\n<p>Fabrica\u00e7\u00e3o: Moldagem por inje\u00e7\u00e3o, fundi\u00e7\u00e3o sob press\u00e3o, usinagem e moldagem de silicone s\u00e3o apenas alguns dos muitos processos que comp\u00f5em nossos servi\u00e7os de fabrica\u00e7\u00e3o. Isso garante que possamos lhe oferecer uma solu\u00e7\u00e3o de fabrica\u00e7\u00e3o abrangente.<\/p>\n<h3><span class=\"ez-toc-section\" id=\"We_supply_the_following_for_the_final_stage_of_assembly\"><\/span>Fornecemos o seguinte para a etapa final da montagem:<span class=\"ez-toc-section-end\"><\/span><\/h3>\n<p>Montagem de pe\u00e7as: Podemos juntar componentes para formar um todo. Cada componente funcionar\u00e1 como pretendido, e prometemos que o resultado final ser\u00e1 melhor do que o esperado.<\/p>\n<p>Testes: Podemos submeter seu produto acabado ao nosso procedimento de teste para garantir que ele esteja de acordo com o padr\u00e3o e atenda aos seus requisitos.<\/p>\n<p>Certificado: Podemos fabricar produtos eletr\u00f4nicos que atendem aos requisitos de \u00f3rg\u00e3os de certifica\u00e7\u00e3o internacionais, como CE, ETL ou FCC.<\/p>\n<p>Embalagem: Podemos embalar o seu produto acabado exatamente como voc\u00ea deseja, para que voc\u00ea possa ter certeza de que ele chegar\u00e1 ao seu destino sem danos.<\/p>\n<p>O objetivo da Plas.co \u00e9 oferecer servi\u00e7os abrangentes aos nossos clientes, come\u00e7ando com o desenvolvimento do produto e terminando com a montagem final. Se tiver alguma d\u00favida sobre como podemos ajud\u00e1-lo em seu pr\u00f3ximo projeto, entre em contato conosco sem demora.<\/p>\n<div id=\"attachment_394\" style=\"width: 4762px\" class=\"wp-caption aligncenter\"><a href=\"http:\/\/plas.co\/wp-content\/uploads\/2016\/02\/IMG_9539.jpg\"><img decoding=\"async\" aria-describedby=\"caption-attachment-394\" class=\"wp-image-394 size-full\" src=\"http:\/\/plas.co\/wp-content\/uploads\/2016\/02\/IMG_9539.jpg\" alt=\"empresa de moldes pl\u00e1sticos\" width=\"4752\" height=\"3168\" srcset=\"https:\/\/plas.co\/wp-content\/uploads\/2016\/02\/IMG_9539.jpg 4752w, https:\/\/plas.co\/wp-content\/uploads\/2016\/02\/IMG_9539-300x200.jpg 300w, https:\/\/plas.co\/wp-content\/uploads\/2016\/02\/IMG_9539-768x512.jpg 768w, https:\/\/plas.co\/wp-content\/uploads\/2016\/02\/IMG_9539-1024x683.jpg 1024w\" sizes=\"(max-width: 4752px) 100vw, 4752px\" \/><\/a><p id=\"caption-attachment-394\" class=\"wp-caption-text\">empresa de moldes pl\u00e1sticos<\/p><\/div>\n<\/div><\/section>","protected":false},"excerpt":{"rendered":"","protected":false},"author":1,"featured_media":836,"parent":0,"menu_order":0,"comment_status":"open","ping_status":"open","template":"","meta":{"footnotes":""},"class_list":["post-15","page","type-page","status-publish","has-post-thumbnail","hentry"],"_links":{"self":[{"href":"https:\/\/plas.co\/pt\/wp-json\/wp\/v2\/pages\/15","targetHints":{"allow":["GET"]}}],"collection":[{"href":"https:\/\/plas.co\/pt\/wp-json\/wp\/v2\/pages"}],"about":[{"href":"https:\/\/plas.co\/pt\/wp-json\/wp\/v2\/types\/page"}],"author":[{"embeddable":true,"href":"https:\/\/plas.co\/pt\/wp-json\/wp\/v2\/users\/1"}],"replies":[{"embeddable":true,"href":"https:\/\/plas.co\/pt\/wp-json\/wp\/v2\/comments?post=15"}],"version-history":[{"count":0,"href":"https:\/\/plas.co\/pt\/wp-json\/wp\/v2\/pages\/15\/revisions"}],"wp:featuredmedia":[{"embeddable":true,"href":"https:\/\/plas.co\/pt\/wp-json\/wp\/v2\/media\/836"}],"wp:attachment":[{"href":"https:\/\/plas.co\/pt\/wp-json\/wp\/v2\/media?parent=15"}],"curies":[{"name":"wp","href":"https:\/\/api.w.org\/{rel}","templated":true}]}}