{"id":22,"date":"2014-09-20T14:35:50","date_gmt":"2014-09-20T06:35:50","guid":{"rendered":"http:\/\/andy-mold.com\/?page_id=22"},"modified":"2020-01-04T00:41:06","modified_gmt":"2020-01-03T16:41:06","slug":"engenharia","status":"publish","type":"page","link":"https:\/\/plas.co\/pt\/engenharia\/","title":{"rendered":"Engenharia"},"content":{"rendered":"<p><strong>A <\/strong>Um bom projeto \u00e9 o cora\u00e7\u00e3o de um molde, e a Andy Mould d\u00e1 aten\u00e7\u00e3o especial \u00e0 constru\u00e7\u00e3o do molde, aos canais de resfriamento e aos mecanismos de movimenta\u00e7\u00e3o para garantir que as pe\u00e7as da mais alta qualidade sejam fornecidas pelo seu molde no ciclo m\u00ednimo. Os engenheiros experientes da Andy Mould desenvolveriam um projeto de molde bom e de baixo custo e ajudariam o cliente a resolver os problemas de estrutura e fun\u00e7\u00e3o dos produtos, al\u00e9m de<\/p>\n<p>sugest\u00f5es profissionais para o desenvolvimento de seu novo produto.<\/p>\n<p>Software que estamos usando<br \/>\nAuto CAD, Pro\/E, UG, Solid Works,<\/p>\n<p>Tamb\u00e9m fazemos a an\u00e1lise do fluxo do molde durante o per\u00edodo de projeto do molde.<br \/>\nProcedimento de projeto do molde<\/p>\n<p>1. Reuni\u00e3o antes do projeto<\/p>\n<p>2. Fa\u00e7a o design de acordo com a conclus\u00e3o e verifique com o gerente de design<\/p>\n<p>3. Enviar ao cliente para confirmar e fazer an\u00e1lise<\/p>\n<p>4. Discutir com o cliente se houver algum problema<\/p>\n<p>5. Fazer o projeto final depois de aprovado<\/p>\n<p><img decoding=\"async\" class=\"alignleft wp-image-405 size-full\" src=\"http:\/\/plas.co\/wp-content\/uploads\/2014\/09\/IMG_1560.jpg\" alt=\"Departamento de design\" width=\"1152\" height=\"768\" srcset=\"https:\/\/plas.co\/wp-content\/uploads\/2014\/09\/IMG_1560.jpg 1152w, https:\/\/plas.co\/wp-content\/uploads\/2014\/09\/IMG_1560-300x200.jpg 300w, https:\/\/plas.co\/wp-content\/uploads\/2014\/09\/IMG_1560-768x512.jpg 768w, https:\/\/plas.co\/wp-content\/uploads\/2014\/09\/IMG_1560-1024x683.jpg 1024w\" sizes=\"(max-width: 1152px) 100vw, 1152px\" \/><\/p>","protected":false},"excerpt":{"rendered":"<p>A good design is the heart of a mould, and Andy Mould pays special attention to the mould construction, cooling channels and moving mechanisms to ensure the highest quality parts are delivered from your mould at the minimum cycle. The\u00a0experienced\u00a0engineers\u00a0from\u00a0Andy Mould\u00a0would\u00a0make\u00a0the\u00a0good\u00a0and\u00a0low cost\u00a0mold\u00a0design\u00a0\u00a0and\u00a0help\u00a0customer\u00a0to\u00a0solve\u00a0the\u00a0issues\u00a0in\u00a0structure\u00a0and\u00a0function\u00a0to\u00a0the\u00a0products,\u00a0also professional \u00a0suggestions\u00a0to\u00a0your\u00a0new\u00a0product\u00a0development. Software\u00a0we\u00a0using Auto\u00a0CAD,\u00a0Pro\/E,\u00a0UG,\u00a0Solid works, We also do Mold flow Analysis during our [&hellip;]<\/p>\n","protected":false},"author":1,"featured_media":0,"parent":0,"menu_order":0,"comment_status":"open","ping_status":"open","template":"","meta":{"footnotes":""},"class_list":["post-22","page","type-page","status-publish","hentry"],"_links":{"self":[{"href":"https:\/\/plas.co\/pt\/wp-json\/wp\/v2\/pages\/22","targetHints":{"allow":["GET"]}}],"collection":[{"href":"https:\/\/plas.co\/pt\/wp-json\/wp\/v2\/pages"}],"about":[{"href":"https:\/\/plas.co\/pt\/wp-json\/wp\/v2\/types\/page"}],"author":[{"embeddable":true,"href":"https:\/\/plas.co\/pt\/wp-json\/wp\/v2\/users\/1"}],"replies":[{"embeddable":true,"href":"https:\/\/plas.co\/pt\/wp-json\/wp\/v2\/comments?post=22"}],"version-history":[{"count":0,"href":"https:\/\/plas.co\/pt\/wp-json\/wp\/v2\/pages\/22\/revisions"}],"wp:attachment":[{"href":"https:\/\/plas.co\/pt\/wp-json\/wp\/v2\/media?parent=22"}],"curies":[{"name":"wp","href":"https:\/\/api.w.org\/{rel}","templated":true}]}}