{"id":24,"date":"2014-09-20T14:37:02","date_gmt":"2014-09-20T06:37:02","guid":{"rendered":"http:\/\/andy-mold.com\/?page_id=24"},"modified":"2016-02-14T14:16:27","modified_gmt":"2016-02-14T06:16:27","slug":"qualidade","status":"publish","type":"page","link":"https:\/\/plas.co\/pt\/qualidade\/","title":{"rendered":"Qualidade"},"content":{"rendered":"<p><b>Nossa qualidade:<\/b><\/p>\n<p>Temos o compromisso de garantir a qualidade de nossos produtos, bem como de aprimor\u00e1-los. Ao contr\u00e1rio de muitos de nossos concorrentes, fornecemos produtos e servi\u00e7os de alta qualidade para atender ou superar as expectativas dos clientes.<\/p>\n<p>Padr\u00f5es de certifica\u00e7\u00e3o ISO 900l-2000...<\/p>\n<p>Nosso Sistema de Gerenciamento de Qualidade abrange toda a transa\u00e7\u00e3o comercial, o que inclui:<\/p>\n<p>Revis\u00e3o do projeto<br \/>\nVerifica\u00e7\u00e3o e valida\u00e7\u00e3o do projeto<br \/>\nControle de calibra\u00e7\u00e3o controlado eletronicamente<br \/>\nInspe\u00e7\u00e3o de recebimento<br \/>\nPlanejamento de qualidade documentado obrigat\u00f3rio para cada projeto<br \/>\nInspe\u00e7\u00e3o do primeiro artigo<br \/>\nInspe\u00e7\u00e3o final\/\u00faltima inspe\u00e7\u00e3o<\/p>\n<p><b>Seus produtos ser\u00e3o inspecionados por nosso servi\u00e7o completo de qualidade<\/b><\/p>\n<p>M\u00e1quina de medi\u00e7\u00e3o por coordenadas (CMM)<\/p>\n<p>Projetor \u00f3ptico<\/p>\n<p>Estudos de capacidade de processo em ferramentas<\/p>","protected":false},"excerpt":{"rendered":"<p>Our Quality: We are committed to ensuring the quality of our products as well as improving them. Unlike many of our competitors, Provide high quality products and quality service to meet or exceed customer&#8217;s expectations. ISO 900l-2000 Certification standards.. Our Quality Management System runs through the whole business transaction, which includes: Design review Design verification [&hellip;]<\/p>\n","protected":false},"author":1,"featured_media":0,"parent":0,"menu_order":0,"comment_status":"open","ping_status":"open","template":"","meta":{"footnotes":""},"class_list":["post-24","page","type-page","status-publish","hentry"],"_links":{"self":[{"href":"https:\/\/plas.co\/pt\/wp-json\/wp\/v2\/pages\/24","targetHints":{"allow":["GET"]}}],"collection":[{"href":"https:\/\/plas.co\/pt\/wp-json\/wp\/v2\/pages"}],"about":[{"href":"https:\/\/plas.co\/pt\/wp-json\/wp\/v2\/types\/page"}],"author":[{"embeddable":true,"href":"https:\/\/plas.co\/pt\/wp-json\/wp\/v2\/users\/1"}],"replies":[{"embeddable":true,"href":"https:\/\/plas.co\/pt\/wp-json\/wp\/v2\/comments?post=24"}],"version-history":[{"count":0,"href":"https:\/\/plas.co\/pt\/wp-json\/wp\/v2\/pages\/24\/revisions"}],"wp:attachment":[{"href":"https:\/\/plas.co\/pt\/wp-json\/wp\/v2\/media?parent=24"}],"curies":[{"name":"wp","href":"https:\/\/api.w.org\/{rel}","templated":true}]}}