{"id":100,"date":"2014-09-20T16:18:58","date_gmt":"2014-09-20T08:18:58","guid":{"rendered":"http:\/\/andy-mold.com\/?page_id=100"},"modified":"2026-01-09T21:16:30","modified_gmt":"2026-01-09T13:16:30","slug":"mucegai-auto","status":"publish","type":"page","link":"https:\/\/plas.co\/ro\/produse\/mucegai-auto\/","title":{"rendered":"Mucegai auto"},"content":{"rendered":"<div  class='flex_column av-8gcv8-2577ba9e0c13fce46414471b02123209 av_one_full  avia-builder-el-0  el_before_av_textblock  avia-builder-el-first  first flex_column_div'     ><style type=\"text\/css\" data-created_by=\"avia_inline_auto\" id=\"style-css-av-lel1ywqt-993f07fca39d4726bedded6a95944041\">\n#top .avia-gallery.av-lel1ywqt-993f07fca39d4726bedded6a95944041 .avia-gallery-thumb a{\nwidth:33.3333%;\n}\n<\/style>\n<div  class='avia-gallery av-lel1ywqt-993f07fca39d4726bedded6a95944041 avia_animate_when_visible  avia-builder-el-1  avia-builder-el-no-sibling  avia_lazyload avia-gallery-animate avia-gallery-1'  itemprop=\"image\" itemscope=\"itemscope\" itemtype=\"https:\/\/schema.org\/ImageObject\" ><meta itemprop=\"contentURL\" content=\"https:\/\/plas.co\/ro\/produse\/mucegai-auto\/\"><div class='avia-gallery-thumb'><a href=\"https:\/\/plas.co\/wp-content\/uploads\/2023\/02\/automotive-injection-mold-1.jpg\" data-srcset=\"https:\/\/plas.co\/wp-content\/uploads\/2023\/02\/automotive-injection-mold-1.jpg 800w, https:\/\/plas.co\/wp-content\/uploads\/2023\/02\/automotive-injection-mold-1-300x225.jpg 300w, https:\/\/plas.co\/wp-content\/uploads\/2023\/02\/automotive-injection-mold-1-768x576.jpg 768w, https:\/\/plas.co\/wp-content\/uploads\/2023\/02\/automotive-injection-mold-1-705x529.jpg 705w\" data-sizes=\"(max-width: 800px) 100vw, 800px\" data-rel='gallery-1' data-prev-img='https:\/\/plas.co\/wp-content\/uploads\/2023\/02\/automotive-injection-mold-1-495x400.jpg' class='first_thumb lightbox' data-onclick='1' title='matri\u021b\u0103 de injec\u021bie pentru automobile'  itemprop=\"thumbnailUrl\"  ><img decoding=\"async\" fetchpriority=\"high\" class=\"wp-image-936 avia-img-lazy-loading-not-936\"   src=\"https:\/\/plas.co\/wp-content\/uploads\/2023\/02\/automotive-injection-mold-1-495x400.jpg\" width=\"495\" height=\"400\"  title='matri\u021b\u0103 de injec\u021bie pentru automobile' alt='matri\u021b\u0103 de injec\u021bie pentru automobile' \/><div class='big-prev-fake'><img decoding=\"async\" loading=\"lazy\" class=\"wp-image-936 avia-img-lazy-loading-936\"  width=\"495\" height=\"400\" src=\"https:\/\/plas.co\/wp-content\/uploads\/2023\/02\/automotive-injection-mold-1-495x400.jpg\" title='matri\u021b\u0103 de injec\u021bie pentru automobile' alt='matri\u021b\u0103 de injec\u021bie pentru automobile' \/><\/div><\/a><a href=\"https:\/\/plas.co\/wp-content\/uploads\/2023\/02\/automotive-mould-factory.jpg\" data-srcset=\"https:\/\/plas.co\/wp-content\/uploads\/2023\/02\/automotive-mould-factory.jpg 800w, https:\/\/plas.co\/wp-content\/uploads\/2023\/02\/automotive-mould-factory-300x225.jpg 300w, https:\/\/plas.co\/wp-content\/uploads\/2023\/02\/automotive-mould-factory-768x576.jpg 768w, https:\/\/plas.co\/wp-content\/uploads\/2023\/02\/automotive-mould-factory-705x529.jpg 705w\" data-sizes=\"(max-width: 800px) 100vw, 800px\" data-rel='gallery-1' data-prev-img='https:\/\/plas.co\/wp-content\/uploads\/2023\/02\/automotive-mould-factory-495x400.jpg' class='lightbox' data-onclick='2' title='fabric\u0103 de matri\u021be auto'  itemprop=\"thumbnailUrl\"  ><img decoding=\"async\" fetchpriority=\"high\" class=\"wp-image-938 avia-img-lazy-loading-not-938\"   src=\"https:\/\/plas.co\/wp-content\/uploads\/2023\/02\/automotive-mould-factory-495x400.jpg\" width=\"495\" height=\"400\"  title='fabric\u0103 de matri\u021be auto' alt='fabric\u0103 de matri\u021be auto' \/><div class='big-prev-fake'><img decoding=\"async\" loading=\"lazy\" class=\"wp-image-938 avia-img-lazy-loading-938\"  width=\"495\" height=\"400\" src=\"https:\/\/plas.co\/wp-content\/uploads\/2023\/02\/automotive-mould-factory-495x400.jpg\" title='fabric\u0103 de matri\u021be auto' alt='fabric\u0103 de matri\u021be auto' \/><\/div><\/a><a href=\"https:\/\/plas.co\/wp-content\/uploads\/2023\/02\/automotive-parts-mould.jpg\" data-srcset=\"https:\/\/plas.co\/wp-content\/uploads\/2023\/02\/automotive-parts-mould.jpg 600w, https:\/\/plas.co\/wp-content\/uploads\/2023\/02\/automotive-parts-mould-225x300.jpg 225w, https:\/\/plas.co\/wp-content\/uploads\/2023\/02\/automotive-parts-mould-529x705.jpg 529w\" data-sizes=\"(max-width: 600px) 100vw, 600px\" data-rel='gallery-1' data-prev-img='https:\/\/plas.co\/wp-content\/uploads\/2023\/02\/automotive-parts-mould-495x400.jpg' class='lightbox' data-onclick='3' title='mucegai piese auto'  itemprop=\"thumbnailUrl\"  ><img decoding=\"async\" fetchpriority=\"high\" class=\"wp-image-941 avia-img-lazy-loading-not-941\"   src=\"https:\/\/plas.co\/wp-content\/uploads\/2023\/02\/automotive-parts-mould-495x400.jpg\" width=\"495\" height=\"400\"  title='mucegai piese auto' alt='mucegai piese auto' \/><div class='big-prev-fake'><img decoding=\"async\" loading=\"lazy\" class=\"wp-image-941 avia-img-lazy-loading-941\"  width=\"495\" height=\"400\" src=\"https:\/\/plas.co\/wp-content\/uploads\/2023\/02\/automotive-parts-mould-495x400.jpg\" title='mucegai piese auto' alt='mucegai piese auto' \/><\/div><\/a><a href=\"https:\/\/plas.co\/wp-content\/uploads\/2023\/02\/automotive-plastic-mould.jpg\" data-srcset=\"https:\/\/plas.co\/wp-content\/uploads\/2023\/02\/automotive-plastic-mould.jpg 800w, https:\/\/plas.co\/wp-content\/uploads\/2023\/02\/automotive-plastic-mould-300x225.jpg 300w, https:\/\/plas.co\/wp-content\/uploads\/2023\/02\/automotive-plastic-mould-768x576.jpg 768w, https:\/\/plas.co\/wp-content\/uploads\/2023\/02\/automotive-plastic-mould-705x529.jpg 705w\" data-sizes=\"(max-width: 800px) 100vw, 800px\" data-rel='gallery-1' data-prev-img='https:\/\/plas.co\/wp-content\/uploads\/2023\/02\/automotive-plastic-mould-495x400.jpg' class='first_thumb lightbox' data-onclick='4' title='matri\u021b\u0103 din plastic pentru automobile'  itemprop=\"thumbnailUrl\"  ><img decoding=\"async\" fetchpriority=\"high\" class=\"wp-image-942 avia-img-lazy-loading-not-942\"   src=\"https:\/\/plas.co\/wp-content\/uploads\/2023\/02\/automotive-plastic-mould-495x400.jpg\" width=\"495\" height=\"400\"  title='matri\u021b\u0103 din plastic pentru automobile' alt='matri\u021b\u0103 din plastic pentru automobile' \/><div class='big-prev-fake'><img decoding=\"async\" loading=\"lazy\" class=\"wp-image-942 avia-img-lazy-loading-942\"  width=\"495\" height=\"400\" src=\"https:\/\/plas.co\/wp-content\/uploads\/2023\/02\/automotive-plastic-mould-495x400.jpg\" title='matri\u021b\u0103 din plastic pentru automobile' alt='matri\u021b\u0103 din plastic pentru automobile' \/><\/div><\/a><a href=\"https:\/\/plas.co\/wp-content\/uploads\/2023\/02\/China-automotive-mold-maker.jpg\" data-srcset=\"https:\/\/plas.co\/wp-content\/uploads\/2023\/02\/China-automotive-mold-maker.jpg 600w, https:\/\/plas.co\/wp-content\/uploads\/2023\/02\/China-automotive-mold-maker-225x300.jpg 225w, https:\/\/plas.co\/wp-content\/uploads\/2023\/02\/China-automotive-mold-maker-529x705.jpg 529w\" data-sizes=\"(max-width: 600px) 100vw, 600px\" data-rel='gallery-1' data-prev-img='https:\/\/plas.co\/wp-content\/uploads\/2023\/02\/China-automotive-mold-maker-495x400.jpg' class='lightbox' data-onclick='5' title='Produc\u0103tor de matri\u021be auto din China'  itemprop=\"thumbnailUrl\"  ><img decoding=\"async\" fetchpriority=\"high\" class=\"wp-image-943 avia-img-lazy-loading-not-943\"   src=\"https:\/\/plas.co\/wp-content\/uploads\/2023\/02\/China-automotive-mold-maker-495x400.jpg\" width=\"495\" height=\"400\"  title='Produc\u0103tor de matri\u021be auto din China' alt='Produc\u0103tor de matri\u021be auto din China' \/><div class='big-prev-fake'><img decoding=\"async\" loading=\"lazy\" class=\"wp-image-943 avia-img-lazy-loading-943\"  width=\"495\" height=\"400\" src=\"https:\/\/plas.co\/wp-content\/uploads\/2023\/02\/China-automotive-mold-maker-495x400.jpg\" title='Produc\u0103tor de matri\u021be auto din China' alt='Produc\u0103tor de matri\u021be auto din China' \/><\/div><\/a><a href=\"https:\/\/plas.co\/wp-content\/uploads\/2023\/02\/china-automotive-mould.jpg\" data-srcset=\"https:\/\/plas.co\/wp-content\/uploads\/2023\/02\/china-automotive-mould.jpg 600w, https:\/\/plas.co\/wp-content\/uploads\/2023\/02\/china-automotive-mould-225x300.jpg 225w, https:\/\/plas.co\/wp-content\/uploads\/2023\/02\/china-automotive-mould-529x705.jpg 529w\" data-sizes=\"(max-width: 600px) 100vw, 600px\" data-rel='gallery-1' data-prev-img='https:\/\/plas.co\/wp-content\/uploads\/2023\/02\/china-automotive-mould-495x400.jpg' class='lightbox' data-onclick='6' title='China mucegai auto'  itemprop=\"thumbnailUrl\"  ><img decoding=\"async\" fetchpriority=\"high\" class=\"wp-image-944 avia-img-lazy-loading-not-944\"   src=\"https:\/\/plas.co\/wp-content\/uploads\/2023\/02\/china-automotive-mould-495x400.jpg\" width=\"495\" height=\"400\"  title='China mucegai auto' alt='China mucegai auto' \/><div class='big-prev-fake'><img decoding=\"async\" loading=\"lazy\" class=\"wp-image-944 avia-img-lazy-loading-944\"  width=\"495\" height=\"400\" src=\"https:\/\/plas.co\/wp-content\/uploads\/2023\/02\/china-automotive-mould-495x400.jpg\" title='China mucegai auto' alt='China mucegai auto' \/><\/div><\/a><\/div><\/div><\/div>\n<section  class='av_textblock_section av-lel30rvk-cf1539555210428ee0eb928e39734301'   itemscope=\"itemscope\" itemtype=\"https:\/\/schema.org\/CreativeWork\" ><div class='avia_textblock'  itemprop=\"text\" ><div id=\"ez-toc-container\" class=\"ez-toc-v2_0_82_2 counter-hierarchy ez-toc-counter ez-toc-grey ez-toc-container-direction\">\n<div class=\"ez-toc-title-container\">\n<p class=\"ez-toc-title\" style=\"cursor:inherit\">Tabla de con\u021binut<\/p>\n<span class=\"ez-toc-title-toggle\"><a href=\"#\" class=\"ez-toc-pull-right ez-toc-btn ez-toc-btn-xs ez-toc-btn-default ez-toc-toggle\" aria-label=\"Toggle Tabelul de con\u021binut\"><span class=\"ez-toc-js-icon-con\"><span class=\"\"><span class=\"eztoc-hide\" style=\"display:none;\">Toggle<\/span><span class=\"ez-toc-icon-toggle-span\"><svg style=\"fill: #999;color:#999\" xmlns=\"http:\/\/www.w3.org\/2000\/svg\" class=\"list-377408\" width=\"20px\" height=\"20px\" viewbox=\"0 0 24 24\" fill=\"none\"><path d=\"M6 6H4v2h2V6zm14 0H8v2h12V6zM4 11h2v2H4v-2zm16 0H8v2h12v-2zM4 16h2v2H4v-2zm16 0H8v2h12v-2z\" fill=\"currentColor\"><\/path><\/svg><svg style=\"fill: #999;color:#999\" class=\"arrow-unsorted-368013\" xmlns=\"http:\/\/www.w3.org\/2000\/svg\" width=\"10px\" height=\"10px\" viewbox=\"0 0 24 24\" version=\"1.2\" baseprofile=\"tiny\"><path d=\"M18.2 9.3l-6.2-6.3-6.2 6.3c-.2.2-.3.4-.3.7s.1.5.3.7c.2.2.4.3.7.3h11c.3 0 .5-.1.7-.3.2-.2.3-.5.3-.7s-.1-.5-.3-.7zM5.8 14.7l6.2 6.3 6.2-6.3c.2-.2.3-.5.3-.7s-.1-.5-.3-.7c-.2-.2-.4-.3-.7-.3h-11c-.3 0-.5.1-.7.3-.2.2-.3.5-.3.7s.1.5.3.7z\"\/><\/svg><\/span><\/span><\/span><\/a><\/span><\/div>\n<nav><ul class='ez-toc-list ez-toc-list-level-1' ><li class='ez-toc-page-1 ez-toc-heading-level-2'><a class=\"ez-toc-link ez-toc-heading-1\" href=\"https:\/\/plas.co\/ro\/produse\/mucegai-auto\/#What_is_Automotive_Mould\" >Ce este mucegaiul auto<\/a><ul class='ez-toc-list-level-3' ><li class='ez-toc-heading-level-3'><a class=\"ez-toc-link ez-toc-heading-2\" href=\"https:\/\/plas.co\/ro\/produse\/mucegai-auto\/#Type_of_Automotive_Mould\" >Tip de matri\u021b\u0103 auto<\/a><\/li><li class='ez-toc-page-1 ez-toc-heading-level-3'><a class=\"ez-toc-link ez-toc-heading-3\" href=\"https:\/\/plas.co\/ro\/produse\/mucegai-auto\/#Applications_of_Automotive_Mould\" >Aplica\u021bii ale matri\u021belor auto<\/a><\/li><li class='ez-toc-page-1 ez-toc-heading-level-3'><a class=\"ez-toc-link ez-toc-heading-4\" href=\"https:\/\/plas.co\/ro\/produse\/mucegai-auto\/#Which_country_of_automotive_mould_suppliers_that_you_should_work_with\" >Cu ce \u021bar\u0103 de furnizori de matri\u021be auto ar trebui s\u0103 lucra\u021bi?<\/a><\/li><\/ul><\/li><\/ul><\/nav><\/div>\n<h2><span class=\"ez-toc-section\" id=\"What_is_Automotive_Mould\"><\/span>Ce este mucegaiul auto<span class=\"ez-toc-section-end\"><\/span><\/h2>\n<p><a href=\"https:\/\/plas.co\/ro\/produse\/mucegai-auto\/\"><em><strong>Matri\u021be pentru automobile<\/strong><\/em><\/a>, cunoscut \u0219i sub denumirea de matri\u021b\u0103 auto sau <a href=\"http:\/\/www.sheetmetalmasion.com\" target=\"_blank\" rel=\"noopener\">matri\u021b\u0103 pentru automobile<\/a>, este un instrument utilizat \u00een procesul de fabrica\u021bie a diferitelor piese \u0219i componente ale automobilelor. Este un dispozitiv utilizat pentru a modela \u0219i forma materiale, cum ar fi materialele plastice, metalele \u0219i compozitele, \u00een forma dorit\u0103 a produsului final,<\/p>\n<p>Matri\u021bele pentru automobile pot lua diferite forme, \u00een func\u021bie de complexitatea piesei produse. De exemplu, matri\u021bele de injec\u021bie sunt utilizate pentru a produce piese din plastic pentru automobile cu geometrii complexe, \u00een timp ce matri\u021bele de compresie sunt utilizate pentru a produce piese mari \u0219i groase, cum ar fi bara de protec\u021bie \u0219i tabloul de bord, din materiale compozite.<\/p>\n<p>Utilizarea matri\u021belor auto \u00een procesul de fabrica\u021bie permite un grad ridicat de precizie \u0219i acurate\u021be, precum \u0219i capacitatea de a produce volume mari de componente cu o calitate constant\u0103. Utilizarea matri\u021belor contribuie, de asemenea, la reducerea de\u0219eurilor \u0219i la cre\u0219terea eficien\u021bei \u00een procesul de fabrica\u021bie. aceasta este pagina despre care vorbim cu inten\u021bie <a href=\"http:\/\/plas.co\/ro\/matrita-de-injectie-pentru-automobile\/\">matri\u021b\u0103 de injec\u021bie pentru automobile<\/a>.<\/p>\n<h3><span class=\"ez-toc-section\" id=\"Type_of_Automotive_Mould\"><\/span>Tip de matri\u021b\u0103 auto<span class=\"ez-toc-section-end\"><\/span><\/h3>\n<p>Matri\u021bele pentru automobile sunt utilizate \u00een procesul de fabrica\u021bie a diferitelor piese \u0219i componente ale automobilelor. Exist\u0103 multe tipuri de matri\u021be pentru automobile, iat\u0103 c\u00e2teva tipuri de matri\u021be pentru automobile:<\/p>\n<ol>\n<li>Matri\u021be de injec\u021bie: Aceste matri\u021be sunt utilizate pentru a produce piese din plastic pentru automobile. Turnarea prin injec\u021bie este o metod\u0103 popular\u0103 pentru producerea de volume mari de componente din plastic cu geometrii complexe, iar aceasta este \u0219i afacerea noastr\u0103 medie, dac\u0103 ave\u021bi nevoie de matri\u021be de injec\u021bie pentru automobile, contacta\u021bi-ne pentru a ob\u021bine pre\u021bul.<\/li>\n<li>Matri\u021be de compresie: Aceste matri\u021be sunt utilizate pentru fabricarea de piese auto mari \u0219i groase, cum ar fi bare de protec\u021bie \u0219i tablouri de bord, din materiale compozite.<\/li>\n<li>Forme de suflare: Aceste matri\u021be sunt utilizate pentru a crea componente goale din plastic, cum ar fi rezervoarele de combustibil \u0219i conductele de aer.<\/li>\n<li>Matri\u021be de termoformare: Aceste matri\u021be sunt utilizate pentru a produce componente din plastic cu o ad\u00e2ncime mic\u0103, cum ar fi panourile u\u0219ilor \u0219i blocurile de instrumente.<\/li>\n<li>Matri\u021be de turnare sub presiune: Aceste matri\u021be sunt utilizate pentru a produce componente metalice, cum ar fi blocuri motor \u0219i carcase de transmisie, utiliz\u00e2nd un proces de injec\u021bie de \u00eenalt\u0103 presiune.<\/li>\n<li>Matri\u021be din cauciuc: Aceste matri\u021be sunt utilizate pentru a produce componente din cauciuc, cum ar fi garnituri \u0219i garnituri de etan\u0219are, pentru aplica\u021bii auto.<\/li>\n<li>Matri\u021be de extrudare: Aceste matri\u021be sunt utilizate pentru a produce componente lungi din plastic, cum ar fi garnituri de ferestre \u0219i burlane, prin for\u021barea materialului prin intermediul unei matri\u021be.<\/li>\n<\/ol>\n<p>Fiecare tip de matri\u021b\u0103 pentru automobile are propriile avantaje \u0219i dezavantaje unice, iar selectarea matri\u021bei depinde de cerin\u021bele specifice ale piesei produse.<\/p>\n<h3><span class=\"ez-toc-section\" id=\"Applications_of_Automotive_Mould\"><\/span>Aplica\u021bii ale matri\u021belor auto<span class=\"ez-toc-section-end\"><\/span><\/h3>\n<p><a href=\"https:\/\/www.plasticmold.net\/injection-molding-automotive\/\" target=\"_blank\" rel=\"noopener\">Matri\u021be pentru automobile<\/a> au o gam\u0103 larg\u0103 de aplica\u021bii \u00een industria auto. Iat\u0103 c\u00e2teva dintre aplica\u021biile matri\u021belor auto:<\/p>\n<ol>\n<li>Componente exterioare: Matri\u021bele auto sunt utilizate pentru a produce diverse componente exterioare ale vehiculelor, cum ar fi bare de protec\u021bie, grile, aripioare, capote \u0219i u\u0219i.<\/li>\n<li>Componente de interior: Matri\u021bele sunt utilizate pentru producerea componentelor interioare ale vehiculelor, cum ar fi tabloul de bord, panourile u\u0219ilor, scaunele \u0219i volanele.<\/li>\n<li>Componente de iluminat: Matri\u021bele auto sunt utilizate pentru a produce diverse componente de iluminat ale vehiculelor, cum ar fi faruri, stopuri \u0219i lentile de semnalizare.<\/li>\n<li>Componente de motor: Matri\u021bele sunt utilizate pentru a produce diverse componente de motor ale vehiculelor, cum ar fi blocuri motor, capete de cilindri \u0219i colectoare de admisie.<\/li>\n<li>Componente de transmisie: Matri\u021bele sunt utilizate pentru a produce diverse componente de transmisie ale vehiculelor, cum ar fi cutii de transmisie \u0219i angrenaje.<\/li>\n<li>Componente de suspensie: Matri\u021bele auto sunt utilizate pentru a produce diverse componente de suspensie ale vehiculelor, cum ar fi bra\u021bele de control \u0219i articula\u021biile sferice.<\/li>\n<li>Componente electrice: Matri\u021bele sunt utilizate pentru a produce diverse componente electrice ale vehiculelor, cum ar fi cablajele \u0219i conectorii.<\/li>\n<\/ol>\n<p>Pe scurt, matri\u021bele auto sunt utilizate \u00een procesul de fabrica\u021bie a aproape fiec\u0103rei componente a unui vehicul, de la caroserie \u0219i interior la motor \u0219i sistemul electric.<\/p>\n<h3><span class=\"ez-toc-section\" id=\"Which_country_of_automotive_mould_suppliers_that_you_should_work_with\"><\/span>Cu ce \u021bar\u0103 de furnizori de matri\u021be auto ar trebui s\u0103 lucra\u021bi?<span class=\"ez-toc-section-end\"><\/span><\/h3>\n<p>Exist\u0103 multe \u021b\u0103ri care au o prezen\u021b\u0103 puternic\u0103 \u00een industria automobilelor \u0219i au dezvoltat expertiz\u0103 \u00een fabricarea matri\u021belor. Unele dintre \u021b\u0103rile de top pentru <em><strong>furnizori de matri\u021be auto<\/strong><\/em> includ China, Germania, Japonia, Statele Unite \u0219i Coreea de Sud. Cu toate acestea, fiecare dintre aceste \u021b\u0103ri poate avea puncte forte \u0219i puncte slabe diferite \u0219i este important s\u0103 lua\u021bi \u00een considerare factori precum limba, cultura, logistica \u0219i drepturile de proprietate intelectual\u0103.<\/p>\n<p>Atunci c\u00e2nd selecta\u021bi un furnizor, este important s\u0103 efectua\u021bi o cercetare am\u0103nun\u021bit\u0103, s\u0103 verifica\u021bi acredit\u0103rile acestuia \u0219i s\u0103 analiza\u021bi procesele sale de fabrica\u021bie. De asemenea, este o idee bun\u0103 s\u0103 solicita\u021bi mostre \u0219i s\u0103 v\u0103 \u00eent\u00e2lni\u021bi personal cu furnizorul, dac\u0103 este posibil, pentru a v\u0103 asigura c\u0103 acesta v\u0103 poate satisface nevoile \u0219i cerin\u021bele specifice. \u00cen cele din urm\u0103, alegerea \u021b\u0103rii cu care s\u0103 lucra\u021bi va depinde de nevoile \u0219i preferin\u021bele dumneavoastr\u0103 individuale.<\/p>\n<div id=\"attachment_937\" style=\"width: 810px\" class=\"wp-caption aligncenter\"><a href=\"http:\/\/plas.co\/wp-content\/uploads\/2023\/02\/automotive-molds-1.jpg\"><img decoding=\"async\" aria-describedby=\"caption-attachment-937\" class=\"wp-image-937 size-full\" src=\"http:\/\/plas.co\/wp-content\/uploads\/2023\/02\/automotive-molds-1.jpg\" alt=\"Matri\u021be pentru automobile\" width=\"800\" height=\"600\" srcset=\"https:\/\/plas.co\/wp-content\/uploads\/2023\/02\/automotive-molds-1.jpg 800w, https:\/\/plas.co\/wp-content\/uploads\/2023\/02\/automotive-molds-1-300x225.jpg 300w, https:\/\/plas.co\/wp-content\/uploads\/2023\/02\/automotive-molds-1-768x576.jpg 768w, https:\/\/plas.co\/wp-content\/uploads\/2023\/02\/automotive-molds-1-705x529.jpg 705w\" sizes=\"(max-width: 800px) 100vw, 800px\" \/><\/a><p id=\"caption-attachment-937\" class=\"wp-caption-text\">Matri\u021be pentru automobile<\/p><\/div>\n<p>Conform datelor care arat\u0103 c\u0103 majoritatea produc\u0103torilor de automobile cump\u0103r\u0103 matri\u021be pentru automobile de la furnizorii de matri\u021be din China \u0219i poate v\u0103 \u00eentreba\u021bi de ce at\u00e2t de multe companii auto cump\u0103r\u0103 matri\u021be pentru automobile din China? Ei bine, mai jos v\u0103 putem oferi un r\u0103spuns:<\/p>\n<ol>\n<li>Eficien\u021ba costurilor: Unul dintre principalele motive pentru a lucra cu furnizorii de matri\u021be auto din China este rentabilitatea. China are o industrie de fabricare a matri\u021belor mare \u0219i foarte competitiv\u0103, cu costuri mai mici ale for\u021bei de munc\u0103, costuri mai mici ale materialelor \u0219i cheltuieli generale mai accesibile dec\u00e2t multe alte \u021b\u0103ri. Acest lucru poate duce la pre\u021buri mai mici pentru matri\u021be de \u00eenalt\u0103 calitate care \u00eendeplinesc standardele interna\u021bionale.<\/li>\n<li>Capacitatea de produc\u021bie: China are o industrie de produc\u021bie mare \u0219i bine dezvoltat\u0103, cu tehnologie \u0219i echipamente avansate \u0219i un accent puternic pe controlul calit\u0103\u021bii. Furnizorii chinezi de matri\u021be pentru automobile au experien\u021b\u0103 \u00een fabricarea de matri\u021be pentru o gam\u0103 larg\u0103 de aplica\u021bii, inclusiv geometrii complexe, matri\u021be cu cavit\u0103\u021bi multiple \u0219i produc\u021bii la scar\u0103 larg\u0103.<\/li>\n<li>Gam\u0103 larg\u0103 de materiale: Furnizorii de matri\u021be auto din China au acces la o gam\u0103 larg\u0103 de materiale, inclusiv materiale plastice, metale \u0219i compozite. Acest lucru le permite s\u0103 selecteze cel mai adecvat material pentru fiecare aplica\u021bie, lu\u00e2nd \u00een considerare factori precum durabilitatea, greutatea \u0219i costul.<\/li>\n<li>Scalabilitate: Furnizorii chinezi de matri\u021be pentru automobile sunt capabili s\u0103 produc\u0103 matri\u021be \u00een volume mari, ceea ce poate fi important pentru produc\u0103torii de automobile cu cerin\u021be de produc\u021bie ridicate. Furnizorii chinezi pot oferi, de asemenea, termene de r\u0103spuns rapide pentru comenzile urgente.<\/li>\n<li>Expertiza tehnic\u0103: China dispune de un num\u0103r mare de ingineri \u0219i tehnicieni califica\u021bi cu experien\u021b\u0103 \u00een proiectarea \u0219i fabricarea matri\u021belor. Mul\u021bi furnizori chinezi de matri\u021be au capacit\u0103\u021bi puternice de cercetare \u0219i dezvoltare \u0219i pot oferi solu\u021bii personalizate pentru a \u00eendeplini cerin\u021bele specifice ale clien\u021bilor.<\/li>\n<\/ol>\n<p>Cu toate acestea, atunci c\u00e2nd v\u0103 g\u00e2ndi\u021bi s\u0103 lucra\u021bi cu <em><strong>China furnizori de mucegai auto<\/strong><\/em>este important s\u0103 efectua\u021bi cercet\u0103ri am\u0103nun\u021bite, s\u0103 le verifica\u021bi acredit\u0103rile \u0219i s\u0103 le analiza\u021bi procesele de fabrica\u021bie pentru a v\u0103 asigura c\u0103 v\u0103 \u00eendeplinesc a\u0219tept\u0103rile privind calitatea \u0219i livrarea.<\/p>\n<p>De asemenea, trebuie avute \u00een vedere limba, cultura, logistica \u0219i drepturile de proprietate intelectual\u0103. Este important s\u0103 se aleag\u0103 <a href=\"http:\/\/plas.co\/ro\/\">furnizori de matri\u021be<\/a> care v\u0103 poate satisface nevoile \u0219i cerin\u021bele specifice \u0219i care are o experien\u021b\u0103 dovedit\u0103 \u00een livrarea de produse de \u00eenalt\u0103 calitate la timp \u0219i \u00een limita bugetului.<\/p>\n<\/div><\/section>","protected":false},"excerpt":{"rendered":"","protected":false},"author":1,"featured_media":931,"parent":17,"menu_order":0,"comment_status":"open","ping_status":"open","template":"","meta":{"footnotes":""},"class_list":["post-100","page","type-page","status-publish","has-post-thumbnail","hentry"],"_links":{"self":[{"href":"https:\/\/plas.co\/ro\/wp-json\/wp\/v2\/pages\/100","targetHints":{"allow":["GET"]}}],"collection":[{"href":"https:\/\/plas.co\/ro\/wp-json\/wp\/v2\/pages"}],"about":[{"href":"https:\/\/plas.co\/ro\/wp-json\/wp\/v2\/types\/page"}],"author":[{"embeddable":true,"href":"https:\/\/plas.co\/ro\/wp-json\/wp\/v2\/users\/1"}],"replies":[{"embeddable":true,"href":"https:\/\/plas.co\/ro\/wp-json\/wp\/v2\/comments?post=100"}],"version-history":[{"count":1,"href":"https:\/\/plas.co\/ro\/wp-json\/wp\/v2\/pages\/100\/revisions"}],"predecessor-version":[{"id":2818,"href":"https:\/\/plas.co\/ro\/wp-json\/wp\/v2\/pages\/100\/revisions\/2818"}],"up":[{"embeddable":true,"href":"https:\/\/plas.co\/ro\/wp-json\/wp\/v2\/pages\/17"}],"wp:featuredmedia":[{"embeddable":true,"href":"https:\/\/plas.co\/ro\/wp-json\/wp\/v2\/media\/931"}],"wp:attachment":[{"href":"https:\/\/plas.co\/ro\/wp-json\/wp\/v2\/media?parent=100"}],"curies":[{"name":"wp","href":"https:\/\/api.w.org\/{rel}","templated":true}]}}