{"id":103,"date":"2014-09-20T16:59:07","date_gmt":"2014-09-20T08:59:07","guid":{"rendered":"http:\/\/andy-mold.com\/?page_id=103"},"modified":"2023-02-24T22:57:10","modified_gmt":"2023-02-24T14:57:10","slug":"ambalare-prin-turnare-prin-injectie","status":"publish","type":"page","link":"https:\/\/plas.co\/ro\/ambalare-prin-turnare-prin-injectie\/","title":{"rendered":"Ambalaje de turnare prin injec\u021bie"},"content":{"rendered":"<div  class='flex_column av-av_one_full-7714eba142aeda1f8b5272a3c372b279 av_one_full  avia-builder-el-0  avia-builder-el-no-sibling  first flex_column_div'     ><section  class='av_textblock_section av-leinkoqn-2ce71e3bca6dba456b9c8fbc10182ea3'   itemscope=\"itemscope\" itemtype=\"https:\/\/schema.org\/CreativeWork\" ><div class='avia_textblock'  itemprop=\"text\" ><div id=\"ez-toc-container\" class=\"ez-toc-v2_0_82_2 counter-hierarchy ez-toc-counter ez-toc-grey ez-toc-container-direction\">\n<div class=\"ez-toc-title-container\">\n<p class=\"ez-toc-title\" style=\"cursor:inherit\">Tabla de con\u021binut<\/p>\n<span class=\"ez-toc-title-toggle\"><a href=\"#\" class=\"ez-toc-pull-right ez-toc-btn ez-toc-btn-xs ez-toc-btn-default ez-toc-toggle\" aria-label=\"Toggle Tabelul de con\u021binut\"><span class=\"ez-toc-js-icon-con\"><span class=\"\"><span class=\"eztoc-hide\" style=\"display:none;\">Toggle<\/span><span class=\"ez-toc-icon-toggle-span\"><svg style=\"fill: #999;color:#999\" xmlns=\"http:\/\/www.w3.org\/2000\/svg\" class=\"list-377408\" width=\"20px\" height=\"20px\" viewbox=\"0 0 24 24\" fill=\"none\"><path d=\"M6 6H4v2h2V6zm14 0H8v2h12V6zM4 11h2v2H4v-2zm16 0H8v2h12v-2zM4 16h2v2H4v-2zm16 0H8v2h12v-2z\" fill=\"currentColor\"><\/path><\/svg><svg style=\"fill: #999;color:#999\" class=\"arrow-unsorted-368013\" xmlns=\"http:\/\/www.w3.org\/2000\/svg\" width=\"10px\" height=\"10px\" viewbox=\"0 0 24 24\" version=\"1.2\" baseprofile=\"tiny\"><path d=\"M18.2 9.3l-6.2-6.3-6.2 6.3c-.2.2-.3.4-.3.7s.1.5.3.7c.2.2.4.3.7.3h11c.3 0 .5-.1.7-.3.2-.2.3-.5.3-.7s-.1-.5-.3-.7zM5.8 14.7l6.2 6.3 6.2-6.3c.2-.2.3-.5.3-.7s-.1-.5-.3-.7c-.2-.2-.4-.3-.7-.3h-11c-.3 0-.5.1-.7.3-.2.2-.3.5-.3.7s.1.5.3.7z\"\/><\/svg><\/span><\/span><\/span><\/a><\/span><\/div>\n<nav><ul class='ez-toc-list ez-toc-list-level-1' ><li class='ez-toc-page-1 ez-toc-heading-level-2'><a class=\"ez-toc-link ez-toc-heading-1\" href=\"https:\/\/plas.co\/ro\/ambalare-prin-turnare-prin-injectie\/#What_is_injection_mold_packaging\" >Ce este ambalarea prin injec\u021bie<\/a><ul class='ez-toc-list-level-3' ><li class='ez-toc-heading-level-3'><a class=\"ez-toc-link ez-toc-heading-2\" href=\"https:\/\/plas.co\/ro\/ambalare-prin-turnare-prin-injectie\/#Section_1_The_Benefits_of_Injection_Molding_for_Packaging\" >Sec\u021biunea 1: Beneficiile turn\u0103rii prin injec\u021bie pentru ambalaje<\/a><\/li><li class='ez-toc-page-1 ez-toc-heading-level-3'><a class=\"ez-toc-link ez-toc-heading-3\" href=\"https:\/\/plas.co\/ro\/ambalare-prin-turnare-prin-injectie\/#Section_2_The_Different_Types_of_Materials_Used_in_Injection_Molding_for_Packaging\" >Sec\u021biunea 2: Diferitele tipuri de materiale utilizate \u00een turnarea prin injec\u021bie pentru ambalaje<\/a><\/li><li class='ez-toc-page-1 ez-toc-heading-level-3'><a class=\"ez-toc-link ez-toc-heading-4\" href=\"https:\/\/plas.co\/ro\/ambalare-prin-turnare-prin-injectie\/#Section_3_The_Process_of_Injection_Molding\" >Sec\u021biunea 3: Procesul de turnare prin injec\u021bie<\/a><\/li><li class='ez-toc-page-1 ez-toc-heading-level-3'><a class=\"ez-toc-link ez-toc-heading-5\" href=\"https:\/\/plas.co\/ro\/ambalare-prin-turnare-prin-injectie\/#Section_4_The_Various_Applications_of_Injection_Molding_in_Packaging\" >Sec\u021biunea 4: Diferitele aplica\u021bii ale turn\u0103rii prin injec\u021bie \u00een ambalaje<\/a><\/li><li class='ez-toc-page-1 ez-toc-heading-level-3'><a class=\"ez-toc-link ez-toc-heading-6\" href=\"https:\/\/plas.co\/ro\/ambalare-prin-turnare-prin-injectie\/#Injection_mold_resin_for_cosmetic_packaging\" >R\u0103\u0219in\u0103 de turnare prin injec\u021bie pentru ambalaje cosmetice<\/a><\/li><li class='ez-toc-page-1 ez-toc-heading-level-3'><a class=\"ez-toc-link ez-toc-heading-7\" href=\"https:\/\/plas.co\/ro\/ambalare-prin-turnare-prin-injectie\/#Injection_molds_for_packaging\" >Forme de injec\u021bie pentru ambalaje<\/a><ul class='ez-toc-list-level-4' ><li class='ez-toc-heading-level-4'><a class=\"ez-toc-link ez-toc-heading-8\" href=\"https:\/\/plas.co\/ro\/ambalare-prin-turnare-prin-injectie\/#Conclusion\" >Concluzie:<\/a><\/li><\/ul><\/li><\/ul><\/li><\/ul><\/nav><\/div>\n<h2><span class=\"ez-toc-section\" id=\"What_is_injection_mold_packaging\"><\/span>Ce este ambalarea prin injec\u021bie<span class=\"ez-toc-section-end\"><\/span><\/h2>\n<p><strong><em>Ambalaje prin turnare prin injec\u021bie<\/em><\/strong> este un proces de fabrica\u021bie utilizat pentru a produce o gam\u0103 larg\u0103 de produse de ambalare din plastic, cum ar fi sticle, borcane, recipiente \u0219i capace. Procesul implic\u0103 injectarea de material plastic topit \u00eentr-o cavitate de matri\u021b\u0103, care este proiectat\u0103 pentru a crea forma dorit\u0103 a produsului de ambalare.<\/p>\n<p>Materialul plastic utilizat pentru turnarea prin injec\u021bie poate varia \u00een func\u021bie de aplica\u021bia \u0219i cerin\u021bele specifice ale produsului de ambalare. Unele dintre materialele plastice utilizate \u00een mod obi\u0219nuit pentru <em>ambalaje din plastic turnat prin injec\u021bie<\/em> includ polietilen\u0103 (PE), polipropilen\u0103 (PP), polietilen tereftalat (PET), polistiren (PS) \u0219i acrilonitril butadien stiren (ABS).<\/p>\n<p>Procesul de turnare prin injec\u021bie pentru ambalaje din plastic implic\u0103 mai multe etape, inclusiv:<\/p>\n<ol>\n<li>Proiectarea matri\u021bei - O matri\u021b\u0103 este proiectat\u0103 pentru a crea forma \u0219i caracteristicile dorite ale produsului de ambalare. Matri\u021ba poate fi fabricat\u0103 din o\u021bel sau aluminiu \u0219i const\u0103 din dou\u0103 jum\u0103t\u0103\u021bi care sunt \u00een\u0219urubate \u00eempreun\u0103.<\/li>\n<li>Preg\u0103tirea materialului plastic - Materialul plastic este topit \u0219i preg\u0103tit pentru turnarea prin injec\u021bie. Peletele de plastic sunt introduse \u00een ma\u0219ina de turnare prin injec\u021bie, unde sunt topite \u0219i amestecate cu aditivi, cum ar fi coloran\u021bi \u0219i stabilizatori.<\/li>\n<li>Turnare prin injec\u021bie - Materialul plastic topit este injectat \u00een cavitatea matri\u021bei sub presiune ridicat\u0103. Materialul plastic umple cavitatea \u0219i ia forma matri\u021bei.<\/li>\n<li>R\u0103cirea \u0219i solidificarea - Materialul plastic este l\u0103sat s\u0103 se r\u0103ceasc\u0103 \u0219i s\u0103 se solidifice \u00een interiorul matri\u021bei. Odat\u0103 ce materialul plastic este complet solidificat, cele dou\u0103 jum\u0103t\u0103\u021bi ale formei sunt separate, iar produsul finit este ejectat.<\/li>\n<\/ol>\n<p><em>ambalaje din plastic turnat prin injec\u021bie<\/em> este un proces de fabrica\u021bie utilizat pe scar\u0103 larg\u0103 pentru producerea de ambalaje din plastic.<\/p>\n<div id=\"attachment_395\" style=\"width: 692px\" class=\"wp-caption aligncenter\"><a href=\"http:\/\/plas.co\/wp-content\/uploads\/2016\/02\/Product-01.jpg\"><img decoding=\"async\" aria-describedby=\"caption-attachment-395\" class=\"wp-image-395 size-full\" src=\"http:\/\/plas.co\/wp-content\/uploads\/2016\/02\/Product-01.jpg\" alt=\"ambalare prin turnare prin injec\u021bie\" width=\"682\" height=\"488\" srcset=\"https:\/\/plas.co\/wp-content\/uploads\/2016\/02\/Product-01.jpg 682w, https:\/\/plas.co\/wp-content\/uploads\/2016\/02\/Product-01-300x215.jpg 300w\" sizes=\"(max-width: 682px) 100vw, 682px\" \/><\/a><p id=\"caption-attachment-395\" class=\"wp-caption-text\">ambalare prin turnare prin injec\u021bie<\/p><\/div>\n<p>Ambalajul este un aspect crucial al oric\u0103rui produs. Acesta serve\u0219te drept prima impresie \u0219i poate influen\u021ba deciziile consumatorilor. Odat\u0103 cu cre\u0219terea cererii de solu\u021bii de ambalare durabile \u0219i ecologice, nevoia de procese de produc\u021bie eficiente a devenit mai important\u0103 ca niciodat\u0103. Turnarea prin injec\u021bie este un astfel de proces care a revolu\u021bionat industria ambalajelor. \u00cen acest ghid cuprinz\u0103tor, vom explora beneficiile turn\u0103rii prin injec\u021bie pentru ambalaje, diferitele tipuri de materiale utilizate, procesul de turnare prin injec\u021bie \u0219i diferitele aplica\u021bii ale acestei tehnologii \u00een ambalaje.<\/p>\n<h3><span class=\"ez-toc-section\" id=\"Section_1_The_Benefits_of_Injection_Molding_for_Packaging\"><\/span>Sec\u021biunea 1: Beneficiile turn\u0103rii prin injec\u021bie pentru ambalaje<span class=\"ez-toc-section-end\"><\/span><\/h3>\n<p>Turnarea prin injec\u021bie este un proces de fabrica\u021bie care implic\u0103 injectarea plasticului topit \u00eentr-o matri\u021b\u0103 pentru a crea un produs. Acest proces ofer\u0103 mai multe beneficii pentru ambalaje, inclusiv:<\/p>\n<p>1.1. Raportul cost-eficacitate: Turnarea prin injec\u021bie permite produc\u021bia de volume mari, ceea ce o face o solu\u021bie rentabil\u0103 pentru produc\u021bia pe scar\u0103 larg\u0103 de materiale de ambalare.<\/p>\n<p>1.2. Flexibilitatea proiect\u0103rii: Turnarea prin injec\u021bie ofer\u0103 designerilor libertatea de a crea forme complexe \u0219i modele complicate care ar fi dificil de realizat cu alte procese de fabrica\u021bie.<\/p>\n<p>1.3. Versatilitatea materialelor: Turnarea prin injec\u021bie poate fi utilizat\u0103 cu o gam\u0103 larg\u0103 de materiale, inclusiv termoplastice, termorezistente \u0219i elastomeri.<\/p>\n<h3><span class=\"ez-toc-section\" id=\"Section_2_The_Different_Types_of_Materials_Used_in_Injection_Molding_for_Packaging\"><\/span>Sec\u021biunea 2: Diferitele tipuri de materiale utilizate \u00een turnarea prin injec\u021bie pentru ambalaje<span class=\"ez-toc-section-end\"><\/span><\/h3>\n<p>2.1. Materiale termoplastice: Termoplasticele sunt cele mai frecvent utilizate materiale \u00een turnarea prin injec\u021bie pentru ambalaje. Acestea sunt durabile, u\u0219oare \u0219i pot fi u\u0219or turnate \u00een diferite forme \u0219i dimensiuni.<\/p>\n<p>2.2. Termoseturi: Termoseturile sunt ideale pentru ambalarea produselor care necesit\u0103 rezisten\u021b\u0103 la c\u0103ldur\u0103 \u0219i durabilitate ridicat\u0103.<\/p>\n<p>2.3. Elastomeri: Elastomerii sunt utiliza\u021bi pentru ambalarea produselor care necesit\u0103 flexibilitate \u0219i moliciune.<\/p>\n<h3><span class=\"ez-toc-section\" id=\"Section_3_The_Process_of_Injection_Molding\"><\/span>Sec\u021biunea 3: Procesul de turnare prin injec\u021bie<span class=\"ez-toc-section-end\"><\/span><\/h3>\n<p>3.1. Proiectarea matri\u021bei: Primul pas \u00een procesul de turnare prin injec\u021bie este proiectarea matri\u021bei. Matri\u021ba este proiectat\u0103 \u00een func\u021bie de specifica\u021biile exacte ale produsului.<\/p>\n<p>3.2. Preg\u0103tirea materialului: Materialul selectat este apoi topit \u0219i preg\u0103tit pentru injectare.<\/p>\n<p>3.3. Injectarea: Materialul topit este injectat \u00een matri\u021b\u0103 sub presiune ridicat\u0103, umpl\u00e2nd cavitatea matri\u021bei.<\/p>\n<p>3.4. R\u0103cirea: Matri\u021ba este r\u0103cit\u0103 pentru a solidifica plasticul, iar produsul este ejectat.<\/p>\n<h3><span class=\"ez-toc-section\" id=\"Section_4_The_Various_Applications_of_Injection_Molding_in_Packaging\"><\/span>Sec\u021biunea 4: Diferitele aplica\u021bii ale turn\u0103rii prin injec\u021bie \u00een ambalaje<span class=\"ez-toc-section-end\"><\/span><\/h3>\n<p>4.1. Ambalaje alimentare: Turnarea prin injec\u021bie este utilizat\u0103 pe scar\u0103 larg\u0103 pentru ambalarea alimentelor, inclusiv recipiente, t\u0103vi \u0219i tac\u00e2muri.<\/p>\n<p>4.2. Ambalarea b\u0103uturilor: Turnarea prin injec\u021bie este utilizat\u0103 \u0219i pentru ambalarea b\u0103uturilor, inclusiv sticle \u0219i capace.<\/p>\n<p>4.3. Ambalaje cosmetice: Turnarea prin injec\u021bie este utilizat\u0103 pentru ambalarea produselor cosmetice, inclusiv borcane, recipiente \u0219i \u00eenchiz\u0103tori.<\/p>\n<p>4.4. Ambalaje medicale: <em>Turnare prin injec\u021bie<\/em> este utilizat pentru ambalaje medicale, inclusiv seringi, fiole \u0219i recipiente.<\/p>\n<p>Sec\u021biunea 5: Impactul turn\u0103rii prin injec\u021bie asupra ambalajelor durabile<\/p>\n<p>5.1. Materiale biodegradabile: Turnarea prin injec\u021bie a permis producerea de materiale de ambalare biodegradabile care sunt ecologice \u0219i durabile.<\/p>\n<p>5.2. Materiale reciclabile: Turnarea prin injec\u021bie a f\u0103cut, de asemenea, posibil\u0103 producerea de materiale de ambalare care sunt u\u0219or reciclabile, reduc\u00e2nd cantitatea de de\u0219euri generate.<\/p>\n<h3><span class=\"ez-toc-section\" id=\"Injection_mold_resin_for_cosmetic_packaging\"><\/span>R\u0103\u0219in\u0103 de turnare prin injec\u021bie pentru ambalaje cosmetice<span class=\"ez-toc-section-end\"><\/span><\/h3>\n<p>R\u0103\u0219ina pentru matri\u021be de injec\u021bie este o component\u0103 esen\u021bial\u0103 \u00een produc\u021bia de ambalaje cosmetice. Exist\u0103 mai mul\u021bi factori care trebuie lua\u021bi \u00een considerare la selectarea r\u0103\u0219inii adecvate pentru ambalajul cosmetic, inclusiv compatibilitatea produsului cu r\u0103\u0219ina, propriet\u0103\u021bile fizice dorite ale ambalajului \u0219i procesul de fabrica\u021bie.<\/p>\n<p>Una dintre cele mai frecvent utilizate r\u0103\u0219ini pentru ambalarea produselor cosmetice este polipropilena (PP). PP este o r\u0103\u0219in\u0103 versatil\u0103 care se modeleaz\u0103 u\u0219or, este u\u0219oar\u0103 \u0219i ofer\u0103 o rezisten\u021b\u0103 chimic\u0103 excelent\u0103. Este ideal\u0103 pentru ambalarea produselor care necesit\u0103 un nivel ridicat de rezisten\u021b\u0103 la umiditate, cum ar fi cremele, lo\u021biunile \u0219i serurile.<\/p>\n<p>O alt\u0103 r\u0103\u0219in\u0103 popular\u0103 pentru ambalarea produselor cosmetice este polietilenul tereftalat (PET). PET este o r\u0103\u0219in\u0103 puternic\u0103 \u0219i u\u0219oar\u0103, ideal\u0103 pentru produsele de ambalare transparente, cum ar fi sticlele \u0219i borcanele. Ofer\u0103 o rezisten\u021b\u0103 excelent\u0103 la umiditate, substan\u021be chimice \u0219i lumin\u0103 UV, ceea ce o face o alegere popular\u0103 pentru ambalarea produselor cosmetice.<\/p>\n<p>Acrilonitril butadien stiren (ABS) este o alt\u0103 r\u0103\u0219in\u0103 utilizat\u0103 frecvent \u00een ambalarea produselor cosmetice. ABS este o r\u0103\u0219in\u0103 puternic\u0103 \u0219i durabil\u0103, ideal\u0103 pentru ambalarea produselor care necesit\u0103 un nivel ridicat de rezisten\u021b\u0103 la impact, cum ar fi compactele \u0219i rujurile.<\/p>\n<p>Policarbonatul (PC) este o r\u0103\u0219in\u0103 transparent\u0103, puternic\u0103 \u0219i u\u0219oar\u0103, ideal\u0103 pentru ambalarea produselor care necesit\u0103 claritate ridicat\u0103 \u0219i rezisten\u021b\u0103 la impact, cum ar fi paletele de farduri de ochi \u0219i tuburile de ruj. Este, de asemenea, o alegere excelent\u0103 pentru produsele care necesit\u0103 un nivel ridicat de rezisten\u021b\u0103 la c\u0103ldur\u0103.<\/p>\n<p>Atunci c\u00e2nd selecta\u021bi o r\u0103\u0219in\u0103 pentru ambalaje cosmetice, este important s\u0103 lua\u021bi \u00een considerare procesul de fabrica\u021bie. Turnarea prin injec\u021bie este cel mai comun proces de fabrica\u021bie pentru ambalajele cosmetice, dar nu toate r\u0103\u0219inile sunt potrivite pentru acest proces. R\u0103\u0219inile care sunt prea fragile sau prea v\u00e2scoase pot s\u0103 nu fie potrivite pentru turnarea prin injec\u021bie. Este esen\u021bial s\u0103 selecta\u021bi o r\u0103\u0219in\u0103 care poate fi u\u0219or turnat\u0103 prin injec\u021bie pentru a asigura un produs final consistent \u0219i de \u00eenalt\u0103 calitate.<\/p>\n<h3><span class=\"ez-toc-section\" id=\"Injection_molds_for_packaging\"><\/span>Forme de injec\u021bie pentru ambalaje<span class=\"ez-toc-section-end\"><\/span><\/h3>\n<p><em><strong>Turnare prin injec\u021bie<\/strong><\/em> este un proces de fabrica\u021bie utilizat pe scar\u0103 larg\u0103 pentru a produce produse de ambalare de \u00eenalt\u0103 calitate \u0219i rentabile. Matri\u021bele de injec\u021bie pentru ambalaje sunt concepute pentru a crea o mare varietate de forme \u0219i dimensiuni de ambalaje, inclusiv sticle, borcane, capace, \u00eenchiz\u0103tori \u0219i containere.<\/p>\n<p>Procesul de turnare prin injec\u021bie implic\u0103 utilizarea unei matri\u021be, care este un instrument conceput pentru a produce forma dorit\u0103 a produsului de ambalare. Matri\u021ba este de obicei fabricat\u0103 din o\u021bel sau aluminiu \u0219i const\u0103 din dou\u0103 jum\u0103t\u0103\u021bi care sunt fixate \u00eempreun\u0103. Materialul plastic topit este injectat \u00een cavitatea matri\u021bei, iar odat\u0103 ce se r\u0103ce\u0219te \u0219i se solidific\u0103, cele dou\u0103 jum\u0103t\u0103\u021bi ale matri\u021bei sunt separate pentru a elibera produsul finit.<\/p>\n<p>Unul dintre avantajele semnificative ale <em>turnare prin injec\u021bie<\/em> este capacitatea sa de a produce forme complexe \u0219i complicate cu precizie \u0219i consecven\u021b\u0103 ridicate. Matri\u021bele de injec\u021bie pentru ambalaje pot fi concepute pentru a crea produse cu diverse caracteristici, cum ar fi fire, reliefuri, gravuri \u0219i texturi. Aceast\u0103 versatilitate face din turnarea prin injec\u021bie un proces ideal pentru producerea de produse de ambalare cu design unic \u0219i atr\u0103g\u0103tor.<\/p>\n<p>Un alt avantaj al turn\u0103rii prin injec\u021bie pentru ambalaje este capacitatea sa de a produce volume mari de produse la o rat\u0103 rapid\u0103. <a href=\"https:\/\/en.wikipedia.org\/wiki\/Injection_moulding\" target=\"_blank\" rel=\"noopener\">Turnare prin injec\u021bie<\/a> pot produce mii de produse \u00eentr-un singur ciclu, ceea ce \u00eel face un proces de fabrica\u021bie extrem de eficient \u0219i rentabil.<\/p>\n<p>Atunci c\u00e2nd selecta\u021bi un <em>ambalarea matri\u021belor de injec\u021bie<\/em>, trebuie lua\u021bi \u00een considerare mai mul\u021bi factori, inclusiv tipul de material plastic, forma \u0219i dimensiunea dorite ale produsului, precum \u0219i procesul de fabrica\u021bie. De exemplu, unele materiale plastice necesit\u0103 ma\u0219ini de turnare prin injec\u021bie de \u00eenalt\u0103 presiune pentru a ob\u021bine propriet\u0103\u021bile fizice dorite, \u00een timp ce altele pot necesita o ma\u0219in\u0103 cu presiune mai mic\u0103.<\/p>\n<p>\u00cen plus, designul matri\u021bei poate afecta, de asemenea, procesul de fabrica\u021bie \u0219i calitatea produsului final. O matri\u021b\u0103 bine conceput\u0103 poate contribui la reducerea defectelor de fabrica\u021bie, cum ar fi deformarea, scufundarea \u0219i sclipirile, \u0219i la realizarea unor produse cu un finisaj \u0219i o calitate constante.<\/p>\n<h4><span class=\"ez-toc-section\" id=\"Conclusion\"><\/span>Concluzie:<span class=\"ez-toc-section-end\"><\/span><\/h4>\n<p>Turnarea prin injec\u021bie a revolu\u021bionat industria ambalajelor, oferind solu\u021bii rentabile, flexibilitate \u00een proiectare \u0219i versatilitate a materialelor. Ea a permis producerea de solu\u021bii de ambalare durabile \u0219i ecologice, f\u0103c\u00e2nd-o o tehnologie esen\u021bial\u0103 pentru viitorul ambalajelor.<\/p>\n<p>Prin \u00een\u021belegerea beneficiilor turn\u0103rii prin injec\u021bie, a diferitelor tipuri de materiale utilizate, a procesului de turnare prin injec\u021bie \u0219i a diverselor aplica\u021bii ale acestei tehnologii \u00een ambalaje, designerii, inginerii \u0219i profesioni\u0219tii din domeniul ambalajelor pot lua decizii \u00een cuno\u0219tin\u021b\u0103 de cauz\u0103 care pot contribui la crearea unui viitor mai bun \u0219i mai durabil.<\/p>\n<\/div><\/section><\/div>","protected":false},"excerpt":{"rendered":"","protected":false},"author":1,"featured_media":0,"parent":0,"menu_order":0,"comment_status":"open","ping_status":"open","template":"","meta":{"footnotes":""},"class_list":["post-103","page","type-page","status-publish","hentry"],"_links":{"self":[{"href":"https:\/\/plas.co\/ro\/wp-json\/wp\/v2\/pages\/103","targetHints":{"allow":["GET"]}}],"collection":[{"href":"https:\/\/plas.co\/ro\/wp-json\/wp\/v2\/pages"}],"about":[{"href":"https:\/\/plas.co\/ro\/wp-json\/wp\/v2\/types\/page"}],"author":[{"embeddable":true,"href":"https:\/\/plas.co\/ro\/wp-json\/wp\/v2\/users\/1"}],"replies":[{"embeddable":true,"href":"https:\/\/plas.co\/ro\/wp-json\/wp\/v2\/comments?post=103"}],"version-history":[{"count":0,"href":"https:\/\/plas.co\/ro\/wp-json\/wp\/v2\/pages\/103\/revisions"}],"wp:attachment":[{"href":"https:\/\/plas.co\/ro\/wp-json\/wp\/v2\/media?parent=103"}],"curies":[{"name":"wp","href":"https:\/\/api.w.org\/{rel}","templated":true}]}}