{"id":125,"date":"2014-09-20T18:16:39","date_gmt":"2014-09-20T10:16:39","guid":{"rendered":"http:\/\/andy-mold.com\/?page_id=125"},"modified":"2023-02-27T22:17:59","modified_gmt":"2023-02-27T14:17:59","slug":"producatori-de-matrite","status":"publish","type":"page","link":"https:\/\/plas.co\/ro\/producatori-de-matrite\/","title":{"rendered":"Produc\u0103tor de matri\u021be"},"content":{"rendered":"<style type=\"text\/css\" data-created_by=\"avia_inline_auto\" id=\"style-css-av-lel5bo9m-9db356ac3663fdf6d82633bde056ed2c\">\n#top .avia-gallery.av-lel5bo9m-9db356ac3663fdf6d82633bde056ed2c .avia-gallery-thumb a{\nwidth:25%;\n}\n<\/style>\n<div  class='avia-gallery av-lel5bo9m-9db356ac3663fdf6d82633bde056ed2c avia_animate_when_visible  avia-builder-el-0  el_before_av_textblock  avia-builder-el-first  avia_lazyload avia-gallery-animate avia-gallery-1'  itemprop=\"image\" itemscope=\"itemscope\" itemtype=\"https:\/\/schema.org\/ImageObject\" ><meta itemprop=\"contentURL\" content=\"https:\/\/plas.co\/ro\/producatori-de-matrite\/\"><div class='avia-gallery-thumb'><a href=\"https:\/\/plas.co\/wp-content\/uploads\/2023\/02\/Measurement-machine.jpg\" data-srcset=\"https:\/\/plas.co\/wp-content\/uploads\/2023\/02\/Measurement-machine.jpg 640w, https:\/\/plas.co\/wp-content\/uploads\/2023\/02\/Measurement-machine-300x225.jpg 300w\" data-sizes=\"(max-width: 640px) 100vw, 640px\" data-rel='gallery-1' data-prev-img='https:\/\/plas.co\/wp-content\/uploads\/2023\/02\/Measurement-machine-495x400.jpg' class='first_thumb lightbox' data-onclick='1' title='Aparat de m\u0103surare'  itemprop=\"thumbnailUrl\"  ><img decoding=\"async\" fetchpriority=\"high\" class=\"wp-image-954 avia-img-lazy-loading-not-954\"   src=\"https:\/\/plas.co\/wp-content\/uploads\/2023\/02\/Measurement-machine-495x400.jpg\" width=\"495\" height=\"400\"  title='Aparat de m\u0103surare' alt='Aparat de m\u0103surare' \/><div class='big-prev-fake'><img decoding=\"async\" loading=\"lazy\" class=\"wp-image-954 avia-img-lazy-loading-954\"  width=\"495\" height=\"400\" src=\"https:\/\/plas.co\/wp-content\/uploads\/2023\/02\/Measurement-machine-495x400.jpg\" title='Aparat de m\u0103surare' alt='Aparat de m\u0103surare' \/><\/div><\/a><a href=\"https:\/\/plas.co\/wp-content\/uploads\/2023\/02\/Mold-design-1030x773.jpg\" data-srcset=\"https:\/\/plas.co\/wp-content\/uploads\/2023\/02\/Mold-design-1030x773.jpg 1030w, https:\/\/plas.co\/wp-content\/uploads\/2023\/02\/Mold-design-300x225.jpg 300w, https:\/\/plas.co\/wp-content\/uploads\/2023\/02\/Mold-design-768x576.jpg 768w, https:\/\/plas.co\/wp-content\/uploads\/2023\/02\/Mold-design-1536x1152.jpg 1536w, https:\/\/plas.co\/wp-content\/uploads\/2023\/02\/Mold-design-2048x1536.jpg 2048w, https:\/\/plas.co\/wp-content\/uploads\/2023\/02\/Mold-design-1500x1125.jpg 1500w, https:\/\/plas.co\/wp-content\/uploads\/2023\/02\/Mold-design-705x529.jpg 705w\" data-sizes=\"(max-width: 1030px) 100vw, 1030px\" data-rel='gallery-1' data-prev-img='https:\/\/plas.co\/wp-content\/uploads\/2023\/02\/Mold-design-495x400.jpg' class='lightbox' data-onclick='2' title='Designul matri\u021bei'  itemprop=\"thumbnailUrl\"  ><img decoding=\"async\" fetchpriority=\"high\" class=\"wp-image-955 avia-img-lazy-loading-not-955\"   src=\"https:\/\/plas.co\/wp-content\/uploads\/2023\/02\/Mold-design-495x400.jpg\" width=\"495\" height=\"400\"  title='Designul matri\u021bei' alt='Designul matri\u021bei' srcset=\"https:\/\/plas.co\/wp-content\/uploads\/2023\/02\/Mold-design-495x400.jpg 495w, https:\/\/plas.co\/wp-content\/uploads\/2023\/02\/Mold-design-845x684.jpg 845w\" sizes=\"(max-width: 495px) 100vw, 495px\" \/><div class='big-prev-fake'><img decoding=\"async\" loading=\"lazy\" class=\"wp-image-955 avia-img-lazy-loading-955\"  width=\"495\" height=\"400\" src=\"https:\/\/plas.co\/wp-content\/uploads\/2023\/02\/Mold-design-495x400.jpg\" title='Designul matri\u021bei' alt='Designul matri\u021bei' srcset=\"https:\/\/plas.co\/wp-content\/uploads\/2023\/02\/Mold-design-495x400.jpg 495w, https:\/\/plas.co\/wp-content\/uploads\/2023\/02\/Mold-design-845x684.jpg 845w\" sizes=\"auto, (max-width: 495px) 100vw, 495px\" \/><\/div><\/a><a href=\"https:\/\/plas.co\/wp-content\/uploads\/2023\/02\/Plastic-mold-company.jpg\" data-srcset=\"https:\/\/plas.co\/wp-content\/uploads\/2023\/02\/Plastic-mold-company.jpg 333w, https:\/\/plas.co\/wp-content\/uploads\/2023\/02\/Plastic-mold-company-300x225.jpg 300w\" data-sizes=\"(max-width: 333px) 100vw, 333px\" data-rel='gallery-1' data-prev-img='https:\/\/plas.co\/wp-content\/uploads\/2023\/02\/Plastic-mold-company.jpg' class='lightbox' data-onclick='3' title='Companie de matri\u021be din plastic'  itemprop=\"thumbnailUrl\"  ><img decoding=\"async\" fetchpriority=\"high\" class=\"wp-image-956 avia-img-lazy-loading-not-956\"   src=\"https:\/\/plas.co\/wp-content\/uploads\/2023\/02\/Plastic-mold-company.jpg\" width=\"333\" height=\"250\"  title='Companie de matri\u021be din plastic' alt='Companie de matri\u021be din plastic' srcset=\"https:\/\/plas.co\/wp-content\/uploads\/2023\/02\/Plastic-mold-company.jpg 333w, https:\/\/plas.co\/wp-content\/uploads\/2023\/02\/Plastic-mold-company-300x225.jpg 300w\" sizes=\"(max-width: 333px) 100vw, 333px\" \/><div class='big-prev-fake'><img decoding=\"async\" loading=\"lazy\" class=\"wp-image-956 avia-img-lazy-loading-956\"  width=\"333\" height=\"250\" src=\"https:\/\/plas.co\/wp-content\/uploads\/2023\/02\/Plastic-mold-company.jpg\" title='Companie de matri\u021be din plastic' alt='Companie de matri\u021be din plastic' srcset=\"https:\/\/plas.co\/wp-content\/uploads\/2023\/02\/Plastic-mold-company.jpg 333w, https:\/\/plas.co\/wp-content\/uploads\/2023\/02\/Plastic-mold-company-300x225.jpg 300w\" sizes=\"auto, (max-width: 333px) 100vw, 333px\" \/><\/div><\/a><a href=\"https:\/\/plas.co\/wp-content\/uploads\/2023\/02\/plastic-mold-maker.jpg\" data-srcset=\"https:\/\/plas.co\/wp-content\/uploads\/2023\/02\/plastic-mold-maker.jpg 640w, https:\/\/plas.co\/wp-content\/uploads\/2023\/02\/plastic-mold-maker-300x225.jpg 300w\" data-sizes=\"(max-width: 640px) 100vw, 640px\" data-rel='gallery-1' data-prev-img='https:\/\/plas.co\/wp-content\/uploads\/2023\/02\/plastic-mold-maker-495x400.jpg' class='lightbox' data-onclick='4' title='produc\u0103tor de matri\u021be din plastic'  itemprop=\"thumbnailUrl\"  ><img decoding=\"async\" fetchpriority=\"high\" class=\"wp-image-957 avia-img-lazy-loading-not-957\"   src=\"https:\/\/plas.co\/wp-content\/uploads\/2023\/02\/plastic-mold-maker-495x400.jpg\" width=\"495\" height=\"400\"  title='produc\u0103tor de matri\u021be din plastic' alt='produc\u0103tor de matri\u021be din plastic' \/><div class='big-prev-fake'><img decoding=\"async\" loading=\"lazy\" class=\"wp-image-957 avia-img-lazy-loading-957\"  width=\"495\" height=\"400\" src=\"https:\/\/plas.co\/wp-content\/uploads\/2023\/02\/plastic-mold-maker-495x400.jpg\" title='produc\u0103tor de matri\u021be din plastic' alt='produc\u0103tor de matri\u021be din plastic' \/><\/div><\/a><a href=\"https:\/\/plas.co\/wp-content\/uploads\/2023\/02\/Plastic-molding-company.jpg\" data-srcset=\"https:\/\/plas.co\/wp-content\/uploads\/2023\/02\/Plastic-molding-company.jpg 333w, https:\/\/plas.co\/wp-content\/uploads\/2023\/02\/Plastic-molding-company-300x225.jpg 300w\" data-sizes=\"(max-width: 333px) 100vw, 333px\" data-rel='gallery-1' data-prev-img='https:\/\/plas.co\/wp-content\/uploads\/2023\/02\/Plastic-molding-company.jpg' class='first_thumb lightbox' data-onclick='5' title='produc\u0103tor de matri\u021be'  itemprop=\"thumbnailUrl\"  ><img decoding=\"async\" fetchpriority=\"high\" class=\"wp-image-959 avia-img-lazy-loading-not-959\"   src=\"https:\/\/plas.co\/wp-content\/uploads\/2023\/02\/Plastic-molding-company.jpg\" width=\"333\" height=\"250\"  title='produc\u0103tor de matri\u021be' alt='produc\u0103tor de matri\u021be' srcset=\"https:\/\/plas.co\/wp-content\/uploads\/2023\/02\/Plastic-molding-company.jpg 333w, https:\/\/plas.co\/wp-content\/uploads\/2023\/02\/Plastic-molding-company-300x225.jpg 300w\" sizes=\"(max-width: 333px) 100vw, 333px\" \/><div class='big-prev-fake'><img decoding=\"async\" loading=\"lazy\" class=\"wp-image-959 avia-img-lazy-loading-959\"  width=\"333\" height=\"250\" src=\"https:\/\/plas.co\/wp-content\/uploads\/2023\/02\/Plastic-molding-company.jpg\" title='produc\u0103tor de matri\u021be' alt='produc\u0103tor de matri\u021be' srcset=\"https:\/\/plas.co\/wp-content\/uploads\/2023\/02\/Plastic-molding-company.jpg 333w, https:\/\/plas.co\/wp-content\/uploads\/2023\/02\/Plastic-molding-company-300x225.jpg 300w\" sizes=\"auto, (max-width: 333px) 100vw, 333px\" \/><\/div><\/a><a href=\"https:\/\/plas.co\/wp-content\/uploads\/2023\/02\/plastic-mould-company.jpg\" data-srcset=\"https:\/\/plas.co\/wp-content\/uploads\/2023\/02\/plastic-mould-company.jpg 640w, https:\/\/plas.co\/wp-content\/uploads\/2023\/02\/plastic-mould-company-300x225.jpg 300w\" data-sizes=\"(max-width: 640px) 100vw, 640px\" data-rel='gallery-1' data-prev-img='https:\/\/plas.co\/wp-content\/uploads\/2023\/02\/plastic-mould-company-495x400.jpg' class='lightbox' data-onclick='6' title='produc\u0103tor de matri\u021be din plastic'  itemprop=\"thumbnailUrl\"  ><img decoding=\"async\" fetchpriority=\"high\" class=\"wp-image-960 avia-img-lazy-loading-not-960\"   src=\"https:\/\/plas.co\/wp-content\/uploads\/2023\/02\/plastic-mould-company-495x400.jpg\" width=\"495\" height=\"400\"  title='produc\u0103tor de matri\u021be din plastic' alt='produc\u0103tor de matri\u021be din plastic' \/><div class='big-prev-fake'><img decoding=\"async\" loading=\"lazy\" class=\"wp-image-960 avia-img-lazy-loading-960\"  width=\"495\" height=\"400\" src=\"https:\/\/plas.co\/wp-content\/uploads\/2023\/02\/plastic-mould-company-495x400.jpg\" title='produc\u0103tor de matri\u021be din plastic' alt='produc\u0103tor de matri\u021be din plastic' \/><\/div><\/a><a href=\"https:\/\/plas.co\/wp-content\/uploads\/2023\/02\/Plastic-mould-factory.jpg\" data-srcset=\"https:\/\/plas.co\/wp-content\/uploads\/2023\/02\/Plastic-mould-factory.jpg 640w, https:\/\/plas.co\/wp-content\/uploads\/2023\/02\/Plastic-mould-factory-300x225.jpg 300w\" data-sizes=\"(max-width: 640px) 100vw, 640px\" data-rel='gallery-1' data-prev-img='https:\/\/plas.co\/wp-content\/uploads\/2023\/02\/Plastic-mould-factory-495x400.jpg' class='lightbox' data-onclick='7' title='Fabrica de matri\u021be din plastic'  itemprop=\"thumbnailUrl\"  ><img decoding=\"async\" fetchpriority=\"high\" class=\"wp-image-961 avia-img-lazy-loading-not-961\"   src=\"https:\/\/plas.co\/wp-content\/uploads\/2023\/02\/Plastic-mould-factory-495x400.jpg\" width=\"495\" height=\"400\"  title='Fabrica de matri\u021be din plastic' alt='Fabrica de matri\u021be din plastic' \/><div class='big-prev-fake'><img decoding=\"async\" loading=\"lazy\" class=\"wp-image-961 avia-img-lazy-loading-961\"  width=\"495\" height=\"400\" src=\"https:\/\/plas.co\/wp-content\/uploads\/2023\/02\/Plastic-mould-factory-495x400.jpg\" title='Fabrica de matri\u021be din plastic' alt='Fabrica de matri\u021be din plastic' \/><\/div><\/a><a href=\"https:\/\/plas.co\/wp-content\/uploads\/2023\/02\/Plastic-Tooling-Company.jpg\" data-srcset=\"https:\/\/plas.co\/wp-content\/uploads\/2023\/02\/Plastic-Tooling-Company.jpg 400w, https:\/\/plas.co\/wp-content\/uploads\/2023\/02\/Plastic-Tooling-Company-300x225.jpg 300w\" data-sizes=\"(max-width: 400px) 100vw, 400px\" data-rel='gallery-1' data-prev-img='https:\/\/plas.co\/wp-content\/uploads\/2023\/02\/Plastic-Tooling-Company.jpg' class='lightbox' data-onclick='8' title='Plastic Tooling Company'  itemprop=\"thumbnailUrl\"  ><img decoding=\"async\" fetchpriority=\"high\" class=\"wp-image-962 avia-img-lazy-loading-not-962\"   src=\"https:\/\/plas.co\/wp-content\/uploads\/2023\/02\/Plastic-Tooling-Company.jpg\" width=\"400\" height=\"300\"  title='Plastic Tooling Company' alt='Plastic Tooling Company' srcset=\"https:\/\/plas.co\/wp-content\/uploads\/2023\/02\/Plastic-Tooling-Company.jpg 400w, https:\/\/plas.co\/wp-content\/uploads\/2023\/02\/Plastic-Tooling-Company-300x225.jpg 300w\" sizes=\"(max-width: 400px) 100vw, 400px\" \/><div class='big-prev-fake'><img decoding=\"async\" loading=\"lazy\" class=\"wp-image-962 avia-img-lazy-loading-962\"  width=\"400\" height=\"300\" src=\"https:\/\/plas.co\/wp-content\/uploads\/2023\/02\/Plastic-Tooling-Company.jpg\" title='Plastic Tooling Company' alt='Plastic Tooling Company' srcset=\"https:\/\/plas.co\/wp-content\/uploads\/2023\/02\/Plastic-Tooling-Company.jpg 400w, https:\/\/plas.co\/wp-content\/uploads\/2023\/02\/Plastic-Tooling-Company-300x225.jpg 300w\" sizes=\"auto, (max-width: 400px) 100vw, 400px\" \/><\/div><\/a><\/div><\/div>\n<section  class='av_textblock_section av-lel43s1p-f288656d2c750791ef65020e352a8c30'   itemscope=\"itemscope\" itemtype=\"https:\/\/schema.org\/CreativeWork\" ><div class='avia_textblock'  itemprop=\"text\" ><div id=\"ez-toc-container\" class=\"ez-toc-v2_0_82_2 counter-hierarchy ez-toc-counter ez-toc-grey ez-toc-container-direction\">\n<div class=\"ez-toc-title-container\">\n<p class=\"ez-toc-title\" style=\"cursor:inherit\">Tabla de con\u021binut<\/p>\n<span class=\"ez-toc-title-toggle\"><a href=\"#\" class=\"ez-toc-pull-right ez-toc-btn ez-toc-btn-xs ez-toc-btn-default ez-toc-toggle\" aria-label=\"Toggle Tabelul de con\u021binut\"><span class=\"ez-toc-js-icon-con\"><span class=\"\"><span class=\"eztoc-hide\" style=\"display:none;\">Toggle<\/span><span class=\"ez-toc-icon-toggle-span\"><svg style=\"fill: #999;color:#999\" xmlns=\"http:\/\/www.w3.org\/2000\/svg\" class=\"list-377408\" width=\"20px\" height=\"20px\" viewbox=\"0 0 24 24\" fill=\"none\"><path d=\"M6 6H4v2h2V6zm14 0H8v2h12V6zM4 11h2v2H4v-2zm16 0H8v2h12v-2zM4 16h2v2H4v-2zm16 0H8v2h12v-2z\" fill=\"currentColor\"><\/path><\/svg><svg style=\"fill: #999;color:#999\" class=\"arrow-unsorted-368013\" xmlns=\"http:\/\/www.w3.org\/2000\/svg\" width=\"10px\" height=\"10px\" viewbox=\"0 0 24 24\" version=\"1.2\" baseprofile=\"tiny\"><path d=\"M18.2 9.3l-6.2-6.3-6.2 6.3c-.2.2-.3.4-.3.7s.1.5.3.7c.2.2.4.3.7.3h11c.3 0 .5-.1.7-.3.2-.2.3-.5.3-.7s-.1-.5-.3-.7zM5.8 14.7l6.2 6.3 6.2-6.3c.2-.2.3-.5.3-.7s-.1-.5-.3-.7c-.2-.2-.4-.3-.7-.3h-11c-.3 0-.5.1-.7.3-.2.2-.3.5-.3.7s.1.5.3.7z\"\/><\/svg><\/span><\/span><\/span><\/a><\/span><\/div>\n<nav><ul class='ez-toc-list ez-toc-list-level-1' ><li class='ez-toc-page-1 ez-toc-heading-level-2'><a class=\"ez-toc-link ez-toc-heading-1\" href=\"https:\/\/plas.co\/ro\/producatori-de-matrite\/#What_is_plastic_Injection_Mould\" >Ce este matri\u021ba de injec\u021bie din plastic<\/a><ul class='ez-toc-list-level-3' ><li class='ez-toc-heading-level-3'><a class=\"ez-toc-link ez-toc-heading-2\" href=\"https:\/\/plas.co\/ro\/producatori-de-matrite\/#What_are_the_best_plastic_injection_mould_manufacturers\" >Care sunt cei mai buni produc\u0103tori de matri\u021be pentru injec\u021bie de plastic?<\/a><\/li><li class='ez-toc-page-1 ez-toc-heading-level-3'><a class=\"ez-toc-link ez-toc-heading-3\" href=\"https:\/\/plas.co\/ro\/producatori-de-matrite\/#Where_can_we_find_injection_molded_plastic_part_manufacturers\" >Unde putem g\u0103si produc\u0103tori de piese din plastic turnate prin injec\u021bie?<\/a><\/li><li class='ez-toc-page-1 ez-toc-heading-level-3'><a class=\"ez-toc-link ez-toc-heading-4\" href=\"https:\/\/plas.co\/ro\/producatori-de-matrite\/#What_is_a_reasonable_cost_for_a_plastic_injection_moold\" >Care este un cost rezonabil pentru un model de injec\u021bie de plastic?<\/a><\/li><\/ul><\/li><\/ul><\/nav><\/div>\n<h2><span class=\"ez-toc-section\" id=\"What_is_plastic_Injection_Mould\"><\/span>Ce este matri\u021ba de injec\u021bie din plastic<span class=\"ez-toc-section-end\"><\/span><\/h2>\n<p><a href=\"http:\/\/plas.co\/ro\/\">Matri\u021b\u0103 de injec\u021bie din plastic<\/a> este o unealt\u0103 sau o matri\u021b\u0103 care este utilizat\u0103 pentru a produce piese din plastic \u00een volume mari utiliz\u00e2nd procesul de turnare prin injec\u021bie. Acesta este de obicei fabricat din o\u021bel sau aluminiu \u0219i este conceput pentru a crea o form\u0103 sau o geometrie specific\u0103 pentru piesa din plastic. Modelul <a href=\"https:\/\/www.plasticmold.net\/what-is-plastic-mold-technology\/\" target=\"_blank\" rel=\"noopener\">matri\u021b\u0103 de injec\u021bie<\/a> este creat cu dou\u0103 jum\u0103t\u0103\u021bi (jum\u0103tate fix\u0103 \u0219i jum\u0103tate mobil\u0103), care pot fi deschise \u0219i \u00eenchise cu ajutorul unui sistem de baz\u0103 sau plac\u0103 de matri\u021b\u0103.<\/p>\n<p>Matri\u021ba este mai \u00eent\u00e2i proiectat\u0103 utiliz\u00e2nd un software de proiectare asistat\u0103 de calculator (CAD), cum ar fi UG, PRO\/e, SOLIDWORKS etc. \u0219i apoi creat\u0103 utiliz\u00e2nd tehnici de fabrica\u021bie asistat\u0103 de calculator (CAM), cum ar fi prelucrarea CNC, prelucrarea prin electroeroziune (EDM) sau t\u0103ierea cu s\u00e2rm\u0103. Procesul de proiectare \u0219i fabricare a matri\u021belor poate fi complex \u0219i necesit\u0103 un nivel ridicat de expertiz\u0103 \u0219i precizie pentru a se asigura c\u0103 matri\u021ba produce piese de \u00eenalt\u0103 calitate care \u00eendeplinesc specifica\u021biile dorite.<\/p>\n<p>Matri\u021bele de injec\u021bie din plastic pot fi utilizate pentru a produce o gam\u0103 larg\u0103 de piese din plastic, de la piese mici \u0219i simple la piese mari \u0219i complexe cu geometrii complicate. De asemenea, matri\u021bele pot fi utilizate pentru a produce piese dintr-o varietate de materiale, inclusiv termoplastice, termorezistente \u0219i elastomeri.<\/p>\n<div id=\"attachment_701\" style=\"width: 410px\" class=\"wp-caption alignright\"><a href=\"http:\/\/plas.co\/wp-content\/uploads\/2020\/01\/plastic-injection-mold.jpg\"><img decoding=\"async\" aria-describedby=\"caption-attachment-701\" class=\"wp-image-701 size-full\" src=\"http:\/\/plas.co\/wp-content\/uploads\/2020\/01\/plastic-injection-mold.jpg\" alt=\"produc\u0103tori de matri\u021be\" width=\"400\" height=\"300\" srcset=\"https:\/\/plas.co\/wp-content\/uploads\/2020\/01\/plastic-injection-mold.jpg 400w, https:\/\/plas.co\/wp-content\/uploads\/2020\/01\/plastic-injection-mold-300x225.jpg 300w\" sizes=\"(max-width: 400px) 100vw, 400px\" \/><\/a><p id=\"caption-attachment-701\" class=\"wp-caption-text\">produc\u0103tori de matri\u021be<\/p><\/div>\n<h3><span class=\"ez-toc-section\" id=\"What_are_the_best_plastic_injection_mould_manufacturers\"><\/span>Care sunt cei mai buni produc\u0103tori de matri\u021be pentru injec\u021bie de plastic?<span class=\"ez-toc-section-end\"><\/span><\/h3>\n<p>Atunci c\u00e2nd alege\u021bi un <em>produc\u0103tor de matri\u021be de injec\u021bie din plastic<\/em>este esen\u021bial s\u0103 lua\u021bi \u00een considerare factori precum experien\u021ba, expertiza, capacit\u0103\u021bile de produc\u021bie, m\u0103surile de control al calit\u0103\u021bii \u0219i serviciile pentru clien\u021bi. De asemenea, este posibil s\u0103 dori\u021bi s\u0103 lua\u021bi \u00een considerare loca\u021bia lor geografic\u0103, pre\u021burile \u0219i termenele de execu\u021bie.<\/p>\n<p>Pentru a g\u0103si produc\u0103torii de matri\u021be pentru injec\u021bie de plastic potrivi\u021bi pentru nevoile dvs. specifice, este posibil s\u0103 dori\u021bi s\u0103 efectua\u021bi cercet\u0103ri online, s\u0103 solicita\u021bi recomand\u0103ri de la colegii din industrie sau s\u0103 participa\u021bi la t\u00e2rguri \u0219i conferin\u021be pentru a intra \u00een contact cu poten\u021bialii furnizori. De asemenea, este esen\u021bial s\u0103 comunica\u021bi \u00een mod clar \u0219i detaliat cerin\u021bele proiectului dvs. pentru a v\u0103 asigura c\u0103 produc\u0103torul de matri\u021be poate oferi cele mai bune rezultate posibile.<\/p>\n<h3><span class=\"ez-toc-section\" id=\"Where_can_we_find_injection_molded_plastic_part_manufacturers\"><\/span>Unde putem g\u0103si produc\u0103tori de piese din plastic turnate prin injec\u021bie?<span class=\"ez-toc-section-end\"><\/span><\/h3>\n<p>Odat\u0103 ce ave\u021bi un proiect care are nevoie de piese turnate din plastic, primul lucru este g\u0103sirea produc\u0103torilor de mucegai pentru a face acest lucru pentru dvs., China va fi locul num\u0103rul unu pentru proiectul dvs., dar cum s\u0103 g\u0103si\u021bi produc\u0103tor de mucegai din plastic \u00een China va fi preocuparea dvs., mai jos exist\u0103 mai multe modalit\u0103\u021bi de a g\u0103si <em>produc\u0103tori de piese din plastic turnate prin injec\u021bie<\/em>:<\/p>\n<ol>\n<li>Directoare online: Exist\u0103 multe directoare online care listeaz\u0103 produc\u0103torii de turnare prin injec\u021bie de plastic, cum ar fi Alibaba. Aceste directoare v\u0103 permit s\u0103 c\u0103uta\u021bi produc\u0103tori \u00een func\u021bie de loca\u021bie, industrie sau alte criterii, dar fierbinte pentru a verifica exist\u0103 o companie de mucegai bun? Trebuie s\u0103 verifica\u021bi mai atent, deoarece pe acea platform\u0103 este mai complex\u0103.<\/li>\n<li>Expozi\u021bii comerciale \u0219i conferin\u021be: Participarea la t\u00e2rguri \u0219i conferin\u021be industriale poate fi o modalitate excelent\u0103 de a intra \u00een contact cu produc\u0103torii de turnare prin injec\u021bie de plastic \u0219i de a afla mai multe despre capacit\u0103\u021bile \u0219i serviciile acestora.<\/li>\n<li>Referin\u021be \u0219i recomand\u0103ri: Cere\u021bi colegilor sau contactelor din industrie recomand\u0103ri cu privire la produc\u0103torii de turnare prin injec\u021bie cu care au lucrat \u00een trecut \u0219i \u00een care au \u00eencredere.<\/li>\n<li>Resurse locale: Consulta\u021bi asocia\u021biile locale de afaceri sau grupurile industriale pentru a vedea dac\u0103 acestea au o list\u0103 a produc\u0103torilor de turnare prin injec\u021bie de plastic din zona dvs.<\/li>\n<li>Motoare de c\u0103utare: Efectua\u021bi o c\u0103utare pe un motor de c\u0103utare pentru \"produc\u0103tori de turnare prin injec\u021bie\" sau cuvinte-cheie similare pentru a g\u0103si o list\u0103 de poten\u021biali <a href=\"http:\/\/plas.co\/ro\/\">furnizori de matri\u021be<\/a>.<\/li>\n<\/ol>\n<h3><span class=\"ez-toc-section\" id=\"What_is_a_reasonable_cost_for_a_plastic_injection_moold\"><\/span>Care este un cost rezonabil pentru un model de injec\u021bie de plastic?<span class=\"ez-toc-section-end\"><\/span><\/h3>\n<p>Costul unei matri\u021be de injec\u021bie a plasticului poate varia considerabil \u00een func\u021bie de factori precum complexitatea piesei, dimensiunea matri\u021bei, materialul utilizat \u0219i volumul de produc\u021bie. \u00cen general, matri\u021bele pentru piese mai mici cu geometrii simple \u0219i volume de produc\u021bie mai mici vor fi mai pu\u021bin costisitoare dec\u00e2t matri\u021bele pentru piese mai mari, mai complexe \u0219i cu volume de produc\u021bie mai mari.<\/p>\n<p>O matri\u021b\u0103 de injec\u021bie simpl\u0103 pentru o pies\u0103 mic\u0103 din plastic poate costa de la c\u00e2teva mii de dolari la zeci de mii de dolari, \u00een timp ce o matri\u021b\u0103 mai complex\u0103 pentru o pies\u0103 mare cu geometrii complicate ar putea costa peste $100.000 sau mai mult.<\/p>\n<p>Este esen\u021bial s\u0103 re\u021bine\u021bi c\u0103 costul matri\u021bei este doar un factor din costul total al piesei din plastic. Alte costuri de luat \u00een considerare includ costurile materialelor, costurile for\u021bei de munc\u0103 \u0219i costurile generale. \u00cen plus, este important s\u0103 alege\u021bi o firm\u0103 cu reputa\u021bie \u0219i experien\u021b\u0103 <em>produc\u0103tor de matri\u021be<\/em> care poate livra o matri\u021b\u0103 de \u00eenalt\u0103 calitate care \u00eendepline\u0219te specifica\u021biile dumneavoastr\u0103.<\/p>\n<p>Dac\u0103 ave\u021bi un proiect care are nevoie de China mucegai de plastic companie pentru a sprijini, bine ati venit la contact, v\u0103 vom oferi cel mai bun pre\u021b, pre\u021b mucegai la fel de sc\u0103zut ca $500, \u00een func\u021bie de dimensiunea \u0219i caracteristicile piesei.<\/p>\n<p>Sincere Tech produc\u0103tor de matri\u021be din plastic a insistat \u00eentotdeauna pe satisfacerea clien\u021bilor cu tehnologie profesional\u0103 \u0219i echipamente bune \u00een ceea ce prive\u0219te dezvoltarea, fabricarea \u0219i injectarea matri\u021belor. am introdus echipamente avansate de prelucrare din str\u0103in\u0103tate, care includ sistemul CAD \/ CAE \/ CAM, ma\u0219in\u0103 de m\u0103surare tridimensional\u0103, frezare de mare vitez\u0103, centru de prelucrare CNC, sc\u00e2nteie electric\u0103 CNC, pentru a asigura tehnologia, fabricarea \u0219i calitatea matri\u021belor, precum \u0219i. Putem produce de la matri\u021be mici de precizie la matri\u021be mari pentru piese auto, matri\u021be mari pentru containere.<\/p>\n<p>\u00cen Sincere Tech, produsul dvs. va fi gestionat printr-un proiect eficient care va reduce costurile \u0219i va permite produselor dvs. s\u0103 apar\u0103 pe pia\u021b\u0103 \u00een cel mai scurt timp.<\/p>\n<\/div><\/section>","protected":false},"excerpt":{"rendered":"","protected":false},"author":1,"featured_media":603,"parent":0,"menu_order":0,"comment_status":"open","ping_status":"open","template":"","meta":{"footnotes":""},"class_list":["post-125","page","type-page","status-publish","has-post-thumbnail","hentry"],"_links":{"self":[{"href":"https:\/\/plas.co\/ro\/wp-json\/wp\/v2\/pages\/125","targetHints":{"allow":["GET"]}}],"collection":[{"href":"https:\/\/plas.co\/ro\/wp-json\/wp\/v2\/pages"}],"about":[{"href":"https:\/\/plas.co\/ro\/wp-json\/wp\/v2\/types\/page"}],"author":[{"embeddable":true,"href":"https:\/\/plas.co\/ro\/wp-json\/wp\/v2\/users\/1"}],"replies":[{"embeddable":true,"href":"https:\/\/plas.co\/ro\/wp-json\/wp\/v2\/comments?post=125"}],"version-history":[{"count":0,"href":"https:\/\/plas.co\/ro\/wp-json\/wp\/v2\/pages\/125\/revisions"}],"wp:featuredmedia":[{"embeddable":true,"href":"https:\/\/plas.co\/ro\/wp-json\/wp\/v2\/media\/603"}],"wp:attachment":[{"href":"https:\/\/plas.co\/ro\/wp-json\/wp\/v2\/media?parent=125"}],"curies":[{"name":"wp","href":"https:\/\/api.w.org\/{rel}","templated":true}]}}