{"id":146,"date":"2014-09-20T19:04:21","date_gmt":"2014-09-20T11:04:21","guid":{"rendered":"http:\/\/andy-mold.com\/?page_id=146"},"modified":"2016-02-14T14:13:57","modified_gmt":"2016-02-14T06:13:57","slug":"managementul-proiectelor","status":"publish","type":"page","link":"https:\/\/plas.co\/ro\/ingineratie\/managementul-proiectelor\/","title":{"rendered":"Managementul proiectelor"},"content":{"rendered":"<p>Andy Mould are o echip\u0103 de ingineri de proiect pentru gestionarea proiectelor de matri\u021be de injec\u021bie din plastic. Aceast\u0103 echip\u0103 are o experien\u021b\u0103 multipl\u0103 \u00een domeniul tehnologiilor, nu numai \u00een plastic, ci \u0219i \u00een metal \u0219i electronic\u0103. Fiecare proiect va fi urmat de un inginer de proiect cu experien\u021b\u0103, care va conduce echipa de dezvoltare a proiectului, asisten\u021ba tehnic\u0103 pentru clien\u021bi, controlul calit\u0103\u021bii, coordonarea \u00eentre departamente pe parcursul \u00eentregului proces de dezvoltare.<br \/>\n<b>Rutina de lucru<\/b><br \/>\nActualizare s\u0103pt\u0103m\u00e2nal\u0103 c\u0103tre client<br \/>\nUrm\u0103rirea consecvent\u0103 a etapelor de construc\u021bie a instrumentelor<br \/>\nComunicare zilnic\u0103 pentru orice problem\u0103<br \/>\n\u00cencheierea proiectului prin produc\u021bia \u00een serie sau livrarea de instrumente<\/p>\n<p>Aprobarea scris\u0103 a clientului nostru este necesar\u0103 \u00een aceste trei etape:<br \/>\nAprobarea designului matri\u021bei<br \/>\nAprobarea e\u0219antionului<br \/>\nLivrarea \u0219i aprobarea matri\u021bei<\/p>\n<p><b>Dup\u0103 v\u00e2nzare<\/b><br \/>\nPiesele de schimb ar putea fi furnizate dup\u0103 v\u00e2nzare<br \/>\nSugestii de inginerie disponibile dac\u0103 clientul are nevoie<\/p>","protected":false},"excerpt":{"rendered":"<p>Plastic injection mould projects management, Andy Mould has a project engineering team. This team has multi-backgrounds of technologies, not only in plastic, but also metal and electronics. Each project will be followed by a experienced project engineer, who will conduct as the team leader of project development, customer technical support, quality control, cross-department coordinate during [&hellip;]<\/p>\n","protected":false},"author":1,"featured_media":0,"parent":22,"menu_order":0,"comment_status":"open","ping_status":"open","template":"","meta":{"footnotes":""},"class_list":["post-146","page","type-page","status-publish","hentry"],"_links":{"self":[{"href":"https:\/\/plas.co\/ro\/wp-json\/wp\/v2\/pages\/146","targetHints":{"allow":["GET"]}}],"collection":[{"href":"https:\/\/plas.co\/ro\/wp-json\/wp\/v2\/pages"}],"about":[{"href":"https:\/\/plas.co\/ro\/wp-json\/wp\/v2\/types\/page"}],"author":[{"embeddable":true,"href":"https:\/\/plas.co\/ro\/wp-json\/wp\/v2\/users\/1"}],"replies":[{"embeddable":true,"href":"https:\/\/plas.co\/ro\/wp-json\/wp\/v2\/comments?post=146"}],"version-history":[{"count":0,"href":"https:\/\/plas.co\/ro\/wp-json\/wp\/v2\/pages\/146\/revisions"}],"up":[{"embeddable":true,"href":"https:\/\/plas.co\/ro\/wp-json\/wp\/v2\/pages\/22"}],"wp:attachment":[{"href":"https:\/\/plas.co\/ro\/wp-json\/wp\/v2\/media?parent=146"}],"curies":[{"name":"wp","href":"https:\/\/api.w.org\/{rel}","templated":true}]}}