{"id":15,"date":"2014-09-20T14:09:15","date_gmt":"2014-09-20T06:09:15","guid":{"rendered":"http:\/\/andy-mold.com\/?page_id=15"},"modified":"2024-03-23T23:37:06","modified_gmt":"2024-03-23T15:37:06","slug":"companie","status":"publish","type":"page","link":"https:\/\/plas.co\/ro\/companie\/","title":{"rendered":"Despre noi"},"content":{"rendered":"<section  class='av_textblock_section av-lehbcujc-e36697ed1bea52a8cb8c1afa77e72bd4'   itemscope=\"itemscope\" itemtype=\"https:\/\/schema.org\/CreativeWork\" ><div class='avia_textblock'  itemprop=\"text\" ><div id=\"ez-toc-container\" class=\"ez-toc-v2_0_82_2 counter-hierarchy ez-toc-counter ez-toc-grey ez-toc-container-direction\">\n<div class=\"ez-toc-title-container\">\n<p class=\"ez-toc-title\" style=\"cursor:inherit\">Tabla de con\u021binut<\/p>\n<span class=\"ez-toc-title-toggle\"><a href=\"#\" class=\"ez-toc-pull-right ez-toc-btn ez-toc-btn-xs ez-toc-btn-default ez-toc-toggle\" aria-label=\"Toggle Tabelul de con\u021binut\"><span class=\"ez-toc-js-icon-con\"><span class=\"\"><span class=\"eztoc-hide\" style=\"display:none;\">Toggle<\/span><span class=\"ez-toc-icon-toggle-span\"><svg style=\"fill: #999;color:#999\" xmlns=\"http:\/\/www.w3.org\/2000\/svg\" class=\"list-377408\" width=\"20px\" height=\"20px\" viewbox=\"0 0 24 24\" fill=\"none\"><path d=\"M6 6H4v2h2V6zm14 0H8v2h12V6zM4 11h2v2H4v-2zm16 0H8v2h12v-2zM4 16h2v2H4v-2zm16 0H8v2h12v-2z\" fill=\"currentColor\"><\/path><\/svg><svg style=\"fill: #999;color:#999\" class=\"arrow-unsorted-368013\" xmlns=\"http:\/\/www.w3.org\/2000\/svg\" width=\"10px\" height=\"10px\" viewbox=\"0 0 24 24\" version=\"1.2\" baseprofile=\"tiny\"><path d=\"M18.2 9.3l-6.2-6.3-6.2 6.3c-.2.2-.3.4-.3.7s.1.5.3.7c.2.2.4.3.7.3h11c.3 0 .5-.1.7-.3.2-.2.3-.5.3-.7s-.1-.5-.3-.7zM5.8 14.7l6.2 6.3 6.2-6.3c.2-.2.3-.5.3-.7s-.1-.5-.3-.7c-.2-.2-.4-.3-.7-.3h-11c-.3 0-.5.1-.7.3-.2.2-.3.5-.3.7s.1.5.3.7z\"\/><\/svg><\/span><\/span><\/span><\/a><\/span><\/div>\n<nav><ul class='ez-toc-list ez-toc-list-level-1' ><li class='ez-toc-page-1 ez-toc-heading-level-2'><a class=\"ez-toc-link ez-toc-heading-1\" href=\"https:\/\/plas.co\/ro\/companie\/#Plastic_Mold_Company_In_China_All_in_one_service\" >Plastic Mold Company \u00een China: Toate \u00eentr-un singur serviciu<\/a><ul class='ez-toc-list-level-3' ><li class='ez-toc-heading-level-3'><a class=\"ez-toc-link ez-toc-heading-2\" href=\"https:\/\/plas.co\/ro\/companie\/#Our_plastic_mold_company_services_include\" >Serviciile companiei noastre de matri\u021be din plastic includ:<\/a><ul class='ez-toc-list-level-4' ><li class='ez-toc-heading-level-4'><a class=\"ez-toc-link ez-toc-heading-3\" href=\"https:\/\/plas.co\/ro\/companie\/#Our_product_development_services_include\" >Serviciile noastre de dezvoltare a produselor includ:<\/a><\/li><\/ul><\/li><li class='ez-toc-page-1 ez-toc-heading-level-3'><a class=\"ez-toc-link ez-toc-heading-4\" href=\"https:\/\/plas.co\/ro\/companie\/#We_supply_the_following_for_the_final_stage_of_assembly\" >Furniz\u0103m urm\u0103toarele pentru etapa final\u0103 de asamblare:<\/a><\/li><\/ul><\/li><\/ul><\/nav><\/div>\n<h2><span class=\"ez-toc-section\" id=\"Plastic_Mold_Company_In_China_All_in_one_service\"><\/span>Plastic Mold Company \u00een China: Toate \u00eentr-un singur serviciu<span class=\"ez-toc-section-end\"><\/span><\/h2>\n<p>Plas.co din China (Sincere Tech) produce matri\u021be din plastic excelente. Ace\u0219tia ofer\u0103 produc\u021bie de matri\u021be personalizate, turnare prin injec\u021bie, proiectare de piese, prototipuri, testare, turnare sub presiune, prelucrare, turnare siliconic\u0103, asamblare \u0219i multe altele. V\u0103 ur\u0103m bun venit.<\/p>\n<p>Compania de matri\u021be din plastic Plas.co este m\u00e2ndr\u0103 de calitatea, inova\u021bia \u0219i satisfac\u021bia clien\u021bilor s\u0103i. Inginerii \u0219i tehnicienii no\u0219tri califica\u021bi utilizeaz\u0103 cele mai recente tehnologii \u0219i metode pentru a se asigura c\u0103 fiecare proiect \u00eendepline\u0219te sau dep\u0103\u0219e\u0219te a\u0219tept\u0103rile clien\u021bilor.<\/p>\n<p>Noi proiect\u0103m \u0219i construim matri\u021be de injec\u021bie din plastic de \u00eenalt\u0103 calitate, matri\u021be de turnare sub presiune \u0219i piese de turnare din silicon, dar oferim \u0219i asamblare. De la concept la livrare, v\u0103 putem asista. Aceasta include prototiparea, testarea, reprototiparea, asamblarea PCB, sudarea cablurilor, inspec\u021bia, produc\u021bia \u0219i testarea.<\/p>\n<h3><span class=\"ez-toc-section\" id=\"Our_plastic_mold_company_services_include\"><\/span><span lang=\"EN-US\">Serviciile companiei noastre de matri\u021be din plastic includ:<\/span><span class=\"ez-toc-section-end\"><\/span><\/h3>\n<p>Indiferent dac\u0103 ave\u021bi nevoie de o matri\u021b\u0103 pentru turnare prin injec\u021bie, turnare sub presiune sau turnare cu silicon, compania noastr\u0103 de fabricare a matri\u021belor v\u0103 acoper\u0103. Compania noastr\u0103 ofer\u0103 servicii complete de fabricare a matri\u021belor. Matri\u021bele pot fi personalizate \u00een func\u021bie de specifica\u021biile dvs. exacte folosind tehnici de fabrica\u021bie de ultim\u0103 or\u0103, astfel \u00eenc\u00e2t v\u0103 putem asigura c\u0103 proiectul dvs. va fi de cea mai \u00eenalt\u0103 calitate.<\/p>\n<p>Componente turnate prin injec\u021bie: Suntem lideri \u00een industrie \u00een produc\u021bia de componente din plastic de \u00eenalt\u0103 calitate, turnate la comand\u0103 pentru multe sectoare diferite. V\u0103 pute\u021bi baza pe echipa noastr\u0103 expert\u0103 de tehnicieni \u0219i ingineri pentru a fi al\u0103turi de dvs. pe parcursul \u00eentregului proces, de la brainstorming la livrare.<\/p>\n<p>Compania noastr\u0103 ofer\u0103 servicii individualizate de turnare sub presiune, \u00eencep\u00e2nd cu proiectarea matri\u021bei \u0219i continu\u00e2nd prin produc\u021bie, finisare \u0219i mai departe. Utiliz\u0103m tehnologii \u0219i metode de ultim\u0103 or\u0103 pentru a ne asigura c\u0103 proiectul dvs. \u00eendepline\u0219te cele mai \u00eenalte standarde, reflect\u00e2nd dedicarea noastr\u0103 de a oferi clien\u021bilor no\u0219tri cele mai bune servicii \u0219i calitate.<\/p>\n<p>Utilajele noastre de frezare \u0219i strunjire de ultim\u0103 genera\u021bie sunt perfecte pentru fabricarea componentelor \u0219i pieselor de precizie pentru multe tipuri diferite de \u00eentreprinderi. Utiliz\u00e2nd instrumente \u0219i tehnici de ultim\u0103 or\u0103, finaliz\u0103m fiecare proiect la cea mai \u00eenalt\u0103 calitate. Acest lucru dovede\u0219te c\u0103 suntem dedica\u021bi s\u0103 oferim clien\u021bilor no\u0219tri servicii de cea mai \u00eenalt\u0103 calitate.<\/p>\n<p>Suntem o firm\u0103 specializat\u0103 care produce componente de turnare silicon de \u00eenalt\u0103 calitate pentru multe industrii diferite. V\u0103 pute\u021bi baza pe echipa noastr\u0103 expert\u0103 de tehnicieni \u0219i ingineri pentru a fi al\u0103turi de dvs. pe parcursul \u00eentregului proces, de la brainstorming la livrare.<\/p>\n<p>Produc\u021bia de matri\u021be, matri\u021be din silicon, prelucrarea, turnarea sub presiune, dezvoltarea de produse \u0219i asamblarea final\u0103 sunt doar c\u00e2teva dintre numeroasele servicii de produc\u021bie oferite de compania noastr\u0103.<\/p>\n<p>Personalul nostru profesionist de designeri \u0219i tehnicieni v\u0103 poate urm\u0103ri produsul de la \u00eenceput p\u00e2n\u0103 la finalizare. Deoarece folosim tehnologie \u0219i proceduri de ultim\u0103 or\u0103, pute\u021bi avea \u00eencredere c\u0103 produsul final va fi impecabil \u00een toate privin\u021bele. \u0218i, \u00een cele din urm\u0103, lucr\u0103m \u00eendeaproape cu clien\u021bii no\u0219tri de la \u00eenceput p\u00e2n\u0103 la sf\u00e2r\u0219it pentru a le \u00eendeplini cererile.<\/p>\n<h4><span class=\"ez-toc-section\" id=\"Our_product_development_services_include\"><\/span><span lang=\"EN-US\">Serviciile noastre de dezvoltare a produselor includ:<\/span><span class=\"ez-toc-section-end\"><\/span><\/h4>\n<p>\u00cencep\u00e2nd cu conceptul: Cu serviciile noastre complete de proiectare, v\u0103 putem satisface toate nevoile \u0219i v\u0103 putem transforma visele \u00een realitate.<\/p>\n<p>Prototipuri: Cu serviciile noastre de prototipare, pute\u021bi testa apele cu produsul dvs. \u00eenainte ca acesta s\u0103 ajung\u0103 pe pia\u021b\u0103. Acest lucru v\u0103 va ajuta s\u0103 v\u0103 asigura\u021bi c\u0103 produsul dvs. v\u0103 satisface toate nevoile \u0219i s\u0103 preveni\u021bi apari\u021bia problemelor.<\/p>\n<p>Scule: V\u0103 putem ajuta s\u0103 v\u0103 fabrica\u021bi produsul la scar\u0103 larg\u0103 prin furnizarea de strategii personalizate pentru scule. Proced\u00e2nd astfel, v\u0103 asigura\u021bi c\u0103 produsul dvs. este de cea mai \u00eenalt\u0103 calitate \u0219i a fost realizat manual cu grij\u0103.<\/p>\n<p>Produc\u021bie: Turnarea prin injec\u021bie, turnarea sub presiune, prelucrarea \u0219i turnarea siliconic\u0103 sunt doar c\u00e2teva dintre numeroasele procese care alc\u0103tuiesc serviciile noastre de produc\u021bie. Acest lucru asigur\u0103 faptul c\u0103 v\u0103 putem oferi o solu\u021bie de fabrica\u021bie complet\u0103.<\/p>\n<h3><span class=\"ez-toc-section\" id=\"We_supply_the_following_for_the_final_stage_of_assembly\"><\/span>Furniz\u0103m urm\u0103toarele pentru etapa final\u0103 de asamblare:<span class=\"ez-toc-section-end\"><\/span><\/h3>\n<p>Asamblarea pieselor: Putem asambla componente pentru a forma un \u00eentreg. Fiecare component\u0103 va func\u021biona conform destina\u021biei \u0219i v\u0103 promitem c\u0103 rezultatul final va fi mai bun dec\u00e2t spera\u021bi.<\/p>\n<p>Testare: Putem supune produsul dvs. finit procedurii noastre de testare pentru a garanta c\u0103 este conform standardelor \u0219i \u00eendepline\u0219te cerin\u021bele dvs.<\/p>\n<p>Certificat: Putem produce produse electronice care \u00eendeplinesc cerin\u021bele organismelor interna\u021bionale de certificare, cum ar fi CE, ETL sau FCC.<\/p>\n<p>Ambalare: V\u0103 putem ambala produsul finit exact a\u0219a cum dori\u021bi, astfel \u00eenc\u00e2t s\u0103 pute\u021bi fi siguri c\u0103 acesta va ajunge la destina\u021bie f\u0103r\u0103 daune.<\/p>\n<p>Scopul Plas.co este de a oferi servicii complete clien\u021bilor no\u0219tri, \u00eencep\u00e2nd cu dezvoltarea produsului \u0219i termin\u00e2nd cu asamblarea final\u0103. Dac\u0103 ave\u021bi \u00eentreb\u0103ri cu privire la modul \u00een care v\u0103 putem ajuta cu viitorul dvs. proiect, v\u0103 rug\u0103m s\u0103 ne contacta\u021bi f\u0103r\u0103 \u00eent\u00e2rziere.<\/p>\n<div id=\"attachment_394\" style=\"width: 4762px\" class=\"wp-caption aligncenter\"><a href=\"http:\/\/plas.co\/wp-content\/uploads\/2016\/02\/IMG_9539.jpg\"><img decoding=\"async\" aria-describedby=\"caption-attachment-394\" class=\"wp-image-394 size-full\" src=\"http:\/\/plas.co\/wp-content\/uploads\/2016\/02\/IMG_9539.jpg\" alt=\"companie de matri\u021be din plastic\" width=\"4752\" height=\"3168\" srcset=\"https:\/\/plas.co\/wp-content\/uploads\/2016\/02\/IMG_9539.jpg 4752w, https:\/\/plas.co\/wp-content\/uploads\/2016\/02\/IMG_9539-300x200.jpg 300w, https:\/\/plas.co\/wp-content\/uploads\/2016\/02\/IMG_9539-768x512.jpg 768w, https:\/\/plas.co\/wp-content\/uploads\/2016\/02\/IMG_9539-1024x683.jpg 1024w\" sizes=\"(max-width: 4752px) 100vw, 4752px\" \/><\/a><p id=\"caption-attachment-394\" class=\"wp-caption-text\">companie de matri\u021be din plastic<\/p><\/div>\n<\/div><\/section>","protected":false},"excerpt":{"rendered":"","protected":false},"author":1,"featured_media":836,"parent":0,"menu_order":0,"comment_status":"open","ping_status":"open","template":"","meta":{"footnotes":""},"class_list":["post-15","page","type-page","status-publish","has-post-thumbnail","hentry"],"_links":{"self":[{"href":"https:\/\/plas.co\/ro\/wp-json\/wp\/v2\/pages\/15","targetHints":{"allow":["GET"]}}],"collection":[{"href":"https:\/\/plas.co\/ro\/wp-json\/wp\/v2\/pages"}],"about":[{"href":"https:\/\/plas.co\/ro\/wp-json\/wp\/v2\/types\/page"}],"author":[{"embeddable":true,"href":"https:\/\/plas.co\/ro\/wp-json\/wp\/v2\/users\/1"}],"replies":[{"embeddable":true,"href":"https:\/\/plas.co\/ro\/wp-json\/wp\/v2\/comments?post=15"}],"version-history":[{"count":0,"href":"https:\/\/plas.co\/ro\/wp-json\/wp\/v2\/pages\/15\/revisions"}],"wp:featuredmedia":[{"embeddable":true,"href":"https:\/\/plas.co\/ro\/wp-json\/wp\/v2\/media\/836"}],"wp:attachment":[{"href":"https:\/\/plas.co\/ro\/wp-json\/wp\/v2\/media?parent=15"}],"curies":[{"name":"wp","href":"https:\/\/api.w.org\/{rel}","templated":true}]}}