{"id":22,"date":"2014-09-20T14:35:50","date_gmt":"2014-09-20T06:35:50","guid":{"rendered":"http:\/\/andy-mold.com\/?page_id=22"},"modified":"2020-01-04T00:41:06","modified_gmt":"2020-01-03T16:41:06","slug":"ingineratie","status":"publish","type":"page","link":"https:\/\/plas.co\/ro\/ingineratie\/","title":{"rendered":"Inginerie"},"content":{"rendered":"<p><strong>A <\/strong>designul bun este inima unei matri\u021be, iar Andy Mould acord\u0103 o aten\u021bie deosebit\u0103 construc\u021biei matri\u021bei, canalelor de r\u0103cire \u0219i mecanismelor mobile pentru a se asigura c\u0103 piesele de cea mai \u00eenalt\u0103 calitate sunt livrate din matri\u021ba dvs. la un ciclu minim. Inginerii cu experien\u021b\u0103 de la Andy Mould ar face un design de matri\u021b\u0103 bun \u0219i cu costuri reduse \u0219i ar ajuta clientul s\u0103 rezolve problemele de structur\u0103 \u0219i func\u021bie ale produselor, de asemenea<\/p>\n<p>sugestii profesionale pentru dezvoltarea noului dvs. produs.<\/p>\n<p>Software-ul pe care \u00eel folosim<br \/>\nAuto CAD, Pro\/E, UG, Solid Works,<\/p>\n<p>De asemenea, efectu\u0103m analiza fluxului matri\u021bei \u00een timpul perioadei de proiectare a matri\u021bei noastre.<br \/>\nProcedura de proiectare a matri\u021bei<\/p>\n<p>1. \u00cent\u00e2lnire \u00eenainte de proiectare<\/p>\n<p>2. Efectua\u021bi proiectarea \u00een conformitate cu concluzia \u0219i verifica\u021bi de c\u0103tre managerul de proiectare<\/p>\n<p>3. Trimite\u021bi la client pentru a confirma \u0219i a face analiza<\/p>\n<p>4. Discuta\u021bi cu clientul dac\u0103 exist\u0103 probleme<\/p>\n<p>5. Realizarea designului final dup\u0103 aprobare<\/p>\n<p><img decoding=\"async\" class=\"alignleft wp-image-405 size-full\" src=\"http:\/\/plas.co\/wp-content\/uploads\/2014\/09\/IMG_1560.jpg\" alt=\"Departamentul de design\" width=\"1152\" height=\"768\" srcset=\"https:\/\/plas.co\/wp-content\/uploads\/2014\/09\/IMG_1560.jpg 1152w, https:\/\/plas.co\/wp-content\/uploads\/2014\/09\/IMG_1560-300x200.jpg 300w, https:\/\/plas.co\/wp-content\/uploads\/2014\/09\/IMG_1560-768x512.jpg 768w, https:\/\/plas.co\/wp-content\/uploads\/2014\/09\/IMG_1560-1024x683.jpg 1024w\" sizes=\"(max-width: 1152px) 100vw, 1152px\" \/><\/p>","protected":false},"excerpt":{"rendered":"<p>A good design is the heart of a mould, and Andy Mould pays special attention to the mould construction, cooling channels and moving mechanisms to ensure the highest quality parts are delivered from your mould at the minimum cycle. The\u00a0experienced\u00a0engineers\u00a0from\u00a0Andy Mould\u00a0would\u00a0make\u00a0the\u00a0good\u00a0and\u00a0low cost\u00a0mold\u00a0design\u00a0\u00a0and\u00a0help\u00a0customer\u00a0to\u00a0solve\u00a0the\u00a0issues\u00a0in\u00a0structure\u00a0and\u00a0function\u00a0to\u00a0the\u00a0products,\u00a0also professional \u00a0suggestions\u00a0to\u00a0your\u00a0new\u00a0product\u00a0development. Software\u00a0we\u00a0using Auto\u00a0CAD,\u00a0Pro\/E,\u00a0UG,\u00a0Solid works, We also do Mold flow Analysis during our [&hellip;]<\/p>\n","protected":false},"author":1,"featured_media":0,"parent":0,"menu_order":0,"comment_status":"open","ping_status":"open","template":"","meta":{"footnotes":""},"class_list":["post-22","page","type-page","status-publish","hentry"],"_links":{"self":[{"href":"https:\/\/plas.co\/ro\/wp-json\/wp\/v2\/pages\/22","targetHints":{"allow":["GET"]}}],"collection":[{"href":"https:\/\/plas.co\/ro\/wp-json\/wp\/v2\/pages"}],"about":[{"href":"https:\/\/plas.co\/ro\/wp-json\/wp\/v2\/types\/page"}],"author":[{"embeddable":true,"href":"https:\/\/plas.co\/ro\/wp-json\/wp\/v2\/users\/1"}],"replies":[{"embeddable":true,"href":"https:\/\/plas.co\/ro\/wp-json\/wp\/v2\/comments?post=22"}],"version-history":[{"count":0,"href":"https:\/\/plas.co\/ro\/wp-json\/wp\/v2\/pages\/22\/revisions"}],"wp:attachment":[{"href":"https:\/\/plas.co\/ro\/wp-json\/wp\/v2\/media?parent=22"}],"curies":[{"name":"wp","href":"https:\/\/api.w.org\/{rel}","templated":true}]}}