{"id":24,"date":"2014-09-20T14:37:02","date_gmt":"2014-09-20T06:37:02","guid":{"rendered":"http:\/\/andy-mold.com\/?page_id=24"},"modified":"2016-02-14T14:16:27","modified_gmt":"2016-02-14T06:16:27","slug":"calitate","status":"publish","type":"page","link":"https:\/\/plas.co\/ro\/calitate\/","title":{"rendered":"Calitate"},"content":{"rendered":"<p><b>Calitatea noastr\u0103:<\/b><\/p>\n<p>Ne angaj\u0103m s\u0103 asigur\u0103m calitatea produselor noastre, precum \u0219i s\u0103 le \u00eembun\u0103t\u0103\u021bim. Spre deosebire de mul\u021bi dintre concuren\u021bii no\u0219tri, oferim produse de \u00eenalt\u0103 calitate \u0219i servicii de calitate pentru a satisface sau a dep\u0103\u0219i a\u0219tept\u0103rile clien\u021bilor.<\/p>\n<p>Standarde de certificare ISO 900l-2000..<\/p>\n<p>Sistemul nostru de management al calit\u0103\u021bii acoper\u0103 \u00eentreaga tranzac\u021bie comercial\u0103, care include:<\/p>\n<p>Revizuirea proiectului<br \/>\nVerificarea \u0219i validarea proiect\u0103rii<br \/>\nControl de calibrare controlat electronic<br \/>\nInspec\u021bia recep\u021biei<br \/>\nPlanificarea documentat\u0103 obligatorie a calit\u0103\u021bii pentru fiecare proiect<br \/>\nInspec\u021bia primului articol<br \/>\nInspec\u021bia final\u0103\/ultima inspec\u021bie<\/p>\n<p><b>Produsele dvs. vor fi inspectate de serviciul nostru complet de calitate<\/b><\/p>\n<p>Ma\u0219in\u0103 de m\u0103surat coordonate (CMM)<\/p>\n<p>Proiector optic<\/p>\n<p>Studii privind capacitatea de procesare a sculelor<\/p>","protected":false},"excerpt":{"rendered":"<p>Our Quality: We are committed to ensuring the quality of our products as well as improving them. Unlike many of our competitors, Provide high quality products and quality service to meet or exceed customer&#8217;s expectations. ISO 900l-2000 Certification standards.. Our Quality Management System runs through the whole business transaction, which includes: Design review Design verification [&hellip;]<\/p>\n","protected":false},"author":1,"featured_media":0,"parent":0,"menu_order":0,"comment_status":"open","ping_status":"open","template":"","meta":{"footnotes":""},"class_list":["post-24","page","type-page","status-publish","hentry"],"_links":{"self":[{"href":"https:\/\/plas.co\/ro\/wp-json\/wp\/v2\/pages\/24","targetHints":{"allow":["GET"]}}],"collection":[{"href":"https:\/\/plas.co\/ro\/wp-json\/wp\/v2\/pages"}],"about":[{"href":"https:\/\/plas.co\/ro\/wp-json\/wp\/v2\/types\/page"}],"author":[{"embeddable":true,"href":"https:\/\/plas.co\/ro\/wp-json\/wp\/v2\/users\/1"}],"replies":[{"embeddable":true,"href":"https:\/\/plas.co\/ro\/wp-json\/wp\/v2\/comments?post=24"}],"version-history":[{"count":0,"href":"https:\/\/plas.co\/ro\/wp-json\/wp\/v2\/pages\/24\/revisions"}],"wp:attachment":[{"href":"https:\/\/plas.co\/ro\/wp-json\/wp\/v2\/media?parent=24"}],"curies":[{"name":"wp","href":"https:\/\/api.w.org\/{rel}","templated":true}]}}