{"id":100,"date":"2014-09-20T16:18:58","date_gmt":"2014-09-20T08:18:58","guid":{"rendered":"http:\/\/andy-mold.com\/?page_id=100"},"modified":"2026-01-09T21:16:30","modified_gmt":"2026-01-09T13:16:30","slug":"formverktyg-for-fordonsindustrin","status":"publish","type":"page","link":"https:\/\/plas.co\/sv\/produkter\/formverktyg-for-fordonsindustrin\/","title":{"rendered":"Formverktyg f\u00f6r fordon"},"content":{"rendered":"<div  class='flex_column av-8gcv8-2577ba9e0c13fce46414471b02123209 av_one_full  avia-builder-el-0  el_before_av_textblock  avia-builder-el-first  first flex_column_div'     ><style type=\"text\/css\" data-created_by=\"avia_inline_auto\" id=\"style-css-av-lel1ywqt-993f07fca39d4726bedded6a95944041\">\n#top .avia-gallery.av-lel1ywqt-993f07fca39d4726bedded6a95944041 .avia-gallery-thumb a{\nwidth:33.3333%;\n}\n<\/style>\n<div  class='avia-gallery av-lel1ywqt-993f07fca39d4726bedded6a95944041 avia_animate_when_visible  avia-builder-el-1  avia-builder-el-no-sibling  avia_lazyload avia-gallery-animate avia-gallery-1'  itemprop=\"image\" itemscope=\"itemscope\" itemtype=\"https:\/\/schema.org\/ImageObject\" ><meta itemprop=\"contentURL\" content=\"https:\/\/plas.co\/sv\/produkter\/formverktyg-for-fordonsindustrin\/\"><div class='avia-gallery-thumb'><a href=\"https:\/\/plas.co\/wp-content\/uploads\/2023\/02\/automotive-injection-mold-1.jpg\" data-srcset=\"https:\/\/plas.co\/wp-content\/uploads\/2023\/02\/automotive-injection-mold-1.jpg 800w, https:\/\/plas.co\/wp-content\/uploads\/2023\/02\/automotive-injection-mold-1-300x225.jpg 300w, https:\/\/plas.co\/wp-content\/uploads\/2023\/02\/automotive-injection-mold-1-768x576.jpg 768w, https:\/\/plas.co\/wp-content\/uploads\/2023\/02\/automotive-injection-mold-1-705x529.jpg 705w\" data-sizes=\"(max-width: 800px) 100vw, 800px\" data-rel='gallery-1' data-prev-img='https:\/\/plas.co\/wp-content\/uploads\/2023\/02\/automotive-injection-mold-1-495x400.jpg' class='first_thumb lightbox' data-onclick='1' title='formsprutningsverktyg f\u00f6r fordonsindustrin'  itemprop=\"thumbnailUrl\"  ><img decoding=\"async\" fetchpriority=\"high\" class=\"wp-image-936 avia-img-lazy-loading-not-936\"   src=\"https:\/\/plas.co\/wp-content\/uploads\/2023\/02\/automotive-injection-mold-1-495x400.jpg\" width=\"495\" height=\"400\"  title='formsprutningsverktyg f\u00f6r fordonsindustrin' alt='formsprutningsverktyg f\u00f6r fordonsindustrin' \/><div class='big-prev-fake'><img decoding=\"async\" loading=\"lazy\" class=\"wp-image-936 avia-img-lazy-loading-936\"  width=\"495\" height=\"400\" src=\"https:\/\/plas.co\/wp-content\/uploads\/2023\/02\/automotive-injection-mold-1-495x400.jpg\" title='formsprutningsverktyg f\u00f6r fordonsindustrin' alt='formsprutningsverktyg f\u00f6r fordonsindustrin' \/><\/div><\/a><a href=\"https:\/\/plas.co\/wp-content\/uploads\/2023\/02\/automotive-mould-factory.jpg\" data-srcset=\"https:\/\/plas.co\/wp-content\/uploads\/2023\/02\/automotive-mould-factory.jpg 800w, https:\/\/plas.co\/wp-content\/uploads\/2023\/02\/automotive-mould-factory-300x225.jpg 300w, https:\/\/plas.co\/wp-content\/uploads\/2023\/02\/automotive-mould-factory-768x576.jpg 768w, https:\/\/plas.co\/wp-content\/uploads\/2023\/02\/automotive-mould-factory-705x529.jpg 705w\" data-sizes=\"(max-width: 800px) 100vw, 800px\" data-rel='gallery-1' data-prev-img='https:\/\/plas.co\/wp-content\/uploads\/2023\/02\/automotive-mould-factory-495x400.jpg' class='lightbox' data-onclick='2' title='gjutformsfabrik f\u00f6r fordonsindustrin'  itemprop=\"thumbnailUrl\"  ><img decoding=\"async\" fetchpriority=\"high\" class=\"wp-image-938 avia-img-lazy-loading-not-938\"   src=\"https:\/\/plas.co\/wp-content\/uploads\/2023\/02\/automotive-mould-factory-495x400.jpg\" width=\"495\" height=\"400\"  title='gjutformsfabrik f\u00f6r fordonsindustrin' alt='gjutformsfabrik f\u00f6r fordonsindustrin' \/><div class='big-prev-fake'><img decoding=\"async\" loading=\"lazy\" class=\"wp-image-938 avia-img-lazy-loading-938\"  width=\"495\" height=\"400\" src=\"https:\/\/plas.co\/wp-content\/uploads\/2023\/02\/automotive-mould-factory-495x400.jpg\" title='gjutformsfabrik f\u00f6r fordonsindustrin' alt='gjutformsfabrik f\u00f6r fordonsindustrin' \/><\/div><\/a><a href=\"https:\/\/plas.co\/wp-content\/uploads\/2023\/02\/automotive-parts-mould.jpg\" data-srcset=\"https:\/\/plas.co\/wp-content\/uploads\/2023\/02\/automotive-parts-mould.jpg 600w, https:\/\/plas.co\/wp-content\/uploads\/2023\/02\/automotive-parts-mould-225x300.jpg 225w, https:\/\/plas.co\/wp-content\/uploads\/2023\/02\/automotive-parts-mould-529x705.jpg 529w\" data-sizes=\"(max-width: 600px) 100vw, 600px\" data-rel='gallery-1' data-prev-img='https:\/\/plas.co\/wp-content\/uploads\/2023\/02\/automotive-parts-mould-495x400.jpg' class='lightbox' data-onclick='3' title='gjutform f\u00f6r fordonsdelar'  itemprop=\"thumbnailUrl\"  ><img decoding=\"async\" fetchpriority=\"high\" class=\"wp-image-941 avia-img-lazy-loading-not-941\"   src=\"https:\/\/plas.co\/wp-content\/uploads\/2023\/02\/automotive-parts-mould-495x400.jpg\" width=\"495\" height=\"400\"  title='gjutform f\u00f6r fordonsdelar' alt='gjutform f\u00f6r fordonsdelar' \/><div class='big-prev-fake'><img decoding=\"async\" loading=\"lazy\" class=\"wp-image-941 avia-img-lazy-loading-941\"  width=\"495\" height=\"400\" src=\"https:\/\/plas.co\/wp-content\/uploads\/2023\/02\/automotive-parts-mould-495x400.jpg\" title='gjutform f\u00f6r fordonsdelar' alt='gjutform f\u00f6r fordonsdelar' \/><\/div><\/a><a href=\"https:\/\/plas.co\/wp-content\/uploads\/2023\/02\/automotive-plastic-mould.jpg\" data-srcset=\"https:\/\/plas.co\/wp-content\/uploads\/2023\/02\/automotive-plastic-mould.jpg 800w, https:\/\/plas.co\/wp-content\/uploads\/2023\/02\/automotive-plastic-mould-300x225.jpg 300w, https:\/\/plas.co\/wp-content\/uploads\/2023\/02\/automotive-plastic-mould-768x576.jpg 768w, https:\/\/plas.co\/wp-content\/uploads\/2023\/02\/automotive-plastic-mould-705x529.jpg 705w\" data-sizes=\"(max-width: 800px) 100vw, 800px\" data-rel='gallery-1' data-prev-img='https:\/\/plas.co\/wp-content\/uploads\/2023\/02\/automotive-plastic-mould-495x400.jpg' class='first_thumb lightbox' data-onclick='4' title='plastgjutform f\u00f6r fordonsindustrin'  itemprop=\"thumbnailUrl\"  ><img decoding=\"async\" fetchpriority=\"high\" class=\"wp-image-942 avia-img-lazy-loading-not-942\"   src=\"https:\/\/plas.co\/wp-content\/uploads\/2023\/02\/automotive-plastic-mould-495x400.jpg\" width=\"495\" height=\"400\"  title='plastgjutform f\u00f6r fordonsindustrin' alt='plastgjutform f\u00f6r fordonsindustrin' \/><div class='big-prev-fake'><img decoding=\"async\" loading=\"lazy\" class=\"wp-image-942 avia-img-lazy-loading-942\"  width=\"495\" height=\"400\" src=\"https:\/\/plas.co\/wp-content\/uploads\/2023\/02\/automotive-plastic-mould-495x400.jpg\" title='plastgjutform f\u00f6r fordonsindustrin' alt='plastgjutform f\u00f6r fordonsindustrin' \/><\/div><\/a><a href=\"https:\/\/plas.co\/wp-content\/uploads\/2023\/02\/China-automotive-mold-maker.jpg\" data-srcset=\"https:\/\/plas.co\/wp-content\/uploads\/2023\/02\/China-automotive-mold-maker.jpg 600w, https:\/\/plas.co\/wp-content\/uploads\/2023\/02\/China-automotive-mold-maker-225x300.jpg 225w, https:\/\/plas.co\/wp-content\/uploads\/2023\/02\/China-automotive-mold-maker-529x705.jpg 529w\" data-sizes=\"(max-width: 600px) 100vw, 600px\" data-rel='gallery-1' data-prev-img='https:\/\/plas.co\/wp-content\/uploads\/2023\/02\/China-automotive-mold-maker-495x400.jpg' class='lightbox' data-onclick='5' title='Tillverkare av gjutformar f\u00f6r fordonsindustrin i Kina'  itemprop=\"thumbnailUrl\"  ><img decoding=\"async\" fetchpriority=\"high\" class=\"wp-image-943 avia-img-lazy-loading-not-943\"   src=\"https:\/\/plas.co\/wp-content\/uploads\/2023\/02\/China-automotive-mold-maker-495x400.jpg\" width=\"495\" height=\"400\"  title='Tillverkare av gjutformar f\u00f6r fordonsindustrin i Kina' alt='Tillverkare av gjutformar f\u00f6r fordonsindustrin i Kina' \/><div class='big-prev-fake'><img decoding=\"async\" loading=\"lazy\" class=\"wp-image-943 avia-img-lazy-loading-943\"  width=\"495\" height=\"400\" src=\"https:\/\/plas.co\/wp-content\/uploads\/2023\/02\/China-automotive-mold-maker-495x400.jpg\" title='Tillverkare av gjutformar f\u00f6r fordonsindustrin i Kina' alt='Tillverkare av gjutformar f\u00f6r fordonsindustrin i Kina' \/><\/div><\/a><a href=\"https:\/\/plas.co\/wp-content\/uploads\/2023\/02\/china-automotive-mould.jpg\" data-srcset=\"https:\/\/plas.co\/wp-content\/uploads\/2023\/02\/china-automotive-mould.jpg 600w, https:\/\/plas.co\/wp-content\/uploads\/2023\/02\/china-automotive-mould-225x300.jpg 225w, https:\/\/plas.co\/wp-content\/uploads\/2023\/02\/china-automotive-mould-529x705.jpg 529w\" data-sizes=\"(max-width: 600px) 100vw, 600px\" data-rel='gallery-1' data-prev-img='https:\/\/plas.co\/wp-content\/uploads\/2023\/02\/china-automotive-mould-495x400.jpg' class='lightbox' data-onclick='6' title='m\u00f6gel f\u00f6r fordonsindustrin i kina'  itemprop=\"thumbnailUrl\"  ><img decoding=\"async\" fetchpriority=\"high\" class=\"wp-image-944 avia-img-lazy-loading-not-944\"   src=\"https:\/\/plas.co\/wp-content\/uploads\/2023\/02\/china-automotive-mould-495x400.jpg\" width=\"495\" height=\"400\"  title='m\u00f6gel f\u00f6r fordonsindustrin i kina' alt='m\u00f6gel f\u00f6r fordonsindustrin i kina' \/><div class='big-prev-fake'><img decoding=\"async\" loading=\"lazy\" class=\"wp-image-944 avia-img-lazy-loading-944\"  width=\"495\" height=\"400\" src=\"https:\/\/plas.co\/wp-content\/uploads\/2023\/02\/china-automotive-mould-495x400.jpg\" title='m\u00f6gel f\u00f6r fordonsindustrin i kina' alt='m\u00f6gel f\u00f6r fordonsindustrin i kina' \/><\/div><\/a><\/div><\/div><\/div>\n<section  class='av_textblock_section av-lel30rvk-cf1539555210428ee0eb928e39734301'   itemscope=\"itemscope\" itemtype=\"https:\/\/schema.org\/CreativeWork\" ><div class='avia_textblock'  itemprop=\"text\" ><div id=\"ez-toc-container\" class=\"ez-toc-v2_0_82_2 counter-hierarchy ez-toc-counter ez-toc-grey ez-toc-container-direction\">\n<div class=\"ez-toc-title-container\">\n<p class=\"ez-toc-title\" style=\"cursor:inherit\">Inneh\u00e5llsf\u00f6rteckning<\/p>\n<span class=\"ez-toc-title-toggle\"><a href=\"#\" class=\"ez-toc-pull-right ez-toc-btn ez-toc-btn-xs ez-toc-btn-default ez-toc-toggle\" aria-label=\"Toggle Inneh\u00e5llsf\u00f6rteckning\"><span class=\"ez-toc-js-icon-con\"><span class=\"\"><span class=\"eztoc-hide\" style=\"display:none;\">Toggle<\/span><span class=\"ez-toc-icon-toggle-span\"><svg style=\"fill: #999;color:#999\" xmlns=\"http:\/\/www.w3.org\/2000\/svg\" class=\"list-377408\" width=\"20px\" height=\"20px\" viewbox=\"0 0 24 24\" fill=\"none\"><path d=\"M6 6H4v2h2V6zm14 0H8v2h12V6zM4 11h2v2H4v-2zm16 0H8v2h12v-2zM4 16h2v2H4v-2zm16 0H8v2h12v-2z\" fill=\"currentColor\"><\/path><\/svg><svg style=\"fill: #999;color:#999\" class=\"arrow-unsorted-368013\" xmlns=\"http:\/\/www.w3.org\/2000\/svg\" width=\"10px\" height=\"10px\" viewbox=\"0 0 24 24\" version=\"1.2\" baseprofile=\"tiny\"><path d=\"M18.2 9.3l-6.2-6.3-6.2 6.3c-.2.2-.3.4-.3.7s.1.5.3.7c.2.2.4.3.7.3h11c.3 0 .5-.1.7-.3.2-.2.3-.5.3-.7s-.1-.5-.3-.7zM5.8 14.7l6.2 6.3 6.2-6.3c.2-.2.3-.5.3-.7s-.1-.5-.3-.7c-.2-.2-.4-.3-.7-.3h-11c-.3 0-.5.1-.7.3-.2.2-.3.5-.3.7s.1.5.3.7z\"\/><\/svg><\/span><\/span><\/span><\/a><\/span><\/div>\n<nav><ul class='ez-toc-list ez-toc-list-level-1' ><li class='ez-toc-page-1 ez-toc-heading-level-2'><a class=\"ez-toc-link ez-toc-heading-1\" href=\"https:\/\/plas.co\/sv\/produkter\/formverktyg-for-fordonsindustrin\/#What_is_Automotive_Mould\" >Vad \u00e4r Automotive Mould<\/a><ul class='ez-toc-list-level-3' ><li class='ez-toc-heading-level-3'><a class=\"ez-toc-link ez-toc-heading-2\" href=\"https:\/\/plas.co\/sv\/produkter\/formverktyg-for-fordonsindustrin\/#Type_of_Automotive_Mould\" >Typ av formverktyg f\u00f6r fordonsindustrin<\/a><\/li><li class='ez-toc-page-1 ez-toc-heading-level-3'><a class=\"ez-toc-link ez-toc-heading-3\" href=\"https:\/\/plas.co\/sv\/produkter\/formverktyg-for-fordonsindustrin\/#Applications_of_Automotive_Mould\" >Till\u00e4mpningar av Automotive Mould<\/a><\/li><li class='ez-toc-page-1 ez-toc-heading-level-3'><a class=\"ez-toc-link ez-toc-heading-4\" href=\"https:\/\/plas.co\/sv\/produkter\/formverktyg-for-fordonsindustrin\/#Which_country_of_automotive_mould_suppliers_that_you_should_work_with\" >I vilket land finns det leverant\u00f6rer av gjutformar f\u00f6r fordonsindustrin som du b\u00f6r samarbeta med?<\/a><\/li><\/ul><\/li><\/ul><\/nav><\/div>\n<h2><span class=\"ez-toc-section\" id=\"What_is_Automotive_Mould\"><\/span>Vad \u00e4r Automotive Mould<span class=\"ez-toc-section-end\"><\/span><\/h2>\n<p><a href=\"https:\/\/plas.co\/sv\/produkter\/formverktyg-for-fordonsindustrin\/\"><em><strong>Formverktyg f\u00f6r fordon<\/strong><\/em><\/a>, \u00e4ven kallad bilform eller <a href=\"http:\/\/www.sheetmetalmasion.com\" target=\"_blank\" rel=\"noopener\">bilform<\/a>, \u00e4r ett verktyg som anv\u00e4nds i tillverkningsprocessen av olika delar och komponenter till bilar. Det \u00e4r en anordning som anv\u00e4nds f\u00f6r att forma material, t.ex. plast, metall och kompositer, till den \u00f6nskade formen p\u00e5 slutprodukten,<\/p>\n<p>Formverktyg f\u00f6r bilindustrin kan se ut p\u00e5 olika s\u00e4tt beroende p\u00e5 hur komplicerad den del som ska tillverkas \u00e4r. Till exempel anv\u00e4nds formsprutningsformar f\u00f6r att tillverka plastdelar till bilar med komplexa geometrier, medan formpressningsformar anv\u00e4nds f\u00f6r att tillverka stora och tjocka delar, som st\u00f6tf\u00e5ngare och instrumentpaneler, av kompositmaterial.<\/p>\n<p>Anv\u00e4ndningen av fordonsformar i tillverkningsprocessen m\u00f6jligg\u00f6r en h\u00f6g grad av precision och noggrannhet, liksom m\u00f6jligheten att producera stora volymer av komponenter med j\u00e4mn kvalitet. Anv\u00e4ndningen av formar bidrar ocks\u00e5 till att minska avfallet och \u00f6ka effektiviteten i tillverkningsprocessen. det h\u00e4r \u00e4r sidan vi menar att prata om <a href=\"http:\/\/plas.co\/sv\/formsprutningsverktyg-for-fordonsindustrin\/\">formsprutningsverktyg f\u00f6r fordonsindustrin<\/a>.<\/p>\n<h3><span class=\"ez-toc-section\" id=\"Type_of_Automotive_Mould\"><\/span>Typ av formverktyg f\u00f6r fordonsindustrin<span class=\"ez-toc-section-end\"><\/span><\/h3>\n<p>Fordonsformar anv\u00e4nds i tillverkningsprocessen av olika delar och komponenter i bilar. Det finns m\u00e5nga typer av fordonsformar, h\u00e4r \u00e4r n\u00e5gra typer av fordonsformar:<\/p>\n<ol>\n<li>Injektionsformar: Dessa formar anv\u00e4nds f\u00f6r att producera plastdelar f\u00f6r bilar. Formsprutning \u00e4r en popul\u00e4r metod f\u00f6r att producera h\u00f6ga volymer plastkomponenter med komplexa geometrier, och det h\u00e4r \u00e4r ocks\u00e5 v\u00e5r genomsnittliga verksamhet, om du beh\u00f6ver formsprutning f\u00f6r fordon, kontakta oss f\u00f6r att f\u00e5 pris.<\/li>\n<li>Kompressionsformar: Dessa formar anv\u00e4nds f\u00f6r att tillverka stora och tjocka bildelar, t.ex. st\u00f6tf\u00e5ngare och instrumentpaneler, av kompositmaterial.<\/li>\n<li>Bl\u00e5sformar: Dessa formar anv\u00e4nds f\u00f6r att skapa ih\u00e5liga plastkomponenter, t.ex. br\u00e4nsletankar och luftkanaler.<\/li>\n<li>Formverktyg f\u00f6r termoformning: Dessa formar anv\u00e4nds f\u00f6r att producera plastkomponenter med ett litet djup, t.ex. d\u00f6rrpaneler och instrumentkluster.<\/li>\n<li>Gjutformar f\u00f6r pressgjutning: Dessa formar anv\u00e4nds f\u00f6r att tillverka metallkomponenter, t.ex. motorblock och v\u00e4xell\u00e5dor, med hj\u00e4lp av en h\u00f6gtrycksinsprutningsprocess.<\/li>\n<li>Gjutformar f\u00f6r gummi: Dessa formar anv\u00e4nds f\u00f6r att tillverka gummikomponenter, t.ex. t\u00e4tningar och packningar, f\u00f6r fordonsapplikationer.<\/li>\n<li>Extruderingsformar: Dessa formar anv\u00e4nds f\u00f6r att tillverka l\u00e5nga plastkomponenter, t.ex. f\u00f6nstert\u00e4tningar och t\u00e4tningslister, genom att materialet pressas genom en matris.<\/li>\n<\/ol>\n<p>Varje typ av fordonsform har sina egna unika f\u00f6rdelar och nackdelar, och valet av form beror p\u00e5 de specifika kraven p\u00e5 den del som produceras.<\/p>\n<h3><span class=\"ez-toc-section\" id=\"Applications_of_Automotive_Mould\"><\/span>Till\u00e4mpningar av Automotive Mould<span class=\"ez-toc-section-end\"><\/span><\/h3>\n<p><a href=\"https:\/\/www.plasticmold.net\/injection-molding-automotive\/\" target=\"_blank\" rel=\"noopener\">Formar f\u00f6r fordon<\/a> har ett brett utbud av applikationer inom fordonsindustrin. H\u00e4r \u00e4r n\u00e5gra av till\u00e4mpningarna av fordonsformar:<\/p>\n<ol>\n<li>Exteri\u00f6ra komponenter: Bilformar anv\u00e4nds f\u00f6r att tillverka olika exteri\u00f6ra komponenter till fordon, t.ex. st\u00f6tf\u00e5ngare, galler, sk\u00e4rmar, huvar och d\u00f6rrar.<\/li>\n<li>Inredningskomponenter: Gjutformar anv\u00e4nds f\u00f6r att tillverka interi\u00f6rkomponenter i fordon, t.ex. instrumentbr\u00e4dor, d\u00f6rrpaneler, s\u00e4ten och rattar.<\/li>\n<li>Belysningskomponenter: Bilformar anv\u00e4nds f\u00f6r att tillverka olika belysningskomponenter till fordon, t.ex. str\u00e5lkastare, bakljus och blinkerslinser.<\/li>\n<li>Motorkomponenter: Gjutformar anv\u00e4nds f\u00f6r att tillverka olika motorkomponenter till fordon, t.ex. motorblock, topplock och insugningsgrenr\u00f6r.<\/li>\n<li>Transmissionskomponenter: Gjutformar anv\u00e4nds f\u00f6r att tillverka olika transmissionskomponenter i fordon, t.ex. v\u00e4xell\u00e5dor och kugghjul.<\/li>\n<li>Upph\u00e4ngningskomponenter: Fordonsformar anv\u00e4nds f\u00f6r att tillverka olika upph\u00e4ngningskomponenter till fordon, t.ex. styrarmar och kulleder.<\/li>\n<li>Elektriska komponenter: Gjutformar anv\u00e4nds f\u00f6r att tillverka olika elektriska komponenter i fordon, t.ex. kablage och kontaktdon.<\/li>\n<\/ol>\n<p>Sammanfattningsvis anv\u00e4nds fordonsformar i tillverkningsprocessen av n\u00e4stan alla komponenter i ett fordon, fr\u00e5n kaross och interi\u00f6r till motor och elsystem.<\/p>\n<h3><span class=\"ez-toc-section\" id=\"Which_country_of_automotive_mould_suppliers_that_you_should_work_with\"><\/span>I vilket land finns det leverant\u00f6rer av gjutformar f\u00f6r fordonsindustrin som du b\u00f6r samarbeta med?<span class=\"ez-toc-section-end\"><\/span><\/h3>\n<p>Det finns m\u00e5nga l\u00e4nder som har en stark n\u00e4rvaro inom fordonsindustrin och som har utvecklat expertis inom formtillverkning. N\u00e5gra av de b\u00e4sta l\u00e4nderna f\u00f6r <em><strong>leverant\u00f6rer av gjutformar f\u00f6r fordonsindustrin<\/strong><\/em> inkluderar Kina, Tyskland, Japan, USA och Sydkorea. Alla dessa l\u00e4nder kan dock ha olika styrkor och svagheter, och det \u00e4r viktigt att ta h\u00e4nsyn till faktorer som spr\u00e5k, kultur, logistik och immateriella r\u00e4ttigheter.<\/p>\n<p>N\u00e4r du v\u00e4ljer leverant\u00f6r \u00e4r det viktigt att du g\u00f6r grundliga efterforskningar, kontrollerar deras referenser och granskar deras tillverkningsprocesser. Det \u00e4r ocks\u00e5 en bra id\u00e9 att beg\u00e4ra prover och tr\u00e4ffa leverant\u00f6ren personligen, om m\u00f6jligt, f\u00f6r att s\u00e4kerst\u00e4lla att de kan uppfylla dina specifika behov och krav. I slut\u00e4ndan beror valet av vilket land du vill arbeta med p\u00e5 dina individuella behov och preferenser.<\/p>\n<div id=\"attachment_937\" style=\"width: 810px\" class=\"wp-caption aligncenter\"><a href=\"http:\/\/plas.co\/wp-content\/uploads\/2023\/02\/automotive-molds-1.jpg\"><img decoding=\"async\" aria-describedby=\"caption-attachment-937\" class=\"wp-image-937 size-full\" src=\"http:\/\/plas.co\/wp-content\/uploads\/2023\/02\/automotive-molds-1.jpg\" alt=\"Formverktyg f\u00f6r fordon\" width=\"800\" height=\"600\" srcset=\"https:\/\/plas.co\/wp-content\/uploads\/2023\/02\/automotive-molds-1.jpg 800w, https:\/\/plas.co\/wp-content\/uploads\/2023\/02\/automotive-molds-1-300x225.jpg 300w, https:\/\/plas.co\/wp-content\/uploads\/2023\/02\/automotive-molds-1-768x576.jpg 768w, https:\/\/plas.co\/wp-content\/uploads\/2023\/02\/automotive-molds-1-705x529.jpg 705w\" sizes=\"(max-width: 800px) 100vw, 800px\" \/><\/a><p id=\"caption-attachment-937\" class=\"wp-caption-text\">Formverktyg f\u00f6r fordon<\/p><\/div>\n<p>Enligt uppgifterna som visar att de flesta biltillverkare k\u00f6per fordonsformar fr\u00e5n Chin-formleverant\u00f6rer, och du kanske har n\u00e5gra fr\u00e5gor varf\u00f6r s\u00e5 m\u00e5nga bilf\u00f6retag k\u00f6per fordonsformar fr\u00e5n Kina? Tja nedan kan ge dig ett svar:<\/p>\n<ol>\n<li>Kostnadseffektivitet: En av de fr\u00e4msta anledningarna till att arbeta med kinesiska leverant\u00f6rer av fordonsformar \u00e4r kostnadseffektivitet. Kina har en stor och mycket konkurrenskraftig formtillverkningsindustri, med l\u00e4gre arbetskraftskostnader, l\u00e4gre materialkostnader och mer \u00f6verkomliga omkostnader \u00e4n m\u00e5nga andra l\u00e4nder. Detta kan resultera i l\u00e4gre priser f\u00f6r h\u00f6gkvalitativa formar som uppfyller internationella standarder.<\/li>\n<li>Tillverkningskapacitet: Kina har en stor och v\u00e4lutvecklad tillverkningsindustri med avancerad teknik och utrustning och ett starkt fokus p\u00e5 kvalitetskontroll. Kinesiska leverant\u00f6rer av bilformar har erfarenhet av att tillverka formar f\u00f6r ett brett spektrum av applikationer, inklusive komplexa geometrier, formar med flera kaviteter och storskaliga produktionsk\u00f6rningar.<\/li>\n<li>Brett utbud av material: Kinesiska leverant\u00f6rer av fordonsformar har tillg\u00e5ng till ett brett utbud av material, inklusive plast, metaller och kompositer. Detta g\u00f6r det m\u00f6jligt f\u00f6r dem att v\u00e4lja det l\u00e4mpligaste materialet f\u00f6r varje applikation, med h\u00e4nsyn till faktorer som h\u00e5llbarhet, vikt och kostnad.<\/li>\n<li>Skalbarhet: Kinesiska leverant\u00f6rer av fordonsformar kan producera formar i stora volymer, vilket kan vara viktigt f\u00f6r fordonstillverkare med h\u00f6ga produktionskrav. Kinesiska leverant\u00f6rer kan ocks\u00e5 tillhandah\u00e5lla snabba behandlingstider f\u00f6r br\u00e5dskande best\u00e4llningar.<\/li>\n<li>Teknisk expertis: Kina har en stor pool av skickliga ingenj\u00f6rer och tekniker med expertis inom formkonstruktion och tillverkning. M\u00e5nga kinesiska formleverant\u00f6rer har starka FoU-kapaciteter och kan erbjuda skr\u00e4ddarsydda l\u00f6sningar f\u00f6r att uppfylla specifika kundkrav.<\/li>\n<\/ol>\n<p>Men n\u00e4r man \u00f6verv\u00e4ger att arbeta med <em><strong>Kina leverant\u00f6rer av fordonsformar<\/strong><\/em>\u00e4r det viktigt att g\u00f6ra grundliga efterforskningar, kontrollera deras referenser och granska deras tillverkningsprocesser f\u00f6r att s\u00e4kerst\u00e4lla att de uppfyller dina kvalitets- och leveransf\u00f6rv\u00e4ntningar.<\/p>\n<p>Spr\u00e5k, kultur, logistik och immateriella r\u00e4ttigheter b\u00f6r ocks\u00e5 beaktas. Det \u00e4r viktigt att v\u00e4lja <a href=\"http:\/\/plas.co\/sv\/\">leverant\u00f6rer av gjutformar<\/a> som kan uppfylla dina specifika behov och krav, och som har en dokumenterad erfarenhet av att leverera h\u00f6gkvalitativa produkter i tid och inom budget.<\/p>\n<\/div><\/section>","protected":false},"excerpt":{"rendered":"","protected":false},"author":1,"featured_media":931,"parent":17,"menu_order":0,"comment_status":"open","ping_status":"open","template":"","meta":{"footnotes":""},"class_list":["post-100","page","type-page","status-publish","has-post-thumbnail","hentry"],"_links":{"self":[{"href":"https:\/\/plas.co\/sv\/wp-json\/wp\/v2\/pages\/100","targetHints":{"allow":["GET"]}}],"collection":[{"href":"https:\/\/plas.co\/sv\/wp-json\/wp\/v2\/pages"}],"about":[{"href":"https:\/\/plas.co\/sv\/wp-json\/wp\/v2\/types\/page"}],"author":[{"embeddable":true,"href":"https:\/\/plas.co\/sv\/wp-json\/wp\/v2\/users\/1"}],"replies":[{"embeddable":true,"href":"https:\/\/plas.co\/sv\/wp-json\/wp\/v2\/comments?post=100"}],"version-history":[{"count":1,"href":"https:\/\/plas.co\/sv\/wp-json\/wp\/v2\/pages\/100\/revisions"}],"predecessor-version":[{"id":2818,"href":"https:\/\/plas.co\/sv\/wp-json\/wp\/v2\/pages\/100\/revisions\/2818"}],"up":[{"embeddable":true,"href":"https:\/\/plas.co\/sv\/wp-json\/wp\/v2\/pages\/17"}],"wp:featuredmedia":[{"embeddable":true,"href":"https:\/\/plas.co\/sv\/wp-json\/wp\/v2\/media\/931"}],"wp:attachment":[{"href":"https:\/\/plas.co\/sv\/wp-json\/wp\/v2\/media?parent=100"}],"curies":[{"name":"wp","href":"https:\/\/api.w.org\/{rel}","templated":true}]}}