{"id":103,"date":"2014-09-20T16:59:07","date_gmt":"2014-09-20T08:59:07","guid":{"rendered":"http:\/\/andy-mold.com\/?page_id=103"},"modified":"2023-02-24T22:57:10","modified_gmt":"2023-02-24T14:57:10","slug":"formsprutning-forpackning","status":"publish","type":"page","link":"https:\/\/plas.co\/sv\/formsprutning-forpackning\/","title":{"rendered":"Formsprutning F\u00f6rpackning"},"content":{"rendered":"<div  class='flex_column av-av_one_full-7714eba142aeda1f8b5272a3c372b279 av_one_full  avia-builder-el-0  avia-builder-el-no-sibling  first flex_column_div'     ><section  class='av_textblock_section av-leinkoqn-2ce71e3bca6dba456b9c8fbc10182ea3'   itemscope=\"itemscope\" itemtype=\"https:\/\/schema.org\/CreativeWork\" ><div class='avia_textblock'  itemprop=\"text\" ><div id=\"ez-toc-container\" class=\"ez-toc-v2_0_82_2 counter-hierarchy ez-toc-counter ez-toc-grey ez-toc-container-direction\">\n<div class=\"ez-toc-title-container\">\n<p class=\"ez-toc-title\" style=\"cursor:inherit\">Inneh\u00e5llsf\u00f6rteckning<\/p>\n<span class=\"ez-toc-title-toggle\"><a href=\"#\" class=\"ez-toc-pull-right ez-toc-btn ez-toc-btn-xs ez-toc-btn-default ez-toc-toggle\" aria-label=\"Toggle Inneh\u00e5llsf\u00f6rteckning\"><span class=\"ez-toc-js-icon-con\"><span class=\"\"><span class=\"eztoc-hide\" style=\"display:none;\">Toggle<\/span><span class=\"ez-toc-icon-toggle-span\"><svg style=\"fill: #999;color:#999\" xmlns=\"http:\/\/www.w3.org\/2000\/svg\" class=\"list-377408\" width=\"20px\" height=\"20px\" viewbox=\"0 0 24 24\" fill=\"none\"><path d=\"M6 6H4v2h2V6zm14 0H8v2h12V6zM4 11h2v2H4v-2zm16 0H8v2h12v-2zM4 16h2v2H4v-2zm16 0H8v2h12v-2z\" fill=\"currentColor\"><\/path><\/svg><svg style=\"fill: #999;color:#999\" class=\"arrow-unsorted-368013\" xmlns=\"http:\/\/www.w3.org\/2000\/svg\" width=\"10px\" height=\"10px\" viewbox=\"0 0 24 24\" version=\"1.2\" baseprofile=\"tiny\"><path d=\"M18.2 9.3l-6.2-6.3-6.2 6.3c-.2.2-.3.4-.3.7s.1.5.3.7c.2.2.4.3.7.3h11c.3 0 .5-.1.7-.3.2-.2.3-.5.3-.7s-.1-.5-.3-.7zM5.8 14.7l6.2 6.3 6.2-6.3c.2-.2.3-.5.3-.7s-.1-.5-.3-.7c-.2-.2-.4-.3-.7-.3h-11c-.3 0-.5.1-.7.3-.2.2-.3.5-.3.7s.1.5.3.7z\"\/><\/svg><\/span><\/span><\/span><\/a><\/span><\/div>\n<nav><ul class='ez-toc-list ez-toc-list-level-1' ><li class='ez-toc-page-1 ez-toc-heading-level-2'><a class=\"ez-toc-link ez-toc-heading-1\" href=\"https:\/\/plas.co\/sv\/formsprutning-forpackning\/#What_is_injection_mold_packaging\" >Vad \u00e4r formsprutningsf\u00f6rpackning<\/a><ul class='ez-toc-list-level-3' ><li class='ez-toc-heading-level-3'><a class=\"ez-toc-link ez-toc-heading-2\" href=\"https:\/\/plas.co\/sv\/formsprutning-forpackning\/#Section_1_The_Benefits_of_Injection_Molding_for_Packaging\" >Avsnitt 1: F\u00f6rdelarna med formsprutning f\u00f6r f\u00f6rpackningar<\/a><\/li><li class='ez-toc-page-1 ez-toc-heading-level-3'><a class=\"ez-toc-link ez-toc-heading-3\" href=\"https:\/\/plas.co\/sv\/formsprutning-forpackning\/#Section_2_The_Different_Types_of_Materials_Used_in_Injection_Molding_for_Packaging\" >Avsnitt 2: De olika typerna av material som anv\u00e4nds vid formsprutning av f\u00f6rpackningar<\/a><\/li><li class='ez-toc-page-1 ez-toc-heading-level-3'><a class=\"ez-toc-link ez-toc-heading-4\" href=\"https:\/\/plas.co\/sv\/formsprutning-forpackning\/#Section_3_The_Process_of_Injection_Molding\" >Avsnitt 3: Processen f\u00f6r formsprutning<\/a><\/li><li class='ez-toc-page-1 ez-toc-heading-level-3'><a class=\"ez-toc-link ez-toc-heading-5\" href=\"https:\/\/plas.co\/sv\/formsprutning-forpackning\/#Section_4_The_Various_Applications_of_Injection_Molding_in_Packaging\" >Avsnitt 4: De olika till\u00e4mpningarna av formsprutning i f\u00f6rpackningar<\/a><\/li><li class='ez-toc-page-1 ez-toc-heading-level-3'><a class=\"ez-toc-link ez-toc-heading-6\" href=\"https:\/\/plas.co\/sv\/formsprutning-forpackning\/#Injection_mold_resin_for_cosmetic_packaging\" >Formsprutningsharts f\u00f6r kosmetikaf\u00f6rpackningar<\/a><\/li><li class='ez-toc-page-1 ez-toc-heading-level-3'><a class=\"ez-toc-link ez-toc-heading-7\" href=\"https:\/\/plas.co\/sv\/formsprutning-forpackning\/#Injection_molds_for_packaging\" >Formsprutningsverktyg f\u00f6r f\u00f6rpackningar<\/a><ul class='ez-toc-list-level-4' ><li class='ez-toc-heading-level-4'><a class=\"ez-toc-link ez-toc-heading-8\" href=\"https:\/\/plas.co\/sv\/formsprutning-forpackning\/#Conclusion\" >Slutsats:<\/a><\/li><\/ul><\/li><\/ul><\/li><\/ul><\/nav><\/div>\n<h2><span class=\"ez-toc-section\" id=\"What_is_injection_mold_packaging\"><\/span>Vad \u00e4r formsprutningsf\u00f6rpackning<span class=\"ez-toc-section-end\"><\/span><\/h2>\n<p><strong><em>Formsprutning av f\u00f6rpackningar<\/em><\/strong> \u00e4r en tillverkningsprocess som anv\u00e4nds f\u00f6r att producera ett brett utbud av plastf\u00f6rpackningsprodukter, t.ex. flaskor, burkar, beh\u00e5llare och lock. Processen inneb\u00e4r att sm\u00e4lt plastmaterial sprutas in i en formh\u00e5lighet, som \u00e4r utformad f\u00f6r att skapa den \u00f6nskade formen p\u00e5 f\u00f6rpackningsprodukten.<\/p>\n<p>Plastmaterialet som anv\u00e4nds f\u00f6r formsprutning kan variera beroende p\u00e5 f\u00f6rpackningsproduktens specifika till\u00e4mpning och krav. N\u00e5gra av de vanligaste plastmaterialen f\u00f6r <em>formsprutad plastf\u00f6rpackning<\/em> omfattar polyeten (PE), polypropen (PP), polyetentereftalat (PET), polystyren (PS) och akrylnitrilbutadienstyren (ABS).<\/p>\n<p>Formsprutningsprocessen f\u00f6r plastf\u00f6rpackningar best\u00e5r av flera steg, bland annat<\/p>\n<ol>\n<li>Utformning av gjutformen - En gjutform \u00e4r utformad f\u00f6r att skapa \u00f6nskad form och egenskaper hos f\u00f6rpackningsprodukten. Formen kan vara tillverkad av st\u00e5l eller aluminium och best\u00e5r av tv\u00e5 halvor som bultas ihop.<\/li>\n<li>F\u00f6rberedelse av plastmaterialet - Plastmaterialet sm\u00e4lts och f\u00f6rbereds f\u00f6r formsprutning. Plastpelletsen matas in i formsprutningsmaskinen d\u00e4r den sm\u00e4lts och blandas med tillsatser som f\u00e4rg\u00e4mnen och stabilisatorer.<\/li>\n<li>Formsprutning - Det sm\u00e4lta plastmaterialet sprutas in i formh\u00e5lan under h\u00f6gt tryck. Plastmaterialet fyller h\u00e5lrummet och antar formens form.<\/li>\n<li>Kylning och stelning - Plastmaterialet f\u00e5r svalna och stelna inuti formen. N\u00e4r plastmaterialet har stelnat helt separeras de tv\u00e5 formhalvorna och den f\u00e4rdiga produkten matas ut.<\/li>\n<\/ol>\n<p><em>formsprutad plastf\u00f6rpackning<\/em> \u00e4r en vanligt f\u00f6rekommande tillverkningsprocess f\u00f6r att producera f\u00f6rpackningsprodukter av plast.<\/p>\n<div id=\"attachment_395\" style=\"width: 692px\" class=\"wp-caption aligncenter\"><a href=\"http:\/\/plas.co\/wp-content\/uploads\/2016\/02\/Product-01.jpg\"><img decoding=\"async\" aria-describedby=\"caption-attachment-395\" class=\"wp-image-395 size-full\" src=\"http:\/\/plas.co\/wp-content\/uploads\/2016\/02\/Product-01.jpg\" alt=\"formsprutning f\u00f6rpackning\" width=\"682\" height=\"488\" srcset=\"https:\/\/plas.co\/wp-content\/uploads\/2016\/02\/Product-01.jpg 682w, https:\/\/plas.co\/wp-content\/uploads\/2016\/02\/Product-01-300x215.jpg 300w\" sizes=\"(max-width: 682px) 100vw, 682px\" \/><\/a><p id=\"caption-attachment-395\" class=\"wp-caption-text\">formsprutning f\u00f6rpackning<\/p><\/div>\n<p>F\u00f6rpackningen \u00e4r en avg\u00f6rande aspekt av varje produkt. Den ger det f\u00f6rsta intrycket och kan p\u00e5verka konsumenternas beslut. Med den v\u00e4xande efterfr\u00e5gan p\u00e5 h\u00e5llbara och milj\u00f6v\u00e4nliga f\u00f6rpackningsl\u00f6sningar har behovet av effektiva tillverkningsprocesser blivit viktigare \u00e4n n\u00e5gonsin tidigare. Formsprutning \u00e4r en s\u00e5dan process som har revolutionerat f\u00f6rpackningsindustrin. I denna omfattande guide kommer vi att utforska f\u00f6rdelarna med formsprutning f\u00f6r f\u00f6rpackningar, de olika typerna av material som anv\u00e4nds, processen f\u00f6r formsprutning och de olika till\u00e4mpningarna av denna teknik inom f\u00f6rpackningar.<\/p>\n<h3><span class=\"ez-toc-section\" id=\"Section_1_The_Benefits_of_Injection_Molding_for_Packaging\"><\/span>Avsnitt 1: F\u00f6rdelarna med formsprutning f\u00f6r f\u00f6rpackningar<span class=\"ez-toc-section-end\"><\/span><\/h3>\n<p>Formsprutning \u00e4r en tillverkningsprocess som inneb\u00e4r att sm\u00e4lt plast sprutas in i en form f\u00f6r att skapa en produkt. Denna process erbjuder flera f\u00f6rdelar f\u00f6r f\u00f6rpackningar, bland annat:<\/p>\n<p>1.1. Kostnadseffektivitet: Formsprutning m\u00f6jligg\u00f6r h\u00f6gvolymsproduktion, vilket g\u00f6r det till en kostnadseffektiv l\u00f6sning f\u00f6r storskalig produktion av f\u00f6rpackningsmaterial.<\/p>\n<p>1.2. Flexibilitet i designen: Formsprutning ger konstrukt\u00f6rerna frihet att skapa komplexa former och intrikata m\u00f6nster som skulle vara sv\u00e5ra att uppn\u00e5 med andra tillverkningsprocesser.<\/p>\n<p>1.3. M\u00e5ngsidiga material: Formsprutning kan anv\u00e4ndas med ett brett utbud av material, inklusive termoplaster, h\u00e4rdplaster och elastomerer.<\/p>\n<h3><span class=\"ez-toc-section\" id=\"Section_2_The_Different_Types_of_Materials_Used_in_Injection_Molding_for_Packaging\"><\/span>Avsnitt 2: De olika typerna av material som anv\u00e4nds vid formsprutning av f\u00f6rpackningar<span class=\"ez-toc-section-end\"><\/span><\/h3>\n<p>2.1. Termoplaster: Termoplaster \u00e4r de vanligaste materialen vid formsprutning av f\u00f6rpackningar. De \u00e4r slitstarka, l\u00e4tta och kan enkelt formas till olika former och storlekar.<\/p>\n<p>2.2. V\u00e4rmeh\u00e4rdare: H\u00e4rdplaster \u00e4r idealiska f\u00f6r f\u00f6rpackning av produkter som kr\u00e4ver v\u00e4rmebest\u00e4ndighet och h\u00f6g h\u00e5llbarhet.<\/p>\n<p>2.3. Elastomerer: Elastomerer anv\u00e4nds f\u00f6r f\u00f6rpackning av produkter som kr\u00e4ver flexibilitet och mjukhet.<\/p>\n<h3><span class=\"ez-toc-section\" id=\"Section_3_The_Process_of_Injection_Molding\"><\/span>Avsnitt 3: Processen f\u00f6r formsprutning<span class=\"ez-toc-section-end\"><\/span><\/h3>\n<p>3.1. Formkonstruktion: Det f\u00f6rsta steget i formsprutningsprocessen \u00e4r formkonstruktionen. Formen \u00e4r utformad efter produktens exakta specifikationer.<\/p>\n<p>3.2. F\u00f6rberedelse av material: Det valda materialet sm\u00e4lts sedan och f\u00f6rbereds f\u00f6r injektion.<\/p>\n<p>3.3. Insprutning: Det sm\u00e4lta materialet sprutas in i formen under h\u00f6gt tryck och fyller formh\u00e5lan.<\/p>\n<p>3.4. Kylning: Formen kyls f\u00f6r att stelna plasten och produkten matas ut.<\/p>\n<h3><span class=\"ez-toc-section\" id=\"Section_4_The_Various_Applications_of_Injection_Molding_in_Packaging\"><\/span>Avsnitt 4: De olika till\u00e4mpningarna av formsprutning i f\u00f6rpackningar<span class=\"ez-toc-section-end\"><\/span><\/h3>\n<p>4.1. F\u00f6rpackningar f\u00f6r livsmedel: Formsprutning anv\u00e4nds ofta f\u00f6r livsmedelsf\u00f6rpackningar, inklusive beh\u00e5llare, brickor och bestick.<\/p>\n<p>4.2. Dryckesf\u00f6rpackningar: Formsprutning anv\u00e4nds ocks\u00e5 f\u00f6r dryckesf\u00f6rpackningar, inklusive flaskor och kapsyler.<\/p>\n<p>4.3. F\u00f6rpackningar f\u00f6r kosmetika: Formsprutning anv\u00e4nds f\u00f6r kosmetiska f\u00f6rpackningar, inklusive burkar, beh\u00e5llare och f\u00f6rslutningar.<\/p>\n<p>4.4. Medicinska f\u00f6rpackningar: <em>Formsprutning<\/em> anv\u00e4nds f\u00f6r medicinska f\u00f6rpackningar, t.ex. sprutor, flaskor och beh\u00e5llare.<\/p>\n<p>Avsnitt 5: Inverkan av formsprutning p\u00e5 h\u00e5llbara f\u00f6rpackningar<\/p>\n<p>5.1. Biologiskt nedbrytbara material: Formsprutning har gjort det m\u00f6jligt att tillverka biologiskt nedbrytbara f\u00f6rpackningsmaterial som \u00e4r milj\u00f6v\u00e4nliga och h\u00e5llbara.<\/p>\n<p>5.2. \u00c5tervinningsbara material: Formsprutning har ocks\u00e5 gjort det m\u00f6jligt att tillverka f\u00f6rpackningsmaterial som \u00e4r l\u00e4tta att \u00e5tervinna, vilket minskar m\u00e4ngden avfall som genereras.<\/p>\n<h3><span class=\"ez-toc-section\" id=\"Injection_mold_resin_for_cosmetic_packaging\"><\/span>Formsprutningsharts f\u00f6r kosmetikaf\u00f6rpackningar<span class=\"ez-toc-section-end\"><\/span><\/h3>\n<p>Formsprutningsharts \u00e4r en viktig komponent i tillverkningen av kosmetiska f\u00f6rpackningar. Det finns flera faktorer att ta h\u00e4nsyn till n\u00e4r man v\u00e4ljer l\u00e4mpligt harts f\u00f6r kosmetiska f\u00f6rpackningar, inklusive produktens kompatibilitet med hartset, f\u00f6rpackningens \u00f6nskade fysiska egenskaper och tillverkningsprocessen.<\/p>\n<p>En av de vanligaste hartserna f\u00f6r kosmetikaf\u00f6rpackningar \u00e4r polypropylen (PP). PP \u00e4r ett m\u00e5ngsidigt harts som \u00e4r l\u00e4tt att forma, har l\u00e5g vikt och utm\u00e4rkt kemisk best\u00e4ndighet. Det \u00e4r idealiskt f\u00f6r f\u00f6rpackning av produkter som kr\u00e4ver en h\u00f6g grad av fuktbest\u00e4ndighet, t.ex. kr\u00e4mer, lotioner och serum.<\/p>\n<p>Ett annat popul\u00e4rt harts f\u00f6r kosmetikaf\u00f6rpackningar \u00e4r polyetylentereftalat (PET). PET \u00e4r ett starkt, l\u00e4ttviktigt harts som \u00e4r idealiskt f\u00f6r klara f\u00f6rpackningsprodukter, s\u00e5som flaskor och burkar. Det ger utm\u00e4rkt motst\u00e5ndskraft mot fukt, kemikalier och UV-ljus, vilket g\u00f6r det till ett popul\u00e4rt val f\u00f6r kosmetiska f\u00f6rpackningar.<\/p>\n<p>Akrylnitrilbutadienstyren (ABS) \u00e4r ett annat harts som ofta anv\u00e4nds i kosmetikaf\u00f6rpackningar. ABS \u00e4r ett starkt och h\u00e5llbart harts som \u00e4r idealiskt f\u00f6r f\u00f6rpackning av produkter som kr\u00e4ver h\u00f6g slagt\u00e5lighet, t.ex. kompakta f\u00f6rpackningar och l\u00e4ppstiftsh\u00f6ljen.<\/p>\n<p>Polykarbonat (PC) \u00e4r ett klart, starkt och l\u00e4tt harts som \u00e4r idealiskt f\u00f6r f\u00f6rpackning av produkter som kr\u00e4ver h\u00f6g klarhet och slagt\u00e5lighet, t.ex. \u00f6gonskuggspaletter och l\u00e4ppstiftstuber. Det \u00e4r ocks\u00e5 ett utm\u00e4rkt val f\u00f6r produkter som kr\u00e4ver h\u00f6g v\u00e4rmebest\u00e4ndighet.<\/p>\n<p>N\u00e4r man v\u00e4ljer harts f\u00f6r kosmetiska f\u00f6rpackningar \u00e4r det viktigt att ta h\u00e4nsyn till tillverkningsprocessen. Formsprutning \u00e4r den vanligaste tillverkningsprocessen f\u00f6r kosmetiska f\u00f6rpackningar, men alla hartser \u00e4r inte l\u00e4mpliga f\u00f6r denna process. Harts som \u00e4r f\u00f6r spr\u00f6tt eller f\u00f6r tr\u00f6gflytande kanske inte l\u00e4mpar sig f\u00f6r formsprutning. Det \u00e4r viktigt att v\u00e4lja ett harts som l\u00e4tt kan formsprutas f\u00f6r att s\u00e4kerst\u00e4lla en konsekvent och h\u00f6gkvalitativ slutprodukt.<\/p>\n<h3><span class=\"ez-toc-section\" id=\"Injection_molds_for_packaging\"><\/span>Formsprutningsverktyg f\u00f6r f\u00f6rpackningar<span class=\"ez-toc-section-end\"><\/span><\/h3>\n<p><em><strong>Formsprutning<\/strong><\/em> \u00e4r en vanligt f\u00f6rekommande tillverkningsprocess f\u00f6r att producera h\u00f6gkvalitativa och kostnadseffektiva f\u00f6rpackningsprodukter. Formsprutningsverktyg f\u00f6r f\u00f6rpackningar \u00e4r utformade f\u00f6r att skapa en m\u00e4ngd olika former och storlekar av f\u00f6rpackningar, inklusive flaskor, burkar, lock, f\u00f6rslutningar och beh\u00e5llare.<\/p>\n<p>Formsprutningsprocessen inneb\u00e4r anv\u00e4ndning av en form, som \u00e4r ett verktyg som \u00e4r utformat f\u00f6r att producera den \u00f6nskade formen p\u00e5 f\u00f6rpackningsprodukten. Formen \u00e4r vanligtvis tillverkad av st\u00e5l eller aluminium och best\u00e5r av tv\u00e5 halvor som \u00e4r bultade ihop. Det sm\u00e4lta plastmaterialet sprutas in i formh\u00e5lan, och n\u00e4r det har svalnat och stelnat separeras de tv\u00e5 formhalvorna f\u00f6r att frig\u00f6ra den f\u00e4rdiga produkten.<\/p>\n<p>En av de stora f\u00f6rdelarna med <em>formsprutning<\/em> \u00e4r dess f\u00f6rm\u00e5ga att producera komplexa och invecklade former med h\u00f6g precision och konsekvens. Formsprutningsverktyg f\u00f6r f\u00f6rpackningar kan utformas f\u00f6r att skapa produkter med olika funktioner, t.ex. g\u00e4ngor, pr\u00e4gling, gravyr och textur. Denna m\u00e5ngsidighet g\u00f6r formsprutning till en idealisk process f\u00f6r att producera f\u00f6rpackningsprodukter med unika och i\u00f6gonfallande m\u00f6nster.<\/p>\n<p>En annan f\u00f6rdel med formsprutning f\u00f6r f\u00f6rpackningar \u00e4r att det g\u00e5r att producera stora volymer av produkter i snabb takt. <a href=\"https:\/\/en.wikipedia.org\/wiki\/Injection_moulding\" target=\"_blank\" rel=\"noopener\">Formsprutning<\/a> maskiner kan tillverka tusentals produkter i en enda cykel, vilket g\u00f6r det till en mycket effektiv och kostnadseffektiv tillverkningsprocess.<\/p>\n<p>N\u00e4r du v\u00e4ljer en <em>F\u00f6rpackning f\u00f6r formsprutningsverktyg<\/em>N\u00e4r man tillverkar en plastprodukt b\u00f6r man ta h\u00e4nsyn till flera faktorer, bland annat typen av plastmaterial, produktens \u00f6nskade form och storlek samt tillverkningsprocessen. Vissa plastmaterial kr\u00e4ver till exempel h\u00f6gtrycksformsprutmaskiner f\u00f6r att uppn\u00e5 de \u00f6nskade fysiska egenskaperna, medan andra kan kr\u00e4va en maskin med l\u00e4gre tryck.<\/p>\n<p>Dessutom kan formens utformning ocks\u00e5 p\u00e5verka tillverkningsprocessen och slutproduktens kvalitet. En v\u00e4ldesignad form kan bidra till att minska tillverkningsfel, s\u00e5som skevhet, sjunkning och blinkning, och producera produkter med en j\u00e4mn finish och kvalitet.<\/p>\n<h4><span class=\"ez-toc-section\" id=\"Conclusion\"><\/span>Slutsats:<span class=\"ez-toc-section-end\"><\/span><\/h4>\n<p>Formsprutning har revolutionerat f\u00f6rpackningsindustrin genom att erbjuda kostnadseffektiva l\u00f6sningar, designflexibilitet och m\u00e5ngsidiga material. Den har m\u00f6jliggjort produktion av h\u00e5llbara och milj\u00f6v\u00e4nliga f\u00f6rpackningsl\u00f6sningar, vilket g\u00f6r den till en viktig teknik f\u00f6r framtidens f\u00f6rpackningar.<\/p>\n<p>Genom att f\u00f6rst\u00e5 f\u00f6rdelarna med formsprutning, de olika typerna av material som anv\u00e4nds, processen f\u00f6r formsprutning och de olika till\u00e4mpningarna av denna teknik inom f\u00f6rpackningar kan designers, ingenj\u00f6rer och f\u00f6rpackningsexperter fatta v\u00e4lgrundade beslut som kan bidra till att skapa en b\u00e4ttre och mer h\u00e5llbar framtid.<\/p>\n<\/div><\/section><\/div>","protected":false},"excerpt":{"rendered":"","protected":false},"author":1,"featured_media":0,"parent":0,"menu_order":0,"comment_status":"open","ping_status":"open","template":"","meta":{"footnotes":""},"class_list":["post-103","page","type-page","status-publish","hentry"],"_links":{"self":[{"href":"https:\/\/plas.co\/sv\/wp-json\/wp\/v2\/pages\/103","targetHints":{"allow":["GET"]}}],"collection":[{"href":"https:\/\/plas.co\/sv\/wp-json\/wp\/v2\/pages"}],"about":[{"href":"https:\/\/plas.co\/sv\/wp-json\/wp\/v2\/types\/page"}],"author":[{"embeddable":true,"href":"https:\/\/plas.co\/sv\/wp-json\/wp\/v2\/users\/1"}],"replies":[{"embeddable":true,"href":"https:\/\/plas.co\/sv\/wp-json\/wp\/v2\/comments?post=103"}],"version-history":[{"count":0,"href":"https:\/\/plas.co\/sv\/wp-json\/wp\/v2\/pages\/103\/revisions"}],"wp:attachment":[{"href":"https:\/\/plas.co\/sv\/wp-json\/wp\/v2\/media?parent=103"}],"curies":[{"name":"wp","href":"https:\/\/api.w.org\/{rel}","templated":true}]}}