{"id":125,"date":"2014-09-20T18:16:39","date_gmt":"2014-09-20T10:16:39","guid":{"rendered":"http:\/\/andy-mold.com\/?page_id=125"},"modified":"2023-02-27T22:17:59","modified_gmt":"2023-02-27T14:17:59","slug":"tillverkare-av-gjutformar","status":"publish","type":"page","link":"https:\/\/plas.co\/sv\/tillverkare-av-gjutformar\/","title":{"rendered":"Tillverkare av gjutformar"},"content":{"rendered":"<style type=\"text\/css\" data-created_by=\"avia_inline_auto\" id=\"style-css-av-lel5bo9m-9db356ac3663fdf6d82633bde056ed2c\">\n#top .avia-gallery.av-lel5bo9m-9db356ac3663fdf6d82633bde056ed2c .avia-gallery-thumb a{\nwidth:25%;\n}\n<\/style>\n<div  class='avia-gallery av-lel5bo9m-9db356ac3663fdf6d82633bde056ed2c avia_animate_when_visible  avia-builder-el-0  el_before_av_textblock  avia-builder-el-first  avia_lazyload avia-gallery-animate avia-gallery-1'  itemprop=\"image\" itemscope=\"itemscope\" itemtype=\"https:\/\/schema.org\/ImageObject\" ><meta itemprop=\"contentURL\" content=\"https:\/\/plas.co\/sv\/tillverkare-av-gjutformar\/\"><div class='avia-gallery-thumb'><a href=\"https:\/\/plas.co\/wp-content\/uploads\/2023\/02\/Measurement-machine.jpg\" data-srcset=\"https:\/\/plas.co\/wp-content\/uploads\/2023\/02\/Measurement-machine.jpg 640w, https:\/\/plas.co\/wp-content\/uploads\/2023\/02\/Measurement-machine-300x225.jpg 300w\" data-sizes=\"(max-width: 640px) 100vw, 640px\" data-rel='gallery-1' data-prev-img='https:\/\/plas.co\/wp-content\/uploads\/2023\/02\/Measurement-machine-495x400.jpg' class='first_thumb lightbox' data-onclick='1' title='M\u00e4tmaskin'  itemprop=\"thumbnailUrl\"  ><img decoding=\"async\" fetchpriority=\"high\" class=\"wp-image-954 avia-img-lazy-loading-not-954\"   src=\"https:\/\/plas.co\/wp-content\/uploads\/2023\/02\/Measurement-machine-495x400.jpg\" width=\"495\" height=\"400\"  title='M\u00e4tmaskin' alt='M\u00e4tmaskin' \/><div class='big-prev-fake'><img decoding=\"async\" loading=\"lazy\" class=\"wp-image-954 avia-img-lazy-loading-954\"  width=\"495\" height=\"400\" src=\"https:\/\/plas.co\/wp-content\/uploads\/2023\/02\/Measurement-machine-495x400.jpg\" title='M\u00e4tmaskin' alt='M\u00e4tmaskin' \/><\/div><\/a><a href=\"https:\/\/plas.co\/wp-content\/uploads\/2023\/02\/Mold-design-1030x773.jpg\" data-srcset=\"https:\/\/plas.co\/wp-content\/uploads\/2023\/02\/Mold-design-1030x773.jpg 1030w, https:\/\/plas.co\/wp-content\/uploads\/2023\/02\/Mold-design-300x225.jpg 300w, https:\/\/plas.co\/wp-content\/uploads\/2023\/02\/Mold-design-768x576.jpg 768w, https:\/\/plas.co\/wp-content\/uploads\/2023\/02\/Mold-design-1536x1152.jpg 1536w, https:\/\/plas.co\/wp-content\/uploads\/2023\/02\/Mold-design-2048x1536.jpg 2048w, https:\/\/plas.co\/wp-content\/uploads\/2023\/02\/Mold-design-1500x1125.jpg 1500w, https:\/\/plas.co\/wp-content\/uploads\/2023\/02\/Mold-design-705x529.jpg 705w\" data-sizes=\"(max-width: 1030px) 100vw, 1030px\" data-rel='gallery-1' data-prev-img='https:\/\/plas.co\/wp-content\/uploads\/2023\/02\/Mold-design-495x400.jpg' class='lightbox' data-onclick='2' title='Formkonstruktion'  itemprop=\"thumbnailUrl\"  ><img decoding=\"async\" fetchpriority=\"high\" class=\"wp-image-955 avia-img-lazy-loading-not-955\"   src=\"https:\/\/plas.co\/wp-content\/uploads\/2023\/02\/Mold-design-495x400.jpg\" width=\"495\" height=\"400\"  title='Formkonstruktion' alt='Formkonstruktion' srcset=\"https:\/\/plas.co\/wp-content\/uploads\/2023\/02\/Mold-design-495x400.jpg 495w, https:\/\/plas.co\/wp-content\/uploads\/2023\/02\/Mold-design-845x684.jpg 845w\" sizes=\"(max-width: 495px) 100vw, 495px\" \/><div class='big-prev-fake'><img decoding=\"async\" loading=\"lazy\" class=\"wp-image-955 avia-img-lazy-loading-955\"  width=\"495\" height=\"400\" src=\"https:\/\/plas.co\/wp-content\/uploads\/2023\/02\/Mold-design-495x400.jpg\" title='Formkonstruktion' alt='Formkonstruktion' srcset=\"https:\/\/plas.co\/wp-content\/uploads\/2023\/02\/Mold-design-495x400.jpg 495w, https:\/\/plas.co\/wp-content\/uploads\/2023\/02\/Mold-design-845x684.jpg 845w\" sizes=\"auto, (max-width: 495px) 100vw, 495px\" \/><\/div><\/a><a href=\"https:\/\/plas.co\/wp-content\/uploads\/2023\/02\/Plastic-mold-company.jpg\" data-srcset=\"https:\/\/plas.co\/wp-content\/uploads\/2023\/02\/Plastic-mold-company.jpg 333w, https:\/\/plas.co\/wp-content\/uploads\/2023\/02\/Plastic-mold-company-300x225.jpg 300w\" data-sizes=\"(max-width: 333px) 100vw, 333px\" data-rel='gallery-1' data-prev-img='https:\/\/plas.co\/wp-content\/uploads\/2023\/02\/Plastic-mold-company.jpg' class='lightbox' data-onclick='3' title='Plastformsf\u00f6retag'  itemprop=\"thumbnailUrl\"  ><img decoding=\"async\" fetchpriority=\"high\" class=\"wp-image-956 avia-img-lazy-loading-not-956\"   src=\"https:\/\/plas.co\/wp-content\/uploads\/2023\/02\/Plastic-mold-company.jpg\" width=\"333\" height=\"250\"  title='Plastformsf\u00f6retag' alt='Plastformsf\u00f6retag' srcset=\"https:\/\/plas.co\/wp-content\/uploads\/2023\/02\/Plastic-mold-company.jpg 333w, https:\/\/plas.co\/wp-content\/uploads\/2023\/02\/Plastic-mold-company-300x225.jpg 300w\" sizes=\"(max-width: 333px) 100vw, 333px\" \/><div class='big-prev-fake'><img decoding=\"async\" loading=\"lazy\" class=\"wp-image-956 avia-img-lazy-loading-956\"  width=\"333\" height=\"250\" src=\"https:\/\/plas.co\/wp-content\/uploads\/2023\/02\/Plastic-mold-company.jpg\" title='Plastformsf\u00f6retag' alt='Plastformsf\u00f6retag' srcset=\"https:\/\/plas.co\/wp-content\/uploads\/2023\/02\/Plastic-mold-company.jpg 333w, https:\/\/plas.co\/wp-content\/uploads\/2023\/02\/Plastic-mold-company-300x225.jpg 300w\" sizes=\"auto, (max-width: 333px) 100vw, 333px\" \/><\/div><\/a><a href=\"https:\/\/plas.co\/wp-content\/uploads\/2023\/02\/plastic-mold-maker.jpg\" data-srcset=\"https:\/\/plas.co\/wp-content\/uploads\/2023\/02\/plastic-mold-maker.jpg 640w, https:\/\/plas.co\/wp-content\/uploads\/2023\/02\/plastic-mold-maker-300x225.jpg 300w\" data-sizes=\"(max-width: 640px) 100vw, 640px\" data-rel='gallery-1' data-prev-img='https:\/\/plas.co\/wp-content\/uploads\/2023\/02\/plastic-mold-maker-495x400.jpg' class='lightbox' data-onclick='4' title='plastformtillverkare'  itemprop=\"thumbnailUrl\"  ><img decoding=\"async\" fetchpriority=\"high\" class=\"wp-image-957 avia-img-lazy-loading-not-957\"   src=\"https:\/\/plas.co\/wp-content\/uploads\/2023\/02\/plastic-mold-maker-495x400.jpg\" width=\"495\" height=\"400\"  title='plastformtillverkare' alt='plastformtillverkare' \/><div class='big-prev-fake'><img decoding=\"async\" loading=\"lazy\" class=\"wp-image-957 avia-img-lazy-loading-957\"  width=\"495\" height=\"400\" src=\"https:\/\/plas.co\/wp-content\/uploads\/2023\/02\/plastic-mold-maker-495x400.jpg\" title='plastformtillverkare' alt='plastformtillverkare' \/><\/div><\/a><a href=\"https:\/\/plas.co\/wp-content\/uploads\/2023\/02\/Plastic-molding-company.jpg\" data-srcset=\"https:\/\/plas.co\/wp-content\/uploads\/2023\/02\/Plastic-molding-company.jpg 333w, https:\/\/plas.co\/wp-content\/uploads\/2023\/02\/Plastic-molding-company-300x225.jpg 300w\" data-sizes=\"(max-width: 333px) 100vw, 333px\" data-rel='gallery-1' data-prev-img='https:\/\/plas.co\/wp-content\/uploads\/2023\/02\/Plastic-molding-company.jpg' class='first_thumb lightbox' data-onclick='5' title='tillverkare av gjutformar'  itemprop=\"thumbnailUrl\"  ><img decoding=\"async\" fetchpriority=\"high\" class=\"wp-image-959 avia-img-lazy-loading-not-959\"   src=\"https:\/\/plas.co\/wp-content\/uploads\/2023\/02\/Plastic-molding-company.jpg\" width=\"333\" height=\"250\"  title='tillverkare av gjutformar' alt='tillverkare av gjutformar' srcset=\"https:\/\/plas.co\/wp-content\/uploads\/2023\/02\/Plastic-molding-company.jpg 333w, https:\/\/plas.co\/wp-content\/uploads\/2023\/02\/Plastic-molding-company-300x225.jpg 300w\" sizes=\"(max-width: 333px) 100vw, 333px\" \/><div class='big-prev-fake'><img decoding=\"async\" loading=\"lazy\" class=\"wp-image-959 avia-img-lazy-loading-959\"  width=\"333\" height=\"250\" src=\"https:\/\/plas.co\/wp-content\/uploads\/2023\/02\/Plastic-molding-company.jpg\" title='tillverkare av gjutformar' alt='tillverkare av gjutformar' srcset=\"https:\/\/plas.co\/wp-content\/uploads\/2023\/02\/Plastic-molding-company.jpg 333w, https:\/\/plas.co\/wp-content\/uploads\/2023\/02\/Plastic-molding-company-300x225.jpg 300w\" sizes=\"auto, (max-width: 333px) 100vw, 333px\" \/><\/div><\/a><a href=\"https:\/\/plas.co\/wp-content\/uploads\/2023\/02\/plastic-mould-company.jpg\" data-srcset=\"https:\/\/plas.co\/wp-content\/uploads\/2023\/02\/plastic-mould-company.jpg 640w, https:\/\/plas.co\/wp-content\/uploads\/2023\/02\/plastic-mould-company-300x225.jpg 300w\" data-sizes=\"(max-width: 640px) 100vw, 640px\" data-rel='gallery-1' data-prev-img='https:\/\/plas.co\/wp-content\/uploads\/2023\/02\/plastic-mould-company-495x400.jpg' class='lightbox' data-onclick='6' title='tillverkare av plastformar'  itemprop=\"thumbnailUrl\"  ><img decoding=\"async\" fetchpriority=\"high\" class=\"wp-image-960 avia-img-lazy-loading-not-960\"   src=\"https:\/\/plas.co\/wp-content\/uploads\/2023\/02\/plastic-mould-company-495x400.jpg\" width=\"495\" height=\"400\"  title='tillverkare av plastformar' alt='tillverkare av plastformar' \/><div class='big-prev-fake'><img decoding=\"async\" loading=\"lazy\" class=\"wp-image-960 avia-img-lazy-loading-960\"  width=\"495\" height=\"400\" src=\"https:\/\/plas.co\/wp-content\/uploads\/2023\/02\/plastic-mould-company-495x400.jpg\" title='tillverkare av plastformar' alt='tillverkare av plastformar' \/><\/div><\/a><a href=\"https:\/\/plas.co\/wp-content\/uploads\/2023\/02\/Plastic-mould-factory.jpg\" data-srcset=\"https:\/\/plas.co\/wp-content\/uploads\/2023\/02\/Plastic-mould-factory.jpg 640w, https:\/\/plas.co\/wp-content\/uploads\/2023\/02\/Plastic-mould-factory-300x225.jpg 300w\" data-sizes=\"(max-width: 640px) 100vw, 640px\" data-rel='gallery-1' data-prev-img='https:\/\/plas.co\/wp-content\/uploads\/2023\/02\/Plastic-mould-factory-495x400.jpg' class='lightbox' data-onclick='7' title='Fabrik f\u00f6r plastformar'  itemprop=\"thumbnailUrl\"  ><img decoding=\"async\" fetchpriority=\"high\" class=\"wp-image-961 avia-img-lazy-loading-not-961\"   src=\"https:\/\/plas.co\/wp-content\/uploads\/2023\/02\/Plastic-mould-factory-495x400.jpg\" width=\"495\" height=\"400\"  title='Fabrik f\u00f6r plastformar' alt='Fabrik f\u00f6r plastformar' \/><div class='big-prev-fake'><img decoding=\"async\" loading=\"lazy\" class=\"wp-image-961 avia-img-lazy-loading-961\"  width=\"495\" height=\"400\" src=\"https:\/\/plas.co\/wp-content\/uploads\/2023\/02\/Plastic-mould-factory-495x400.jpg\" title='Fabrik f\u00f6r plastformar' alt='Fabrik f\u00f6r plastformar' \/><\/div><\/a><a href=\"https:\/\/plas.co\/wp-content\/uploads\/2023\/02\/Plastic-Tooling-Company.jpg\" data-srcset=\"https:\/\/plas.co\/wp-content\/uploads\/2023\/02\/Plastic-Tooling-Company.jpg 400w, https:\/\/plas.co\/wp-content\/uploads\/2023\/02\/Plastic-Tooling-Company-300x225.jpg 300w\" data-sizes=\"(max-width: 400px) 100vw, 400px\" data-rel='gallery-1' data-prev-img='https:\/\/plas.co\/wp-content\/uploads\/2023\/02\/Plastic-Tooling-Company.jpg' class='lightbox' data-onclick='8' title='F\u00f6retag f\u00f6r plastverktyg'  itemprop=\"thumbnailUrl\"  ><img decoding=\"async\" fetchpriority=\"high\" class=\"wp-image-962 avia-img-lazy-loading-not-962\"   src=\"https:\/\/plas.co\/wp-content\/uploads\/2023\/02\/Plastic-Tooling-Company.jpg\" width=\"400\" height=\"300\"  title='F\u00f6retag f\u00f6r plastverktyg' alt='F\u00f6retag f\u00f6r plastverktyg' srcset=\"https:\/\/plas.co\/wp-content\/uploads\/2023\/02\/Plastic-Tooling-Company.jpg 400w, https:\/\/plas.co\/wp-content\/uploads\/2023\/02\/Plastic-Tooling-Company-300x225.jpg 300w\" sizes=\"(max-width: 400px) 100vw, 400px\" \/><div class='big-prev-fake'><img decoding=\"async\" loading=\"lazy\" class=\"wp-image-962 avia-img-lazy-loading-962\"  width=\"400\" height=\"300\" src=\"https:\/\/plas.co\/wp-content\/uploads\/2023\/02\/Plastic-Tooling-Company.jpg\" title='F\u00f6retag f\u00f6r plastverktyg' alt='F\u00f6retag f\u00f6r plastverktyg' srcset=\"https:\/\/plas.co\/wp-content\/uploads\/2023\/02\/Plastic-Tooling-Company.jpg 400w, https:\/\/plas.co\/wp-content\/uploads\/2023\/02\/Plastic-Tooling-Company-300x225.jpg 300w\" sizes=\"auto, (max-width: 400px) 100vw, 400px\" \/><\/div><\/a><\/div><\/div>\n<section  class='av_textblock_section av-lel43s1p-f288656d2c750791ef65020e352a8c30'   itemscope=\"itemscope\" itemtype=\"https:\/\/schema.org\/CreativeWork\" ><div class='avia_textblock'  itemprop=\"text\" ><div id=\"ez-toc-container\" class=\"ez-toc-v2_0_82_2 counter-hierarchy ez-toc-counter ez-toc-grey ez-toc-container-direction\">\n<div class=\"ez-toc-title-container\">\n<p class=\"ez-toc-title\" style=\"cursor:inherit\">Inneh\u00e5llsf\u00f6rteckning<\/p>\n<span class=\"ez-toc-title-toggle\"><a href=\"#\" class=\"ez-toc-pull-right ez-toc-btn ez-toc-btn-xs ez-toc-btn-default ez-toc-toggle\" aria-label=\"Toggle Inneh\u00e5llsf\u00f6rteckning\"><span class=\"ez-toc-js-icon-con\"><span class=\"\"><span class=\"eztoc-hide\" style=\"display:none;\">Toggle<\/span><span class=\"ez-toc-icon-toggle-span\"><svg style=\"fill: #999;color:#999\" xmlns=\"http:\/\/www.w3.org\/2000\/svg\" class=\"list-377408\" width=\"20px\" height=\"20px\" viewbox=\"0 0 24 24\" fill=\"none\"><path d=\"M6 6H4v2h2V6zm14 0H8v2h12V6zM4 11h2v2H4v-2zm16 0H8v2h12v-2zM4 16h2v2H4v-2zm16 0H8v2h12v-2z\" fill=\"currentColor\"><\/path><\/svg><svg style=\"fill: #999;color:#999\" class=\"arrow-unsorted-368013\" xmlns=\"http:\/\/www.w3.org\/2000\/svg\" width=\"10px\" height=\"10px\" viewbox=\"0 0 24 24\" version=\"1.2\" baseprofile=\"tiny\"><path d=\"M18.2 9.3l-6.2-6.3-6.2 6.3c-.2.2-.3.4-.3.7s.1.5.3.7c.2.2.4.3.7.3h11c.3 0 .5-.1.7-.3.2-.2.3-.5.3-.7s-.1-.5-.3-.7zM5.8 14.7l6.2 6.3 6.2-6.3c.2-.2.3-.5.3-.7s-.1-.5-.3-.7c-.2-.2-.4-.3-.7-.3h-11c-.3 0-.5.1-.7.3-.2.2-.3.5-.3.7s.1.5.3.7z\"\/><\/svg><\/span><\/span><\/span><\/a><\/span><\/div>\n<nav><ul class='ez-toc-list ez-toc-list-level-1' ><li class='ez-toc-page-1 ez-toc-heading-level-2'><a class=\"ez-toc-link ez-toc-heading-1\" href=\"https:\/\/plas.co\/sv\/tillverkare-av-gjutformar\/#What_is_plastic_Injection_Mould\" >Vad \u00e4r plastinsprutningsform<\/a><ul class='ez-toc-list-level-3' ><li class='ez-toc-heading-level-3'><a class=\"ez-toc-link ez-toc-heading-2\" href=\"https:\/\/plas.co\/sv\/tillverkare-av-gjutformar\/#What_are_the_best_plastic_injection_mould_manufacturers\" >Vilka \u00e4r de b\u00e4sta tillverkarna av formsprutningsverktyg f\u00f6r plast?<\/a><\/li><li class='ez-toc-page-1 ez-toc-heading-level-3'><a class=\"ez-toc-link ez-toc-heading-3\" href=\"https:\/\/plas.co\/sv\/tillverkare-av-gjutformar\/#Where_can_we_find_injection_molded_plastic_part_manufacturers\" >Var kan vi hitta tillverkare av formsprutade plastdelar?<\/a><\/li><li class='ez-toc-page-1 ez-toc-heading-level-3'><a class=\"ez-toc-link ez-toc-heading-4\" href=\"https:\/\/plas.co\/sv\/tillverkare-av-gjutformar\/#What_is_a_reasonable_cost_for_a_plastic_injection_moold\" >Vad \u00e4r en rimlig kostnad f\u00f6r ett formsprutningsverktyg f\u00f6r plast?<\/a><\/li><\/ul><\/li><\/ul><\/nav><\/div>\n<h2><span class=\"ez-toc-section\" id=\"What_is_plastic_Injection_Mould\"><\/span>Vad \u00e4r plastinsprutningsform<span class=\"ez-toc-section-end\"><\/span><\/h2>\n<p><a href=\"http:\/\/plas.co\/sv\/\">Formverktyg f\u00f6r plastinsprutning<\/a> \u00e4r ett verktyg eller en form som anv\u00e4nds f\u00f6r att tillverka plastdelar i stora volymer med hj\u00e4lp av formsprutningsprocessen. Den \u00e4r vanligtvis tillverkad av st\u00e5l eller aluminium och \u00e4r utformad f\u00f6r att skapa en specifik form eller geometri f\u00f6r plastdelen. Den <a href=\"https:\/\/www.plasticmold.net\/what-is-plastic-mold-technology\/\" target=\"_blank\" rel=\"noopener\">formsprutningsform<\/a> skapas med tv\u00e5 halvor (fixerande halva och r\u00f6rlig halva), som kan \u00f6ppnas och st\u00e4ngas med hj\u00e4lp av en formbas eller ett pl\u00e5tsystem.<\/p>\n<p>Formen konstrueras f\u00f6rst med hj\u00e4lp av CAD-programvara (Computer Aided Design) som UG, PRO\/e, SOLIDWORKS etc. och tillverkas sedan med CAM-teknik (Computer Aided Manufacturing) som CNC-bearbetning, EDM (Electrical Discharge Machining) eller tr\u00e5dsk\u00e4rning. Formkonstruktions- och tillverkningsprocessen kan vara komplex och kr\u00e4ver en h\u00f6g niv\u00e5 av expertis och precision f\u00f6r att s\u00e4kerst\u00e4lla att formen producerar h\u00f6gkvalitativa delar som uppfyller de \u00f6nskade specifikationerna.<\/p>\n<p>Formsprutning av plast kan anv\u00e4ndas f\u00f6r att tillverka ett brett spektrum av plastdetaljer, fr\u00e5n sm\u00e5 och enkla detaljer till stora och komplexa detaljer med invecklade geometrier. Formarna kan ocks\u00e5 anv\u00e4ndas f\u00f6r att producera delar i en m\u00e4ngd olika material, inklusive termoplaster, h\u00e4rdplaster och elastomerer.<\/p>\n<div id=\"attachment_701\" style=\"width: 410px\" class=\"wp-caption alignright\"><a href=\"http:\/\/plas.co\/wp-content\/uploads\/2020\/01\/plastic-injection-mold.jpg\"><img decoding=\"async\" aria-describedby=\"caption-attachment-701\" class=\"wp-image-701 size-full\" src=\"http:\/\/plas.co\/wp-content\/uploads\/2020\/01\/plastic-injection-mold.jpg\" alt=\"tillverkare av gjutformar\" width=\"400\" height=\"300\" srcset=\"https:\/\/plas.co\/wp-content\/uploads\/2020\/01\/plastic-injection-mold.jpg 400w, https:\/\/plas.co\/wp-content\/uploads\/2020\/01\/plastic-injection-mold-300x225.jpg 300w\" sizes=\"(max-width: 400px) 100vw, 400px\" \/><\/a><p id=\"caption-attachment-701\" class=\"wp-caption-text\">tillverkare av gjutformar<\/p><\/div>\n<h3><span class=\"ez-toc-section\" id=\"What_are_the_best_plastic_injection_mould_manufacturers\"><\/span>Vilka \u00e4r de b\u00e4sta tillverkarna av formsprutningsverktyg f\u00f6r plast?<span class=\"ez-toc-section-end\"><\/span><\/h3>\n<p>N\u00e4r du v\u00e4ljer en <em>tillverkare av formsprutningsverktyg f\u00f6r plast<\/em>\u00e4r det viktigt att ta h\u00e4nsyn till faktorer som deras erfarenhet, expertis, produktionskapacitet, kvalitetskontroll och kundservice. Du kanske ocks\u00e5 vill \u00f6verv\u00e4ga deras geografiska l\u00e4ge, priss\u00e4ttning och ledtider.<\/p>\n<p>F\u00f6r att hitta r\u00e4tt tillverkare av plastinsprutningsformar f\u00f6r dina specifika behov kanske du vill g\u00f6ra efterforskningar online, be om h\u00e4nvisningar fr\u00e5n branschkollegor eller delta i m\u00e4ssor och konferenser f\u00f6r att f\u00e5 kontakt med potentiella leverant\u00f6rer. Det \u00e4r ocks\u00e5 viktigt att kommunicera dina projektkrav tydligt och noggrant f\u00f6r att s\u00e4kerst\u00e4lla att formtillverkaren kan leverera b\u00e4sta m\u00f6jliga resultat.<\/p>\n<h3><span class=\"ez-toc-section\" id=\"Where_can_we_find_injection_molded_plastic_part_manufacturers\"><\/span>Var kan vi hitta tillverkare av formsprutade plastdelar?<span class=\"ez-toc-section-end\"><\/span><\/h3>\n<p>N\u00e4r du v\u00e4l har ett projekt som beh\u00f6ver plastgjutna delar \u00e4r det f\u00f6rsta att hitta m\u00f6geltillverkare f\u00f6r att g\u00f6ra detta \u00e5t dig, Kina kommer att vara den fr\u00e4msta platsen f\u00f6r ditt projekt, men hur man hittar plastformtillverkare i Kina kommer att vara din oro, nedan finns det flera s\u00e4tt att hitta <em>tillverkare av formsprutade plastdelar<\/em>:<\/p>\n<ol>\n<li>Kataloger p\u00e5 n\u00e4tet: Det finns m\u00e5nga onlinekataloger som listar tillverkare av plastinsprutningsgjutning, till exempel Alibaba. Dessa kataloger g\u00f6r att du kan s\u00f6ka efter tillverkare baserat p\u00e5 plats, bransch eller andra kriterier, men hett att verifiera att det finns bra m\u00f6gelf\u00f6retag? Du m\u00e5ste kontrollera mer noggrant, f\u00f6r p\u00e5 den plattformen \u00e4r mer komplex.<\/li>\n<li>M\u00e4ssor och konferenser: Att delta i branschm\u00e4ssor och konferenser kan vara ett utm\u00e4rkt s\u00e4tt att f\u00e5 kontakt med tillverkare av formsprutning av plast och l\u00e4ra sig mer om deras kapacitet och tj\u00e4nster.<\/li>\n<li>Referenser och rekommendationer: Be kollegor eller branschkontakter om rekommendationer p\u00e5 formsprutningstillverkare som de har arbetat med tidigare och litar p\u00e5.<\/li>\n<li>Lokala resurser: Kontakta lokala f\u00f6retagarf\u00f6reningar eller branschgrupper f\u00f6r att se om de har en lista \u00f6ver tillverkare av formsprutning av plast i ditt omr\u00e5de.<\/li>\n<li>S\u00f6k i s\u00f6kmotorer: G\u00f6r en s\u00f6kning i s\u00f6kmotorer efter \"tillverkare av formsprutning\" eller liknande nyckelord f\u00f6r att hitta en lista \u00f6ver potentiella <a href=\"http:\/\/plas.co\/sv\/\">leverant\u00f6rer av gjutformar<\/a>.<\/li>\n<\/ol>\n<h3><span class=\"ez-toc-section\" id=\"What_is_a_reasonable_cost_for_a_plastic_injection_moold\"><\/span>Vad \u00e4r en rimlig kostnad f\u00f6r ett formsprutningsverktyg f\u00f6r plast?<span class=\"ez-toc-section-end\"><\/span><\/h3>\n<p>Kostnaden f\u00f6r en plastinsprutningsform kan variera kraftigt beroende p\u00e5 faktorer som detaljens komplexitet, formens storlek, det material som anv\u00e4nds och produktionsvolymen. Generellt sett \u00e4r formar f\u00f6r mindre detaljer med enkla geometrier och l\u00e4gre produktionsvolymer billigare \u00e4n formar f\u00f6r st\u00f6rre, mer komplexa detaljer med h\u00f6gre produktionsvolymer.<\/p>\n<p>En enkel formsprutningsform f\u00f6r en liten plastdel kan kosta allt fr\u00e5n n\u00e5gra tusenlappar till tiotusentals kronor, medan en mer komplex form f\u00f6r en stor del med invecklade geometrier kan kosta upp\u00e5t $100.000 eller mer.<\/p>\n<p>Det \u00e4r viktigt att komma ih\u00e5g att kostnaden f\u00f6r formen bara \u00e4r en faktor i den totala kostnaden f\u00f6r plastdelen. Andra kostnader att t\u00e4nka p\u00e5 inkluderar materialkostnader, arbetskraftskostnader och allm\u00e4nna kostnader. Dessutom \u00e4r det viktigt att v\u00e4lja en ansedd och erfaren <em>tillverkare av gjutformar<\/em> som kan leverera en h\u00f6gkvalitativ form som uppfyller dina specifikationer.<\/p>\n<p>Om du har ett projekt som beh\u00f6ver Kina plastformf\u00f6retag f\u00f6r att st\u00f6dja, v\u00e4lkommen att kontakta, kommer vi att erbjuda dig det b\u00e4sta priset, m\u00f6gelpriset s\u00e5 l\u00e5gt som $500, beroende p\u00e5 delstorlek och funktioner.<\/p>\n<p>Sincere Tech tillverkare av plastformar har alltid insisterat p\u00e5 att tillfredsst\u00e4lla kunder med professionell teknik och bra utrustning n\u00e4r det g\u00e4ller formutveckling, tillverkning och injektion. vi har inf\u00f6rt avancerad processutrustning fr\u00e5n utlandet, som inkluderar CAD \/ CAE \/ CAM-system, tredimensionell m\u00e4tmaskin, h\u00f6ghastighetsfr\u00e4sning, CNC-bearbetningscenter, CNC-elektrisk gnista, f\u00f6r att s\u00e4kerst\u00e4lla m\u00f6gelteknik, tillverkning och kvalitet ocks\u00e5. Vi kan producera fr\u00e5n sm\u00e5 precisionsformar till stora bildelar, stora containerformar.<\/p>\n<p>I Sincere Tech kommer din produkt att vara genom effektiv projektledning som kommer att minska kostnaderna och l\u00e5ta dina produkter visa p\u00e5 marknaden p\u00e5 kortast m\u00f6jliga tid.<\/p>\n<\/div><\/section>","protected":false},"excerpt":{"rendered":"","protected":false},"author":1,"featured_media":603,"parent":0,"menu_order":0,"comment_status":"open","ping_status":"open","template":"","meta":{"footnotes":""},"class_list":["post-125","page","type-page","status-publish","has-post-thumbnail","hentry"],"_links":{"self":[{"href":"https:\/\/plas.co\/sv\/wp-json\/wp\/v2\/pages\/125","targetHints":{"allow":["GET"]}}],"collection":[{"href":"https:\/\/plas.co\/sv\/wp-json\/wp\/v2\/pages"}],"about":[{"href":"https:\/\/plas.co\/sv\/wp-json\/wp\/v2\/types\/page"}],"author":[{"embeddable":true,"href":"https:\/\/plas.co\/sv\/wp-json\/wp\/v2\/users\/1"}],"replies":[{"embeddable":true,"href":"https:\/\/plas.co\/sv\/wp-json\/wp\/v2\/comments?post=125"}],"version-history":[{"count":0,"href":"https:\/\/plas.co\/sv\/wp-json\/wp\/v2\/pages\/125\/revisions"}],"wp:featuredmedia":[{"embeddable":true,"href":"https:\/\/plas.co\/sv\/wp-json\/wp\/v2\/media\/603"}],"wp:attachment":[{"href":"https:\/\/plas.co\/sv\/wp-json\/wp\/v2\/media?parent=125"}],"curies":[{"name":"wp","href":"https:\/\/api.w.org\/{rel}","templated":true}]}}