{"id":146,"date":"2014-09-20T19:04:21","date_gmt":"2014-09-20T11:04:21","guid":{"rendered":"http:\/\/andy-mold.com\/?page_id=146"},"modified":"2016-02-14T14:13:57","modified_gmt":"2016-02-14T06:13:57","slug":"projektledning","status":"publish","type":"page","link":"https:\/\/plas.co\/sv\/enginnering\/projektledning\/","title":{"rendered":"Projektledning"},"content":{"rendered":"<p>Projektledning f\u00f6r plastinsprutningsformar, Andy Mould har ett projektteknikteam. Detta team har flera bakgrunder av teknik, inte bara inom plast utan ocks\u00e5 metall och elektronik. Varje projekt kommer att f\u00f6ljas av en erfaren projektingenj\u00f6r, som kommer att fungera som teamledare f\u00f6r projektutveckling, teknisk support f\u00f6r kunder, kvalitetskontroll, samordning mellan avdelningar under hela utvecklingsprocessen.<br \/>\n<b>Arbetsrutiner<\/b><br \/>\nVeckovis uppdatering till kunden<br \/>\nKonsekvent sp\u00e5rning av milstolpar i verktygsbyggandet<br \/>\nDaglig kommunikation vid eventuella problem<br \/>\nAvsluta projektet genom massproduktion eller verktygsleverans<\/p>\n<p>Skriftligt godk\u00e4nnande fr\u00e5n v\u00e5r kund kr\u00e4vs vid dessa tre steg:<br \/>\nGodk\u00e4nnande av formkonstruktion<br \/>\nGodk\u00e4nnande av prov<br \/>\nLeverans och godk\u00e4nnande av gjutform<\/p>\n<p><b>Efter f\u00f6rs\u00e4ljning<\/b><br \/>\nReservdelar kan tillhandah\u00e5llas efter f\u00f6rs\u00e4ljningen<br \/>\nTekniska f\u00f6rslag tillg\u00e4ngliga om kunden beh\u00f6ver det<\/p>","protected":false},"excerpt":{"rendered":"<p>Plastic injection mould projects management, Andy Mould has a project engineering team. This team has multi-backgrounds of technologies, not only in plastic, but also metal and electronics. Each project will be followed by a experienced project engineer, who will conduct as the team leader of project development, customer technical support, quality control, cross-department coordinate during [&hellip;]<\/p>\n","protected":false},"author":1,"featured_media":0,"parent":22,"menu_order":0,"comment_status":"open","ping_status":"open","template":"","meta":{"footnotes":""},"class_list":["post-146","page","type-page","status-publish","hentry"],"_links":{"self":[{"href":"https:\/\/plas.co\/sv\/wp-json\/wp\/v2\/pages\/146","targetHints":{"allow":["GET"]}}],"collection":[{"href":"https:\/\/plas.co\/sv\/wp-json\/wp\/v2\/pages"}],"about":[{"href":"https:\/\/plas.co\/sv\/wp-json\/wp\/v2\/types\/page"}],"author":[{"embeddable":true,"href":"https:\/\/plas.co\/sv\/wp-json\/wp\/v2\/users\/1"}],"replies":[{"embeddable":true,"href":"https:\/\/plas.co\/sv\/wp-json\/wp\/v2\/comments?post=146"}],"version-history":[{"count":0,"href":"https:\/\/plas.co\/sv\/wp-json\/wp\/v2\/pages\/146\/revisions"}],"up":[{"embeddable":true,"href":"https:\/\/plas.co\/sv\/wp-json\/wp\/v2\/pages\/22"}],"wp:attachment":[{"href":"https:\/\/plas.co\/sv\/wp-json\/wp\/v2\/media?parent=146"}],"curies":[{"name":"wp","href":"https:\/\/api.w.org\/{rel}","templated":true}]}}