{"id":15,"date":"2014-09-20T14:09:15","date_gmt":"2014-09-20T06:09:15","guid":{"rendered":"http:\/\/andy-mold.com\/?page_id=15"},"modified":"2024-03-23T23:37:06","modified_gmt":"2024-03-23T15:37:06","slug":"foretag","status":"publish","type":"page","link":"https:\/\/plas.co\/sv\/foretag\/","title":{"rendered":"Om oss"},"content":{"rendered":"<section  class='av_textblock_section av-lehbcujc-e36697ed1bea52a8cb8c1afa77e72bd4'   itemscope=\"itemscope\" itemtype=\"https:\/\/schema.org\/CreativeWork\" ><div class='avia_textblock'  itemprop=\"text\" ><div id=\"ez-toc-container\" class=\"ez-toc-v2_0_82_2 counter-hierarchy ez-toc-counter ez-toc-grey ez-toc-container-direction\">\n<div class=\"ez-toc-title-container\">\n<p class=\"ez-toc-title\" style=\"cursor:inherit\">Inneh\u00e5llsf\u00f6rteckning<\/p>\n<span class=\"ez-toc-title-toggle\"><a href=\"#\" class=\"ez-toc-pull-right ez-toc-btn ez-toc-btn-xs ez-toc-btn-default ez-toc-toggle\" aria-label=\"Toggle Inneh\u00e5llsf\u00f6rteckning\"><span class=\"ez-toc-js-icon-con\"><span class=\"\"><span class=\"eztoc-hide\" style=\"display:none;\">Toggle<\/span><span class=\"ez-toc-icon-toggle-span\"><svg style=\"fill: #999;color:#999\" xmlns=\"http:\/\/www.w3.org\/2000\/svg\" class=\"list-377408\" width=\"20px\" height=\"20px\" viewbox=\"0 0 24 24\" fill=\"none\"><path d=\"M6 6H4v2h2V6zm14 0H8v2h12V6zM4 11h2v2H4v-2zm16 0H8v2h12v-2zM4 16h2v2H4v-2zm16 0H8v2h12v-2z\" fill=\"currentColor\"><\/path><\/svg><svg style=\"fill: #999;color:#999\" class=\"arrow-unsorted-368013\" xmlns=\"http:\/\/www.w3.org\/2000\/svg\" width=\"10px\" height=\"10px\" viewbox=\"0 0 24 24\" version=\"1.2\" baseprofile=\"tiny\"><path d=\"M18.2 9.3l-6.2-6.3-6.2 6.3c-.2.2-.3.4-.3.7s.1.5.3.7c.2.2.4.3.7.3h11c.3 0 .5-.1.7-.3.2-.2.3-.5.3-.7s-.1-.5-.3-.7zM5.8 14.7l6.2 6.3 6.2-6.3c.2-.2.3-.5.3-.7s-.1-.5-.3-.7c-.2-.2-.4-.3-.7-.3h-11c-.3 0-.5.1-.7.3-.2.2-.3.5-.3.7s.1.5.3.7z\"\/><\/svg><\/span><\/span><\/span><\/a><\/span><\/div>\n<nav><ul class='ez-toc-list ez-toc-list-level-1' ><li class='ez-toc-page-1 ez-toc-heading-level-2'><a class=\"ez-toc-link ez-toc-heading-1\" href=\"https:\/\/plas.co\/sv\/foretag\/#Plastic_Mold_Company_In_China_All_in_one_service\" >Plastgjutningsf\u00f6retag i Kina: Allt i en tj\u00e4nst<\/a><ul class='ez-toc-list-level-3' ><li class='ez-toc-heading-level-3'><a class=\"ez-toc-link ez-toc-heading-2\" href=\"https:\/\/plas.co\/sv\/foretag\/#Our_plastic_mold_company_services_include\" >V\u00e5ra tj\u00e4nster f\u00f6r plastgjutningsf\u00f6retag inkluderar:<\/a><ul class='ez-toc-list-level-4' ><li class='ez-toc-heading-level-4'><a class=\"ez-toc-link ez-toc-heading-3\" href=\"https:\/\/plas.co\/sv\/foretag\/#Our_product_development_services_include\" >V\u00e5ra tj\u00e4nster inom produktutveckling omfattar<\/a><\/li><\/ul><\/li><li class='ez-toc-page-1 ez-toc-heading-level-3'><a class=\"ez-toc-link ez-toc-heading-4\" href=\"https:\/\/plas.co\/sv\/foretag\/#We_supply_the_following_for_the_final_stage_of_assembly\" >Vi levererar f\u00f6ljande f\u00f6r slutmonteringen:<\/a><\/li><\/ul><\/li><\/ul><\/nav><\/div>\n<h2><span class=\"ez-toc-section\" id=\"Plastic_Mold_Company_In_China_All_in_one_service\"><\/span>Plastgjutningsf\u00f6retag i Kina: Allt i en tj\u00e4nst<span class=\"ez-toc-section-end\"><\/span><\/h2>\n<p>Kinesiska Plas.co (Sincere Tech) tillverkar utm\u00e4rkta plastformar. De tillhandah\u00e5ller anpassad formtillverkning, formsprutning, design av delar, prototyper, testning, pressgjutning, bearbetning, silikonformning, montering och mer. Vi v\u00e4lkomnar dig.<\/p>\n<p>Plas.co plastformf\u00f6retag \u00e4r stolt \u00f6ver sin kvalitet, innovation och kundn\u00f6jdhet. V\u00e5ra skickliga ingenj\u00f6rer och tekniker anv\u00e4nder den senaste tekniken och metoderna f\u00f6r att s\u00e4kerst\u00e4lla att varje projekt uppfyller eller \u00f6vertr\u00e4ffar kundens f\u00f6rv\u00e4ntningar.<\/p>\n<p>Vi designar och bygger h\u00f6gkvalitativa plastinsprutningsformar, pressgjutningsformar och silikonformningsdelar, men vi erbjuder ocks\u00e5 montering. Vi kan hj\u00e4lpa till med allt fr\u00e5n id\u00e9 till leverans. Detta inkluderar prototyper, testning, re-prototyper, PCB-montering, kabelsvetsning, inspektion, produktion och testning.<\/p>\n<h3><span class=\"ez-toc-section\" id=\"Our_plastic_mold_company_services_include\"><\/span><span lang=\"EN-US\">V\u00e5ra tj\u00e4nster f\u00f6r plastgjutningsf\u00f6retag inkluderar:<\/span><span class=\"ez-toc-section-end\"><\/span><\/h3>\n<p>Oavsett om du beh\u00f6ver en form f\u00f6r formsprutning, pressgjutning eller silikongjutning, har v\u00e5rt formtillverkningsf\u00f6retag t\u00e4ckt dig. V\u00e5rt f\u00f6retag erbjuder omfattande tj\u00e4nster f\u00f6r m\u00f6geltillverkning. Formar kan skr\u00e4ddarsys efter dina exakta specifikationer med hj\u00e4lp av banbrytande tillverkningstekniker, s\u00e5 vi kan f\u00f6rs\u00e4kra dig om att ditt projekt kommer att vara av h\u00f6gsta kvalitet.<\/p>\n<p>Formsprutade komponenter: Vi \u00e4r branschledande inom produktion av h\u00f6gkvalitativa, specialformsprutade plastkomponenter f\u00f6r m\u00e5nga olika branscher. Du kan lita p\u00e5 att v\u00e5rt expertteam av tekniker och ingenj\u00f6rer st\u00e5r vid din sida genom hela processen, fr\u00e5n id\u00e9 till leverans.<\/p>\n<p>V\u00e5rt f\u00f6retag erbjuder individualiserade pressgjutningstj\u00e4nster, som b\u00f6rjar med formdesign och forts\u00e4tter genom produktion, efterbehandling och d\u00e4refter. Vi anv\u00e4nder den senaste tekniken och metoderna f\u00f6r att s\u00e4kerst\u00e4lla att ditt projekt uppfyller de h\u00f6gsta standarderna, vilket \u00e5terspeglar v\u00e5rt engagemang f\u00f6r att erbjuda v\u00e5ra kunder den b\u00e4sta servicen och kvaliteten.<\/p>\n<p>V\u00e5ra toppmoderna fr\u00e4s- och svarvmaskiner \u00e4r perfekta f\u00f6r tillverkning av precisionskomponenter och delar till m\u00e5nga olika typer av f\u00f6retag. Med hj\u00e4lp av avancerade verktyg och tekniker slutf\u00f6r vi varje projekt med h\u00f6gsta kvalitet. Detta bevisar att vi \u00e4r dedikerade till att ge v\u00e5ra kunder service av h\u00f6gsta kvalitet.<\/p>\n<p>Vi \u00e4r ett specialiserat f\u00f6retag som tillverkar h\u00f6gkvalitativa silikonformningskomponenter f\u00f6r m\u00e5nga olika branscher. Du kan lita p\u00e5 att v\u00e5rt expertteam av tekniker och ingenj\u00f6rer finns vid din sida genom hela processen, fr\u00e5n id\u00e9 till leverans.<\/p>\n<p>Tillverkning av formar, silikonformar, maskinbearbetning, pressgjutning, produktutveckling och slutmontering \u00e4r bara n\u00e5gra av de m\u00e5nga tillverkningstj\u00e4nster som v\u00e5rt f\u00f6retag erbjuder.<\/p>\n<p>V\u00e5r professionella personal av designers och tekniker kan se din produkt fr\u00e5n b\u00f6rjan till slut. Eftersom vi anv\u00e4nder den senaste tekniken och de senaste metoderna kan du vara s\u00e4ker p\u00e5 att slutprodukten blir felfri p\u00e5 alla s\u00e4tt. Och slutligen arbetar vi n\u00e4ra v\u00e5ra kunder fr\u00e5n b\u00f6rjan till slut f\u00f6r att uppfylla deras krav.<\/p>\n<h4><span class=\"ez-toc-section\" id=\"Our_product_development_services_include\"><\/span><span lang=\"EN-US\">V\u00e5ra tj\u00e4nster inom produktutveckling omfattar<\/span><span class=\"ez-toc-section-end\"><\/span><\/h4>\n<p>B\u00f6rjar med konceptet: Med v\u00e5ra omfattande designtj\u00e4nster kan vi tillgodose alla dina behov och g\u00f6ra verklighet av dina dr\u00f6mmar.<\/p>\n<p>Prototypframtagning: Med v\u00e5ra prototyptj\u00e4nster kan du testa din produkt innan den kommer ut p\u00e5 marknaden. P\u00e5 s\u00e5 s\u00e4tt kan du s\u00e4kerst\u00e4lla att din produkt uppfyller alla dina behov och f\u00f6rhindra att problem uppst\u00e5r.<\/p>\n<p>Verktyg: Vi kan hj\u00e4lpa dig att tillverka din produkt i stor skala genom att tillhandah\u00e5lla skr\u00e4ddarsydda strategier f\u00f6r verktyg. P\u00e5 s\u00e5 s\u00e4tt s\u00e4kerst\u00e4ller vi att din produkt \u00e4r av h\u00f6gsta kvalitet och handgjord med omsorg.<\/p>\n<p>Tillverkning: Formsprutning, pressgjutning, maskinbearbetning och silikonformning \u00e4r bara n\u00e5gra av de m\u00e5nga processer som ing\u00e5r i v\u00e5ra tillverkningstj\u00e4nster. Detta s\u00e4kerst\u00e4ller att vi kan erbjuda dig en helt\u00e4ckande tillverkningsl\u00f6sning.<\/p>\n<h3><span class=\"ez-toc-section\" id=\"We_supply_the_following_for_the_final_stage_of_assembly\"><\/span>Vi levererar f\u00f6ljande f\u00f6r slutmonteringen:<span class=\"ez-toc-section-end\"><\/span><\/h3>\n<p>Montering av delar: Vi kan s\u00e4tta ihop komponenter till en helhet. Varje komponent kommer att fungera som avsett och vi lovar att slutresultatet blir b\u00e4ttre \u00e4n vad du hade hoppats p\u00e5.<\/p>\n<p>Testning: Vi kan l\u00e5ta din f\u00e4rdiga produkt genomg\u00e5 v\u00e5r testprocedur f\u00f6r att garantera att den h\u00e5ller m\u00e5ttet och uppfyller dina krav.<\/p>\n<p>Certifikat: Vi kan tillverka elektronikvaror som uppfyller kraven fr\u00e5n internationella certifieringsorgan som CE, ETL eller FCC.<\/p>\n<p>F\u00f6rpackning: Vi kan f\u00f6rpacka din f\u00e4rdiga produkt precis som du vill ha den, s\u00e5 att du kan vara s\u00e4ker p\u00e5 att den kommer fram till sin destination i oskadat skick.<\/p>\n<p>Plas.co:s m\u00e5l \u00e4r att erbjuda v\u00e5ra kunder helt\u00e4ckande tj\u00e4nster, fr\u00e5n produktutveckling till slutmontering. Om du har n\u00e5gra fr\u00e5gor om hur vi kan hj\u00e4lpa dig med ditt kommande projekt, v\u00e4nligen kontakta oss utan dr\u00f6jsm\u00e5l.<\/p>\n<div id=\"attachment_394\" style=\"width: 4762px\" class=\"wp-caption aligncenter\"><a href=\"http:\/\/plas.co\/wp-content\/uploads\/2016\/02\/IMG_9539.jpg\"><img decoding=\"async\" aria-describedby=\"caption-attachment-394\" class=\"wp-image-394 size-full\" src=\"http:\/\/plas.co\/wp-content\/uploads\/2016\/02\/IMG_9539.jpg\" alt=\"plastformsf\u00f6retag\" width=\"4752\" height=\"3168\" srcset=\"https:\/\/plas.co\/wp-content\/uploads\/2016\/02\/IMG_9539.jpg 4752w, https:\/\/plas.co\/wp-content\/uploads\/2016\/02\/IMG_9539-300x200.jpg 300w, https:\/\/plas.co\/wp-content\/uploads\/2016\/02\/IMG_9539-768x512.jpg 768w, https:\/\/plas.co\/wp-content\/uploads\/2016\/02\/IMG_9539-1024x683.jpg 1024w\" sizes=\"(max-width: 4752px) 100vw, 4752px\" \/><\/a><p id=\"caption-attachment-394\" class=\"wp-caption-text\">plastformsf\u00f6retag<\/p><\/div>\n<\/div><\/section>","protected":false},"excerpt":{"rendered":"","protected":false},"author":1,"featured_media":836,"parent":0,"menu_order":0,"comment_status":"open","ping_status":"open","template":"","meta":{"footnotes":""},"class_list":["post-15","page","type-page","status-publish","has-post-thumbnail","hentry"],"_links":{"self":[{"href":"https:\/\/plas.co\/sv\/wp-json\/wp\/v2\/pages\/15","targetHints":{"allow":["GET"]}}],"collection":[{"href":"https:\/\/plas.co\/sv\/wp-json\/wp\/v2\/pages"}],"about":[{"href":"https:\/\/plas.co\/sv\/wp-json\/wp\/v2\/types\/page"}],"author":[{"embeddable":true,"href":"https:\/\/plas.co\/sv\/wp-json\/wp\/v2\/users\/1"}],"replies":[{"embeddable":true,"href":"https:\/\/plas.co\/sv\/wp-json\/wp\/v2\/comments?post=15"}],"version-history":[{"count":0,"href":"https:\/\/plas.co\/sv\/wp-json\/wp\/v2\/pages\/15\/revisions"}],"wp:featuredmedia":[{"embeddable":true,"href":"https:\/\/plas.co\/sv\/wp-json\/wp\/v2\/media\/836"}],"wp:attachment":[{"href":"https:\/\/plas.co\/sv\/wp-json\/wp\/v2\/media?parent=15"}],"curies":[{"name":"wp","href":"https:\/\/api.w.org\/{rel}","templated":true}]}}