{"id":22,"date":"2014-09-20T14:35:50","date_gmt":"2014-09-20T06:35:50","guid":{"rendered":"http:\/\/andy-mold.com\/?page_id=22"},"modified":"2020-01-04T00:41:06","modified_gmt":"2020-01-03T16:41:06","slug":"enginnering","status":"publish","type":"page","link":"https:\/\/plas.co\/sv\/enginnering\/","title":{"rendered":"Enginnering"},"content":{"rendered":"<p><strong>A <\/strong>bra design \u00e4r hj\u00e4rtat i en m\u00f6gel, och Andy Mould \u00e4gnar s\u00e4rskild uppm\u00e4rksamhet \u00e5t formkonstruktionen, kylkanaler och r\u00f6rliga mekanismer f\u00f6r att s\u00e4kerst\u00e4lla att delar av h\u00f6gsta kvalitet levereras fr\u00e5n din m\u00f6gel vid minsta cykel. De erfarna ingenj\u00f6rerna fr\u00e5n Andy Mould skulle g\u00f6ra den goda och billiga formdesignen och hj\u00e4lpa kunden att l\u00f6sa problemen i struktur och funktion till produkterna, \u00e4ven<\/p>\n<p>professionella f\u00f6rslag till din nya produktutveckling.<\/p>\n<p>Programvara vi anv\u00e4nder<br \/>\nAuto CAD, Pro\/E, UG, Solid Works,<\/p>\n<p>Vi g\u00f6r ocks\u00e5 analys av formfl\u00f6det under v\u00e5r formkonstruktionsperiod.<br \/>\nProcedur f\u00f6r formkonstruktion<\/p>\n<p>1. M\u00f6te f\u00f6re design<\/p>\n<p>2. G\u00f6r design enligt slutsats och kontrollera av designchef<\/p>\n<p>3. Skicka till kund f\u00f6r att bekr\u00e4fta och g\u00f6ra analys<\/p>\n<p>4. Diskutera med kunden om det finns n\u00e5gra problem<\/p>\n<p>5. G\u00f6r slutlig design efter godk\u00e4nnande<\/p>\n<p><img decoding=\"async\" class=\"alignleft wp-image-405 size-full\" src=\"http:\/\/plas.co\/wp-content\/uploads\/2014\/09\/IMG_1560.jpg\" alt=\"Designavdelningen\" width=\"1152\" height=\"768\" srcset=\"https:\/\/plas.co\/wp-content\/uploads\/2014\/09\/IMG_1560.jpg 1152w, https:\/\/plas.co\/wp-content\/uploads\/2014\/09\/IMG_1560-300x200.jpg 300w, https:\/\/plas.co\/wp-content\/uploads\/2014\/09\/IMG_1560-768x512.jpg 768w, https:\/\/plas.co\/wp-content\/uploads\/2014\/09\/IMG_1560-1024x683.jpg 1024w\" sizes=\"(max-width: 1152px) 100vw, 1152px\" \/><\/p>","protected":false},"excerpt":{"rendered":"<p>A good design is the heart of a mould, and Andy Mould pays special attention to the mould construction, cooling channels and moving mechanisms to ensure the highest quality parts are delivered from your mould at the minimum cycle. The\u00a0experienced\u00a0engineers\u00a0from\u00a0Andy Mould\u00a0would\u00a0make\u00a0the\u00a0good\u00a0and\u00a0low cost\u00a0mold\u00a0design\u00a0\u00a0and\u00a0help\u00a0customer\u00a0to\u00a0solve\u00a0the\u00a0issues\u00a0in\u00a0structure\u00a0and\u00a0function\u00a0to\u00a0the\u00a0products,\u00a0also professional \u00a0suggestions\u00a0to\u00a0your\u00a0new\u00a0product\u00a0development. Software\u00a0we\u00a0using Auto\u00a0CAD,\u00a0Pro\/E,\u00a0UG,\u00a0Solid works, We also do Mold flow Analysis during our [&hellip;]<\/p>\n","protected":false},"author":1,"featured_media":0,"parent":0,"menu_order":0,"comment_status":"open","ping_status":"open","template":"","meta":{"footnotes":""},"class_list":["post-22","page","type-page","status-publish","hentry"],"_links":{"self":[{"href":"https:\/\/plas.co\/sv\/wp-json\/wp\/v2\/pages\/22","targetHints":{"allow":["GET"]}}],"collection":[{"href":"https:\/\/plas.co\/sv\/wp-json\/wp\/v2\/pages"}],"about":[{"href":"https:\/\/plas.co\/sv\/wp-json\/wp\/v2\/types\/page"}],"author":[{"embeddable":true,"href":"https:\/\/plas.co\/sv\/wp-json\/wp\/v2\/users\/1"}],"replies":[{"embeddable":true,"href":"https:\/\/plas.co\/sv\/wp-json\/wp\/v2\/comments?post=22"}],"version-history":[{"count":0,"href":"https:\/\/plas.co\/sv\/wp-json\/wp\/v2\/pages\/22\/revisions"}],"wp:attachment":[{"href":"https:\/\/plas.co\/sv\/wp-json\/wp\/v2\/media?parent=22"}],"curies":[{"name":"wp","href":"https:\/\/api.w.org\/{rel}","templated":true}]}}