{"id":24,"date":"2014-09-20T14:37:02","date_gmt":"2014-09-20T06:37:02","guid":{"rendered":"http:\/\/andy-mold.com\/?page_id=24"},"modified":"2016-02-14T14:16:27","modified_gmt":"2016-02-14T06:16:27","slug":"kvalitet","status":"publish","type":"page","link":"https:\/\/plas.co\/sv\/kvalitet\/","title":{"rendered":"Kvalitet"},"content":{"rendered":"<p><b>V\u00e5r kvalitet:<\/b><\/p>\n<p>Vi \u00e4r fast beslutna att s\u00e4kerst\u00e4lla kvaliteten p\u00e5 v\u00e5ra produkter och att st\u00e4ndigt f\u00f6rb\u00e4ttra dem. Till skillnad fr\u00e5n m\u00e5nga av v\u00e5ra konkurrenter, tillhandah\u00e5lla h\u00f6gkvalitativa produkter och kvalitetsservice f\u00f6r att m\u00f6ta eller \u00f6vertr\u00e4ffa kundens f\u00f6rv\u00e4ntningar.<\/p>\n<p>ISO 900l-2000 certifieringsstandarder ...<\/p>\n<p>V\u00e5rt kvalitetsledningssystem l\u00f6per genom hela aff\u00e4rstransaktionen, vilket inkluderar:<\/p>\n<p>Granskning av design<br \/>\nVerifiering och validering av konstruktionen<br \/>\nElektroniskt styrd kalibreringskontroll<br \/>\nMottagningskontroll<br \/>\nObligatorisk dokumenterad kvalitetsplanering f\u00f6r varje projekt<br \/>\nF\u00f6rsta artikeln Inspektion<br \/>\nSlutlig\/ sista inspektion<\/p>\n<p><b>Dina produkter kommer att inspekteras av v\u00e5r fullservicekvalitet<\/b><\/p>\n<p>Koordinatm\u00e4tmaskin (CMM)<\/p>\n<p>Optisk projektor<\/p>\n<p>Studier av processf\u00f6rm\u00e5gan hos verktyg<\/p>","protected":false},"excerpt":{"rendered":"<p>Our Quality: We are committed to ensuring the quality of our products as well as improving them. Unlike many of our competitors, Provide high quality products and quality service to meet or exceed customer&#8217;s expectations. ISO 900l-2000 Certification standards.. Our Quality Management System runs through the whole business transaction, which includes: Design review Design verification [&hellip;]<\/p>\n","protected":false},"author":1,"featured_media":0,"parent":0,"menu_order":0,"comment_status":"open","ping_status":"open","template":"","meta":{"footnotes":""},"class_list":["post-24","page","type-page","status-publish","hentry"],"_links":{"self":[{"href":"https:\/\/plas.co\/sv\/wp-json\/wp\/v2\/pages\/24","targetHints":{"allow":["GET"]}}],"collection":[{"href":"https:\/\/plas.co\/sv\/wp-json\/wp\/v2\/pages"}],"about":[{"href":"https:\/\/plas.co\/sv\/wp-json\/wp\/v2\/types\/page"}],"author":[{"embeddable":true,"href":"https:\/\/plas.co\/sv\/wp-json\/wp\/v2\/users\/1"}],"replies":[{"embeddable":true,"href":"https:\/\/plas.co\/sv\/wp-json\/wp\/v2\/comments?post=24"}],"version-history":[{"count":0,"href":"https:\/\/plas.co\/sv\/wp-json\/wp\/v2\/pages\/24\/revisions"}],"wp:attachment":[{"href":"https:\/\/plas.co\/sv\/wp-json\/wp\/v2\/media?parent=24"}],"curies":[{"name":"wp","href":"https:\/\/api.w.org\/{rel}","templated":true}]}}