{"id":100,"date":"2014-09-20T16:18:58","date_gmt":"2014-09-20T08:18:58","guid":{"rendered":"http:\/\/andy-mold.com\/?page_id=100"},"modified":"2026-01-09T21:16:30","modified_gmt":"2026-01-09T13:16:30","slug":"otomotiv-kalibi","status":"publish","type":"page","link":"https:\/\/plas.co\/tr\/urunler\/otomotiv-kalibi\/","title":{"rendered":"Otomotiv Kal\u0131b\u0131"},"content":{"rendered":"<div  class='flex_column av-8gcv8-2577ba9e0c13fce46414471b02123209 av_one_full  avia-builder-el-0  el_before_av_textblock  avia-builder-el-first  first flex_column_div'     ><style type=\"text\/css\" data-created_by=\"avia_inline_auto\" id=\"style-css-av-lel1ywqt-993f07fca39d4726bedded6a95944041\">\n#top .avia-gallery.av-lel1ywqt-993f07fca39d4726bedded6a95944041 .avia-gallery-thumb a{\nwidth:33.3333%;\n}\n<\/style>\n<div  class='avia-gallery av-lel1ywqt-993f07fca39d4726bedded6a95944041 avia_animate_when_visible  avia-builder-el-1  avia-builder-el-no-sibling  avia_lazyload avia-gallery-animate avia-gallery-1'  itemprop=\"image\" itemscope=\"itemscope\" itemtype=\"https:\/\/schema.org\/ImageObject\" ><meta itemprop=\"contentURL\" content=\"https:\/\/plas.co\/tr\/urunler\/otomotiv-kalibi\/\"><div class='avia-gallery-thumb'><a href=\"https:\/\/plas.co\/wp-content\/uploads\/2023\/02\/automotive-injection-mold-1.jpg\" data-srcset=\"https:\/\/plas.co\/wp-content\/uploads\/2023\/02\/automotive-injection-mold-1.jpg 800w, https:\/\/plas.co\/wp-content\/uploads\/2023\/02\/automotive-injection-mold-1-300x225.jpg 300w, https:\/\/plas.co\/wp-content\/uploads\/2023\/02\/automotive-injection-mold-1-768x576.jpg 768w, https:\/\/plas.co\/wp-content\/uploads\/2023\/02\/automotive-injection-mold-1-705x529.jpg 705w\" data-sizes=\"(max-width: 800px) 100vw, 800px\" data-rel='gallery-1' data-prev-img='https:\/\/plas.co\/wp-content\/uploads\/2023\/02\/automotive-injection-mold-1-495x400.jpg' class='first_thumb lightbox' data-onclick='1' title='otomoti\u0307v enjeksi\u0307yon kalibi'  itemprop=\"thumbnailUrl\"  ><img decoding=\"async\" fetchpriority=\"high\" class=\"wp-image-936 avia-img-lazy-loading-not-936\"   src=\"https:\/\/plas.co\/wp-content\/uploads\/2023\/02\/automotive-injection-mold-1-495x400.jpg\" width=\"495\" height=\"400\"  title='otomoti\u0307v enjeksi\u0307yon kalibi' alt='otomoti\u0307v enjeksi\u0307yon kalibi' \/><div class='big-prev-fake'><img decoding=\"async\" loading=\"lazy\" class=\"wp-image-936 avia-img-lazy-loading-936\"  width=\"495\" height=\"400\" src=\"https:\/\/plas.co\/wp-content\/uploads\/2023\/02\/automotive-injection-mold-1-495x400.jpg\" title='otomoti\u0307v enjeksi\u0307yon kalibi' alt='otomoti\u0307v enjeksi\u0307yon kalibi' \/><\/div><\/a><a href=\"https:\/\/plas.co\/wp-content\/uploads\/2023\/02\/automotive-mould-factory.jpg\" data-srcset=\"https:\/\/plas.co\/wp-content\/uploads\/2023\/02\/automotive-mould-factory.jpg 800w, https:\/\/plas.co\/wp-content\/uploads\/2023\/02\/automotive-mould-factory-300x225.jpg 300w, https:\/\/plas.co\/wp-content\/uploads\/2023\/02\/automotive-mould-factory-768x576.jpg 768w, https:\/\/plas.co\/wp-content\/uploads\/2023\/02\/automotive-mould-factory-705x529.jpg 705w\" data-sizes=\"(max-width: 800px) 100vw, 800px\" data-rel='gallery-1' data-prev-img='https:\/\/plas.co\/wp-content\/uploads\/2023\/02\/automotive-mould-factory-495x400.jpg' class='lightbox' data-onclick='2' title='otomoti\u0307v kalip fabri\u0307kasi'  itemprop=\"thumbnailUrl\"  ><img decoding=\"async\" fetchpriority=\"high\" class=\"wp-image-938 avia-img-lazy-loading-not-938\"   src=\"https:\/\/plas.co\/wp-content\/uploads\/2023\/02\/automotive-mould-factory-495x400.jpg\" width=\"495\" height=\"400\"  title='otomoti\u0307v kalip fabri\u0307kasi' alt='otomoti\u0307v kalip fabri\u0307kasi' \/><div class='big-prev-fake'><img decoding=\"async\" loading=\"lazy\" class=\"wp-image-938 avia-img-lazy-loading-938\"  width=\"495\" height=\"400\" src=\"https:\/\/plas.co\/wp-content\/uploads\/2023\/02\/automotive-mould-factory-495x400.jpg\" title='otomoti\u0307v kalip fabri\u0307kasi' alt='otomoti\u0307v kalip fabri\u0307kasi' \/><\/div><\/a><a href=\"https:\/\/plas.co\/wp-content\/uploads\/2023\/02\/automotive-parts-mould.jpg\" data-srcset=\"https:\/\/plas.co\/wp-content\/uploads\/2023\/02\/automotive-parts-mould.jpg 600w, https:\/\/plas.co\/wp-content\/uploads\/2023\/02\/automotive-parts-mould-225x300.jpg 225w, https:\/\/plas.co\/wp-content\/uploads\/2023\/02\/automotive-parts-mould-529x705.jpg 529w\" data-sizes=\"(max-width: 600px) 100vw, 600px\" data-rel='gallery-1' data-prev-img='https:\/\/plas.co\/wp-content\/uploads\/2023\/02\/automotive-parts-mould-495x400.jpg' class='lightbox' data-onclick='3' title='otomotiv par\u00e7a kal\u0131b\u0131'  itemprop=\"thumbnailUrl\"  ><img decoding=\"async\" fetchpriority=\"high\" class=\"wp-image-941 avia-img-lazy-loading-not-941\"   src=\"https:\/\/plas.co\/wp-content\/uploads\/2023\/02\/automotive-parts-mould-495x400.jpg\" width=\"495\" height=\"400\"  title='otomotiv par\u00e7a kal\u0131b\u0131' alt='otomotiv par\u00e7a kal\u0131b\u0131' \/><div class='big-prev-fake'><img decoding=\"async\" loading=\"lazy\" class=\"wp-image-941 avia-img-lazy-loading-941\"  width=\"495\" height=\"400\" src=\"https:\/\/plas.co\/wp-content\/uploads\/2023\/02\/automotive-parts-mould-495x400.jpg\" title='otomotiv par\u00e7a kal\u0131b\u0131' alt='otomotiv par\u00e7a kal\u0131b\u0131' \/><\/div><\/a><a href=\"https:\/\/plas.co\/wp-content\/uploads\/2023\/02\/automotive-plastic-mould.jpg\" data-srcset=\"https:\/\/plas.co\/wp-content\/uploads\/2023\/02\/automotive-plastic-mould.jpg 800w, https:\/\/plas.co\/wp-content\/uploads\/2023\/02\/automotive-plastic-mould-300x225.jpg 300w, https:\/\/plas.co\/wp-content\/uploads\/2023\/02\/automotive-plastic-mould-768x576.jpg 768w, https:\/\/plas.co\/wp-content\/uploads\/2023\/02\/automotive-plastic-mould-705x529.jpg 705w\" data-sizes=\"(max-width: 800px) 100vw, 800px\" data-rel='gallery-1' data-prev-img='https:\/\/plas.co\/wp-content\/uploads\/2023\/02\/automotive-plastic-mould-495x400.jpg' class='first_thumb lightbox' data-onclick='4' title='otomoti\u0307v plasti\u0307k kalip'  itemprop=\"thumbnailUrl\"  ><img decoding=\"async\" fetchpriority=\"high\" class=\"wp-image-942 avia-img-lazy-loading-not-942\"   src=\"https:\/\/plas.co\/wp-content\/uploads\/2023\/02\/automotive-plastic-mould-495x400.jpg\" width=\"495\" height=\"400\"  title='otomoti\u0307v plasti\u0307k kalip' alt='otomoti\u0307v plasti\u0307k kalip' \/><div class='big-prev-fake'><img decoding=\"async\" loading=\"lazy\" class=\"wp-image-942 avia-img-lazy-loading-942\"  width=\"495\" height=\"400\" src=\"https:\/\/plas.co\/wp-content\/uploads\/2023\/02\/automotive-plastic-mould-495x400.jpg\" title='otomoti\u0307v plasti\u0307k kalip' alt='otomoti\u0307v plasti\u0307k kalip' \/><\/div><\/a><a href=\"https:\/\/plas.co\/wp-content\/uploads\/2023\/02\/China-automotive-mold-maker.jpg\" data-srcset=\"https:\/\/plas.co\/wp-content\/uploads\/2023\/02\/China-automotive-mold-maker.jpg 600w, https:\/\/plas.co\/wp-content\/uploads\/2023\/02\/China-automotive-mold-maker-225x300.jpg 225w, https:\/\/plas.co\/wp-content\/uploads\/2023\/02\/China-automotive-mold-maker-529x705.jpg 529w\" data-sizes=\"(max-width: 600px) 100vw, 600px\" data-rel='gallery-1' data-prev-img='https:\/\/plas.co\/wp-content\/uploads\/2023\/02\/China-automotive-mold-maker-495x400.jpg' class='lightbox' data-onclick='5' title='\u00c7in otomotiv kal\u0131p \u00fcreticisi'  itemprop=\"thumbnailUrl\"  ><img decoding=\"async\" fetchpriority=\"high\" class=\"wp-image-943 avia-img-lazy-loading-not-943\"   src=\"https:\/\/plas.co\/wp-content\/uploads\/2023\/02\/China-automotive-mold-maker-495x400.jpg\" width=\"495\" height=\"400\"  title='\u00c7in otomotiv kal\u0131p \u00fcreticisi' alt='\u00c7in otomotiv kal\u0131p \u00fcreticisi' \/><div class='big-prev-fake'><img decoding=\"async\" loading=\"lazy\" class=\"wp-image-943 avia-img-lazy-loading-943\"  width=\"495\" height=\"400\" src=\"https:\/\/plas.co\/wp-content\/uploads\/2023\/02\/China-automotive-mold-maker-495x400.jpg\" title='\u00c7in otomotiv kal\u0131p \u00fcreticisi' alt='\u00c7in otomotiv kal\u0131p \u00fcreticisi' \/><\/div><\/a><a href=\"https:\/\/plas.co\/wp-content\/uploads\/2023\/02\/china-automotive-mould.jpg\" data-srcset=\"https:\/\/plas.co\/wp-content\/uploads\/2023\/02\/china-automotive-mould.jpg 600w, https:\/\/plas.co\/wp-content\/uploads\/2023\/02\/china-automotive-mould-225x300.jpg 225w, https:\/\/plas.co\/wp-content\/uploads\/2023\/02\/china-automotive-mould-529x705.jpg 529w\" data-sizes=\"(max-width: 600px) 100vw, 600px\" data-rel='gallery-1' data-prev-img='https:\/\/plas.co\/wp-content\/uploads\/2023\/02\/china-automotive-mould-495x400.jpg' class='lightbox' data-onclick='6' title='\u00e7in otomotiv kal\u0131b\u0131'  itemprop=\"thumbnailUrl\"  ><img decoding=\"async\" fetchpriority=\"high\" class=\"wp-image-944 avia-img-lazy-loading-not-944\"   src=\"https:\/\/plas.co\/wp-content\/uploads\/2023\/02\/china-automotive-mould-495x400.jpg\" width=\"495\" height=\"400\"  title='\u00e7in otomotiv kal\u0131b\u0131' alt='\u00e7in otomotiv kal\u0131b\u0131' \/><div class='big-prev-fake'><img decoding=\"async\" loading=\"lazy\" class=\"wp-image-944 avia-img-lazy-loading-944\"  width=\"495\" height=\"400\" src=\"https:\/\/plas.co\/wp-content\/uploads\/2023\/02\/china-automotive-mould-495x400.jpg\" title='\u00e7in otomotiv kal\u0131b\u0131' alt='\u00e7in otomotiv kal\u0131b\u0131' \/><\/div><\/a><\/div><\/div><\/div>\n<section  class='av_textblock_section av-lel30rvk-cf1539555210428ee0eb928e39734301'   itemscope=\"itemscope\" itemtype=\"https:\/\/schema.org\/CreativeWork\" ><div class='avia_textblock'  itemprop=\"text\" ><div id=\"ez-toc-container\" class=\"ez-toc-v2_0_82_2 counter-hierarchy ez-toc-counter ez-toc-grey ez-toc-container-direction\">\n<div class=\"ez-toc-title-container\">\n<p class=\"ez-toc-title\" style=\"cursor:inherit\">\u0130\u00e7indekiler<\/p>\n<span class=\"ez-toc-title-toggle\"><a href=\"#\" class=\"ez-toc-pull-right ez-toc-btn ez-toc-btn-xs ez-toc-btn-default ez-toc-toggle\" aria-label=\"\u0130\u00e7indekiler Tablosunu A\u00e7\/Kapat\"><span class=\"ez-toc-js-icon-con\"><span class=\"\"><span class=\"eztoc-hide\" style=\"display:none;\">Ge\u00e7i\u015f<\/span><span class=\"ez-toc-icon-toggle-span\"><svg style=\"fill: #999;color:#999\" xmlns=\"http:\/\/www.w3.org\/2000\/svg\" class=\"list-377408\" width=\"20px\" height=\"20px\" viewbox=\"0 0 24 24\" fill=\"none\"><path d=\"M6 6H4v2h2V6zm14 0H8v2h12V6zM4 11h2v2H4v-2zm16 0H8v2h12v-2zM4 16h2v2H4v-2zm16 0H8v2h12v-2z\" fill=\"currentColor\"><\/path><\/svg><svg style=\"fill: #999;color:#999\" class=\"arrow-unsorted-368013\" xmlns=\"http:\/\/www.w3.org\/2000\/svg\" width=\"10px\" height=\"10px\" viewbox=\"0 0 24 24\" version=\"1.2\" baseprofile=\"tiny\"><path d=\"M18.2 9.3l-6.2-6.3-6.2 6.3c-.2.2-.3.4-.3.7s.1.5.3.7c.2.2.4.3.7.3h11c.3 0 .5-.1.7-.3.2-.2.3-.5.3-.7s-.1-.5-.3-.7zM5.8 14.7l6.2 6.3 6.2-6.3c.2-.2.3-.5.3-.7s-.1-.5-.3-.7c-.2-.2-.4-.3-.7-.3h-11c-.3 0-.5.1-.7.3-.2.2-.3.5-.3.7s.1.5.3.7z\"\/><\/svg><\/span><\/span><\/span><\/a><\/span><\/div>\n<nav><ul class='ez-toc-list ez-toc-list-level-1' ><li class='ez-toc-page-1 ez-toc-heading-level-2'><a class=\"ez-toc-link ez-toc-heading-1\" href=\"https:\/\/plas.co\/tr\/urunler\/otomotiv-kalibi\/#What_is_Automotive_Mould\" >Otomotiv Kal\u0131b\u0131 Nedir<\/a><ul class='ez-toc-list-level-3' ><li class='ez-toc-heading-level-3'><a class=\"ez-toc-link ez-toc-heading-2\" href=\"https:\/\/plas.co\/tr\/urunler\/otomotiv-kalibi\/#Type_of_Automotive_Mould\" >Otomotiv Kal\u0131p T\u00fcr\u00fc<\/a><\/li><li class='ez-toc-page-1 ez-toc-heading-level-3'><a class=\"ez-toc-link ez-toc-heading-3\" href=\"https:\/\/plas.co\/tr\/urunler\/otomotiv-kalibi\/#Applications_of_Automotive_Mould\" >Otomotiv Kal\u0131p Uygulamalar\u0131<\/a><\/li><li class='ez-toc-page-1 ez-toc-heading-level-3'><a class=\"ez-toc-link ez-toc-heading-4\" href=\"https:\/\/plas.co\/tr\/urunler\/otomotiv-kalibi\/#Which_country_of_automotive_mould_suppliers_that_you_should_work_with\" >Hangi \u00fclke otomotiv kal\u0131p tedarik\u00e7ileri ile \u00e7al\u0131\u015fmal\u0131s\u0131n\u0131z?<\/a><\/li><\/ul><\/li><\/ul><\/nav><\/div>\n<h2><span class=\"ez-toc-section\" id=\"What_is_Automotive_Mould\"><\/span>Otomotiv Kal\u0131b\u0131 Nedir<span class=\"ez-toc-section-end\"><\/span><\/h2>\n<p><a href=\"https:\/\/plas.co\/tr\/urunler\/otomotiv-kalibi\/\"><em><strong>Otomotiv kal\u0131b\u0131<\/strong><\/em><\/a>, araba kal\u0131b\u0131 olarak da bilinir veya <a href=\"http:\/\/www.sheetmetalmasion.com\" target=\"_blank\" rel=\"noopener\">otomobil kal\u0131b\u0131<\/a>, otomobillerin \u00e7e\u015fitli par\u00e7a ve bile\u015fenlerinin \u00fcretim s\u00fcrecinde kullan\u0131lan bir ara\u00e7t\u0131r. Plastikler, metaller ve kompozitler gibi malzemeleri \u015fekillendirmek ve nihai \u00fcr\u00fcn\u00fcn istenen \u015fekline getirmek i\u00e7in kullan\u0131lan bir cihazd\u0131r,<\/p>\n<p>Otomotiv kal\u0131plar\u0131, \u00fcretilen par\u00e7an\u0131n karma\u015f\u0131kl\u0131\u011f\u0131na ba\u011fl\u0131 olarak \u00e7e\u015fitli \u015fekillerde olabilir. \u00d6rne\u011fin, enjeksiyon kal\u0131plar\u0131 karma\u015f\u0131k geometrilere sahip otomobiller i\u00e7in plastik par\u00e7alar \u00fcretmek i\u00e7in kullan\u0131l\u0131rken, s\u0131k\u0131\u015ft\u0131rma kal\u0131plar\u0131 kompozit malzemelerden tampon ve g\u00f6sterge panelleri gibi b\u00fcy\u00fck ve kal\u0131n par\u00e7alar \u00fcretmek i\u00e7in kullan\u0131l\u0131r.<\/p>\n<p>\u00dcretim s\u00fcrecinde otomotiv kal\u0131plar\u0131n\u0131n kullan\u0131lmas\u0131, y\u00fcksek derecede hassasiyet ve do\u011frulu\u011fun yan\u0131 s\u0131ra y\u00fcksek hacimli bile\u015fenlerin tutarl\u0131 kalitede \u00fcretilebilmesini sa\u011flar. Kal\u0131plar\u0131n kullan\u0131m\u0131 ayr\u0131ca israf\u0131n azalt\u0131lmas\u0131na ve \u00fcretim s\u00fcrecinde verimlili\u011fin art\u0131r\u0131lmas\u0131na yard\u0131mc\u0131 olur. bu sayfa hakk\u0131nda konu\u015fuyoruz <a href=\"http:\/\/plas.co\/tr\/otomoti%cc%87v-enjeksi%cc%87yon-kalibi\/\">otomoti\u0307v enjeksi\u0307yon kalibi<\/a>.<\/p>\n<h3><span class=\"ez-toc-section\" id=\"Type_of_Automotive_Mould\"><\/span>Otomotiv Kal\u0131p T\u00fcr\u00fc<span class=\"ez-toc-section-end\"><\/span><\/h3>\n<p>Otomotiv kal\u0131plar\u0131, otomobillerin \u00e7e\u015fitli par\u00e7alar\u0131n\u0131n ve bile\u015fenlerinin \u00fcretim s\u00fcrecinde kullan\u0131l\u0131r. Bir\u00e7ok otomotiv kal\u0131b\u0131 t\u00fcr\u00fc vard\u0131r, i\u015fte baz\u0131 otomotiv kal\u0131p t\u00fcrleri:<\/p>\n<ol>\n<li>Enjeksiyon Kal\u0131plar\u0131: Bu kal\u0131plar otomobiller i\u00e7in plastik par\u00e7alar \u00fcretmek i\u00e7in kullan\u0131l\u0131r. Enjeksiyon kal\u0131plama, karma\u015f\u0131k geometrilere sahip y\u00fcksek hacimli plastik bile\u015fenler \u00fcretmek i\u00e7in pop\u00fcler bir y\u00f6ntemdir ve bu bizim de ortalama i\u015fimizdir, otomotiv enjeksiyon kal\u0131b\u0131na ihtiyac\u0131n\u0131z varsa, fiyat almak i\u00e7in bizimle ileti\u015fime ge\u00e7in.<\/li>\n<li>S\u0131k\u0131\u015ft\u0131rma Kal\u0131plar\u0131: Bu kal\u0131plar, kompozit malzemelerden tampon ve g\u00f6sterge paneli gibi b\u00fcy\u00fck ve kal\u0131n otomotiv par\u00e7alar\u0131 \u00fcretmek i\u00e7in kullan\u0131l\u0131r.<\/li>\n<li>\u015ei\u015firme Kal\u0131plar\u0131: Bu kal\u0131plar, yak\u0131t depolar\u0131 ve hava kanallar\u0131 gibi i\u00e7i bo\u015f plastik bile\u015fenler olu\u015fturmak i\u00e7in kullan\u0131l\u0131r.<\/li>\n<li>Termoform Kal\u0131plar\u0131: Bu kal\u0131plar, kap\u0131 panelleri ve g\u00f6sterge k\u00fcmeleri gibi s\u0131\u011f derinli\u011fe sahip plastik bile\u015fenleri \u00fcretmek i\u00e7in kullan\u0131l\u0131r.<\/li>\n<li>Bas\u0131n\u00e7l\u0131 D\u00f6k\u00fcm Kal\u0131plar\u0131: Bu kal\u0131plar, y\u00fcksek bas\u0131n\u00e7l\u0131 bir enjeksiyon i\u015flemi kullanarak motor bloklar\u0131 ve \u015fanz\u0131man kutular\u0131 gibi metal bile\u015fenleri \u00fcretmek i\u00e7in kullan\u0131l\u0131r.<\/li>\n<li>Kau\u00e7uk Kal\u0131plar: Bu kal\u0131plar, otomotiv uygulamalar\u0131 i\u00e7in conta ve ke\u00e7e gibi kau\u00e7uk bile\u015fenleri \u00fcretmek i\u00e7in kullan\u0131l\u0131r.<\/li>\n<li>Ekstr\u00fczyon Kal\u0131plar\u0131: Bu kal\u0131plar, malzemeyi bir kal\u0131ptan ge\u00e7irerek pencere contalar\u0131 ve hava s\u0131y\u0131rma gibi uzun plastik bile\u015fenler \u00fcretmek i\u00e7in kullan\u0131l\u0131r.<\/li>\n<\/ol>\n<p>Her bir otomotiv kal\u0131b\u0131 t\u00fcr\u00fcn\u00fcn kendine \u00f6zg\u00fc avantajlar\u0131 ve dezavantajlar\u0131 vard\u0131r ve kal\u0131p se\u00e7imi, \u00fcretilen par\u00e7an\u0131n \u00f6zel gereksinimlerine ba\u011fl\u0131d\u0131r.<\/p>\n<h3><span class=\"ez-toc-section\" id=\"Applications_of_Automotive_Mould\"><\/span>Otomotiv Kal\u0131p Uygulamalar\u0131<span class=\"ez-toc-section-end\"><\/span><\/h3>\n<p><a href=\"https:\/\/www.plasticmold.net\/injection-molding-automotive\/\" target=\"_blank\" rel=\"noopener\">Otomotiv kal\u0131plar\u0131<\/a> otomotiv end\u00fcstrisinde geni\u015f bir uygulama yelpazesine sahiptir. \u0130\u015fte otomotiv kal\u0131plar\u0131n\u0131n baz\u0131 uygulamalar\u0131:<\/p>\n<ol>\n<li>D\u0131\u015f Bile\u015fenler: Otomotiv kal\u0131plar\u0131, tamponlar, \u0131zgaralar, \u00e7amurluklar, kaputlar ve kap\u0131lar gibi ara\u00e7lar\u0131n \u00e7e\u015fitli d\u0131\u015f bile\u015fenlerini \u00fcretmek i\u00e7in kullan\u0131l\u0131r.<\/li>\n<li>\u0130\u00e7 Bile\u015fenler: Kal\u0131plar, ara\u00e7lar\u0131n g\u00f6sterge paneli, kap\u0131 panelleri, koltuklar ve direksiyon simidi gibi i\u00e7 bile\u015fenlerini \u00fcretmek i\u00e7in kullan\u0131l\u0131r.<\/li>\n<li>Ayd\u0131nlatma Bile\u015fenleri: Otomotiv kal\u0131plar\u0131, farlar, arka lambalar ve sinyal mercekleri gibi ara\u00e7lar\u0131n \u00e7e\u015fitli ayd\u0131nlatma bile\u015fenlerini \u00fcretmek i\u00e7in kullan\u0131l\u0131r.<\/li>\n<li>Motor Bile\u015fenleri: Kal\u0131plar, motor bloklar\u0131, silindir kapaklar\u0131 ve emme manifoldlar\u0131 gibi ara\u00e7lar\u0131n \u00e7e\u015fitli motor bile\u015fenlerini \u00fcretmek i\u00e7in kullan\u0131l\u0131r.<\/li>\n<li>\u015eanz\u0131man Bile\u015fenleri: Kal\u0131plar, \u015fanz\u0131man kutular\u0131 ve di\u015fliler gibi ara\u00e7lar\u0131n \u00e7e\u015fitli \u015fanz\u0131man bile\u015fenlerini \u00fcretmek i\u00e7in kullan\u0131l\u0131r.<\/li>\n<li>S\u00fcspansiyon Bile\u015fenleri: Otomotiv kal\u0131plar\u0131, sal\u0131ncak kollar\u0131 ve bilyeli mafsallar gibi ara\u00e7lar\u0131n \u00e7e\u015fitli s\u00fcspansiyon bile\u015fenlerini \u00fcretmek i\u00e7in kullan\u0131l\u0131r.<\/li>\n<li>Elektrikli Bile\u015fenler: Kal\u0131plar, kablo demetleri ve konekt\u00f6rler gibi ara\u00e7lar\u0131n \u00e7e\u015fitli elektrikli bile\u015fenlerini \u00fcretmek i\u00e7in kullan\u0131l\u0131r.<\/li>\n<\/ol>\n<p>\u00d6zetle, otomotiv kal\u0131plar\u0131 bir arac\u0131n g\u00f6vdesinden i\u00e7 k\u0131sm\u0131na, motorundan elektrik sistemine kadar hemen her bile\u015feninin \u00fcretim s\u00fcrecinde kullan\u0131lmaktad\u0131r.<\/p>\n<h3><span class=\"ez-toc-section\" id=\"Which_country_of_automotive_mould_suppliers_that_you_should_work_with\"><\/span>Hangi \u00fclke otomotiv kal\u0131p tedarik\u00e7ileri ile \u00e7al\u0131\u015fmal\u0131s\u0131n\u0131z?<span class=\"ez-toc-section-end\"><\/span><\/h3>\n<p>Otomotiv sekt\u00f6r\u00fcnde g\u00fc\u00e7l\u00fc bir varl\u0131\u011fa sahip olan ve kal\u0131p \u00fcretiminde uzmanl\u0131k geli\u015ftirmi\u015f bir\u00e7ok \u00fclke vard\u0131r. En iyi \u00fclkelerden baz\u0131lar\u0131 <em><strong>otomoti\u0307v kalip tedari\u0307k\u00e7i\u0307leri\u0307<\/strong><\/em> \u00c7in, Almanya, Japonya, Amerika Birle\u015fik Devletleri ve G\u00fcney Kore'dir. Ancak bu \u00fclkelerin her birinin farkl\u0131 g\u00fc\u00e7l\u00fc ve zay\u0131f y\u00f6nleri olabilir ve dil, k\u00fclt\u00fcr, lojistik ve fikri m\u00fclkiyet haklar\u0131 gibi fakt\u00f6rleri g\u00f6z \u00f6n\u00fcnde bulundurmak \u00f6nemlidir.<\/p>\n<p>Bir tedarik\u00e7i se\u00e7erken, kapsaml\u0131 bir ara\u015ft\u0131rma yapmak, kimlik bilgilerini kontrol etmek ve \u00fcretim s\u00fcre\u00e7lerini g\u00f6zden ge\u00e7irmek \u00f6nemlidir. \u00d6zel ihtiya\u00e7lar\u0131n\u0131z\u0131 ve gereksinimlerinizi kar\u015f\u0131layabileceklerinden emin olmak i\u00e7in numune talep etmek ve m\u00fcmk\u00fcnse tedarik\u00e7iyle \u015fahsen g\u00f6r\u00fc\u015fmek de iyi bir fikirdir. Nihayetinde, hangi \u00fclkeyle \u00e7al\u0131\u015faca\u011f\u0131n\u0131z\u0131n se\u00e7imi bireysel ihtiya\u00e7lar\u0131n\u0131za ve tercihlerinize ba\u011fl\u0131 olacakt\u0131r.<\/p>\n<div id=\"attachment_937\" style=\"width: 810px\" class=\"wp-caption aligncenter\"><a href=\"http:\/\/plas.co\/wp-content\/uploads\/2023\/02\/automotive-molds-1.jpg\"><img decoding=\"async\" aria-describedby=\"caption-attachment-937\" class=\"wp-image-937 size-full\" src=\"http:\/\/plas.co\/wp-content\/uploads\/2023\/02\/automotive-molds-1.jpg\" alt=\"Otomotiv kal\u0131b\u0131\" width=\"800\" height=\"600\" srcset=\"https:\/\/plas.co\/wp-content\/uploads\/2023\/02\/automotive-molds-1.jpg 800w, https:\/\/plas.co\/wp-content\/uploads\/2023\/02\/automotive-molds-1-300x225.jpg 300w, https:\/\/plas.co\/wp-content\/uploads\/2023\/02\/automotive-molds-1-768x576.jpg 768w, https:\/\/plas.co\/wp-content\/uploads\/2023\/02\/automotive-molds-1-705x529.jpg 705w\" sizes=\"(max-width: 800px) 100vw, 800px\" \/><\/a><p id=\"caption-attachment-937\" class=\"wp-caption-text\">Otomotiv kal\u0131b\u0131<\/p><\/div>\n<p>Otomobil \u00fcreticilerinin \u00e7o\u011funun otomotiv kal\u0131plar\u0131n\u0131 \u00c7in kal\u0131p tedarik\u00e7ilerinden sat\u0131n ald\u0131\u011f\u0131n\u0131 g\u00f6steren verilere g\u00f6re, neden bu kadar \u00e7ok otomobil \u015firketinin \u00c7in'den otomotiv kal\u0131b\u0131 sat\u0131n ald\u0131\u011f\u0131na dair baz\u0131 sorular\u0131n\u0131z olabilir. A\u015fa\u011f\u0131da size bir cevap verebiliriz:<\/p>\n<ol>\n<li>Maliyet etkinli\u011fi: \u00c7in otomotiv kal\u0131p tedarik\u00e7ileriyle \u00e7al\u0131\u015fman\u0131n ana nedenlerinden biri maliyet etkinli\u011fidir. \u00c7in, di\u011fer bir\u00e7ok \u00fclkeye g\u00f6re daha d\u00fc\u015f\u00fck i\u015f\u00e7ilik maliyetleri, daha d\u00fc\u015f\u00fck malzeme maliyetleri ve daha uygun genel giderler ile b\u00fcy\u00fck ve son derece rekabet\u00e7i bir kal\u0131p imalat end\u00fcstrisine sahiptir. Bu, uluslararas\u0131 standartlar\u0131 kar\u015f\u0131layan y\u00fcksek kaliteli kal\u0131plar i\u00e7in daha d\u00fc\u015f\u00fck fiyatlarla sonu\u00e7lanabilir.<\/li>\n<li>\u00dcretim Kabiliyeti: \u00c7in, ileri teknoloji ve ekipmana sahip ve kalite kontrol\u00fcne g\u00fc\u00e7l\u00fc bir \u015fekilde odaklanan b\u00fcy\u00fck ve iyi geli\u015fmi\u015f bir imalat end\u00fcstrisine sahiptir. \u00c7inli otomotiv kal\u0131p tedarik\u00e7ileri, karma\u015f\u0131k geometriler, \u00e7ok bo\u015fluklu kal\u0131plar ve b\u00fcy\u00fck \u00f6l\u00e7ekli \u00fcretim \u00e7al\u0131\u015fmalar\u0131 dahil olmak \u00fczere \u00e7ok \u00e7e\u015fitli uygulamalar i\u00e7in kal\u0131p \u00fcretme konusunda deneyime sahiptir.<\/li>\n<li>Geni\u015f malzeme yelpazesi: \u00c7in otomotiv kal\u0131p tedarik\u00e7ileri, plastikler, metaller ve kompozitler dahil olmak \u00fczere \u00e7ok \u00e7e\u015fitli malzemelere eri\u015febilir. Bu sayede dayan\u0131kl\u0131l\u0131k, a\u011f\u0131rl\u0131k ve maliyet gibi fakt\u00f6rleri g\u00f6z \u00f6n\u00fcnde bulundurarak her uygulama i\u00e7in en uygun malzemeyi se\u00e7ebilirler.<\/li>\n<li>\u00d6l\u00e7eklenebilirlik: \u00c7in otomotiv kal\u0131p tedarik\u00e7ileri, y\u00fcksek \u00fcretim gereksinimleri olan otomotiv \u00fcreticileri i\u00e7in \u00f6nemli olabilecek b\u00fcy\u00fck hacimlerde kal\u0131p \u00fcretebilmektedir. \u00c7inli tedarik\u00e7iler ayr\u0131ca acil sipari\u015fler i\u00e7in h\u0131zl\u0131 geri d\u00f6n\u00fc\u015f s\u00fcreleri sa\u011flayabilir.<\/li>\n<li>Teknik Uzmanl\u0131k: \u00c7in, kal\u0131p tasar\u0131m\u0131 ve \u00fcretiminde uzmanl\u0131\u011fa sahip geni\u015f bir yetenekli m\u00fchendis ve teknisyen havuzuna sahiptir. Bir\u00e7ok \u00c7inli kal\u0131p tedarik\u00e7isi g\u00fc\u00e7l\u00fc Ar-Ge yeteneklerine sahiptir ve belirli m\u00fc\u015fteri gereksinimlerini kar\u015f\u0131lamak i\u00e7in \u00f6zelle\u015ftirilmi\u015f \u00e7\u00f6z\u00fcmler sunabilir.<\/li>\n<\/ol>\n<p>Bununla birlikte, a\u015fa\u011f\u0131dakilerle \u00e7al\u0131\u015fmay\u0131 d\u00fc\u015f\u00fcn\u00fcrken <em><strong>\u00c7in otomotiv kal\u0131p tedarik\u00e7ileri<\/strong><\/em>Kalite ve teslimat beklentilerinizi kar\u015f\u0131lad\u0131klar\u0131ndan emin olmak i\u00e7in kapsaml\u0131 bir ara\u015ft\u0131rma yapmak, kimlik bilgilerini kontrol etmek ve \u00fcretim s\u00fcre\u00e7lerini g\u00f6zden ge\u00e7irmek \u00f6nemlidir.<\/p>\n<p>Dil, k\u00fclt\u00fcr, lojistik ve fikri m\u00fclkiyet haklar\u0131 da g\u00f6z \u00f6n\u00fcnde bulundurulmal\u0131d\u0131r. Se\u00e7im yapmak \u00f6nemlidir <a href=\"http:\/\/plas.co\/tr\/\">kal\u0131p tedarik\u00e7ileri<\/a> \u00d6zel ihtiya\u00e7lar\u0131n\u0131z\u0131 ve gereksinimlerinizi kar\u015f\u0131layabilecek ve y\u00fcksek kaliteli \u00fcr\u00fcnleri zaman\u0131nda ve b\u00fct\u00e7e dahilinde teslim etme konusunda kan\u0131tlanm\u0131\u015f bir ge\u00e7mi\u015fe sahip.<\/p>\n<\/div><\/section>","protected":false},"excerpt":{"rendered":"","protected":false},"author":1,"featured_media":931,"parent":17,"menu_order":0,"comment_status":"open","ping_status":"open","template":"","meta":{"footnotes":""},"class_list":["post-100","page","type-page","status-publish","has-post-thumbnail","hentry"],"_links":{"self":[{"href":"https:\/\/plas.co\/tr\/wp-json\/wp\/v2\/pages\/100","targetHints":{"allow":["GET"]}}],"collection":[{"href":"https:\/\/plas.co\/tr\/wp-json\/wp\/v2\/pages"}],"about":[{"href":"https:\/\/plas.co\/tr\/wp-json\/wp\/v2\/types\/page"}],"author":[{"embeddable":true,"href":"https:\/\/plas.co\/tr\/wp-json\/wp\/v2\/users\/1"}],"replies":[{"embeddable":true,"href":"https:\/\/plas.co\/tr\/wp-json\/wp\/v2\/comments?post=100"}],"version-history":[{"count":1,"href":"https:\/\/plas.co\/tr\/wp-json\/wp\/v2\/pages\/100\/revisions"}],"predecessor-version":[{"id":2818,"href":"https:\/\/plas.co\/tr\/wp-json\/wp\/v2\/pages\/100\/revisions\/2818"}],"up":[{"embeddable":true,"href":"https:\/\/plas.co\/tr\/wp-json\/wp\/v2\/pages\/17"}],"wp:featuredmedia":[{"embeddable":true,"href":"https:\/\/plas.co\/tr\/wp-json\/wp\/v2\/media\/931"}],"wp:attachment":[{"href":"https:\/\/plas.co\/tr\/wp-json\/wp\/v2\/media?parent=100"}],"curies":[{"name":"wp","href":"https:\/\/api.w.org\/{rel}","templated":true}]}}