{"id":103,"date":"2014-09-20T16:59:07","date_gmt":"2014-09-20T08:59:07","guid":{"rendered":"http:\/\/andy-mold.com\/?page_id=103"},"modified":"2023-02-24T22:57:10","modified_gmt":"2023-02-24T14:57:10","slug":"enjeksiyon-kaliplama-ambalaji","status":"publish","type":"page","link":"https:\/\/plas.co\/tr\/enjeksiyon-kaliplama-ambalaji\/","title":{"rendered":"Enjeksiyon Kal\u0131plama Ambalaj\u0131"},"content":{"rendered":"<div  class='flex_column av-av_one_full-7714eba142aeda1f8b5272a3c372b279 av_one_full  avia-builder-el-0  avia-builder-el-no-sibling  first flex_column_div'     ><section  class='av_textblock_section av-leinkoqn-2ce71e3bca6dba456b9c8fbc10182ea3'   itemscope=\"itemscope\" itemtype=\"https:\/\/schema.org\/CreativeWork\" ><div class='avia_textblock'  itemprop=\"text\" ><div id=\"ez-toc-container\" class=\"ez-toc-v2_0_82_2 counter-hierarchy ez-toc-counter ez-toc-grey ez-toc-container-direction\">\n<div class=\"ez-toc-title-container\">\n<p class=\"ez-toc-title\" style=\"cursor:inherit\">\u0130\u00e7indekiler<\/p>\n<span class=\"ez-toc-title-toggle\"><a href=\"#\" class=\"ez-toc-pull-right ez-toc-btn ez-toc-btn-xs ez-toc-btn-default ez-toc-toggle\" aria-label=\"\u0130\u00e7indekiler Tablosunu A\u00e7\/Kapat\"><span class=\"ez-toc-js-icon-con\"><span class=\"\"><span class=\"eztoc-hide\" style=\"display:none;\">Ge\u00e7i\u015f<\/span><span class=\"ez-toc-icon-toggle-span\"><svg style=\"fill: #999;color:#999\" xmlns=\"http:\/\/www.w3.org\/2000\/svg\" class=\"list-377408\" width=\"20px\" height=\"20px\" viewbox=\"0 0 24 24\" fill=\"none\"><path d=\"M6 6H4v2h2V6zm14 0H8v2h12V6zM4 11h2v2H4v-2zm16 0H8v2h12v-2zM4 16h2v2H4v-2zm16 0H8v2h12v-2z\" fill=\"currentColor\"><\/path><\/svg><svg style=\"fill: #999;color:#999\" class=\"arrow-unsorted-368013\" xmlns=\"http:\/\/www.w3.org\/2000\/svg\" width=\"10px\" height=\"10px\" viewbox=\"0 0 24 24\" version=\"1.2\" baseprofile=\"tiny\"><path d=\"M18.2 9.3l-6.2-6.3-6.2 6.3c-.2.2-.3.4-.3.7s.1.5.3.7c.2.2.4.3.7.3h11c.3 0 .5-.1.7-.3.2-.2.3-.5.3-.7s-.1-.5-.3-.7zM5.8 14.7l6.2 6.3 6.2-6.3c.2-.2.3-.5.3-.7s-.1-.5-.3-.7c-.2-.2-.4-.3-.7-.3h-11c-.3 0-.5.1-.7.3-.2.2-.3.5-.3.7s.1.5.3.7z\"\/><\/svg><\/span><\/span><\/span><\/a><\/span><\/div>\n<nav><ul class='ez-toc-list ez-toc-list-level-1' ><li class='ez-toc-page-1 ez-toc-heading-level-2'><a class=\"ez-toc-link ez-toc-heading-1\" href=\"https:\/\/plas.co\/tr\/enjeksiyon-kaliplama-ambalaji\/#What_is_injection_mold_packaging\" >Enjeksiyon kal\u0131p ambalaj\u0131 nedir<\/a><ul class='ez-toc-list-level-3' ><li class='ez-toc-heading-level-3'><a class=\"ez-toc-link ez-toc-heading-2\" href=\"https:\/\/plas.co\/tr\/enjeksiyon-kaliplama-ambalaji\/#Section_1_The_Benefits_of_Injection_Molding_for_Packaging\" >B\u00f6l\u00fcm 1: Ambalaj i\u00e7in Enjeksiyon Kal\u0131plaman\u0131n Faydalar\u0131<\/a><\/li><li class='ez-toc-page-1 ez-toc-heading-level-3'><a class=\"ez-toc-link ez-toc-heading-3\" href=\"https:\/\/plas.co\/tr\/enjeksiyon-kaliplama-ambalaji\/#Section_2_The_Different_Types_of_Materials_Used_in_Injection_Molding_for_Packaging\" >B\u00f6l\u00fcm 2: Ambalaj i\u00e7in Enjeksiyon Kal\u0131plamada Kullan\u0131lan Farkl\u0131 Malzeme T\u00fcrleri<\/a><\/li><li class='ez-toc-page-1 ez-toc-heading-level-3'><a class=\"ez-toc-link ez-toc-heading-4\" href=\"https:\/\/plas.co\/tr\/enjeksiyon-kaliplama-ambalaji\/#Section_3_The_Process_of_Injection_Molding\" >B\u00f6l\u00fcm 3: Enjeksiyon Kal\u0131plama S\u00fcreci<\/a><\/li><li class='ez-toc-page-1 ez-toc-heading-level-3'><a class=\"ez-toc-link ez-toc-heading-5\" href=\"https:\/\/plas.co\/tr\/enjeksiyon-kaliplama-ambalaji\/#Section_4_The_Various_Applications_of_Injection_Molding_in_Packaging\" >B\u00f6l\u00fcm 4: Ambalajlamada Enjeksiyon Kal\u0131plaman\u0131n \u00c7e\u015fitli Uygulamalar\u0131<\/a><\/li><li class='ez-toc-page-1 ez-toc-heading-level-3'><a class=\"ez-toc-link ez-toc-heading-6\" href=\"https:\/\/plas.co\/tr\/enjeksiyon-kaliplama-ambalaji\/#Injection_mold_resin_for_cosmetic_packaging\" >Kozmetik ambalajlar i\u00e7in enjeksiyon kal\u0131p re\u00e7inesi<\/a><\/li><li class='ez-toc-page-1 ez-toc-heading-level-3'><a class=\"ez-toc-link ez-toc-heading-7\" href=\"https:\/\/plas.co\/tr\/enjeksiyon-kaliplama-ambalaji\/#Injection_molds_for_packaging\" >Ambalaj i\u00e7in enjeksiyon kal\u0131plar\u0131<\/a><ul class='ez-toc-list-level-4' ><li class='ez-toc-heading-level-4'><a class=\"ez-toc-link ez-toc-heading-8\" href=\"https:\/\/plas.co\/tr\/enjeksiyon-kaliplama-ambalaji\/#Conclusion\" >Sonu\u00e7:<\/a><\/li><\/ul><\/li><\/ul><\/li><\/ul><\/nav><\/div>\n<h2><span class=\"ez-toc-section\" id=\"What_is_injection_mold_packaging\"><\/span>Enjeksiyon kal\u0131p ambalaj\u0131 nedir<span class=\"ez-toc-section-end\"><\/span><\/h2>\n<p><strong><em>Enjeksiyon kal\u0131plama ambalaj\u0131<\/em><\/strong> \u015fi\u015feler, kavanozlar, kaplar ve kapaklar gibi \u00e7ok \u00e7e\u015fitli plastik ambalaj \u00fcr\u00fcnleri \u00fcretmek i\u00e7in kullan\u0131lan bir \u00fcretim s\u00fcrecidir. S\u00fcre\u00e7, erimi\u015f plastik malzemenin, ambalaj \u00fcr\u00fcn\u00fcn\u00fcn istenen \u015feklini olu\u015fturmak i\u00e7in tasarlanm\u0131\u015f bir kal\u0131p bo\u015flu\u011funa enjekte edilmesini i\u00e7erir.<\/p>\n<p>Enjeksiyon kal\u0131plama i\u00e7in kullan\u0131lan plastik malzeme, ambalaj \u00fcr\u00fcn\u00fcn\u00fcn \u00f6zel uygulamas\u0131na ve gereksinimlerine ba\u011fl\u0131 olarak de\u011fi\u015febilir. A\u015fa\u011f\u0131dakiler i\u00e7in yayg\u0131n olarak kullan\u0131lan plastik malzemelerden baz\u0131lar\u0131 <em>enjeksiyon kal\u0131pl\u0131 plastik ambalaj<\/em> polietilen (PE), polipropilen (PP), polietilen tereftalat (PET), polistiren (PS) ve akrilonitril b\u00fctadien stiren (ABS) i\u00e7erir.<\/p>\n<p>Plastik ambalajlar i\u00e7in enjeksiyon kal\u0131plama s\u00fcreci, a\u015fa\u011f\u0131dakiler de dahil olmak \u00fczere \u00e7e\u015fitli ad\u0131mlar i\u00e7erir:<\/p>\n<ol>\n<li>Kal\u0131b\u0131n tasarlanmas\u0131 - Ambalaj \u00fcr\u00fcn\u00fcn\u00fcn istenen \u015feklini ve \u00f6zelliklerini olu\u015fturmak i\u00e7in bir kal\u0131p tasarlan\u0131r. Kal\u0131p \u00e7elik veya al\u00fcminyumdan yap\u0131labilir ve birbirine c\u0131vatalanm\u0131\u015f iki yar\u0131dan olu\u015fur.<\/li>\n<li>Plastik malzemenin haz\u0131rlanmas\u0131 - Plastik malzeme eritilir ve enjeksiyon kal\u0131plama i\u00e7in haz\u0131rlan\u0131r. Plastik peletler enjeksiyon kal\u0131plama makinesine beslenir, burada eritilir ve renklendiriciler ve stabilizat\u00f6rler gibi katk\u0131 maddeleri ile kar\u0131\u015ft\u0131r\u0131l\u0131r.<\/li>\n<li>Enjeksiyon kal\u0131plama - Erimi\u015f plastik malzeme y\u00fcksek bas\u0131n\u00e7 alt\u0131nda kal\u0131p bo\u015flu\u011funa enjekte edilir. Plastik malzeme bo\u015flu\u011fu doldurur ve kal\u0131b\u0131n \u015feklini al\u0131r.<\/li>\n<li>So\u011futma ve kat\u0131la\u015ft\u0131rma - Plastik malzemenin kal\u0131p i\u00e7inde so\u011fumas\u0131na ve kat\u0131la\u015fmas\u0131na izin verilir. Plastik malzeme tamamen kat\u0131la\u015ft\u0131\u011f\u0131nda, kal\u0131b\u0131n iki yar\u0131s\u0131 ayr\u0131l\u0131r ve bitmi\u015f \u00fcr\u00fcn d\u0131\u015far\u0131 at\u0131l\u0131r.<\/li>\n<\/ol>\n<p><em>enjeksiyon kal\u0131pl\u0131 plastik ambalaj<\/em> plastik ambalaj \u00fcr\u00fcnleri \u00fcretmek i\u00e7in yayg\u0131n olarak kullan\u0131lan bir \u00fcretim s\u00fcrecidir.<\/p>\n<div id=\"attachment_395\" style=\"width: 692px\" class=\"wp-caption aligncenter\"><a href=\"http:\/\/plas.co\/wp-content\/uploads\/2016\/02\/Product-01.jpg\"><img decoding=\"async\" aria-describedby=\"caption-attachment-395\" class=\"wp-image-395 size-full\" src=\"http:\/\/plas.co\/wp-content\/uploads\/2016\/02\/Product-01.jpg\" alt=\"enjeksiyon kal\u0131plama ambalaj\u0131\" width=\"682\" height=\"488\" srcset=\"https:\/\/plas.co\/wp-content\/uploads\/2016\/02\/Product-01.jpg 682w, https:\/\/plas.co\/wp-content\/uploads\/2016\/02\/Product-01-300x215.jpg 300w\" sizes=\"(max-width: 682px) 100vw, 682px\" \/><\/a><p id=\"caption-attachment-395\" class=\"wp-caption-text\">enjeksiyon kal\u0131plama ambalaj\u0131<\/p><\/div>\n<p>Ambalaj, her \u00fcr\u00fcn i\u00e7in \u00e7ok \u00f6nemli bir unsurdur. \u0130lk izlenim olarak hizmet eder ve t\u00fcketici kararlar\u0131n\u0131 etkileyebilir. S\u00fcrd\u00fcr\u00fclebilir ve \u00e7evre dostu ambalaj \u00e7\u00f6z\u00fcmlerine y\u00f6nelik artan taleple birlikte, verimli \u00fcretim s\u00fcre\u00e7lerine duyulan ihtiya\u00e7 her zamankinden daha kritik hale gelmi\u015ftir. Enjeksiyon kal\u0131plama, ambalaj sekt\u00f6r\u00fcnde devrim yaratan b\u00f6yle bir s\u00fcre\u00e7tir. Bu kapsaml\u0131 k\u0131lavuzda, ambalajlama i\u00e7in enjeksiyon kal\u0131plaman\u0131n faydalar\u0131n\u0131, kullan\u0131lan farkl\u0131 malzeme t\u00fcrlerini, enjeksiyon kal\u0131plama s\u00fcrecini ve bu teknolojinin ambalajlamadaki \u00e7e\u015fitli uygulamalar\u0131n\u0131 inceleyece\u011fiz.<\/p>\n<h3><span class=\"ez-toc-section\" id=\"Section_1_The_Benefits_of_Injection_Molding_for_Packaging\"><\/span>B\u00f6l\u00fcm 1: Ambalaj i\u00e7in Enjeksiyon Kal\u0131plaman\u0131n Faydalar\u0131<span class=\"ez-toc-section-end\"><\/span><\/h3>\n<p>Enjeksiyon kal\u0131plama, bir \u00fcr\u00fcn olu\u015fturmak i\u00e7in erimi\u015f plasti\u011fin bir kal\u0131ba enjekte edilmesini i\u00e7eren bir \u00fcretim s\u00fcrecidir. Bu s\u00fcre\u00e7, ambalajlama i\u00e7in a\u015fa\u011f\u0131dakiler de dahil olmak \u00fczere \u00e7e\u015fitli avantajlar sunar:<\/p>\n<p>1.1. Maliyet etkinli\u011fi: Enjeksiyon kal\u0131plama, y\u00fcksek hacimli \u00fcretime olanak tan\u0131yarak ambalaj malzemelerinin b\u00fcy\u00fck \u00f6l\u00e7ekli \u00fcretimi i\u00e7in uygun maliyetli bir \u00e7\u00f6z\u00fcmd\u00fcr.<\/p>\n<p>1.2. Tasar\u0131m esnekli\u011fi: Enjeksiyon kal\u0131plama, tasar\u0131mc\u0131lara di\u011fer \u00fcretim s\u00fcre\u00e7leriyle elde edilmesi zor olan karma\u015f\u0131k \u015fekiller ve girift tasar\u0131mlar olu\u015fturma \u00f6zg\u00fcrl\u00fc\u011f\u00fc sunar.<\/p>\n<p>1.3. Malzeme \u00e7ok y\u00f6nl\u00fcl\u00fc\u011f\u00fc: Enjeksiyon kal\u0131plama, termoplastikler, termosetler ve elastomerler dahil olmak \u00fczere \u00e7ok \u00e7e\u015fitli malzemelerle kullan\u0131labilir.<\/p>\n<h3><span class=\"ez-toc-section\" id=\"Section_2_The_Different_Types_of_Materials_Used_in_Injection_Molding_for_Packaging\"><\/span>B\u00f6l\u00fcm 2: Ambalaj i\u00e7in Enjeksiyon Kal\u0131plamada Kullan\u0131lan Farkl\u0131 Malzeme T\u00fcrleri<span class=\"ez-toc-section-end\"><\/span><\/h3>\n<p>2.1. Termoplastikler: Termoplastikler, ambalaj i\u00e7in enjeksiyon kal\u0131plamada en yayg\u0131n kullan\u0131lan malzemelerdir. Dayan\u0131kl\u0131d\u0131rlar, hafiftirler ve farkl\u0131 \u015fekil ve boyutlarda kolayca kal\u0131planabilirler.<\/p>\n<p>2.2. Termosetler: Termosetler, \u0131s\u0131 direnci ve y\u00fcksek dayan\u0131kl\u0131l\u0131k gerektiren \u00fcr\u00fcnlerin ambalajlanmas\u0131 i\u00e7in idealdir.<\/p>\n<p>2.3. Elastomerler: Elastomerler esneklik ve yumu\u015fakl\u0131k gerektiren \u00fcr\u00fcnlerin ambalajlanmas\u0131nda kullan\u0131l\u0131r.<\/p>\n<h3><span class=\"ez-toc-section\" id=\"Section_3_The_Process_of_Injection_Molding\"><\/span>B\u00f6l\u00fcm 3: Enjeksiyon Kal\u0131plama S\u00fcreci<span class=\"ez-toc-section-end\"><\/span><\/h3>\n<p>3.1. Kal\u0131p tasar\u0131m\u0131: Enjeksiyon kal\u0131plama s\u00fcrecindeki ilk ad\u0131m kal\u0131p tasar\u0131m\u0131d\u0131r. Kal\u0131p, \u00fcr\u00fcn\u00fcn tam \u00f6zelliklerine g\u00f6re tasarlan\u0131r.<\/p>\n<p>3.2. Malzeme haz\u0131rlama: Se\u00e7ilen malzeme daha sonra eritilir ve enjeksiyon i\u00e7in haz\u0131rlan\u0131r.<\/p>\n<p>3.3. Enjeksiyon: Erimi\u015f malzeme y\u00fcksek bas\u0131n\u00e7 alt\u0131nda kal\u0131ba enjekte edilerek kal\u0131p bo\u015flu\u011fu doldurulur.<\/p>\n<p>3.4. So\u011futma: Plasti\u011fi kat\u0131la\u015ft\u0131rmak i\u00e7in kal\u0131p so\u011futulur ve \u00fcr\u00fcn d\u0131\u015far\u0131 at\u0131l\u0131r.<\/p>\n<h3><span class=\"ez-toc-section\" id=\"Section_4_The_Various_Applications_of_Injection_Molding_in_Packaging\"><\/span>B\u00f6l\u00fcm 4: Ambalajlamada Enjeksiyon Kal\u0131plaman\u0131n \u00c7e\u015fitli Uygulamalar\u0131<span class=\"ez-toc-section-end\"><\/span><\/h3>\n<p>4.1. G\u0131da ambalaj\u0131: Enjeksiyon kal\u0131plama, kaplar, tepsiler ve \u00e7atal b\u0131\u00e7ak tak\u0131mlar\u0131 dahil olmak \u00fczere g\u0131da ambalajlar\u0131 i\u00e7in yayg\u0131n olarak kullan\u0131lmaktad\u0131r.<\/p>\n<p>4.2. \u0130\u00e7ecek ambalaj\u0131: Enjeksiyon kal\u0131plama, \u015fi\u015feler ve kapaklar dahil olmak \u00fczere i\u00e7ecek ambalajlar\u0131 i\u00e7in de kullan\u0131l\u0131r.<\/p>\n<p>4.3. Kozmetik ambalajlar: Enjeksiyon kal\u0131plama, kavanozlar, kaplar ve kapaklar dahil olmak \u00fczere kozmetik ambalajlar i\u00e7in kullan\u0131l\u0131r.<\/p>\n<p>4.4. T\u0131bbi ambalaj: <em>Enjeksiyon kal\u0131plama<\/em> \u015f\u0131r\u0131ngalar, flakonlar ve kaplar dahil olmak \u00fczere t\u0131bbi ambalajlar i\u00e7in kullan\u0131l\u0131r.<\/p>\n<p>B\u00f6l\u00fcm 5: Enjeksiyon Kal\u0131plaman\u0131n S\u00fcrd\u00fcr\u00fclebilir Ambalajlama \u00dczerindeki Etkisi<\/p>\n<p>5.1. Biyolojik olarak par\u00e7alanabilen malzemeler: Enjeksiyon kal\u0131plama, \u00e7evre dostu ve s\u00fcrd\u00fcr\u00fclebilir olan biyolojik olarak par\u00e7alanabilen ambalaj malzemelerinin \u00fcretimine olanak sa\u011flam\u0131\u015ft\u0131r.<\/p>\n<p>5.2. Geri d\u00f6n\u00fc\u015ft\u00fcr\u00fclebilir malzemeler: Enjeksiyon kal\u0131plama, kolayca geri d\u00f6n\u00fc\u015ft\u00fcr\u00fclebilen ambalaj malzemelerinin \u00fcretilmesini de m\u00fcmk\u00fcn k\u0131larak \u00fcretilen at\u0131k miktar\u0131n\u0131 azaltm\u0131\u015ft\u0131r.<\/p>\n<h3><span class=\"ez-toc-section\" id=\"Injection_mold_resin_for_cosmetic_packaging\"><\/span>Kozmetik ambalajlar i\u00e7in enjeksiyon kal\u0131p re\u00e7inesi<span class=\"ez-toc-section-end\"><\/span><\/h3>\n<p>Enjeksiyon kal\u0131p re\u00e7inesi, kozmetik ambalaj \u00fcretiminde \u00e7ok \u00f6nemli bir bile\u015fendir. Kozmetik ambalajlar i\u00e7in uygun re\u00e7ineyi se\u00e7erken \u00fcr\u00fcn\u00fcn re\u00e7ineyle uyumlulu\u011fu, ambalaj\u0131n istenen fiziksel \u00f6zellikleri ve \u00fcretim s\u00fcreci dahil olmak \u00fczere g\u00f6z \u00f6n\u00fcnde bulundurulmas\u0131 gereken \u00e7e\u015fitli fakt\u00f6rler vard\u0131r.<\/p>\n<p>Kozmetik ambalajlar i\u00e7in en yayg\u0131n kullan\u0131lan re\u00e7inelerden biri polipropilendir (PP). PP, kal\u0131planmas\u0131 kolay, hafif ve m\u00fckemmel kimyasal diren\u00e7 sunan \u00e7ok y\u00f6nl\u00fc bir re\u00e7inedir. Kremler, losyonlar ve serumlar gibi y\u00fcksek d\u00fczeyde nem direnci gerektiren \u00fcr\u00fcnlerin ambalajlanmas\u0131 i\u00e7in idealdir.<\/p>\n<p>Kozmetik ambalajlar i\u00e7in bir di\u011fer pop\u00fcler re\u00e7ine polietilen tereftalatt\u0131r (PET). PET, \u015fi\u015fe ve kavanoz gibi \u015feffaf ambalaj \u00fcr\u00fcnleri i\u00e7in ideal olan g\u00fc\u00e7l\u00fc ve hafif bir re\u00e7inedir. Neme, kimyasallara ve UV \u0131\u015f\u0131\u011f\u0131na kar\u015f\u0131 m\u00fckemmel diren\u00e7 g\u00f6stermesi onu kozmetik ambalajlar i\u00e7in pop\u00fcler bir se\u00e7im haline getirmektedir.<\/p>\n<p>Akrilonitril b\u00fctadien stiren (ABS) kozmetik ambalajlarda yayg\u0131n olarak kullan\u0131lan bir ba\u015fka re\u00e7inedir. ABS, kompakt ve ruj kutusu gibi y\u00fcksek d\u00fczeyde darbe direnci gerektiren \u00fcr\u00fcnlerin ambalajlanmas\u0131 i\u00e7in ideal olan g\u00fc\u00e7l\u00fc ve dayan\u0131kl\u0131 bir re\u00e7inedir.<\/p>\n<p>Polikarbonat (PC), g\u00f6z far\u0131 paletleri ve ruj t\u00fcpleri gibi y\u00fcksek netlik ve darbe direnci gerektiren \u00fcr\u00fcnlerin paketlenmesi i\u00e7in ideal olan berrak, g\u00fc\u00e7l\u00fc ve hafif bir re\u00e7inedir. Ayr\u0131ca y\u00fcksek d\u00fczeyde \u0131s\u0131 direnci gerektiren \u00fcr\u00fcnler i\u00e7in de m\u00fckemmel bir se\u00e7imdir.<\/p>\n<p>Kozmetik ambalajlar i\u00e7in bir re\u00e7ine se\u00e7erken, \u00fcretim s\u00fcrecini g\u00f6z \u00f6n\u00fcnde bulundurmak \u00f6nemlidir. Enjeksiyon kal\u0131plama kozmetik ambalajlar i\u00e7in en yayg\u0131n \u00fcretim s\u00fcrecidir, ancak t\u00fcm re\u00e7ineler bu s\u00fcre\u00e7 i\u00e7in uygun de\u011fildir. \u00c7ok k\u0131r\u0131lgan veya \u00e7ok viskoz re\u00e7ineler enjeksiyon kal\u0131plama i\u00e7in uygun olmayabilir. Tutarl\u0131 ve y\u00fcksek kaliteli bir nihai \u00fcr\u00fcn elde etmek i\u00e7in enjeksiyon kal\u0131plama kullan\u0131larak kolayca kal\u0131planabilen bir re\u00e7ine se\u00e7mek \u00f6nemlidir.<\/p>\n<h3><span class=\"ez-toc-section\" id=\"Injection_molds_for_packaging\"><\/span>Ambalaj i\u00e7in enjeksiyon kal\u0131plar\u0131<span class=\"ez-toc-section-end\"><\/span><\/h3>\n<p><em><strong>Enjeksiyon kal\u0131plama<\/strong><\/em> y\u00fcksek kaliteli ve uygun maliyetli ambalaj \u00fcr\u00fcnleri \u00fcretmek i\u00e7in yayg\u0131n olarak kullan\u0131lan bir \u00fcretim s\u00fcrecidir. Ambalaj i\u00e7in enjeksiyon kal\u0131plar\u0131, \u015fi\u015feler, kavanozlar, kapaklar, kapaklar ve kaplar dahil olmak \u00fczere \u00e7ok \u00e7e\u015fitli \u015fekil ve boyutlarda ambalaj olu\u015fturmak i\u00e7in tasarlanm\u0131\u015ft\u0131r.<\/p>\n<p>Enjeksiyon kal\u0131plama i\u015flemi, ambalaj \u00fcr\u00fcn\u00fcn\u00fcn istenen \u015feklini \u00fcretmek i\u00e7in tasarlanm\u0131\u015f bir ara\u00e7 olan bir kal\u0131b\u0131n kullan\u0131lmas\u0131n\u0131 i\u00e7erir. Kal\u0131p tipik olarak \u00e7elik veya al\u00fcminyumdan yap\u0131l\u0131r ve birbirine c\u0131vatalanm\u0131\u015f iki yar\u0131dan olu\u015fur. Erimi\u015f plastik malzeme kal\u0131p bo\u015flu\u011funa enjekte edilir ve so\u011fuyup kat\u0131la\u015ft\u0131ktan sonra, kal\u0131b\u0131n iki yar\u0131s\u0131 bitmi\u015f \u00fcr\u00fcn\u00fc serbest b\u0131rakmak i\u00e7in ayr\u0131l\u0131r.<\/p>\n<p>\u00d6nemli avantajlar\u0131ndan biri <em>enjeksiyon kal\u0131plama<\/em> y\u00fcksek hassasiyet ve tutarl\u0131l\u0131kla karma\u015f\u0131k ve girift \u015fekiller \u00fcretme kabiliyetidir. Ambalaj i\u00e7in enjeksiyon kal\u0131plar\u0131, di\u015fler, kabartma, grav\u00fcr ve doku gibi \u00e7e\u015fitli \u00f6zelliklere sahip \u00fcr\u00fcnler olu\u015fturmak \u00fczere tasarlanabilir. Bu \u00e7ok y\u00f6nl\u00fcl\u00fck, enjeksiyon kal\u0131plamay\u0131 benzersiz ve g\u00f6z al\u0131c\u0131 tasar\u0131mlara sahip ambalaj \u00fcr\u00fcnleri \u00fcretmek i\u00e7in ideal bir s\u00fcre\u00e7 haline getirir.<\/p>\n<p>Ambalaj i\u00e7in enjeksiyon kal\u0131plaman\u0131n bir di\u011fer avantaj\u0131 da y\u00fcksek hacimli \u00fcr\u00fcnleri h\u0131zl\u0131 bir \u015fekilde \u00fcretebilmesidir. <a href=\"https:\/\/en.wikipedia.org\/wiki\/Injection_moulding\" target=\"_blank\" rel=\"noopener\">Enjeksiyon kal\u0131plama<\/a> makineleri tek bir d\u00f6ng\u00fcde binlerce \u00fcr\u00fcn \u00fcretebilir, bu da onu son derece verimli ve uygun maliyetli bir \u00fcretim s\u00fcreci haline getirir.<\/p>\n<p>Bir se\u00e7im yaparken <em>enjeksiyon kal\u0131p ambalaj\u0131<\/em>Plastik malzemenin t\u00fcr\u00fc, \u00fcr\u00fcn\u00fcn istenen \u015fekli ve boyutu ve \u00fcretim s\u00fcreci dahil olmak \u00fczere \u00e7e\u015fitli fakt\u00f6rler g\u00f6z \u00f6n\u00fcnde bulundurulmal\u0131d\u0131r. \u00d6rne\u011fin, baz\u0131 plastik malzemeler istenen fiziksel \u00f6zellikleri elde etmek i\u00e7in y\u00fcksek bas\u0131n\u00e7l\u0131 enjeksiyon kal\u0131plama makineleri gerektirirken, di\u011ferleri daha d\u00fc\u015f\u00fck bas\u0131n\u00e7l\u0131 bir makine gerektirebilir.<\/p>\n<p>Ayr\u0131ca, kal\u0131b\u0131n tasar\u0131m\u0131 da \u00fcretim s\u00fcrecini ve nihai \u00fcr\u00fcn\u00fcn kalitesini etkileyebilir. \u0130yi tasarlanm\u0131\u015f bir kal\u0131p, b\u00fck\u00fclme, batma ve yan\u0131p s\u00f6nme gibi \u00fcretim hatalar\u0131n\u0131 azaltmaya ve tutarl\u0131 bir y\u00fczey ve kaliteye sahip \u00fcr\u00fcnler \u00fcretmeye yard\u0131mc\u0131 olabilir.<\/p>\n<h4><span class=\"ez-toc-section\" id=\"Conclusion\"><\/span>Sonu\u00e7:<span class=\"ez-toc-section-end\"><\/span><\/h4>\n<p>Enjeksiyon kal\u0131plama, uygun maliyetli \u00e7\u00f6z\u00fcmler, tasar\u0131m esnekli\u011fi ve malzeme \u00e7e\u015fitlili\u011fi sunarak ambalaj sekt\u00f6r\u00fcnde devrim yaratm\u0131\u015ft\u0131r. S\u00fcrd\u00fcr\u00fclebilir ve \u00e7evre dostu ambalaj \u00e7\u00f6z\u00fcmlerinin \u00fcretilmesini sa\u011flayarak ambalaj\u0131n gelece\u011fi i\u00e7in \u00f6nemli bir teknoloji haline gelmi\u015ftir.<\/p>\n<p>Enjeksiyon kal\u0131plaman\u0131n faydalar\u0131n\u0131, kullan\u0131lan farkl\u0131 malzeme t\u00fcrlerini, enjeksiyon kal\u0131plama s\u00fcrecini ve bu teknolojinin ambalajlamadaki \u00e7e\u015fitli uygulamalar\u0131n\u0131 anlayarak, tasar\u0131mc\u0131lar, m\u00fchendisler ve ambalaj profesyonelleri daha iyi ve daha s\u00fcrd\u00fcr\u00fclebilir bir gelecek yaratmaya yard\u0131mc\u0131 olabilecek bilin\u00e7li kararlar verebilirler.<\/p>\n<\/div><\/section><\/div>","protected":false},"excerpt":{"rendered":"","protected":false},"author":1,"featured_media":0,"parent":0,"menu_order":0,"comment_status":"open","ping_status":"open","template":"","meta":{"footnotes":""},"class_list":["post-103","page","type-page","status-publish","hentry"],"_links":{"self":[{"href":"https:\/\/plas.co\/tr\/wp-json\/wp\/v2\/pages\/103","targetHints":{"allow":["GET"]}}],"collection":[{"href":"https:\/\/plas.co\/tr\/wp-json\/wp\/v2\/pages"}],"about":[{"href":"https:\/\/plas.co\/tr\/wp-json\/wp\/v2\/types\/page"}],"author":[{"embeddable":true,"href":"https:\/\/plas.co\/tr\/wp-json\/wp\/v2\/users\/1"}],"replies":[{"embeddable":true,"href":"https:\/\/plas.co\/tr\/wp-json\/wp\/v2\/comments?post=103"}],"version-history":[{"count":0,"href":"https:\/\/plas.co\/tr\/wp-json\/wp\/v2\/pages\/103\/revisions"}],"wp:attachment":[{"href":"https:\/\/plas.co\/tr\/wp-json\/wp\/v2\/media?parent=103"}],"curies":[{"name":"wp","href":"https:\/\/api.w.org\/{rel}","templated":true}]}}