{"id":125,"date":"2014-09-20T18:16:39","date_gmt":"2014-09-20T10:16:39","guid":{"rendered":"http:\/\/andy-mold.com\/?page_id=125"},"modified":"2023-02-27T22:17:59","modified_gmt":"2023-02-27T14:17:59","slug":"kalip-ureticileri","status":"publish","type":"page","link":"https:\/\/plas.co\/tr\/kalip-ureticileri\/","title":{"rendered":"Kal\u0131p \u00dcreticisi"},"content":{"rendered":"<style type=\"text\/css\" data-created_by=\"avia_inline_auto\" id=\"style-css-av-lel5bo9m-9db356ac3663fdf6d82633bde056ed2c\">\n#top .avia-gallery.av-lel5bo9m-9db356ac3663fdf6d82633bde056ed2c .avia-gallery-thumb a{\nwidth:25%;\n}\n<\/style>\n<div  class='avia-gallery av-lel5bo9m-9db356ac3663fdf6d82633bde056ed2c avia_animate_when_visible  avia-builder-el-0  el_before_av_textblock  avia-builder-el-first  avia_lazyload avia-gallery-animate avia-gallery-1'  itemprop=\"image\" itemscope=\"itemscope\" itemtype=\"https:\/\/schema.org\/ImageObject\" ><meta itemprop=\"contentURL\" content=\"https:\/\/plas.co\/tr\/kalip-ureticileri\/\"><div class='avia-gallery-thumb'><a href=\"https:\/\/plas.co\/wp-content\/uploads\/2023\/02\/Measurement-machine.jpg\" data-srcset=\"https:\/\/plas.co\/wp-content\/uploads\/2023\/02\/Measurement-machine.jpg 640w, https:\/\/plas.co\/wp-content\/uploads\/2023\/02\/Measurement-machine-300x225.jpg 300w\" data-sizes=\"(max-width: 640px) 100vw, 640px\" data-rel='gallery-1' data-prev-img='https:\/\/plas.co\/wp-content\/uploads\/2023\/02\/Measurement-machine-495x400.jpg' class='first_thumb lightbox' data-onclick='1' title='\u00d6l\u00e7\u00fcm makinesi'  itemprop=\"thumbnailUrl\"  ><img decoding=\"async\" fetchpriority=\"high\" class=\"wp-image-954 avia-img-lazy-loading-not-954\"   src=\"https:\/\/plas.co\/wp-content\/uploads\/2023\/02\/Measurement-machine-495x400.jpg\" width=\"495\" height=\"400\"  title='\u00d6l\u00e7\u00fcm makinesi' alt='\u00d6l\u00e7\u00fcm makinesi' \/><div class='big-prev-fake'><img decoding=\"async\" loading=\"lazy\" class=\"wp-image-954 avia-img-lazy-loading-954\"  width=\"495\" height=\"400\" src=\"https:\/\/plas.co\/wp-content\/uploads\/2023\/02\/Measurement-machine-495x400.jpg\" title='\u00d6l\u00e7\u00fcm makinesi' alt='\u00d6l\u00e7\u00fcm makinesi' \/><\/div><\/a><a href=\"https:\/\/plas.co\/wp-content\/uploads\/2023\/02\/Mold-design-1030x773.jpg\" data-srcset=\"https:\/\/plas.co\/wp-content\/uploads\/2023\/02\/Mold-design-1030x773.jpg 1030w, https:\/\/plas.co\/wp-content\/uploads\/2023\/02\/Mold-design-300x225.jpg 300w, https:\/\/plas.co\/wp-content\/uploads\/2023\/02\/Mold-design-768x576.jpg 768w, https:\/\/plas.co\/wp-content\/uploads\/2023\/02\/Mold-design-1536x1152.jpg 1536w, https:\/\/plas.co\/wp-content\/uploads\/2023\/02\/Mold-design-2048x1536.jpg 2048w, https:\/\/plas.co\/wp-content\/uploads\/2023\/02\/Mold-design-1500x1125.jpg 1500w, https:\/\/plas.co\/wp-content\/uploads\/2023\/02\/Mold-design-705x529.jpg 705w\" data-sizes=\"(max-width: 1030px) 100vw, 1030px\" data-rel='gallery-1' data-prev-img='https:\/\/plas.co\/wp-content\/uploads\/2023\/02\/Mold-design-495x400.jpg' class='lightbox' data-onclick='2' title='Kal\u0131p tasar\u0131m\u0131'  itemprop=\"thumbnailUrl\"  ><img decoding=\"async\" fetchpriority=\"high\" class=\"wp-image-955 avia-img-lazy-loading-not-955\"   src=\"https:\/\/plas.co\/wp-content\/uploads\/2023\/02\/Mold-design-495x400.jpg\" width=\"495\" height=\"400\"  title='Kal\u0131p tasar\u0131m\u0131' alt='Kal\u0131p tasar\u0131m\u0131' srcset=\"https:\/\/plas.co\/wp-content\/uploads\/2023\/02\/Mold-design-495x400.jpg 495w, https:\/\/plas.co\/wp-content\/uploads\/2023\/02\/Mold-design-845x684.jpg 845w\" sizes=\"(max-width: 495px) 100vw, 495px\" \/><div class='big-prev-fake'><img decoding=\"async\" loading=\"lazy\" class=\"wp-image-955 avia-img-lazy-loading-955\"  width=\"495\" height=\"400\" src=\"https:\/\/plas.co\/wp-content\/uploads\/2023\/02\/Mold-design-495x400.jpg\" title='Kal\u0131p tasar\u0131m\u0131' alt='Kal\u0131p tasar\u0131m\u0131' srcset=\"https:\/\/plas.co\/wp-content\/uploads\/2023\/02\/Mold-design-495x400.jpg 495w, https:\/\/plas.co\/wp-content\/uploads\/2023\/02\/Mold-design-845x684.jpg 845w\" sizes=\"auto, (max-width: 495px) 100vw, 495px\" \/><\/div><\/a><a href=\"https:\/\/plas.co\/wp-content\/uploads\/2023\/02\/Plastic-mold-company.jpg\" data-srcset=\"https:\/\/plas.co\/wp-content\/uploads\/2023\/02\/Plastic-mold-company.jpg 333w, https:\/\/plas.co\/wp-content\/uploads\/2023\/02\/Plastic-mold-company-300x225.jpg 300w\" data-sizes=\"(max-width: 333px) 100vw, 333px\" data-rel='gallery-1' data-prev-img='https:\/\/plas.co\/wp-content\/uploads\/2023\/02\/Plastic-mold-company.jpg' class='lightbox' data-onclick='3' title='Plastik kal\u0131p \u015firketi'  itemprop=\"thumbnailUrl\"  ><img decoding=\"async\" fetchpriority=\"high\" class=\"wp-image-956 avia-img-lazy-loading-not-956\"   src=\"https:\/\/plas.co\/wp-content\/uploads\/2023\/02\/Plastic-mold-company.jpg\" width=\"333\" height=\"250\"  title='Plastik kal\u0131p \u015firketi' alt='Plastik kal\u0131p \u015firketi' srcset=\"https:\/\/plas.co\/wp-content\/uploads\/2023\/02\/Plastic-mold-company.jpg 333w, https:\/\/plas.co\/wp-content\/uploads\/2023\/02\/Plastic-mold-company-300x225.jpg 300w\" sizes=\"(max-width: 333px) 100vw, 333px\" \/><div class='big-prev-fake'><img decoding=\"async\" loading=\"lazy\" class=\"wp-image-956 avia-img-lazy-loading-956\"  width=\"333\" height=\"250\" src=\"https:\/\/plas.co\/wp-content\/uploads\/2023\/02\/Plastic-mold-company.jpg\" title='Plastik kal\u0131p \u015firketi' alt='Plastik kal\u0131p \u015firketi' srcset=\"https:\/\/plas.co\/wp-content\/uploads\/2023\/02\/Plastic-mold-company.jpg 333w, https:\/\/plas.co\/wp-content\/uploads\/2023\/02\/Plastic-mold-company-300x225.jpg 300w\" sizes=\"auto, (max-width: 333px) 100vw, 333px\" \/><\/div><\/a><a href=\"https:\/\/plas.co\/wp-content\/uploads\/2023\/02\/plastic-mold-maker.jpg\" data-srcset=\"https:\/\/plas.co\/wp-content\/uploads\/2023\/02\/plastic-mold-maker.jpg 640w, https:\/\/plas.co\/wp-content\/uploads\/2023\/02\/plastic-mold-maker-300x225.jpg 300w\" data-sizes=\"(max-width: 640px) 100vw, 640px\" data-rel='gallery-1' data-prev-img='https:\/\/plas.co\/wp-content\/uploads\/2023\/02\/plastic-mold-maker-495x400.jpg' class='lightbox' data-onclick='4' title='plasti\u0307k kalip \u00fcreti\u0307ci\u0307si\u0307'  itemprop=\"thumbnailUrl\"  ><img decoding=\"async\" fetchpriority=\"high\" class=\"wp-image-957 avia-img-lazy-loading-not-957\"   src=\"https:\/\/plas.co\/wp-content\/uploads\/2023\/02\/plastic-mold-maker-495x400.jpg\" width=\"495\" height=\"400\"  title='plasti\u0307k kalip \u00fcreti\u0307ci\u0307si\u0307' alt='plasti\u0307k kalip \u00fcreti\u0307ci\u0307si\u0307' \/><div class='big-prev-fake'><img decoding=\"async\" loading=\"lazy\" class=\"wp-image-957 avia-img-lazy-loading-957\"  width=\"495\" height=\"400\" src=\"https:\/\/plas.co\/wp-content\/uploads\/2023\/02\/plastic-mold-maker-495x400.jpg\" title='plasti\u0307k kalip \u00fcreti\u0307ci\u0307si\u0307' alt='plasti\u0307k kalip \u00fcreti\u0307ci\u0307si\u0307' \/><\/div><\/a><a href=\"https:\/\/plas.co\/wp-content\/uploads\/2023\/02\/Plastic-molding-company.jpg\" data-srcset=\"https:\/\/plas.co\/wp-content\/uploads\/2023\/02\/Plastic-molding-company.jpg 333w, https:\/\/plas.co\/wp-content\/uploads\/2023\/02\/Plastic-molding-company-300x225.jpg 300w\" data-sizes=\"(max-width: 333px) 100vw, 333px\" data-rel='gallery-1' data-prev-img='https:\/\/plas.co\/wp-content\/uploads\/2023\/02\/Plastic-molding-company.jpg' class='first_thumb lightbox' data-onclick='5' title='kal\u0131p \u00fcreticisi'  itemprop=\"thumbnailUrl\"  ><img decoding=\"async\" fetchpriority=\"high\" class=\"wp-image-959 avia-img-lazy-loading-not-959\"   src=\"https:\/\/plas.co\/wp-content\/uploads\/2023\/02\/Plastic-molding-company.jpg\" width=\"333\" height=\"250\"  title='kal\u0131p \u00fcreticisi' alt='kal\u0131p \u00fcreticisi' srcset=\"https:\/\/plas.co\/wp-content\/uploads\/2023\/02\/Plastic-molding-company.jpg 333w, https:\/\/plas.co\/wp-content\/uploads\/2023\/02\/Plastic-molding-company-300x225.jpg 300w\" sizes=\"(max-width: 333px) 100vw, 333px\" \/><div class='big-prev-fake'><img decoding=\"async\" loading=\"lazy\" class=\"wp-image-959 avia-img-lazy-loading-959\"  width=\"333\" height=\"250\" src=\"https:\/\/plas.co\/wp-content\/uploads\/2023\/02\/Plastic-molding-company.jpg\" title='kal\u0131p \u00fcreticisi' alt='kal\u0131p \u00fcreticisi' srcset=\"https:\/\/plas.co\/wp-content\/uploads\/2023\/02\/Plastic-molding-company.jpg 333w, https:\/\/plas.co\/wp-content\/uploads\/2023\/02\/Plastic-molding-company-300x225.jpg 300w\" sizes=\"auto, (max-width: 333px) 100vw, 333px\" \/><\/div><\/a><a href=\"https:\/\/plas.co\/wp-content\/uploads\/2023\/02\/plastic-mould-company.jpg\" data-srcset=\"https:\/\/plas.co\/wp-content\/uploads\/2023\/02\/plastic-mould-company.jpg 640w, https:\/\/plas.co\/wp-content\/uploads\/2023\/02\/plastic-mould-company-300x225.jpg 300w\" data-sizes=\"(max-width: 640px) 100vw, 640px\" data-rel='gallery-1' data-prev-img='https:\/\/plas.co\/wp-content\/uploads\/2023\/02\/plastic-mould-company-495x400.jpg' class='lightbox' data-onclick='6' title='plasti\u0307k kalip \u00fcreti\u0307ci\u0307si\u0307'  itemprop=\"thumbnailUrl\"  ><img decoding=\"async\" fetchpriority=\"high\" class=\"wp-image-960 avia-img-lazy-loading-not-960\"   src=\"https:\/\/plas.co\/wp-content\/uploads\/2023\/02\/plastic-mould-company-495x400.jpg\" width=\"495\" height=\"400\"  title='plasti\u0307k kalip \u00fcreti\u0307ci\u0307si\u0307' alt='plasti\u0307k kalip \u00fcreti\u0307ci\u0307si\u0307' \/><div class='big-prev-fake'><img decoding=\"async\" loading=\"lazy\" class=\"wp-image-960 avia-img-lazy-loading-960\"  width=\"495\" height=\"400\" src=\"https:\/\/plas.co\/wp-content\/uploads\/2023\/02\/plastic-mould-company-495x400.jpg\" title='plasti\u0307k kalip \u00fcreti\u0307ci\u0307si\u0307' alt='plasti\u0307k kalip \u00fcreti\u0307ci\u0307si\u0307' \/><\/div><\/a><a href=\"https:\/\/plas.co\/wp-content\/uploads\/2023\/02\/Plastic-mould-factory.jpg\" data-srcset=\"https:\/\/plas.co\/wp-content\/uploads\/2023\/02\/Plastic-mould-factory.jpg 640w, https:\/\/plas.co\/wp-content\/uploads\/2023\/02\/Plastic-mould-factory-300x225.jpg 300w\" data-sizes=\"(max-width: 640px) 100vw, 640px\" data-rel='gallery-1' data-prev-img='https:\/\/plas.co\/wp-content\/uploads\/2023\/02\/Plastic-mould-factory-495x400.jpg' class='lightbox' data-onclick='7' title='Plastik kal\u0131p fabrikas\u0131'  itemprop=\"thumbnailUrl\"  ><img decoding=\"async\" fetchpriority=\"high\" class=\"wp-image-961 avia-img-lazy-loading-not-961\"   src=\"https:\/\/plas.co\/wp-content\/uploads\/2023\/02\/Plastic-mould-factory-495x400.jpg\" width=\"495\" height=\"400\"  title='Plastik kal\u0131p fabrikas\u0131' alt='Plastik kal\u0131p fabrikas\u0131' \/><div class='big-prev-fake'><img decoding=\"async\" loading=\"lazy\" class=\"wp-image-961 avia-img-lazy-loading-961\"  width=\"495\" height=\"400\" src=\"https:\/\/plas.co\/wp-content\/uploads\/2023\/02\/Plastic-mould-factory-495x400.jpg\" title='Plastik kal\u0131p fabrikas\u0131' alt='Plastik kal\u0131p fabrikas\u0131' \/><\/div><\/a><a href=\"https:\/\/plas.co\/wp-content\/uploads\/2023\/02\/Plastic-Tooling-Company.jpg\" data-srcset=\"https:\/\/plas.co\/wp-content\/uploads\/2023\/02\/Plastic-Tooling-Company.jpg 400w, https:\/\/plas.co\/wp-content\/uploads\/2023\/02\/Plastic-Tooling-Company-300x225.jpg 300w\" data-sizes=\"(max-width: 400px) 100vw, 400px\" data-rel='gallery-1' data-prev-img='https:\/\/plas.co\/wp-content\/uploads\/2023\/02\/Plastic-Tooling-Company.jpg' class='lightbox' data-onclick='8' title='Plastik Kal\u0131p \u015eirketi'  itemprop=\"thumbnailUrl\"  ><img decoding=\"async\" fetchpriority=\"high\" class=\"wp-image-962 avia-img-lazy-loading-not-962\"   src=\"https:\/\/plas.co\/wp-content\/uploads\/2023\/02\/Plastic-Tooling-Company.jpg\" width=\"400\" height=\"300\"  title='Plastik Kal\u0131p \u015eirketi' alt='Plastik Kal\u0131p \u015eirketi' srcset=\"https:\/\/plas.co\/wp-content\/uploads\/2023\/02\/Plastic-Tooling-Company.jpg 400w, https:\/\/plas.co\/wp-content\/uploads\/2023\/02\/Plastic-Tooling-Company-300x225.jpg 300w\" sizes=\"(max-width: 400px) 100vw, 400px\" \/><div class='big-prev-fake'><img decoding=\"async\" loading=\"lazy\" class=\"wp-image-962 avia-img-lazy-loading-962\"  width=\"400\" height=\"300\" src=\"https:\/\/plas.co\/wp-content\/uploads\/2023\/02\/Plastic-Tooling-Company.jpg\" title='Plastik Kal\u0131p \u015eirketi' alt='Plastik Kal\u0131p \u015eirketi' srcset=\"https:\/\/plas.co\/wp-content\/uploads\/2023\/02\/Plastic-Tooling-Company.jpg 400w, https:\/\/plas.co\/wp-content\/uploads\/2023\/02\/Plastic-Tooling-Company-300x225.jpg 300w\" sizes=\"auto, (max-width: 400px) 100vw, 400px\" \/><\/div><\/a><\/div><\/div>\n<section  class='av_textblock_section av-lel43s1p-f288656d2c750791ef65020e352a8c30'   itemscope=\"itemscope\" itemtype=\"https:\/\/schema.org\/CreativeWork\" ><div class='avia_textblock'  itemprop=\"text\" ><div id=\"ez-toc-container\" class=\"ez-toc-v2_0_82_2 counter-hierarchy ez-toc-counter ez-toc-grey ez-toc-container-direction\">\n<div class=\"ez-toc-title-container\">\n<p class=\"ez-toc-title\" style=\"cursor:inherit\">\u0130\u00e7indekiler<\/p>\n<span class=\"ez-toc-title-toggle\"><a href=\"#\" class=\"ez-toc-pull-right ez-toc-btn ez-toc-btn-xs ez-toc-btn-default ez-toc-toggle\" aria-label=\"\u0130\u00e7indekiler Tablosunu A\u00e7\/Kapat\"><span class=\"ez-toc-js-icon-con\"><span class=\"\"><span class=\"eztoc-hide\" style=\"display:none;\">Ge\u00e7i\u015f<\/span><span class=\"ez-toc-icon-toggle-span\"><svg style=\"fill: #999;color:#999\" xmlns=\"http:\/\/www.w3.org\/2000\/svg\" class=\"list-377408\" width=\"20px\" height=\"20px\" viewbox=\"0 0 24 24\" fill=\"none\"><path d=\"M6 6H4v2h2V6zm14 0H8v2h12V6zM4 11h2v2H4v-2zm16 0H8v2h12v-2zM4 16h2v2H4v-2zm16 0H8v2h12v-2z\" fill=\"currentColor\"><\/path><\/svg><svg style=\"fill: #999;color:#999\" class=\"arrow-unsorted-368013\" xmlns=\"http:\/\/www.w3.org\/2000\/svg\" width=\"10px\" height=\"10px\" viewbox=\"0 0 24 24\" version=\"1.2\" baseprofile=\"tiny\"><path d=\"M18.2 9.3l-6.2-6.3-6.2 6.3c-.2.2-.3.4-.3.7s.1.5.3.7c.2.2.4.3.7.3h11c.3 0 .5-.1.7-.3.2-.2.3-.5.3-.7s-.1-.5-.3-.7zM5.8 14.7l6.2 6.3 6.2-6.3c.2-.2.3-.5.3-.7s-.1-.5-.3-.7c-.2-.2-.4-.3-.7-.3h-11c-.3 0-.5.1-.7.3-.2.2-.3.5-.3.7s.1.5.3.7z\"\/><\/svg><\/span><\/span><\/span><\/a><\/span><\/div>\n<nav><ul class='ez-toc-list ez-toc-list-level-1' ><li class='ez-toc-page-1 ez-toc-heading-level-2'><a class=\"ez-toc-link ez-toc-heading-1\" href=\"https:\/\/plas.co\/tr\/kalip-ureticileri\/#What_is_plastic_Injection_Mould\" >Plastik Enjeksiyon Kal\u0131b\u0131 Nedir<\/a><ul class='ez-toc-list-level-3' ><li class='ez-toc-heading-level-3'><a class=\"ez-toc-link ez-toc-heading-2\" href=\"https:\/\/plas.co\/tr\/kalip-ureticileri\/#What_are_the_best_plastic_injection_mould_manufacturers\" >En iyi plastik enjeksiyon kal\u0131p \u00fcreticileri hangileridir?<\/a><\/li><li class='ez-toc-page-1 ez-toc-heading-level-3'><a class=\"ez-toc-link ez-toc-heading-3\" href=\"https:\/\/plas.co\/tr\/kalip-ureticileri\/#Where_can_we_find_injection_molded_plastic_part_manufacturers\" >Enjeksiyon kal\u0131pl\u0131 plastik par\u00e7a \u00fcreticilerini nerede bulabiliriz?<\/a><\/li><li class='ez-toc-page-1 ez-toc-heading-level-3'><a class=\"ez-toc-link ez-toc-heading-4\" href=\"https:\/\/plas.co\/tr\/kalip-ureticileri\/#What_is_a_reasonable_cost_for_a_plastic_injection_moold\" >Plastik enjeksiyon kal\u0131b\u0131 i\u00e7in makul bir maliyet nedir?<\/a><\/li><\/ul><\/li><\/ul><\/nav><\/div>\n<h2><span class=\"ez-toc-section\" id=\"What_is_plastic_Injection_Mould\"><\/span>Plastik Enjeksiyon Kal\u0131b\u0131 Nedir<span class=\"ez-toc-section-end\"><\/span><\/h2>\n<p><a href=\"http:\/\/plas.co\/tr\/\">Plastik enjeksiyon kal\u0131b\u0131<\/a> enjeksiyon kal\u0131plama i\u015flemini kullanarak b\u00fcy\u00fck hacimlerde plastik par\u00e7alar \u00fcretmek i\u00e7in kullan\u0131lan bir alet veya kal\u0131pt\u0131r. Tipik olarak \u00e7elik veya al\u00fcminyumdan yap\u0131l\u0131r ve plastik par\u00e7a i\u00e7in belirli bir \u015fekil veya geometri olu\u015fturmak \u00fczere tasarlanm\u0131\u015ft\u0131r. Kal\u0131p <a href=\"https:\/\/www.plasticmold.net\/what-is-plastic-mold-technology\/\" target=\"_blank\" rel=\"noopener\">enjeksiyon kal\u0131b\u0131<\/a> bir kal\u0131p taban\u0131 veya plaka sistemi kullan\u0131larak a\u00e7\u0131l\u0131p kapanabilen iki yar\u0131 (sabitleme yar\u0131s\u0131 ve hareketli yar\u0131) ile olu\u015fturulur.<\/p>\n<p>Kal\u0131p ilk olarak UG, PRO\/e, SOLIDWORKS gibi bilgisayar destekli tasar\u0131m (CAD) yaz\u0131l\u0131mlar\u0131 kullan\u0131larak tasarlan\u0131r ve ard\u0131ndan CNC i\u015fleme, elektrik de\u015farjl\u0131 i\u015fleme (EDM) veya tel kesme gibi bilgisayar destekli \u00fcretim (CAM) teknikleri kullan\u0131larak olu\u015fturulur. Kal\u0131p tasar\u0131m\u0131 ve imalat s\u00fcreci karma\u015f\u0131k olabilir ve kal\u0131b\u0131n istenen \u00f6zellikleri kar\u015f\u0131layan y\u00fcksek kaliteli par\u00e7alar \u00fcretmesini sa\u011flamak i\u00e7in y\u00fcksek d\u00fczeyde uzmanl\u0131k ve hassasiyet gerektirir.<\/p>\n<p>Plastik enjeksiyon kal\u0131plar\u0131, k\u00fc\u00e7\u00fck ve basit par\u00e7alardan karma\u015f\u0131k geometrilere sahip b\u00fcy\u00fck ve karma\u015f\u0131k par\u00e7alara kadar \u00e7ok \u00e7e\u015fitli plastik par\u00e7alar \u00fcretmek i\u00e7in kullan\u0131labilir. Kal\u0131plar ayr\u0131ca termoplastikler, termosetler ve elastomerler dahil olmak \u00fczere \u00e7e\u015fitli malzemelerden par\u00e7alar \u00fcretmek i\u00e7in de kullan\u0131labilir.<\/p>\n<div id=\"attachment_701\" style=\"width: 410px\" class=\"wp-caption alignright\"><a href=\"http:\/\/plas.co\/wp-content\/uploads\/2020\/01\/plastic-injection-mold.jpg\"><img decoding=\"async\" aria-describedby=\"caption-attachment-701\" class=\"wp-image-701 size-full\" src=\"http:\/\/plas.co\/wp-content\/uploads\/2020\/01\/plastic-injection-mold.jpg\" alt=\"kal\u0131p \u00fcreticileri\" width=\"400\" height=\"300\" srcset=\"https:\/\/plas.co\/wp-content\/uploads\/2020\/01\/plastic-injection-mold.jpg 400w, https:\/\/plas.co\/wp-content\/uploads\/2020\/01\/plastic-injection-mold-300x225.jpg 300w\" sizes=\"(max-width: 400px) 100vw, 400px\" \/><\/a><p id=\"caption-attachment-701\" class=\"wp-caption-text\">kal\u0131p \u00fcreticileri<\/p><\/div>\n<h3><span class=\"ez-toc-section\" id=\"What_are_the_best_plastic_injection_mould_manufacturers\"><\/span>En iyi plastik enjeksiyon kal\u0131p \u00fcreticileri hangileridir?<span class=\"ez-toc-section-end\"><\/span><\/h3>\n<p>Bir se\u00e7im yaparken <em>plasti\u0307k enjeksi\u0307yon kalip \u00fcreti\u0307ci\u0307si\u0307<\/em>Deneyim, uzmanl\u0131k, \u00fcretim kabiliyetleri, kalite kontrol \u00f6nlemleri ve m\u00fc\u015fteri hizmetleri gibi fakt\u00f6rleri g\u00f6z \u00f6n\u00fcnde bulundurmak \u00f6nemlidir. Ayr\u0131ca co\u011frafi konumlar\u0131n\u0131, fiyatland\u0131rmalar\u0131n\u0131 ve teslim s\u00fcrelerini de dikkate almak isteyebilirsiniz.<\/p>\n<p>\u00d6zel ihtiya\u00e7lar\u0131n\u0131za y\u00f6nelik do\u011fru plastik enjeksiyon kal\u0131b\u0131 \u00fcreticilerini bulmak i\u00e7in \u00e7evrimi\u00e7i ara\u015ft\u0131rma yapmak, sekt\u00f6rdeki meslekta\u015flar\u0131n\u0131zdan tavsiye istemek veya potansiyel tedarik\u00e7ilerle ba\u011flant\u0131 kurmak i\u00e7in ticari fuarlara ve konferanslara kat\u0131lmak isteyebilirsiniz. Kal\u0131p \u00fcreticisinin m\u00fcmk\u00fcn olan en iyi sonu\u00e7lar\u0131 sunabilmesini sa\u011flamak i\u00e7in proje gereksinimlerinizi a\u00e7\u0131k ve kapsaml\u0131 bir \u015fekilde iletmeniz de \u00e7ok \u00f6nemlidir.<\/p>\n<h3><span class=\"ez-toc-section\" id=\"Where_can_we_find_injection_molded_plastic_part_manufacturers\"><\/span>Enjeksiyon kal\u0131pl\u0131 plastik par\u00e7a \u00fcreticilerini nerede bulabiliriz?<span class=\"ez-toc-section-end\"><\/span><\/h3>\n<p>Plastik kal\u0131pl\u0131 par\u00e7alara ihtiya\u00e7 duyan bir projeniz oldu\u011funda, ilk \u015fey bunu sizin i\u00e7in yapacak kal\u0131p \u00fcreticileri bulmakt\u0131r, \u00c7in projeniz i\u00e7in bir numaral\u0131 yer olacakt\u0131r, ancak \u00c7in'de plastik kal\u0131p \u00fcreticisini nas\u0131l bulaca\u011f\u0131n\u0131z sizin endi\u015feniz olacakt\u0131r, a\u015fa\u011f\u0131da bulman\u0131n birka\u00e7 yolu vard\u0131r <em>enjeksiyon kal\u0131pl\u0131 plastik par\u00e7a \u00fcreticileri<\/em>:<\/p>\n<ol>\n<li>\u00c7evrimi\u00e7i dizinler: Alibaba gibi plastik enjeksiyon kal\u0131plama \u00fcreticilerini listeleyen bir\u00e7ok \u00e7evrimi\u00e7i dizin vard\u0131r. Bu dizinler, konuma, sekt\u00f6re veya di\u011fer kriterlere g\u00f6re \u00fcreticileri araman\u0131za izin verir, ancak iyi kal\u0131p \u015firketi oldu\u011funu do\u011frulamak i\u00e7in s\u0131cak m\u0131? Daha dikkatli kontrol etmeniz gerekir, \u00e7\u00fcnk\u00fc bu platformda daha karma\u015f\u0131kt\u0131r.<\/li>\n<li>Ticari fuarlar ve konferanslar: End\u00fcstri fuarlar\u0131na ve konferanslar\u0131na kat\u0131lmak, plastik enjeksiyon kal\u0131plama \u00fcreticileriyle ba\u011flant\u0131 kurmak ve onlar\u0131n yetenekleri ve hizmetleri hakk\u0131nda daha fazla bilgi edinmek i\u00e7in m\u00fckemmel bir yol olabilir.<\/li>\n<li>Y\u00f6nlendirmeler ve tavsiyeler: Meslekta\u015flar\u0131n\u0131zdan veya sekt\u00f6rdeki tan\u0131d\u0131klar\u0131n\u0131zdan ge\u00e7mi\u015fte birlikte \u00e7al\u0131\u015ft\u0131klar\u0131 ve g\u00fcvendikleri enjeksiyon kal\u0131plama \u00fcreticileri hakk\u0131nda tavsiyeler isteyin.<\/li>\n<li>Yerel kaynaklar: B\u00f6lgenizdeki plastik enjeksiyon kal\u0131plama \u00fcreticilerinin bir listesine sahip olup olmad\u0131klar\u0131n\u0131 g\u00f6rmek i\u00e7in yerel i\u015f derneklerine veya end\u00fcstri gruplar\u0131na dan\u0131\u015f\u0131n.<\/li>\n<li>Arama motorlar\u0131: Potansiyel \u00fcreticilerin bir listesini bulmak i\u00e7in \"enjeksiyon kal\u0131plama \u00fcreticileri\" veya benzer anahtar kelimeler i\u00e7in bir arama motoru ara\u015ft\u0131rmas\u0131 yap\u0131n <a href=\"http:\/\/plas.co\/tr\/\">kal\u0131p tedarik\u00e7ileri<\/a>.<\/li>\n<\/ol>\n<h3><span class=\"ez-toc-section\" id=\"What_is_a_reasonable_cost_for_a_plastic_injection_moold\"><\/span>Plastik enjeksiyon kal\u0131b\u0131 i\u00e7in makul bir maliyet nedir?<span class=\"ez-toc-section-end\"><\/span><\/h3>\n<p>Bir plastik enjeksiyon kal\u0131b\u0131n\u0131n maliyeti, par\u00e7an\u0131n karma\u015f\u0131kl\u0131\u011f\u0131, kal\u0131b\u0131n boyutu, kullan\u0131lan malzeme ve \u00fcretim hacmi gibi fakt\u00f6rlere ba\u011fl\u0131 olarak b\u00fcy\u00fck \u00f6l\u00e7\u00fcde de\u011fi\u015febilir. Genel olarak, basit geometrilere ve daha d\u00fc\u015f\u00fck \u00fcretim hacimlerine sahip daha k\u00fc\u00e7\u00fck par\u00e7alar i\u00e7in kal\u0131plar, daha y\u00fcksek \u00fcretim hacimlerine sahip daha b\u00fcy\u00fck, daha karma\u015f\u0131k par\u00e7alar i\u00e7in kal\u0131plardan daha ucuz olacakt\u0131r.<\/p>\n<p>K\u00fc\u00e7\u00fck bir plastik par\u00e7a i\u00e7in basit bir enjeksiyon kal\u0131b\u0131 birka\u00e7 bin dolardan on binlerce dolara kadar herhangi bir yere mal olabilirken, karma\u015f\u0131k geometrilere sahip b\u00fcy\u00fck bir par\u00e7a i\u00e7in daha karma\u015f\u0131k bir kal\u0131p $100.000 veya daha fazlas\u0131na mal olabilir.<\/p>\n<p>Kal\u0131p maliyetinin plastik par\u00e7an\u0131n toplam maliyetinde sadece bir fakt\u00f6r oldu\u011funu ak\u0131lda tutmak \u00f6nemlidir. Dikkate al\u0131nmas\u0131 gereken di\u011fer maliyetler aras\u0131nda malzeme maliyetleri, i\u015f\u00e7ilik maliyetleri ve genel giderler yer al\u0131r. Ayr\u0131ca, sayg\u0131n ve deneyimli bir kal\u0131p\u00e7\u0131 se\u00e7mek de \u00f6nemlidir. <em>kal\u0131p \u00fcreticisi<\/em> spesifikasyonlar\u0131n\u0131z\u0131 kar\u015f\u0131layan y\u00fcksek kaliteli bir kal\u0131p sunabilen bir \u015firket.<\/p>\n<p>Desteklemek i\u00e7in \u00c7in plastik kal\u0131p \u015firketine ihtiya\u00e7 duyan bir projeniz varsa, ileti\u015fime ge\u00e7mekten memnuniyet duyar\u0131z, par\u00e7a boyutuna ve \u00f6zelliklerine ba\u011fl\u0131 olarak size en iyi fiyat\u0131, $500'e kadar d\u00fc\u015f\u00fck kal\u0131p fiyat\u0131n\u0131 sunaca\u011f\u0131z.<\/p>\n<p>Sincere Tech plastik kal\u0131p \u00fcreticisi, kal\u0131p geli\u015ftirme, yap\u0131m ve enjeksiyon konular\u0131nda her zaman profesyonel teknoloji ve iyi ekipmanla m\u00fc\u015fterileri memnun etmekte \u0131srar etmi\u015ftir. Kal\u0131p teknolojisi, \u00fcretimi ve kalitesini de sa\u011flamak i\u00e7in CAD \/ CAE \/ CAM sistemi, \u00fc\u00e7 boyutlu \u00f6l\u00e7\u00fcm makinesi, y\u00fcksek h\u0131zl\u0131 frezeleme, CNC i\u015fleme merkezi, CNC elektrik k\u0131v\u0131lc\u0131m\u0131 i\u00e7eren yurtd\u0131\u015f\u0131ndan geli\u015fmi\u015f i\u015fleme ekipmanlar\u0131n\u0131 tan\u0131tt\u0131k. K\u00fc\u00e7\u00fck hassas kal\u0131plardan b\u00fcy\u00fck otomobil par\u00e7alar\u0131 kal\u0131plar\u0131na, b\u00fcy\u00fck konteyner kal\u0131plar\u0131na kadar \u00fcretim yapabiliyoruz.<\/p>\n<p>Sincere Tech'de \u00fcr\u00fcn\u00fcn\u00fcz, maliyetleri azaltacak ve \u00fcr\u00fcnlerinizin en k\u0131sa s\u00fcrede piyasaya \u00e7\u0131kmas\u0131n\u0131 sa\u011flayacak etkili bir proje y\u00f6netiminden ge\u00e7ecektir.<\/p>\n<\/div><\/section>","protected":false},"excerpt":{"rendered":"","protected":false},"author":1,"featured_media":603,"parent":0,"menu_order":0,"comment_status":"open","ping_status":"open","template":"","meta":{"footnotes":""},"class_list":["post-125","page","type-page","status-publish","has-post-thumbnail","hentry"],"_links":{"self":[{"href":"https:\/\/plas.co\/tr\/wp-json\/wp\/v2\/pages\/125","targetHints":{"allow":["GET"]}}],"collection":[{"href":"https:\/\/plas.co\/tr\/wp-json\/wp\/v2\/pages"}],"about":[{"href":"https:\/\/plas.co\/tr\/wp-json\/wp\/v2\/types\/page"}],"author":[{"embeddable":true,"href":"https:\/\/plas.co\/tr\/wp-json\/wp\/v2\/users\/1"}],"replies":[{"embeddable":true,"href":"https:\/\/plas.co\/tr\/wp-json\/wp\/v2\/comments?post=125"}],"version-history":[{"count":0,"href":"https:\/\/plas.co\/tr\/wp-json\/wp\/v2\/pages\/125\/revisions"}],"wp:featuredmedia":[{"embeddable":true,"href":"https:\/\/plas.co\/tr\/wp-json\/wp\/v2\/media\/603"}],"wp:attachment":[{"href":"https:\/\/plas.co\/tr\/wp-json\/wp\/v2\/media?parent=125"}],"curies":[{"name":"wp","href":"https:\/\/api.w.org\/{rel}","templated":true}]}}