{"id":146,"date":"2014-09-20T19:04:21","date_gmt":"2014-09-20T11:04:21","guid":{"rendered":"http:\/\/andy-mold.com\/?page_id=146"},"modified":"2016-02-14T14:13:57","modified_gmt":"2016-02-14T06:13:57","slug":"proje-yonetimi","status":"publish","type":"page","link":"https:\/\/plas.co\/tr\/muhendislik\/proje-yonetimi\/","title":{"rendered":"Proje y\u00f6netimi"},"content":{"rendered":"<p>Plastik enjeksiyon kal\u0131p projeleri y\u00f6netimi, Andy Mould'un bir proje m\u00fchendisli\u011fi ekibine sahiptir. Bu ekip, sadece plastikte de\u011fil, ayn\u0131 zamanda metal ve elektronikte de \u00e7oklu teknoloji ge\u00e7mi\u015fine sahiptir. Her proje, t\u00fcm geli\u015ftirme s\u00fcreci boyunca proje geli\u015ftirme, m\u00fc\u015fteri teknik deste\u011fi, kalite kontrol, departmanlar aras\u0131 koordinasyon ekip lideri olarak y\u00fcr\u00fctecek deneyimli bir proje m\u00fchendisi taraf\u0131ndan takip edilecektir.<br \/>\n<b>\u00c7al\u0131\u015fma rutini<\/b><br \/>\nM\u00fc\u015fteriye haftal\u0131k g\u00fcncelleme<br \/>\nAra\u00e7 olu\u015fturma kilometre ta\u015flar\u0131n\u0131n tutarl\u0131 takibi<br \/>\nHerhangi bir sorun i\u00e7in g\u00fcnl\u00fck ileti\u015fim<br \/>\nProjeyi seri \u00fcretim veya ara\u00e7 teslimat\u0131 ile kapat\u0131n<\/p>\n<p>Bu \u00fc\u00e7 a\u015famada m\u00fc\u015fterimizin yaz\u0131l\u0131 onay\u0131 gerekmektedir:<br \/>\nKal\u0131p tasar\u0131m onay\u0131<br \/>\n\u00d6rnek onay<br \/>\nKal\u0131p teslimi ve onay\u0131<\/p>\n<p><b>Sat\u0131\u015f sonras\u0131<\/b><br \/>\nSat\u0131\u015f sonras\u0131 yedek par\u00e7a temin edilebilir<br \/>\nM\u00fc\u015fteri ihtiya\u00e7 duyarsa m\u00fchendislik \u00f6nerileri mevcuttur<\/p>","protected":false},"excerpt":{"rendered":"<p>Plastic injection mould projects management, Andy Mould has a project engineering team. This team has multi-backgrounds of technologies, not only in plastic, but also metal and electronics. Each project will be followed by a experienced project engineer, who will conduct as the team leader of project development, customer technical support, quality control, cross-department coordinate during [&hellip;]<\/p>\n","protected":false},"author":1,"featured_media":0,"parent":22,"menu_order":0,"comment_status":"open","ping_status":"open","template":"","meta":{"footnotes":""},"class_list":["post-146","page","type-page","status-publish","hentry"],"_links":{"self":[{"href":"https:\/\/plas.co\/tr\/wp-json\/wp\/v2\/pages\/146","targetHints":{"allow":["GET"]}}],"collection":[{"href":"https:\/\/plas.co\/tr\/wp-json\/wp\/v2\/pages"}],"about":[{"href":"https:\/\/plas.co\/tr\/wp-json\/wp\/v2\/types\/page"}],"author":[{"embeddable":true,"href":"https:\/\/plas.co\/tr\/wp-json\/wp\/v2\/users\/1"}],"replies":[{"embeddable":true,"href":"https:\/\/plas.co\/tr\/wp-json\/wp\/v2\/comments?post=146"}],"version-history":[{"count":0,"href":"https:\/\/plas.co\/tr\/wp-json\/wp\/v2\/pages\/146\/revisions"}],"up":[{"embeddable":true,"href":"https:\/\/plas.co\/tr\/wp-json\/wp\/v2\/pages\/22"}],"wp:attachment":[{"href":"https:\/\/plas.co\/tr\/wp-json\/wp\/v2\/media?parent=146"}],"curies":[{"name":"wp","href":"https:\/\/api.w.org\/{rel}","templated":true}]}}