{"id":15,"date":"2014-09-20T14:09:15","date_gmt":"2014-09-20T06:09:15","guid":{"rendered":"http:\/\/andy-mold.com\/?page_id=15"},"modified":"2024-03-23T23:37:06","modified_gmt":"2024-03-23T15:37:06","slug":"sirket","status":"publish","type":"page","link":"https:\/\/plas.co\/tr\/sirket\/","title":{"rendered":"Hakk\u0131m\u0131zda"},"content":{"rendered":"<section  class='av_textblock_section av-lehbcujc-e36697ed1bea52a8cb8c1afa77e72bd4'   itemscope=\"itemscope\" itemtype=\"https:\/\/schema.org\/CreativeWork\" ><div class='avia_textblock'  itemprop=\"text\" ><div id=\"ez-toc-container\" class=\"ez-toc-v2_0_82_2 counter-hierarchy ez-toc-counter ez-toc-grey ez-toc-container-direction\">\n<div class=\"ez-toc-title-container\">\n<p class=\"ez-toc-title\" style=\"cursor:inherit\">\u0130\u00e7indekiler<\/p>\n<span class=\"ez-toc-title-toggle\"><a href=\"#\" class=\"ez-toc-pull-right ez-toc-btn ez-toc-btn-xs ez-toc-btn-default ez-toc-toggle\" aria-label=\"\u0130\u00e7indekiler Tablosunu A\u00e7\/Kapat\"><span class=\"ez-toc-js-icon-con\"><span class=\"\"><span class=\"eztoc-hide\" style=\"display:none;\">Ge\u00e7i\u015f<\/span><span class=\"ez-toc-icon-toggle-span\"><svg style=\"fill: #999;color:#999\" xmlns=\"http:\/\/www.w3.org\/2000\/svg\" class=\"list-377408\" width=\"20px\" height=\"20px\" viewbox=\"0 0 24 24\" fill=\"none\"><path d=\"M6 6H4v2h2V6zm14 0H8v2h12V6zM4 11h2v2H4v-2zm16 0H8v2h12v-2zM4 16h2v2H4v-2zm16 0H8v2h12v-2z\" fill=\"currentColor\"><\/path><\/svg><svg style=\"fill: #999;color:#999\" class=\"arrow-unsorted-368013\" xmlns=\"http:\/\/www.w3.org\/2000\/svg\" width=\"10px\" height=\"10px\" viewbox=\"0 0 24 24\" version=\"1.2\" baseprofile=\"tiny\"><path d=\"M18.2 9.3l-6.2-6.3-6.2 6.3c-.2.2-.3.4-.3.7s.1.5.3.7c.2.2.4.3.7.3h11c.3 0 .5-.1.7-.3.2-.2.3-.5.3-.7s-.1-.5-.3-.7zM5.8 14.7l6.2 6.3 6.2-6.3c.2-.2.3-.5.3-.7s-.1-.5-.3-.7c-.2-.2-.4-.3-.7-.3h-11c-.3 0-.5.1-.7.3-.2.2-.3.5-.3.7s.1.5.3.7z\"\/><\/svg><\/span><\/span><\/span><\/a><\/span><\/div>\n<nav><ul class='ez-toc-list ez-toc-list-level-1' ><li class='ez-toc-page-1 ez-toc-heading-level-2'><a class=\"ez-toc-link ez-toc-heading-1\" href=\"https:\/\/plas.co\/tr\/sirket\/#Plastic_Mold_Company_In_China_All_in_one_service\" >\u00c7in'de Plastik Kal\u0131p \u015eirketi: Hepsi bir arada hizmet<\/a><ul class='ez-toc-list-level-3' ><li class='ez-toc-heading-level-3'><a class=\"ez-toc-link ez-toc-heading-2\" href=\"https:\/\/plas.co\/tr\/sirket\/#Our_plastic_mold_company_services_include\" >Plastik kal\u0131p firmas\u0131 hizmetlerimiz aras\u0131nda:<\/a><ul class='ez-toc-list-level-4' ><li class='ez-toc-heading-level-4'><a class=\"ez-toc-link ez-toc-heading-3\" href=\"https:\/\/plas.co\/tr\/sirket\/#Our_product_development_services_include\" >\u00dcr\u00fcn geli\u015ftirme hizmetlerimiz \u015funlar\u0131 i\u00e7erir:<\/a><\/li><\/ul><\/li><li class='ez-toc-page-1 ez-toc-heading-level-3'><a class=\"ez-toc-link ez-toc-heading-4\" href=\"https:\/\/plas.co\/tr\/sirket\/#We_supply_the_following_for_the_final_stage_of_assembly\" >Montaj\u0131n son a\u015famas\u0131 i\u00e7in a\u015fa\u011f\u0131dakileri tedarik ediyoruz:<\/a><\/li><\/ul><\/li><\/ul><\/nav><\/div>\n<h2><span class=\"ez-toc-section\" id=\"Plastic_Mold_Company_In_China_All_in_one_service\"><\/span>\u00c7in'de Plastik Kal\u0131p \u015eirketi: Hepsi bir arada hizmet<span class=\"ez-toc-section-end\"><\/span><\/h2>\n<p>\u00c7in'in Plas.co (Sincere Tech) \u015firketi m\u00fckemmel plastik kal\u0131plar \u00fcretmektedir. \u00d6zel kal\u0131p yap\u0131m\u0131, enjeksiyon kal\u0131plama, par\u00e7a tasar\u0131m\u0131, prototipleme, test etme, d\u00f6k\u00fcm, i\u015fleme, silikon kal\u0131plama, montaj ve daha fazlas\u0131n\u0131 sa\u011flarlar. Sizi bekliyoruz.<\/p>\n<p>Plas.co plastik kal\u0131p \u015firketi kalitesi, yenili\u011fi ve m\u00fc\u015fteri memnuniyeti ile gurur duymaktad\u0131r. Yetenekli m\u00fchendislerimiz ve teknisyenlerimiz, her projenin m\u00fc\u015fteri beklentilerini kar\u015f\u0131lamas\u0131n\u0131 veya a\u015fmas\u0131n\u0131 sa\u011flamak i\u00e7in en son teknolojileri ve y\u00f6ntemleri kullan\u0131r.<\/p>\n<p>Y\u00fcksek kaliteli plastik enjeksiyon kal\u0131plar\u0131, kal\u0131p d\u00f6k\u00fcm kal\u0131plar\u0131 ve silikon kal\u0131plama par\u00e7alar\u0131 tasarl\u0131yor ve \u00fcretiyoruz, ancak ayn\u0131 zamanda montaj da sunuyoruz. Konseptten teslimata kadar yard\u0131mc\u0131 olabiliriz. Buna prototipleme, test, yeniden prototipleme, PCB montaj\u0131, kablo kayna\u011f\u0131, denetim, \u00fcretim ve test dahildir.<\/p>\n<h3><span class=\"ez-toc-section\" id=\"Our_plastic_mold_company_services_include\"><\/span><span lang=\"EN-US\">Plastik kal\u0131p firmas\u0131 hizmetlerimiz aras\u0131nda:<\/span><span class=\"ez-toc-section-end\"><\/span><\/h3>\n<p>\u0130ster enjeksiyon kal\u0131plama, ister kal\u0131p d\u00f6k\u00fcm veya silikon kal\u0131plama i\u00e7in bir kal\u0131ba ihtiyac\u0131n\u0131z olsun, kal\u0131p imalat \u015firketimiz sizi teminat alt\u0131na al\u0131r. \u015eirketimiz kapsaml\u0131 kal\u0131p yap\u0131m hizmetleri sunmaktad\u0131r. Kal\u0131plar, en son \u00fcretim teknikleri kullan\u0131larak tam spesifikasyonlar\u0131n\u0131za g\u00f6re \u00f6zel olarak \u00fcretilebilir, b\u00f6ylece projenizin en y\u00fcksek kalitede olaca\u011f\u0131ndan emin olabilirsiniz.<\/p>\n<p>Enjeksiyon Kal\u0131pl\u0131 Bile\u015fenler: Bir\u00e7ok farkl\u0131 sekt\u00f6r i\u00e7in y\u00fcksek kaliteli, \u00f6zel kal\u0131planm\u0131\u015f plastik bile\u015fenlerin \u00fcretiminde end\u00fcstri lideriyiz. Beyin f\u0131rt\u0131nas\u0131ndan teslimata kadar t\u00fcm s\u00fcre\u00e7 boyunca yan\u0131n\u0131zda olacak uzman teknisyen ve m\u00fchendis ekibimize g\u00fcvenebilirsiniz.<\/p>\n<p>\u015eirketimiz, kal\u0131p tasar\u0131m\u0131ndan ba\u015flay\u0131p \u00fcretim, son i\u015flem ve \u00f6tesine kadar devam eden bireyselle\u015ftirilmi\u015f bas\u0131n\u00e7l\u0131 d\u00f6k\u00fcm hizmetleri sunmaktad\u0131r. Projenizin en y\u00fcksek standartlar\u0131 kar\u015f\u0131lamas\u0131n\u0131 sa\u011flamak i\u00e7in en son teknoloji ve y\u00f6ntemleri kullan\u0131yor, m\u00fc\u015fterilerimize en iyi hizmeti ve kaliteyi sunmaya olan ba\u011fl\u0131l\u0131\u011f\u0131m\u0131z\u0131 yans\u0131t\u0131yoruz.<\/p>\n<p>Son teknoloji frezeleme ve tornalama makinelerimiz, bir\u00e7ok farkl\u0131 i\u015fletme t\u00fcr\u00fc i\u00e7in hassas bile\u015fenler ve par\u00e7alar \u00fcretmek i\u00e7in m\u00fckemmeldir. En yeni ara\u00e7lar\u0131 ve teknikleri kullanarak her projeyi en y\u00fcksek kalitede tamaml\u0131yoruz. Bu, m\u00fc\u015fterilerimize en y\u00fcksek kalitede hizmet vermeye kendimizi adad\u0131\u011f\u0131m\u0131z\u0131 kan\u0131tl\u0131yor.<\/p>\n<p>Bir\u00e7ok farkl\u0131 sekt\u00f6r i\u00e7in y\u00fcksek kaliteli silikon kal\u0131plama bile\u015fenleri \u00fcreten uzman bir firmay\u0131z. Beyin f\u0131rt\u0131nas\u0131ndan teslimata kadar t\u00fcm s\u00fcre\u00e7 boyunca yan\u0131n\u0131zda olacak uzman teknisyen ve m\u00fchendis ekibimize g\u00fcvenebilirsiniz.<\/p>\n<p>Kal\u0131p \u00fcretimi, silikon kal\u0131plar, tala\u015fl\u0131 imalat, bas\u0131n\u00e7l\u0131 d\u00f6k\u00fcm, \u00fcr\u00fcn geli\u015ftirme ve son montaj, \u015firketimiz taraf\u0131ndan sunulan bir\u00e7ok imalat hizmetinden sadece birka\u00e7\u0131d\u0131r.<\/p>\n<p>Tasar\u0131mc\u0131 ve teknisyenlerden olu\u015fan profesyonel kadromuz, \u00fcr\u00fcn\u00fcn\u00fcz\u00fc ba\u015flang\u0131\u00e7tan tamamlanmas\u0131na kadar g\u00f6rebilir. En son teknoloji ve prosed\u00fcrleri kulland\u0131\u011f\u0131m\u0131z i\u00e7in, nihai \u00fcr\u00fcn\u00fcn her y\u00f6nden kusursuz olaca\u011f\u0131na inanabilirsiniz. Ve son olarak, taleplerini yerine getirmek i\u00e7in ba\u015ftan sona m\u00fc\u015fterilerimizle yak\u0131n bir \u015fekilde \u00e7al\u0131\u015f\u0131yoruz.<\/p>\n<h4><span class=\"ez-toc-section\" id=\"Our_product_development_services_include\"><\/span><span lang=\"EN-US\">\u00dcr\u00fcn geli\u015ftirme hizmetlerimiz \u015funlar\u0131 i\u00e7erir:<\/span><span class=\"ez-toc-section-end\"><\/span><\/h4>\n<p>Konsept ile Ba\u015fl\u0131yoruz: Kapsaml\u0131 tasar\u0131m hizmetlerimizle her t\u00fcrl\u00fc ihtiyac\u0131n\u0131z\u0131 kar\u015f\u0131layabilir ve hayallerinizi ger\u00e7e\u011fe d\u00f6n\u00fc\u015ft\u00fcrebiliriz.<\/p>\n<p>Prototipleme: Prototipleme hizmetlerimizle, \u00fcr\u00fcn\u00fcn\u00fcz piyasaya \u00e7\u0131kmadan \u00f6nce sular\u0131 test edebilirsiniz. Bunu yapmak, \u00fcr\u00fcn\u00fcn\u00fcz\u00fcn t\u00fcm ihtiya\u00e7lar\u0131n\u0131z\u0131 kar\u015f\u0131lad\u0131\u011f\u0131ndan emin olman\u0131za ve sorunlar\u0131n ortaya \u00e7\u0131kmas\u0131n\u0131 \u00f6nlemenize yard\u0131mc\u0131 olacakt\u0131r.<\/p>\n<p>Kal\u0131plama: Kal\u0131plama i\u00e7in \u00f6zel stratejiler sa\u011flayarak \u00fcr\u00fcn\u00fcn\u00fcz\u00fc b\u00fcy\u00fck \u00f6l\u00e7ekte \u00fcretmenize yard\u0131mc\u0131 olabiliriz. Bunu yapmak, \u00fcr\u00fcn\u00fcn\u00fcz\u00fcn en y\u00fcksek kalitede olmas\u0131n\u0131 ve \u00f6zenle el i\u015f\u00e7ili\u011fiyle \u00fcretilmesini sa\u011flar.<\/p>\n<p>\u00dcretim: Enjeksiyon kal\u0131plama, bas\u0131n\u00e7l\u0131 d\u00f6k\u00fcm, i\u015fleme ve silikon kal\u0131plama, \u00fcretim hizmetlerimizi olu\u015fturan bir\u00e7ok s\u00fcre\u00e7ten sadece birka\u00e7\u0131d\u0131r. Bu sayede size kapsaml\u0131 bir \u00fcretim \u00e7\u00f6z\u00fcm\u00fc sunabiliyoruz.<\/p>\n<h3><span class=\"ez-toc-section\" id=\"We_supply_the_following_for_the_final_stage_of_assembly\"><\/span>Montaj\u0131n son a\u015famas\u0131 i\u00e7in a\u015fa\u011f\u0131dakileri tedarik ediyoruz:<span class=\"ez-toc-section-end\"><\/span><\/h3>\n<p>Par\u00e7a Montaj\u0131: Bir b\u00fct\u00fcn olu\u015fturmak i\u00e7in bile\u015fenleri bir araya getirebiliriz. Her bile\u015fen ama\u00e7land\u0131\u011f\u0131 gibi \u00e7al\u0131\u015facak ve nihai sonucun umdu\u011funuzdan daha iyi olaca\u011f\u0131na s\u00f6z veriyoruz.<\/p>\n<p>Test: Bitmi\u015f \u00fcr\u00fcn\u00fcn\u00fcz\u00fc, standartlara uygun oldu\u011funu ve gereksinimlerinizi kar\u015f\u0131lad\u0131\u011f\u0131n\u0131 garanti etmek i\u00e7in test prosed\u00fcr\u00fcm\u00fczden ge\u00e7irebiliriz.<\/p>\n<p>Sertifika: CE, ETL veya FCC gibi uluslararas\u0131 sertifikasyon kurulu\u015flar\u0131n\u0131n gereksinimlerini kar\u015f\u0131layan elektronik \u00fcr\u00fcnler \u00fcretebiliriz.<\/p>\n<p>Paketleme: Bitmi\u015f \u00fcr\u00fcn\u00fcn\u00fcz\u00fc tam olarak istedi\u011finiz \u015fekilde paketleyebiliriz, b\u00f6ylece var\u0131\u015f yerine hasars\u0131z bir \u015fekilde ula\u015faca\u011f\u0131ndan emin olabilirsiniz.<\/p>\n<p>Plas.co'nun amac\u0131, m\u00fc\u015fterilerimize \u00fcr\u00fcn geli\u015ftirme ile ba\u015flay\u0131p son montaj ile biten kapsaml\u0131 hizmetler sunmakt\u0131r. Yakla\u015fan projenizde size nas\u0131l yard\u0131mc\u0131 olabilece\u011fimiz konusunda herhangi bir sorunuz varsa, l\u00fctfen gecikmeden bizimle ileti\u015fime ge\u00e7in.<\/p>\n<div id=\"attachment_394\" style=\"width: 4762px\" class=\"wp-caption aligncenter\"><a href=\"http:\/\/plas.co\/wp-content\/uploads\/2016\/02\/IMG_9539.jpg\"><img decoding=\"async\" aria-describedby=\"caption-attachment-394\" class=\"wp-image-394 size-full\" src=\"http:\/\/plas.co\/wp-content\/uploads\/2016\/02\/IMG_9539.jpg\" alt=\"plasti\u0307k kalip \u015fi\u0307rketi\u0307\" width=\"4752\" height=\"3168\" srcset=\"https:\/\/plas.co\/wp-content\/uploads\/2016\/02\/IMG_9539.jpg 4752w, https:\/\/plas.co\/wp-content\/uploads\/2016\/02\/IMG_9539-300x200.jpg 300w, https:\/\/plas.co\/wp-content\/uploads\/2016\/02\/IMG_9539-768x512.jpg 768w, https:\/\/plas.co\/wp-content\/uploads\/2016\/02\/IMG_9539-1024x683.jpg 1024w\" sizes=\"(max-width: 4752px) 100vw, 4752px\" \/><\/a><p id=\"caption-attachment-394\" class=\"wp-caption-text\">plasti\u0307k kalip \u015fi\u0307rketi\u0307<\/p><\/div>\n<\/div><\/section>","protected":false},"excerpt":{"rendered":"","protected":false},"author":1,"featured_media":836,"parent":0,"menu_order":0,"comment_status":"open","ping_status":"open","template":"","meta":{"footnotes":""},"class_list":["post-15","page","type-page","status-publish","has-post-thumbnail","hentry"],"_links":{"self":[{"href":"https:\/\/plas.co\/tr\/wp-json\/wp\/v2\/pages\/15","targetHints":{"allow":["GET"]}}],"collection":[{"href":"https:\/\/plas.co\/tr\/wp-json\/wp\/v2\/pages"}],"about":[{"href":"https:\/\/plas.co\/tr\/wp-json\/wp\/v2\/types\/page"}],"author":[{"embeddable":true,"href":"https:\/\/plas.co\/tr\/wp-json\/wp\/v2\/users\/1"}],"replies":[{"embeddable":true,"href":"https:\/\/plas.co\/tr\/wp-json\/wp\/v2\/comments?post=15"}],"version-history":[{"count":0,"href":"https:\/\/plas.co\/tr\/wp-json\/wp\/v2\/pages\/15\/revisions"}],"wp:featuredmedia":[{"embeddable":true,"href":"https:\/\/plas.co\/tr\/wp-json\/wp\/v2\/media\/836"}],"wp:attachment":[{"href":"https:\/\/plas.co\/tr\/wp-json\/wp\/v2\/media?parent=15"}],"curies":[{"name":"wp","href":"https:\/\/api.w.org\/{rel}","templated":true}]}}