{"id":22,"date":"2014-09-20T14:35:50","date_gmt":"2014-09-20T06:35:50","guid":{"rendered":"http:\/\/andy-mold.com\/?page_id=22"},"modified":"2020-01-04T00:41:06","modified_gmt":"2020-01-03T16:41:06","slug":"muhendislik","status":"publish","type":"page","link":"https:\/\/plas.co\/tr\/muhendislik\/","title":{"rendered":"M\u00fchendislik"},"content":{"rendered":"<p><strong>A <\/strong>\u0130yi tasar\u0131m bir kal\u0131b\u0131n kalbidir ve Andy Mould, kal\u0131b\u0131n\u0131zdan en y\u00fcksek kalitede par\u00e7alar\u0131n minimum d\u00f6ng\u00fcde teslim edilmesini sa\u011flamak i\u00e7in kal\u0131p yap\u0131s\u0131na, so\u011futma kanallar\u0131na ve hareketli mekanizmalara \u00f6zel \u00f6nem verir. Andy Mould'un deneyimli m\u00fchendisleri, iyi ve d\u00fc\u015f\u00fck maliyetli kal\u0131p tasar\u0131m\u0131 yapacak ve m\u00fc\u015fterinin yap\u0131 ve i\u015flevdeki sorunlar\u0131 \u00fcr\u00fcnlere \u00e7\u00f6zmesine yard\u0131mc\u0131 olacakt\u0131r.<\/p>\n<p>Yeni \u00fcr\u00fcn geli\u015ftirmeniz i\u00e7in profesyonel \u00f6neriler.<\/p>\n<p>Kulland\u0131\u011f\u0131m\u0131z yaz\u0131l\u0131m<br \/>\nAuto CAD, Pro\/E, UG, Solid works,<\/p>\n<p>Kal\u0131p tasar\u0131m d\u00f6nemimizde Kal\u0131p ak\u0131\u015f Analizi de yap\u0131yoruz.<br \/>\nKal\u0131p tasar\u0131m prosed\u00fcr\u00fc<\/p>\n<p>1. Tasar\u0131m \u00f6ncesi toplant\u0131<\/p>\n<p>2. Sonuca g\u00f6re tasar\u0131m yap\u0131n ve tasar\u0131m y\u00f6neticisi taraf\u0131ndan kontrol edin<\/p>\n<p>3. Onaylamak ve analiz yapmak i\u00e7in m\u00fc\u015fteriye g\u00f6nderin<\/p>\n<p>4. Herhangi bir sorun varsa m\u00fc\u015fteri ile g\u00f6r\u00fc\u015f\u00fcn<\/p>\n<p>5. Onayland\u0131ktan sonra nihai tasar\u0131m\u0131n yap\u0131lmas\u0131<\/p>\n<p><img decoding=\"async\" class=\"alignleft wp-image-405 size-full\" src=\"http:\/\/plas.co\/wp-content\/uploads\/2014\/09\/IMG_1560.jpg\" alt=\"Tasar\u0131m Departman\u0131\" width=\"1152\" height=\"768\" srcset=\"https:\/\/plas.co\/wp-content\/uploads\/2014\/09\/IMG_1560.jpg 1152w, https:\/\/plas.co\/wp-content\/uploads\/2014\/09\/IMG_1560-300x200.jpg 300w, https:\/\/plas.co\/wp-content\/uploads\/2014\/09\/IMG_1560-768x512.jpg 768w, https:\/\/plas.co\/wp-content\/uploads\/2014\/09\/IMG_1560-1024x683.jpg 1024w\" sizes=\"(max-width: 1152px) 100vw, 1152px\" \/><\/p>","protected":false},"excerpt":{"rendered":"<p>A good design is the heart of a mould, and Andy Mould pays special attention to the mould construction, cooling channels and moving mechanisms to ensure the highest quality parts are delivered from your mould at the minimum cycle. The\u00a0experienced\u00a0engineers\u00a0from\u00a0Andy Mould\u00a0would\u00a0make\u00a0the\u00a0good\u00a0and\u00a0low cost\u00a0mold\u00a0design\u00a0\u00a0and\u00a0help\u00a0customer\u00a0to\u00a0solve\u00a0the\u00a0issues\u00a0in\u00a0structure\u00a0and\u00a0function\u00a0to\u00a0the\u00a0products,\u00a0also professional \u00a0suggestions\u00a0to\u00a0your\u00a0new\u00a0product\u00a0development. Software\u00a0we\u00a0using Auto\u00a0CAD,\u00a0Pro\/E,\u00a0UG,\u00a0Solid works, We also do Mold flow Analysis during our [&hellip;]<\/p>\n","protected":false},"author":1,"featured_media":0,"parent":0,"menu_order":0,"comment_status":"open","ping_status":"open","template":"","meta":{"footnotes":""},"class_list":["post-22","page","type-page","status-publish","hentry"],"_links":{"self":[{"href":"https:\/\/plas.co\/tr\/wp-json\/wp\/v2\/pages\/22","targetHints":{"allow":["GET"]}}],"collection":[{"href":"https:\/\/plas.co\/tr\/wp-json\/wp\/v2\/pages"}],"about":[{"href":"https:\/\/plas.co\/tr\/wp-json\/wp\/v2\/types\/page"}],"author":[{"embeddable":true,"href":"https:\/\/plas.co\/tr\/wp-json\/wp\/v2\/users\/1"}],"replies":[{"embeddable":true,"href":"https:\/\/plas.co\/tr\/wp-json\/wp\/v2\/comments?post=22"}],"version-history":[{"count":0,"href":"https:\/\/plas.co\/tr\/wp-json\/wp\/v2\/pages\/22\/revisions"}],"wp:attachment":[{"href":"https:\/\/plas.co\/tr\/wp-json\/wp\/v2\/media?parent=22"}],"curies":[{"name":"wp","href":"https:\/\/api.w.org\/{rel}","templated":true}]}}