{"id":24,"date":"2014-09-20T14:37:02","date_gmt":"2014-09-20T06:37:02","guid":{"rendered":"http:\/\/andy-mold.com\/?page_id=24"},"modified":"2016-02-14T14:16:27","modified_gmt":"2016-02-14T06:16:27","slug":"kalite","status":"publish","type":"page","link":"https:\/\/plas.co\/tr\/kalite\/","title":{"rendered":"Kalite"},"content":{"rendered":"<p><b>Bizim Kalitemiz:<\/b><\/p>\n<p>\u00dcr\u00fcnlerimizin kalitesini sa\u011flaman\u0131n yan\u0131 s\u0131ra onlar\u0131 geli\u015ftirmeye de kararl\u0131y\u0131z. Rakiplerimizin \u00e7o\u011funun aksine, m\u00fc\u015fteri beklentilerini kar\u015f\u0131lamak veya a\u015fmak i\u00e7in y\u00fcksek kaliteli \u00fcr\u00fcnler ve kaliteli hizmet sunmak.<\/p>\n<p>ISO 900l-2000 Sertifikasyon standartlar\u0131...<\/p>\n<p>Kalite Y\u00f6netim Sistemimiz, a\u015fa\u011f\u0131dakileri i\u00e7eren t\u00fcm ticari i\u015flemler boyunca \u00e7al\u0131\u015f\u0131r:<\/p>\n<p>Tasar\u0131m incelemesi<br \/>\nTasar\u0131m do\u011frulama ve onaylama<br \/>\nElektronik kontroll\u00fc kalibrasyon kontrol\u00fc<br \/>\nTeslim alma denetimi<br \/>\nHer proje i\u00e7in belgelenmi\u015f zorunlu Kalite Planlamas\u0131<br \/>\nBirinci Madde Denetimi<br \/>\nSon\/son denetim<\/p>\n<p><b>\u00dcr\u00fcnleriniz Tam Hizmet Kalitemiz Taraf\u0131ndan Denetlenecektir<\/b><\/p>\n<p>Koordinat \u00d6l\u00e7\u00fcm Makinesi (CMM)<\/p>\n<p>Optik Projekt\u00f6r<\/p>\n<p>Tak\u0131m \u00dczerinde S\u00fcre\u00e7 Kabiliyeti \u00c7al\u0131\u015fmalar\u0131<\/p>","protected":false},"excerpt":{"rendered":"<p>Our Quality: We are committed to ensuring the quality of our products as well as improving them. Unlike many of our competitors, Provide high quality products and quality service to meet or exceed customer&#8217;s expectations. ISO 900l-2000 Certification standards.. Our Quality Management System runs through the whole business transaction, which includes: Design review Design verification [&hellip;]<\/p>\n","protected":false},"author":1,"featured_media":0,"parent":0,"menu_order":0,"comment_status":"open","ping_status":"open","template":"","meta":{"footnotes":""},"class_list":["post-24","page","type-page","status-publish","hentry"],"_links":{"self":[{"href":"https:\/\/plas.co\/tr\/wp-json\/wp\/v2\/pages\/24","targetHints":{"allow":["GET"]}}],"collection":[{"href":"https:\/\/plas.co\/tr\/wp-json\/wp\/v2\/pages"}],"about":[{"href":"https:\/\/plas.co\/tr\/wp-json\/wp\/v2\/types\/page"}],"author":[{"embeddable":true,"href":"https:\/\/plas.co\/tr\/wp-json\/wp\/v2\/users\/1"}],"replies":[{"embeddable":true,"href":"https:\/\/plas.co\/tr\/wp-json\/wp\/v2\/comments?post=24"}],"version-history":[{"count":0,"href":"https:\/\/plas.co\/tr\/wp-json\/wp\/v2\/pages\/24\/revisions"}],"wp:attachment":[{"href":"https:\/\/plas.co\/tr\/wp-json\/wp\/v2\/media?parent=24"}],"curies":[{"name":"wp","href":"https:\/\/api.w.org\/{rel}","templated":true}]}}